{"id":2105,"date":"2025-05-20T14:23:40","date_gmt":"2025-05-20T07:23:40","guid":{"rendered":"https:\/\/demo9.thuythu.vn\/parroti\/?post_type=product&#038;p=2105"},"modified":"2025-08-01T16:21:17","modified_gmt":"2025-08-01T09:21:17","slug":"cay-lau-nha-tach-nuoc-ban-thong-minh-xoay-360-do-parroti-spin-sa01","status":"publish","type":"product","link":"https:\/\/demo9.thuythu.vn\/parroti\/cay-lau-nha-tach-nuoc-ban-thong-minh-xoay-360-do-parroti-spin-sa01\/","title":{"rendered":"C\u00e2y lau nh\u00e0 t\u00e1ch n\u01b0\u1edbc b\u1ea9n th\u00f4ng minh, xoay 360 \u0111\u1ed9 Parroti Spin SA01"},"content":{"rendered":"","protected":false},"excerpt":{"rendered":"","protected":false},"featured_media":2685,"comment_status":"open","ping_status":"closed","template":"","meta":{"_acf_changed":false,"inline_featured_image":false},"product_brand":[],"product_cat":[81,109],"product_tag":[],"class_list":{"0":"post-2105","1":"product","2":"type-product","3":"status-publish","4":"has-post-thumbnail","6":"product_cat-bo-cay-lau-nha","7":"product_cat-bo-lau-nha-co-thung","9":"first","10":"onbackorder","11":"shipping-taxable","12":"purchasable","13":"product-type-simple"},"acf":[],"_links":{"self":[{"href":"https:\/\/demo9.thuythu.vn\/parroti\/wp-json\/wp\/v2\/product\/2105","targetHints":{"allow":["GET"]}}],"collection":[{"href":"https:\/\/demo9.thuythu.vn\/parroti\/wp-json\/wp\/v2\/product"}],"about":[{"href":"https:\/\/demo9.thuythu.vn\/parroti\/wp-json\/wp\/v2\/types\/product"}],"replies":[{"embeddable":true,"href":"https:\/\/demo9.thuythu.vn\/parroti\/wp-json\/wp\/v2\/comments?post=2105"}],"wp:featuredmedia":[{"embeddable":true,"href":"https:\/\/demo9.thuythu.vn\/parroti\/wp-json\/wp\/v2\/media\/2685"}],"wp:attachment":[{"href":"https:\/\/demo9.thuythu.vn\/parroti\/wp-json\/wp\/v2\/media?parent=2105"}],"wp:term":[{"taxonomy":"product_brand","embeddable":true,"href":"https:\/\/demo9.thuythu.vn\/parroti\/wp-json\/wp\/v2\/product_brand?post=2105"},{"taxonomy":"product_cat","embeddable":true,"href":"https:\/\/demo9.thuythu.vn\/parroti\/wp-json\/wp\/v2\/product_cat?post=2105"},{"taxonomy":"product_tag","embeddable":true,"href":"https:\/\/demo9.thuythu.vn\/parroti\/wp-json\/wp\/v2\/product_tag?post=2105"}],"curies":[{"name":"wp","href":"https:\/\/api.w.org\/{rel}","templated":true}]}}