{"id":2069,"date":"2025-05-20T11:44:59","date_gmt":"2025-05-20T04:44:59","guid":{"rendered":"https:\/\/demo9.thuythu.vn\/parroti\/?post_type=product&#038;p=2069"},"modified":"2025-08-01T14:34:13","modified_gmt":"2025-08-01T07:34:13","slug":"cay-cha-san-nha-tam-tich-hop-gat-nuoc-2-trong-1-parroti-easy-es02","status":"publish","type":"product","link":"https:\/\/demo9.thuythu.vn\/parroti\/cay-cha-san-nha-tam-tich-hop-gat-nuoc-2-trong-1-parroti-easy-es02\/","title":{"rendered":"C\u00e2y ch\u00e0 s\u00e0n nh\u00e0 t\u1eafm t\u00edch h\u1ee3p g\u1ea1t n\u01b0\u1edbc 2 trong 1 Parroti Easy ES02"},"content":{"rendered":"","protected":false},"excerpt":{"rendered":"","protected":false},"featured_media":4150,"comment_status":"open","ping_status":"closed","template":"","meta":{"_acf_changed":false,"inline_featured_image":false},"product_brand":[],"product_cat":[82],"product_tag":[],"class_list":{"0":"post-2069","1":"product","2":"type-product","3":"status-publish","4":"has-post-thumbnail","6":"product_cat-san-pham-ve-sinh-toilet","8":"first","9":"instock","10":"shipping-taxable","11":"purchasable","12":"product-type-simple"},"acf":[],"_links":{"self":[{"href":"https:\/\/demo9.thuythu.vn\/parroti\/wp-json\/wp\/v2\/product\/2069","targetHints":{"allow":["GET"]}}],"collection":[{"href":"https:\/\/demo9.thuythu.vn\/parroti\/wp-json\/wp\/v2\/product"}],"about":[{"href":"https:\/\/demo9.thuythu.vn\/parroti\/wp-json\/wp\/v2\/types\/product"}],"replies":[{"embeddable":true,"href":"https:\/\/demo9.thuythu.vn\/parroti\/wp-json\/wp\/v2\/comments?post=2069"}],"wp:featuredmedia":[{"embeddable":true,"href":"https:\/\/demo9.thuythu.vn\/parroti\/wp-json\/wp\/v2\/media\/4150"}],"wp:attachment":[{"href":"https:\/\/demo9.thuythu.vn\/parroti\/wp-json\/wp\/v2\/media?parent=2069"}],"wp:term":[{"taxonomy":"product_brand","embeddable":true,"href":"https:\/\/demo9.thuythu.vn\/parroti\/wp-json\/wp\/v2\/product_brand?post=2069"},{"taxonomy":"product_cat","embeddable":true,"href":"https:\/\/demo9.thuythu.vn\/parroti\/wp-json\/wp\/v2\/product_cat?post=2069"},{"taxonomy":"product_tag","embeddable":true,"href":"https:\/\/demo9.thuythu.vn\/parroti\/wp-json\/wp\/v2\/product_tag?post=2069"}],"curies":[{"name":"wp","href":"https:\/\/api.w.org\/{rel}","templated":true}]}}