{"id":348,"date":"2023-07-20T03:31:26","date_gmt":"2023-07-20T03:31:26","guid":{"rendered":"https:\/\/demo9.thuythu.vn\/ntc\/?page_id=175"},"modified":"2023-07-21T07:28:07","modified_gmt":"2023-07-21T07:28:07","slug":"products","status":"publish","type":"page","link":"https:\/\/demo9.thuythu.vn\/ntc\/en\/products\/","title":{"rendered":"Products"},"content":{"rendered":"<h3>GI\u1ea2I PH\u00c1P TH\u1ee8C \u0102N N\u00c0O PH\u00d9 H\u1ee2P CHO TRANG TR\u1ea0I C\u1ee6A B\u1ea0N?\u200b<\/h3>\n<p>Ocialis cung c\u1ea5p c\u00e1c d\u00f2ng s\u1ea3n ph\u1ea9m \u0111a d\u1ea1ng cho nhi\u1ec1u lo\u00e0i th\u1ee7y s\u1ea3n, \u0111\u1ea3m b\u1ea3o dinh d\u01b0\u1ee1ng to\u00e0n di\u1ec7n cho t\u1eebng giai \u0111o\u1ea1n ph\u00e1t tri\u1ec3n t\u1eeb \u01b0\u01a1ng \u0111\u1ebfn th\u01b0\u01a1ng ph\u1ea9m. S\u1ea3n ph\u1ea9m th\u1ee9c \u0103n th\u1ee7y s\u1ea3n c\u1ee7a ch\u00fang t\u00f4i kh\u00e1c bi\u1ec7t v\u00ec c\u00f3:<\/p>\n<ul>\n<li>Ch\u1ea5t l\u01b0\u1ee3ng \u1ed5n \u0111\u1ecbnh \u0111\u01b0\u1ee3c ki\u1ec3m \u0111\u1ecbnh b\u1edfi trung t\u00e2m nghi\u00ean c\u1ee9u v\u00e0 ph\u00e1t tri\u1ec3n th\u1ee7y s\u1ea3n v\u00f9ng c\u1ee7a ADM<\/li>\n<li>Ch\u1ee9ng nh\u1eadn ch\u1ea5t l\u01b0\u1ee3ng: Global G.A.P, BAP, ISO 9001<\/li>\n<li>S\u1edf h\u1eefu l\u1ee3i th\u1ebf v\u1ec1 truy xu\u1ea5t \u0111\u01b0\u1ee3c ngu\u1ed3n g\u1ed1c v\u00e0 ch\u1ea5t l\u01b0\u1ee3ng c\u1ee7a nguy\u00ean li\u1ec7u, ph\u1ee5 gia t\u1eeb c\u00e1c ngu\u1ed3n cung c\u1ea5p c\u1ee7a ADM<\/li>\n<\/ul>\n","protected":false},"excerpt":{"rendered":"<p>GI\u1ea2I PH\u00c1P TH\u1ee8C \u0102N N\u00c0O PH\u00d9 H\u1ee2P CHO TRANG TR\u1ea0I C\u1ee6A B\u1ea0N?\u200b Ocialis cung c\u1ea5p c\u00e1c d\u00f2ng s\u1ea3n ph\u1ea9m \u0111a d\u1ea1ng cho nhi\u1ec1u lo\u00e0i th\u1ee7y s\u1ea3n, \u0111\u1ea3m b\u1ea3o dinh d\u01b0\u1ee1ng to\u00e0n di\u1ec7n cho t\u1eebng giai \u0111o\u1ea1n ph\u00e1t tri\u1ec3n t\u1eeb \u01b0\u01a1ng \u0111\u1ebfn th\u01b0\u01a1ng ph\u1ea9m. S\u1ea3n ph\u1ea9m th\u1ee9c \u0103n th\u1ee7y s\u1ea3n c\u1ee7a ch\u00fang t\u00f4i kh\u00e1c bi\u1ec7t v\u00ec &#8230; <a title=\"Products\" class=\"read-more\" href=\"https:\/\/demo9.thuythu.vn\/ntc\/en\/products\/\" aria-label=\"More on Products\">Read more<\/a><\/p>\n","protected":false},"author":1,"featured_media":0,"parent":0,"menu_order":0,"comment_status":"closed","ping_status":"closed","template":"templates\/products.php","meta":{"footnotes":""},"acf":[],"lang":"en","translations":{"en":348,"vi":175},"pll_sync_post":[],"_links":{"self":[{"href":"https:\/\/demo9.thuythu.vn\/ntc\/wp-json\/wp\/v2\/pages\/348"}],"collection":[{"href":"https:\/\/demo9.thuythu.vn\/ntc\/wp-json\/wp\/v2\/pages"}],"about":[{"href":"https:\/\/demo9.thuythu.vn\/ntc\/wp-json\/wp\/v2\/types\/page"}],"author":[{"embeddable":true,"href":"https:\/\/demo9.thuythu.vn\/ntc\/wp-json\/wp\/v2\/users\/1"}],"replies":[{"embeddable":true,"href":"https:\/\/demo9.thuythu.vn\/ntc\/wp-json\/wp\/v2\/comments?post=348"}],"version-history":[{"count":1,"href":"https:\/\/demo9.thuythu.vn\/ntc\/wp-json\/wp\/v2\/pages\/348\/revisions"}],"predecessor-version":[{"id":355,"href":"https:\/\/demo9.thuythu.vn\/ntc\/wp-json\/wp\/v2\/pages\/348\/revisions\/355"}],"wp:attachment":[{"href":"https:\/\/demo9.thuythu.vn\/ntc\/wp-json\/wp\/v2\/media?parent=348"}],"curies":[{"name":"wp","href":"https:\/\/api.w.org\/{rel}","templated":true}]}}