{"id":307,"date":"2024-02-04T17:02:32","date_gmt":"2024-02-04T17:02:32","guid":{"rendered":"https:\/\/demo9.thuythu.vn\/noithatkinghouse\/?page_id=307"},"modified":"2024-03-22T07:00:36","modified_gmt":"2024-03-22T07:00:36","slug":"quy-trinh","status":"publish","type":"page","link":"https:\/\/demo9.thuythu.vn\/noithatkinghouse\/quy-trinh\/","title":{"rendered":"Quy tr\u00ecnh"},"content":{"rendered":"<h3>Quy tr\u00ecnh Thi\u1ebft k\u1ebf &amp; Thi C\u00f4ng n\u1ed9i th\u1ea5t \u0111\u1ea7y \u0111\u1ee7 nh\u1ea5t \u1edf Vi\u1ec7t Nam \u2013 T\u1ed5ng h\u1ee3p th\u00e1ng 1\/2023 hy v\u1ecdng \u0111\u00e3 gi\u00fap qu\u00fd kh\u00e1ch h\u00ecnh dung r\u00f5 h\u01a1n v\u1ec1 quy tr\u00ecnh thi\u1ebft k\u1ebf &amp; x\u00e2y d\u1ef1ng.<\/h3>\n<p>Xem th\u00eam c\u00e1c m\u1eabu\u00a0<strong>thi\u1ebft k\u1ebf bi\u1ec7t th\u1ef1 T\u00e2n c\u1ed5 \u0111i\u1ec3n<\/strong> \u0111\u1eb9p nh\u1ea5t c\u1ee7a KING HOUSE n\u0103m 2023<\/p>\n<p>Qu\u00fd kh\u00e1ch c\u00f3 nhu c\u1ea7u thi\u1ebft k\u1ebf v\u00e0 thi c\u00f4ng n\u1ed9i th\u1ea5t tr\u1ecdn g\u00f3i, vui l\u00f2ng li\u00ean h\u1ec7 v\u1edbi ch\u00fang t\u00f4i:<\/p>\n<hr \/>\n<p>C\u00d4NG TY C\u1ed4 PH\u1ea6N X\u00c2Y D\u1ef0NG V\u00c0 N\u1ed8I TH\u1ea4T KING HOUSE<br \/>\n<span class=\"_5mfr\"><span class=\"_6qdm\"><img decoding=\"async\" class=\"emoji ls-is-cached lazyloaded\" role=\"img\" draggable=\"false\" src=\"https:\/\/s.w.org\/images\/core\/emoji\/13.0.1\/svg\/1f4de.svg\" alt=\"????\" data-src=\"https:\/\/s.w.org\/images\/core\/emoji\/13.0.1\/svg\/1f4de.svg\" \/><noscript><img decoding=\"async\" class=\"emoji\" role=\"img\" draggable=\"false\" src=\"https:\/\/s.w.org\/images\/core\/emoji\/13.0.1\/svg\/1f4de.svg\" alt=\"????\" data-eio=\"l\" \/><\/noscript><\/span><\/span>\u00a0Hotline: 0918 246 798, 0903 917 856<br \/>\n<span class=\"_5mfr\"><span class=\"_6qdm\"><img decoding=\"async\" class=\"emoji ls-is-cached lazyloaded\" role=\"img\" draggable=\"false\" src=\"https:\/\/s.w.org\/images\/core\/emoji\/13.0.1\/svg\/1f4e7.svg\" alt=\"????\" data-src=\"https:\/\/s.w.org\/images\/core\/emoji\/13.0.1\/svg\/1f4e7.svg\" \/><noscript><img decoding=\"async\" class=\"emoji\" role=\"img\" draggable=\"false\" src=\"https:\/\/s.w.org\/images\/core\/emoji\/13.0.1\/svg\/1f4e7.svg\" alt=\"????\" data-eio=\"l\" \/><\/noscript><\/span><\/span> Email: info@gmail.com<span class=\"text_exposed_show\"><br \/>\nWebsite: nhauthaukinghome.com<br \/>\n<span class=\"_5mfr\"><span class=\"_6qdm\"><img decoding=\"async\" class=\"emoji ls-is-cached lazyloaded\" role=\"img\" draggable=\"false\" src=\"https:\/\/s.w.org\/images\/core\/emoji\/13.0.1\/svg\/1f3e2.svg\" alt=\"????\" data-src=\"https:\/\/s.w.org\/images\/core\/emoji\/13.0.1\/svg\/1f3e2.svg\" \/><noscript><img decoding=\"async\" class=\"emoji\" role=\"img\" draggable=\"false\" src=\"https:\/\/s.w.org\/images\/core\/emoji\/13.0.1\/svg\/1f3e2.svg\" alt=\"????\" data-eio=\"l\" \/><\/noscript><\/span><\/span>\u00a0\u0110\u1ecba ch\u1ec9:<br \/>\n<strong>Tr\u1ee5 s\u1edf:<\/strong> S\u1ed1 1, \u0110\u01b0\u1eddng s\u1ed1 5, Khu \u0111\u00f4 th\u1ecb V\u1ea1n Ph\u00fac, Tp H\u1ed3 Ch\u00ed Minh.<br \/>\n<strong>Chi nh\u00e1nh Long An:<\/strong> A1.03 \u0110\u01b0\u1eddng D8, Khu \u0111\u00f4 th\u1ecb Waterpoint Nam Long, Long An<br \/>\n<strong>X\u01b0\u1edfng N\u1ed9i Th\u1ea5t<\/strong>: F1\/63, T\u1ed5 4, \u1ea4p 6, V\u0129nh L\u1ed9c A, B\u00ecnh Ch\u00e1nh, H\u1ed3 Ch\u00ed Minh.<\/span><\/p>\n","protected":false},"excerpt":{"rendered":"<p>Quy tr\u00ecnh Thi\u1ebft k\u1ebf &amp; Thi C\u00f4ng n\u1ed9i th\u1ea5t \u0111\u1ea7y \u0111\u1ee7 nh\u1ea5t \u1edf Vi\u1ec7t Nam \u2013 T\u1ed5ng h\u1ee3p th\u00e1ng 1\/2023 hy v\u1ecdng \u0111\u00e3 gi\u00fap qu\u00fd kh\u00e1ch h\u00ecnh dung r\u00f5 h\u01a1n v\u1ec1 quy tr\u00ecnh thi\u1ebft k\u1ebf &amp; x\u00e2y d\u1ef1ng. Xem th\u00eam c\u00e1c m\u1eabu\u00a0thi\u1ebft k\u1ebf bi\u1ec7t th\u1ef1 T\u00e2n c\u1ed5 \u0111i\u1ec3n \u0111\u1eb9p nh\u1ea5t c\u1ee7a KING HOUSE n\u0103m 2023 [&#8230;]\n","protected":false},"author":1,"featured_media":0,"parent":0,"menu_order":0,"comment_status":"closed","ping_status":"closed","template":"templates\/process.php","meta":{"footnotes":""},"acf":[],"lang":"vi","translations":{"vi":307,"en":1000},"pll_sync_post":[],"_links":{"self":[{"href":"https:\/\/demo9.thuythu.vn\/noithatkinghouse\/wp-json\/wp\/v2\/pages\/307"}],"collection":[{"href":"https:\/\/demo9.thuythu.vn\/noithatkinghouse\/wp-json\/wp\/v2\/pages"}],"about":[{"href":"https:\/\/demo9.thuythu.vn\/noithatkinghouse\/wp-json\/wp\/v2\/types\/page"}],"author":[{"embeddable":true,"href":"https:\/\/demo9.thuythu.vn\/noithatkinghouse\/wp-json\/wp\/v2\/users\/1"}],"replies":[{"embeddable":true,"href":"https:\/\/demo9.thuythu.vn\/noithatkinghouse\/wp-json\/wp\/v2\/comments?post=307"}],"version-history":[{"count":8,"href":"https:\/\/demo9.thuythu.vn\/noithatkinghouse\/wp-json\/wp\/v2\/pages\/307\/revisions"}],"predecessor-version":[{"id":425,"href":"https:\/\/demo9.thuythu.vn\/noithatkinghouse\/wp-json\/wp\/v2\/pages\/307\/revisions\/425"}],"wp:attachment":[{"href":"https:\/\/demo9.thuythu.vn\/noithatkinghouse\/wp-json\/wp\/v2\/media?parent=307"}],"curies":[{"name":"wp","href":"https:\/\/api.w.org\/{rel}","templated":true}]}}