{"id":1001,"date":"2024-02-04T17:16:58","date_gmt":"2024-02-04T17:16:58","guid":{"rendered":"https:\/\/demo9.thuythu.vn\/noithatkinghouse\/?page_id=311"},"modified":"2024-03-12T04:05:28","modified_gmt":"2024-03-12T04:05:28","slug":"video","status":"publish","type":"page","link":"https:\/\/demo9.thuythu.vn\/noithatkinghouse\/en\/video-2\/","title":{"rendered":"Video"},"content":{"rendered":"<p><em><strong>Xem th\u00eam Video N\u1ed9i th\u1ea5t trong t\u1ed5ng h\u1ee3p c\u00e1c <a href=\"https:\/\/demo9.thuythu.vn\/noithatkinghouse\/du-an\/\">d\u1ef1 \u00e1n thi\u1ebft k\u1ebf n\u1ed9i th\u1ea5t \u0111\u00e3 ho\u00e0n th\u00e0nh<\/a><\/strong><\/em><\/p>\n","protected":false},"excerpt":{"rendered":"<p>Xem th\u00eam Video N\u1ed9i th\u1ea5t trong t\u1ed5ng h\u1ee3p c\u00e1c d\u1ef1 \u00e1n thi\u1ebft k\u1ebf n\u1ed9i th\u1ea5t \u0111\u00e3 ho\u00e0n th\u00e0nh<\/p>\n","protected":false},"author":1,"featured_media":0,"parent":0,"menu_order":0,"comment_status":"closed","ping_status":"closed","template":"templates\/video.php","meta":{"footnotes":""},"acf":[],"lang":"en","translations":{"en":1001,"vi":311},"pll_sync_post":[],"_links":{"self":[{"href":"https:\/\/demo9.thuythu.vn\/noithatkinghouse\/wp-json\/wp\/v2\/pages\/1001"}],"collection":[{"href":"https:\/\/demo9.thuythu.vn\/noithatkinghouse\/wp-json\/wp\/v2\/pages"}],"about":[{"href":"https:\/\/demo9.thuythu.vn\/noithatkinghouse\/wp-json\/wp\/v2\/types\/page"}],"author":[{"embeddable":true,"href":"https:\/\/demo9.thuythu.vn\/noithatkinghouse\/wp-json\/wp\/v2\/users\/1"}],"replies":[{"embeddable":true,"href":"https:\/\/demo9.thuythu.vn\/noithatkinghouse\/wp-json\/wp\/v2\/comments?post=1001"}],"version-history":[{"count":0,"href":"https:\/\/demo9.thuythu.vn\/noithatkinghouse\/wp-json\/wp\/v2\/pages\/1001\/revisions"}],"wp:attachment":[{"href":"https:\/\/demo9.thuythu.vn\/noithatkinghouse\/wp-json\/wp\/v2\/media?parent=1001"}],"curies":[{"name":"wp","href":"https:\/\/api.w.org\/{rel}","templated":true}]}}