{"id":1000,"date":"2024-02-04T17:02:32","date_gmt":"2024-02-04T17:02:32","guid":{"rendered":"https:\/\/demo9.thuythu.vn\/noithatkinghouse\/?page_id=307"},"modified":"2024-03-12T04:34:13","modified_gmt":"2024-03-12T04:34:13","slug":"quy-trinh","status":"publish","type":"page","link":"https:\/\/demo9.thuythu.vn\/noithatkinghouse\/en\/quy-trinh-2\/","title":{"rendered":"Process"},"content":{"rendered":"<h3>Quy tr\u00ecnh Thi\u1ebft k\u1ebf &amp; Thi C\u00f4ng n\u1ed9i th\u1ea5t \u0111\u1ea7y \u0111\u1ee7 nh\u1ea5t \u1edf Vi\u1ec7t Nam \u2013 T\u1ed5ng h\u1ee3p th\u00e1ng 1\/2023 hy v\u1ecdng \u0111\u00e3 gi\u00fap qu\u00fd kh\u00e1ch h\u00ecnh dung r\u00f5 h\u01a1n v\u1ec1 quy tr\u00ecnh thi\u1ebft k\u1ebf &amp; x\u00e2y d\u1ef1ng.<\/h3>\n<p>Xem th\u00eam c\u00e1c m\u1eabu\u00a0<strong><a href=\"https:\/\/noithatneo.vn\/200-mau-thiet-ke-biet-thu-tan-co-dien-nha-pho-tan-co-dien-dep-nhat-2023\/\" target=\"_blank\" rel=\"noopener noreferrer\">thi\u1ebft k\u1ebf bi\u1ec7t th\u1ef1 T\u00e2n c\u1ed5 \u0111i\u1ec3n<\/a><\/strong> \u0111\u1eb9p nh\u1ea5t c\u1ee7a NEO Classic n\u0103m 2023<\/p>\n<p>Qu\u00fd kh\u00e1ch c\u00f3 nhu c\u1ea7u thi\u1ebft k\u1ebf v\u00e0 thi c\u00f4ng n\u1ed9i th\u1ea5t tr\u1ecdn g\u00f3i, vui l\u00f2ng li\u00ean h\u1ec7 v\u1edbi ch\u00fang t\u00f4i:<\/p>\n<hr \/>\n<p>C\u00d4NG TY N\u1ed8I TH\u1ea4T NEO CLASSIC<br \/>\n<span class=\"_5mfr\"><span class=\"_6qdm\"><img decoding=\"async\" class=\"emoji ls-is-cached lazyloaded\" role=\"img\" draggable=\"false\" src=\"https:\/\/s.w.org\/images\/core\/emoji\/13.0.1\/svg\/1f4de.svg\" alt=\"????\" data-src=\"https:\/\/s.w.org\/images\/core\/emoji\/13.0.1\/svg\/1f4de.svg\" \/><noscript><img decoding=\"async\" class=\"emoji\" role=\"img\" draggable=\"false\" src=\"https:\/\/s.w.org\/images\/core\/emoji\/13.0.1\/svg\/1f4de.svg\" alt=\"????\" data-eio=\"l\" \/><\/noscript><\/span><\/span>\u00a0Hotline: 070.7075.007<br \/>\n<span class=\"_5mfr\"><span class=\"_6qdm\"><img decoding=\"async\" class=\"emoji ls-is-cached lazyloaded\" role=\"img\" draggable=\"false\" src=\"https:\/\/s.w.org\/images\/core\/emoji\/13.0.1\/svg\/1f4e7.svg\" alt=\"????\" data-src=\"https:\/\/s.w.org\/images\/core\/emoji\/13.0.1\/svg\/1f4e7.svg\" \/><noscript><img decoding=\"async\" class=\"emoji\" role=\"img\" draggable=\"false\" src=\"https:\/\/s.w.org\/images\/core\/emoji\/13.0.1\/svg\/1f4e7.svg\" alt=\"????\" data-eio=\"l\" \/><\/noscript><\/span><\/span>\u00a0Email: neoclassic.arc@gmail.com<span class=\"text_exposed_show\"><br \/>\nWebsite:\u00a0<a href=\"https:\/\/noithatneo.vn\/\" target=\"_blank\" rel=\"noopener noreferrer\">https:\/\/noithatneo.vn\/<\/a><br \/>\n<span class=\"_5mfr\"><span class=\"_6qdm\"><img decoding=\"async\" class=\"emoji ls-is-cached lazyloaded\" role=\"img\" draggable=\"false\" src=\"https:\/\/s.w.org\/images\/core\/emoji\/13.0.1\/svg\/1f3e2.svg\" alt=\"????\" data-src=\"https:\/\/s.w.org\/images\/core\/emoji\/13.0.1\/svg\/1f3e2.svg\" \/><noscript><img decoding=\"async\" class=\"emoji\" role=\"img\" draggable=\"false\" src=\"https:\/\/s.w.org\/images\/core\/emoji\/13.0.1\/svg\/1f3e2.svg\" alt=\"????\" data-eio=\"l\" \/><\/noscript><\/span><\/span>\u00a0\u0110\u1ecba ch\u1ec9:<br \/>\nV\u0103n ph\u00f2ng H\u00e0 N\u1ed9i: S\u1ed1 6, \u0110\u1eb7ng V\u0103n Ng\u1eef, \u0110\u1ed1ng \u0110a, H\u00e0 N\u1ed9i<br \/>\nV\u0103n ph\u00f2ng TP.HCM: S\u1ed1 6, \u0110\u01b0\u1eddng 31B \u2013 Khu C, An Ph\u00fa, Qu\u1eadn 2, TP.HCM<br \/>\nV\u0103n ph\u00f2ng H\u1ea3i Ph\u00f2ng: T\u1ea7ng 3 BH01.37 Vinhomes Imperia, Th\u01b0\u1ee3ng L\u00fd, H\u1ed3ng B\u00e0ng, TP.H\u1ea3i Ph\u00f2ng<\/span><\/p>\n","protected":false},"excerpt":{"rendered":"<p>Quy tr\u00ecnh Thi\u1ebft k\u1ebf &amp; Thi C\u00f4ng n\u1ed9i th\u1ea5t \u0111\u1ea7y \u0111\u1ee7 nh\u1ea5t \u1edf Vi\u1ec7t Nam \u2013 T\u1ed5ng h\u1ee3p th\u00e1ng 1\/2023 hy v\u1ecdng \u0111\u00e3 gi\u00fap qu\u00fd kh\u00e1ch h\u00ecnh dung r\u00f5 h\u01a1n v\u1ec1 quy tr\u00ecnh thi\u1ebft k\u1ebf &amp; x\u00e2y d\u1ef1ng. Xem th\u00eam c\u00e1c m\u1eabu\u00a0thi\u1ebft k\u1ebf bi\u1ec7t th\u1ef1 T\u00e2n c\u1ed5 \u0111i\u1ec3n \u0111\u1eb9p nh\u1ea5t c\u1ee7a NEO Classic n\u0103m 2023 [&#8230;]\n","protected":false},"author":1,"featured_media":0,"parent":0,"menu_order":0,"comment_status":"closed","ping_status":"closed","template":"templates\/process.php","meta":{"footnotes":""},"acf":[],"lang":"en","translations":{"en":1000,"vi":307},"pll_sync_post":[],"_links":{"self":[{"href":"https:\/\/demo9.thuythu.vn\/noithatkinghouse\/wp-json\/wp\/v2\/pages\/1000"}],"collection":[{"href":"https:\/\/demo9.thuythu.vn\/noithatkinghouse\/wp-json\/wp\/v2\/pages"}],"about":[{"href":"https:\/\/demo9.thuythu.vn\/noithatkinghouse\/wp-json\/wp\/v2\/types\/page"}],"author":[{"embeddable":true,"href":"https:\/\/demo9.thuythu.vn\/noithatkinghouse\/wp-json\/wp\/v2\/users\/1"}],"replies":[{"embeddable":true,"href":"https:\/\/demo9.thuythu.vn\/noithatkinghouse\/wp-json\/wp\/v2\/comments?post=1000"}],"version-history":[{"count":1,"href":"https:\/\/demo9.thuythu.vn\/noithatkinghouse\/wp-json\/wp\/v2\/pages\/1000\/revisions"}],"predecessor-version":[{"id":1019,"href":"https:\/\/demo9.thuythu.vn\/noithatkinghouse\/wp-json\/wp\/v2\/pages\/1000\/revisions\/1019"}],"wp:attachment":[{"href":"https:\/\/demo9.thuythu.vn\/noithatkinghouse\/wp-json\/wp\/v2\/media?parent=1000"}],"curies":[{"name":"wp","href":"https:\/\/api.w.org\/{rel}","templated":true}]}}