





{"id":635,"date":"2025-01-13T11:20:34","date_gmt":"2025-01-13T04:20:34","guid":{"rendered":"https:\/\/demo9.thuythu.vn\/newlandusa\/?page_id=635"},"modified":"2025-01-17T10:04:12","modified_gmt":"2025-01-17T03:04:12","slug":"dieu-khoan-chung","status":"publish","type":"page","link":"https:\/\/demo9.thuythu.vn\/newlandusa\/dieu-khoan-chung\/","title":{"rendered":"\u0110i\u1ec1u kho\u1ea3n chung"},"content":{"rendered":"\n\t<section class=\"section banner_page\" id=\"section_1133309162\">\n\t\t<div class=\"section-bg fill\" >\n\t\t\t<img loading=\"lazy\" decoding=\"async\" width=\"1920\" height=\"391\" src=\"https:\/\/demo9.thuythu.vn\/newlandusa\/wp-content\/uploads\/2025\/01\/Rectangle-18257.jpg\" class=\"bg attachment-original size-original\" alt=\"\" \/>\t\t\t\t\t\t\n\t\t\t\n\n\t\t<\/div>\n\n\t\t\n\n\t\t<div class=\"section-content relative\">\n\t\t\t\n<div class=\"row\"  id=\"row-1544573731\">\n\n\t<div id=\"col-831160489\" class=\"col small-12 large-12\"  >\n\t\t\t\t<div class=\"col-inner\"  >\n\t\t\t\n\t\t\t\n<div class=\"container section-title-container\" ><h1 class=\"section-title section-title-normal\"><b><\/b><span class=\"section-title-main\" >CH\u00cdNH S\u00c1CH<\/span><b><\/b><\/h1><\/div>\n\t\t<\/div>\n\t\t\t\t\t<\/div>\n\n\t\n\n\t<div id=\"col-1632526097\" class=\"col small-12 large-12\"  >\n\t\t\t\t<div class=\"col-inner\"  >\n\t\t\t\n\t\t\t<section class=\"breadcrumbs\"><div class=\"row\"><div class=\"col-xl-12\"><div id=\"breadcrumb\" class=\"navigation\"><nav class=\"breadcrumb\"><ul><li class=\"list_br\"><a title=\"Home\" itemprop=\"url\" href=\"https:\/\/demo9.thuythu.vn\/newlandusa\"><cite itemprop=\"title\">Trang ch\u1ee7<\/cite><\/a><\/li><span class=\"divider\">|<\/span><\/ul><\/nav><\/div><\/div><\/div><\/section>\n\n\t\t<\/div>\n\t\t\t\t\t<\/div>\n\n\t\n<\/div>\n\t\t<\/div>\n\n\t\t\n<style>\n#section_1133309162 {\n  padding-top: 30px;\n  padding-bottom: 30px;\n  min-height: 20rem;\n}\n<\/style>\n\t<\/section>\n\t\n\n\t<section class=\"section cs_page\" id=\"section_380615918\">\n\t\t<div class=\"section-bg fill\" >\n\t\t\t\t\t\t\t\t\t\n\t\t\t\n\n\t\t<\/div>\n\n\t\t\n\n\t\t<div class=\"section-content relative\">\n\t\t\t\n<div class=\"row\"  id=\"row-1693797440\">\n\n\t<div id=\"col-1142753876\" class=\"col medium-9 small-12 large-9\"  >\n\t\t\t\t<div class=\"col-inner\"  >\n\t\t\t\n\t\t\t\n<h2>Ch\u00ednh S\u00e1ch B\u1ea3o M\u1eadt c\u1ee7a C\u00f4ng ty TNHH D\u1ecbch V\u1ee5 T\u01b0 V\u1ea5n \u0110\u1ecbnh C\u01b0 Newland USA<\/h2>\n<p><strong>C\u1ea3m \u01a1n b\u1ea1n \u0111\u00e3 truy c\u1eadp trang web c\u1ee7a C\u00f4ng ty TNHH D\u1ecbch V\u1ee5 T\u01b0 V\u1ea5n \u0110\u1ecbnh C\u01b0 Newland USA, sau \u0111\u00e2y \u0111\u01b0\u1ee3c g\u1ecdi l\u00e0 Newland USA<\/strong><\/p>\n<p><strong>Newland USA t\u1ea1o ra ch\u00ednh s\u00e1ch b\u1ea3o m\u1eadt n\u00e0y \u0111\u1ec3 th\u1ec3 hi\u1ec7n cam k\u1ebft c\u1ee7a ch\u00fang t\u00f4i v\u1ec1 quy\u1ec1n \u0111\u01b0\u1ee3c b\u1ea3o m\u1eadt th\u00f4ng tin ri\u00eang t\u01b0 \u0111\u1ed1i v\u1edbi kh\u00e1ch h\u00e0ng v\u00e0 ng\u01b0\u1eddi d\u00f9ng c\u1ee7a trang web n\u00e0y. Ch\u00ednh s\u00e1ch b\u1ea3o m\u1eadt n\u00e0y quy\u1ebft \u0111\u1ecbnh c\u00e1ch th\u1ee9c Newland USA s\u1eed d\u1ee5ng, duy tr\u00ec v\u00e0 qu\u1ea3n l\u00fd th\u00f4ng tin \u0111\u01b0\u1ee3c thu th\u1eadp t\u1eeb kh\u00e1ch h\u00e0ng v\u00e0 ng\u01b0\u1eddi d\u00f9ng trang web c\u1ee7a m\u00ecnh.<\/strong><\/p>\n<h3>Ch\u00ednh s\u00e1ch b\u1ea3o m\u1eadt g\u1ed3m:<\/h3>\n<h4>1. Nh\u1eefng th\u00f4ng tin c\u00e1 nh\u00e2n m\u00e0 Newland USA thu th\u1eadp<\/h4>\n<p>M\u1ed9t trong nh\u1eefng l\u1ee3i \u00edch l\u1edbn nh\u1ea5t c\u1ee7a ch\u01b0\u01a1ng tr\u00ecnh FTHB l\u00e0 b\u1ea1n c\u00f3 th\u1ec3 vay ti\u1ec1n mua nh\u00e0 v\u1edbi l\u00e3i su\u1ea5t th\u1ea5p h\u01a1n so v\u1edbi l\u00e3i su\u1ea5t th\u1ecb tr\u01b0\u1eddng. \u0110i\u1ec1u n\u00e0y gi\u00fap gi\u1ea3m b\u1edbt g\u00e1nh n\u1eb7ng t\u00e0i ch\u00ednh v\u00e0 gi\u00fap b\u1ea1n ti\u1ebft ki\u1ec7m \u0111\u01b0\u1ee3c m\u1ed9t kho\u1ea3n ti\u1ec1n \u0111\u00e1ng k\u1ec3 trong su\u1ed1t th\u1eddi gian vay.<\/p>\n<p><strong>Newland USA thu th\u1eadp c\u00e1c th\u00f4ng tin c\u00e1 nh\u00e2n t\u1eeb ng\u01b0\u1eddi d\u00f9ng th\u00f4ng qua website newlandusa.asia bao g\u1ed3m:<\/strong><\/p>\n<ul>\n<li>H\u1ecd v\u00e0 t\u00ean<\/li>\n<li>\u0110\u1ecba ch\u1ec9 email<\/li>\n<li>S\u1ed1 \u0111i\u1ec7n tho\u1ea1i<\/li>\n<li>L\u1ef1a ch\u1ecdn ch\u01b0\u01a1ng tr\u00ecnh mu\u1ed1n t\u01b0 v\u1ea5n<\/li>\n<li>Th\u00e0nh ph\u1ed1 sinh s\u1ed1ng<\/li>\n<\/ul>\n<p>Th\u00f4ng tin n\u00e0y \u0111\u01b0\u1ee3c thu th\u1eadp th\u00f4ng qua bi\u1ec3u m\u1eabu \u0111\u0103ng k\u00fd, b\u00ecnh lu\u1eadn tr\u00ean trang web, cookie, v\u00e0 qu\u00e1 tr\u00ecnh t\u01b0 v\u1ea5n tr\u1ef1c ti\u1ebfp.<\/p>\n<h4>2. M\u1ee5c \u0111\u00edch c\u1ee7a vi\u1ec7c thu th\u1eadp th\u00f4ng tin tr\u00ean<\/h4>\n<p>M\u1ed9t trong nh\u1eefng l\u1ee3i \u00edch l\u1edbn nh\u1ea5t c\u1ee7a ch\u01b0\u01a1ng tr\u00ecnh FTHB l\u00e0 b\u1ea1n c\u00f3 th\u1ec3 vay ti\u1ec1n mua nh\u00e0 v\u1edbi l\u00e3i su\u1ea5t th\u1ea5p h\u01a1n so v\u1edbi l\u00e3i su\u1ea5t th\u1ecb tr\u01b0\u1eddng. \u0110i\u1ec1u n\u00e0y gi\u00fap gi\u1ea3m b\u1edbt g\u00e1nh n\u1eb7ng t\u00e0i ch\u00ednh v\u00e0 gi\u00fap b\u1ea1n ti\u1ebft ki\u1ec7m \u0111\u01b0\u1ee3c m\u1ed9t kho\u1ea3n ti\u1ec1n \u0111\u00e1ng k\u1ec3 trong su\u1ed1t th\u1eddi gian vay.<\/p>\n<p><strong>Ch\u00fang t\u00f4i thu th\u1eadp th\u00f4ng tin c\u00e1 nh\u00e2n c\u1ee7a kh\u00e1ch h\u00e0ng \u0111\u1ec3 cung c\u1ea5p c\u00e1c d\u1ecbch v\u1ee5 T\u01b0 v\u1ea5n \u0111\u1ecbnh c\u01b0 t\u1ed1i \u01b0u nh\u1ea5t t\u1edbi kh\u00e1ch h\u00e0ng, bao g\u1ed3m:<\/strong><\/p>\n<ul>\n<li>H\u1ed7 tr\u1ee3 qu\u00e1 tr\u00ecnh t\u01b0 v\u1ea5n v\u00e0 ch\u0103m s\u00f3c kh\u00e1ch h\u00e0ng<\/li>\n<li>G\u1eedi th\u00f4ng tin qu\u1ea3ng c\u00e1o v\u00e0 ti\u1ebfp th\u1ecb d\u1ecbch v\u1ee5<\/li>\n<li>Nghi\u00ean c\u1ee9u, \u0111\u00e1nh gi\u00e1 hi\u1ec7u qu\u1ea3 v\u00e0 c\u1ea3i thi\u1ec7n c\u00e1c d\u1ecbch v\u1ee5 c\u1ee7a ch\u00fang t\u00f4i<\/li>\n<\/ul>\n<h4>3. C\u00e1ch Newland USA s\u1eed d\u1ee5ng th\u00f4ng tin<\/h4>\n<p>Th\u00f4ng tin c\u00e1 nh\u00e2n m\u00e0 b\u1ea1n cung c\u1ea5p s\u1ebd \u0111\u01b0\u1ee3c s\u1eed d\u1ee5ng v\u1edbi m\u1ee5c \u0111\u00edch duy nh\u1ea5t l\u00e0 cung c\u1ea5p d\u1ecbch v\u1ee5 t\u01b0 v\u1ea5n v\u00e0 h\u1ed7 tr\u1ee3 kh\u00e1ch h\u00e0ng. Ngo\u00e0i ra, ch\u00fang t\u00f4i c\u00f3 th\u1ec3 d\u00f9ng th\u00f4ng tin n\u00e0y \u0111\u1ec3 c\u1ea3i thi\u1ec7n d\u1ecbch v\u1ee5, \u0111\u1ed3ng th\u1eddi g\u1eedi th\u00f4ng tin qu\u1ea3ng c\u00e1o khi c\u00f3 s\u1ef1 \u0111\u1ed3ng \u00fd c\u1ee7a b\u1ea1n.<\/p>\n<h4>4. Nh\u1eefng th\u00f4ng tin \u0111\u00f3 \u0111\u01b0\u1ee3c chia s\u1ebb nh\u01b0 th\u1ebf n\u00e0o?\u00a0<\/h4>\n<p>Newland USA cam k\u1ebft kh\u00f4ng chia s\u1ebb th\u00f4ng tin c\u00e1 nh\u00e2n c\u1ee7a b\u1ea1n v\u1edbi b\u1ea5t k\u1ef3 b\u00ean th\u1ee9 ba n\u00e0o, ngo\u1ea1i tr\u1eeb khi c\u00f3 y\u00eau c\u1ea7u t\u1eeb c\u01a1 quan c\u00f3 th\u1ea9m quy\u1ec1n ho\u1eb7c khi \u0111\u01b0\u1ee3c b\u1ea1n \u0111\u1ed3ng \u00fd.<\/p>\n<h4>5. C\u00e1c \u0111\u1ed1i t\u00e1c \u0111\u01b0\u1ee3c chia s\u1ebb th\u00f4ng tin<\/h4>\n<p>Trong tr\u01b0\u1eddng h\u1ee3p c\u1ea7n thi\u1ebft, ch\u00fang t\u00f4i ch\u1ec9 chia s\u1ebb th\u00f4ng tin v\u1edbi c\u00e1c c\u01a1 quan ch\u1ee9c n\u0103ng li\u00ean quan \u0111\u1ec3 ho\u00e0n th\u00e0nh quy tr\u00ecnh nh\u1eadp c\u01b0 v\u00e0 kh\u00f4ng cung c\u1ea5p d\u1eef li\u1ec7u cho b\u1ea5t k\u1ef3 \u0111\u1ed1i t\u00e1c th\u01b0\u01a1ng m\u1ea1i ho\u1eb7c b\u00ean th\u1ee9 ba kh\u00e1c.<\/p>\n<h4>6. Cookies l\u00e0 g\u00ec?<\/h4>\n<p>Cookies l\u00e0 c\u00e1c t\u1ec7p d\u1eef li\u1ec7u nh\u1ecf \u0111\u01b0\u1ee3c l\u01b0u tr\u1eef tr\u00ean thi\u1ebft b\u1ecb c\u1ee7a b\u1ea1n khi b\u1ea1n truy c\u1eadp website c\u1ee7a ch\u00fang t\u00f4i. Newland USA s\u1eed d\u1ee5ng cookie \u0111\u1ec3 theo d\u00f5i ho\u1ea1t \u0111\u1ed9ng c\u1ee7a ng\u01b0\u1eddi d\u00f9ng trong su\u1ed1t qu\u00e1 tr\u00ecnh h\u1ecd duy\u1ec7t web. Cookie n\u00e0y s\u1ebd t\u1ef1 \u0111\u1ed9ng h\u1ebft h\u1ea1n khi b\u1ea1n \u0111\u00f3ng tr\u00ecnh duy\u1ec7t. M\u1ee5c \u0111\u00edch c\u1ee7a vi\u1ec7c s\u1eed d\u1ee5ng cookie l\u00e0 gi\u00fap t\u1ed1i \u01b0u h\u00f3a tr\u1ea3i nghi\u1ec7m ng\u01b0\u1eddi d\u00f9ng, gi\u1ea3m th\u1eddi gian t\u1ea3i trang v\u00e0 l\u01b0u gi\u1eef th\u00f4ng tin c\u00e1 nh\u00e2n c\u1ea7n thi\u1ebft \u0111\u1ec3 cung c\u1ea5p d\u1ecbch v\u1ee5 m\u1ed9t c\u00e1ch hi\u1ec7u qu\u1ea3.<\/p>\n<h4>7. C\u00e1c th\u00f4ng tin kh\u00e1c<\/h4>\n<p>M\u1ecdi thay \u0111\u1ed5i v\u1ec1 ch\u00ednh s\u00e1ch b\u1ea3o m\u1eadt s\u1ebd \u0111\u01b0\u1ee3c ch\u00fang t\u00f4i c\u1eadp nh\u1eadt c\u00f4ng khai tr\u00ean trang web \u0111\u1ec3 kh\u00e1ch h\u00e0ng lu\u00f4n n\u1eafm r\u00f5 c\u00e1c quy\u1ec1n l\u1ee3i c\u1ee7a m\u00ecnh.<\/p>\n\t\t<\/div>\n\t\t\t\t\t<\/div>\n\n\t\n\n\t<div id=\"col-1539361332\" class=\"col medium-3 small-12 large-3\"  >\n\t\t\t\t<div class=\"col-inner\"  >\n\t\t\t\n\t\t\t        <div class=\"box_right_cs\">\n            <h3>\n                C\u00e1c ch\u00ednh s\u00e1ch\n            <\/h3>\n            <div class=\"menu_cs\"><ul id=\"menu-menu-chinh-sach\" class=\"menu\"><li id=\"menu-item-640\" class=\"menu-item menu-item-type-post_type menu-item-object-page menu-item-640\"><a href=\"https:\/\/demo9.thuythu.vn\/newlandusa\/dieu-khoan-chung\/\">\u0110i\u1ec1u kho\u1ea3n chung<\/a><\/li>\n<li id=\"menu-item-641\" class=\"menu-item menu-item-type-post_type menu-item-object-page menu-item-641\"><a href=\"https:\/\/demo9.thuythu.vn\/newlandusa\/chinh-sach-bao-mat\/\">Ch\u00ednh s\u00e1ch b\u1ea3o m\u1eadt<\/a><\/li>\n<li id=\"menu-item-639\" class=\"menu-item menu-item-type-post_type menu-item-object-page menu-item-639\"><a href=\"https:\/\/demo9.thuythu.vn\/newlandusa\/chinh-sach-chung\/\">Ch\u00ednh s\u00e1ch chung<\/a><\/li>\n<li id=\"menu-item-628\" class=\"menu-item menu-item-type-post_type menu-item-object-page menu-item-628\"><a href=\"https:\/\/demo9.thuythu.vn\/newlandusa\/cau-hoi-thuong-gap\/\">C\u00e2u h\u1ecfi th\u01b0\u1eddng g\u1eb7p<\/a><\/li>\n<\/ul><\/div>        <\/div>\n\n\n\t\t<\/div>\n\t\t\t\t\t<\/div>\n\n\t\n<\/div>\n\t\t<\/div>\n\n\t\t\n<style>\n#section_380615918 {\n  padding-top: 7rem;\n  padding-bottom: 7rem;\n}\n<\/style>\n\t<\/section>\n\t\n","protected":false},"excerpt":{"rendered":"","protected":false},"author":1,"featured_media":0,"parent":0,"menu_order":0,"comment_status":"closed","ping_status":"closed","template":"page-blank.php","meta":{"_acf_changed":false,"inline_featured_image":false,"footnotes":""},"class_list":["post-635","page","type-page","status-publish","hentry"],"acf":[],"rankMath":{"parentDomain":"demo9.thuythu.vn","noFollowDomains":[],"noFollowExcludeDomains":[],"noFollowExternalLinks":false,"featuredImageNotice":"H\u00ecnh \u1ea3nh n\u1ed5i b\u1eadt n\u00ean c\u00f3 k\u00edch th\u01b0\u1edbc \u00edt nh\u1ea5t 200 x 200 pixel \u0111\u1ec3 \u0111\u01b0\u1ee3c Facebook v\u00e0 c\u00e1c trang m\u1ea1ng x\u00e3 h\u1ed9i kh\u00e1c ch\u1ecdn.","pluginReviewed":false,"postSettings":{"linkSuggestions":true,"useFocusKeyword":false},"frontEndScore":false,"postName":"dieu-khoan-chung","permalinkFormat":"https:\/\/demo9.thuythu.vn\/newlandusa\/%pagename%\/","showLockModifiedDate":true,"assessor":{"focusKeywordLink":"https:\/\/demo9.thuythu.vn\/newlandusa\/wp-admin\/edit.php?focus_keyword=%focus_keyword%&post_type=%post_type%","hasTOCPlugin":{"easy-table-of-contents\/easy-table-of-contents.php":"Easy Table of Contents"},"primaryTaxonomy":false,"serpData":{"title":"","description":"","focusKeywords":"","pillarContent":false,"canonicalUrl":"","breadcrumbTitle":"","advancedRobots":[],"facebookTitle":"","facebookDescription":"","facebookImage":"","facebookImageID":"","facebookHasOverlay":false,"facebookImageOverlay":"","facebookAuthor":"","twitterCardType":"","twitterUseFacebook":true,"twitterTitle":"","twitterDescription":"","twitterImage":"","twitterImageID":"","twitterHasOverlay":false,"twitterImageOverlay":"","twitterPlayerUrl":"","twitterPlayerSize":"","twitterPlayerStream":"","twitterPlayerStreamCtype":"","twitterAppDescription":"","twitterAppIphoneName":"","twitterAppIphoneID":"","twitterAppIphoneUrl":"","twitterAppIpadName":"","twitterAppIpadID":"","twitterAppIpadUrl":"","twitterAppGoogleplayName":"","twitterAppGoogleplayID":"","twitterAppGoogleplayUrl":"","twitterAppCountry":"","robots":{"index":true},"twitterAuthor":"t\u00ean ng\u01b0\u1eddi d\u00f9ng","primaryTerm":0,"authorName":"webadmin","titleTemplate":"%title% %sep% %sitename%","descriptionTemplate":"%excerpt%","showScoreFrontend":true,"lockModifiedDate":false},"powerWords":[],"diacritics":{"A":"[\\u0041\\u24B6\\uFF21\\u00C0\\u00C1\\u00C2\\u1EA6\\u1EA4\\u1EAA\\u1EA8\\u00C3\\u0100\\u0102\\u1EB0\\u1EAE\\u1EB4\\u1EB2\\u0226\\u01E0\\u00C4\\u01DE\\u1EA2\\u00C5\\u01FA\\u01CD\\u0200\\u0202\\u1EA0\\u1EAC\\u1EB6\\u1E00\\u0104\\u023A\\u2C6F]","AA":"[\\uA732]","AE":"[\\u00C6\\u01FC\\u01E2]","AO":"[\\uA734]","AU":"[\\uA736]","AV":"[\\uA738\\uA73A]","AY":"[\\uA73C]","B":"[\\u0042\\u24B7\\uFF22\\u1E02\\u1E04\\u1E06\\u0243\\u0182\\u0181]","C":"[\\u0043\\u24B8\\uFF23\\u0106\\u0108\\u010A\\u010C\\u00C7\\u1E08\\u0187\\u023B\\uA73E]","D":"[\\u0044\\u24B9\\uFF24\\u1E0A\\u010E\\u1E0C\\u1E10\\u1E12\\u1E0E\\u0110\\u018B\\u018A\\u0189\\uA779]","DZ":"[\\u01F1\\u01C4]","Dz":"[\\u01F2\\u01C5]","E":"[\\u0045\\u24BA\\uFF25\\u00C8\\u00C9\\u00CA\\u1EC0\\u1EBE\\u1EC4\\u1EC2\\u1EBC\\u0112\\u1E14\\u1E16\\u0114\\u0116\\u00CB\\u1EBA\\u011A\\u0204\\u0206\\u1EB8\\u1EC6\\u0228\\u1E1C\\u0118\\u1E18\\u1E1A\\u0190\\u018E]","F":"[\\u0046\\u24BB\\uFF26\\u1E1E\\u0191\\uA77B]","G":"[\\u0047\\u24BC\\uFF27\\u01F4\\u011C\\u1E20\\u011E\\u0120\\u01E6\\u0122\\u01E4\\u0193\\uA7A0\\uA77D\\uA77E]","H":"[\\u0048\\u24BD\\uFF28\\u0124\\u1E22\\u1E26\\u021E\\u1E24\\u1E28\\u1E2A\\u0126\\u2C67\\u2C75\\uA78D]","I":"[\\u0049\\u24BE\\uFF29\\u00CC\\u00CD\\u00CE\\u0128\\u012A\\u012C\\u0130\\u00CF\\u1E2E\\u1EC8\\u01CF\\u0208\\u020A\\u1ECA\\u012E\\u1E2C\\u0197]","J":"[\\u004A\\u24BF\\uFF2A\\u0134\\u0248]","K":"[\\u004B\\u24C0\\uFF2B\\u1E30\\u01E8\\u1E32\\u0136\\u1E34\\u0198\\u2C69\\uA740\\uA742\\uA744\\uA7A2]","L":"[\\u004C\\u24C1\\uFF2C\\u013F\\u0139\\u013D\\u1E36\\u1E38\\u013B\\u1E3C\\u1E3A\\u0141\\u023D\\u2C62\\u2C60\\uA748\\uA746\\uA780]","LJ":"[\\u01C7]","Lj":"[\\u01C8]","M":"[\\u004D\\u24C2\\uFF2D\\u1E3E\\u1E40\\u1E42\\u2C6E\\u019C]","N":"[\\u004E\\u24C3\\uFF2E\\u01F8\\u0143\\u00D1\\u1E44\\u0147\\u1E46\\u0145\\u1E4A\\u1E48\\u0220\\u019D\\uA790\\uA7A4]","NJ":"[\\u01CA]","Nj":"[\\u01CB]","O":"[\\u004F\\u24C4\\uFF2F\\u00D2\\u00D3\\u00D4\\u1ED2\\u1ED0\\u1ED6\\u1ED4\\u00D5\\u1E4C\\u022C\\u1E4E\\u014C\\u1E50\\u1E52\\u014E\\u022E\\u0230\\u00D6\\u022A\\u1ECE\\u0150\\u01D1\\u020C\\u020E\\u01A0\\u1EDC\\u1EDA\\u1EE0\\u1EDE\\u1EE2\\u1ECC\\u1ED8\\u01EA\\u01EC\\u00D8\\u01FE\\u0186\\u019F\\uA74A\\uA74C]","OI":"[\\u01A2]","OO":"[\\uA74E]","OU":"[\\u0222]","P":"[\\u0050\\u24C5\\uFF30\\u1E54\\u1E56\\u01A4\\u2C63\\uA750\\uA752\\uA754]","Q":"[\\u0051\\u24C6\\uFF31\\uA756\\uA758\\u024A]","R":"[\\u0052\\u24C7\\uFF32\\u0154\\u1E58\\u0158\\u0210\\u0212\\u1E5A\\u1E5C\\u0156\\u1E5E\\u024C\\u2C64\\uA75A\\uA7A6\\uA782]","S":"[\\u0053\\u24C8\\uFF33\\u1E9E\\u015A\\u1E64\\u015C\\u1E60\\u0160\\u1E66\\u1E62\\u1E68\\u0218\\u015E\\u2C7E\\uA7A8\\uA784]","T":"[\\u0054\\u24C9\\uFF34\\u1E6A\\u0164\\u1E6C\\u021A\\u0162\\u1E70\\u1E6E\\u0166\\u01AC\\u01AE\\u023E\\uA786]","TZ":"[\\uA728]","U":"[\\u0055\\u24CA\\uFF35\\u00D9\\u00DA\\u00DB\\u0168\\u1E78\\u016A\\u1E7A\\u016C\\u00DC\\u01DB\\u01D7\\u01D5\\u01D9\\u1EE6\\u016E\\u0170\\u01D3\\u0214\\u0216\\u01AF\\u1EEA\\u1EE8\\u1EEE\\u1EEC\\u1EF0\\u1EE4\\u1E72\\u0172\\u1E76\\u1E74\\u0244]","V":"[\\u0056\\u24CB\\uFF36\\u1E7C\\u1E7E\\u01B2\\uA75E\\u0245]","VY":"[\\uA760]","W":"[\\u0057\\u24CC\\uFF37\\u1E80\\u1E82\\u0174\\u1E86\\u1E84\\u1E88\\u2C72]","X":"[\\u0058\\u24CD\\uFF38\\u1E8A\\u1E8C]","Y":"[\\u0059\\u24CE\\uFF39\\u1EF2\\u00DD\\u0176\\u1EF8\\u0232\\u1E8E\\u0178\\u1EF6\\u1EF4\\u01B3\\u024E\\u1EFE]","Z":"[\\u005A\\u24CF\\uFF3A\\u0179\\u1E90\\u017B\\u017D\\u1E92\\u1E94\\u01B5\\u0224\\u2C7F\\u2C6B\\uA762]","a":"[\\u0061\\u24D0\\uFF41\\u1E9A\\u00E0\\u00E1\\u00E2\\u1EA7\\u1EA5\\u1EAB\\u1EA9\\u00E3\\u0101\\u0103\\u1EB1\\u1EAF\\u1EB5\\u1EB3\\u0227\\u01E1\\u00E4\\u01DF\\u1EA3\\u00E5\\u01FB\\u01CE\\u0201\\u0203\\u1EA1\\u1EAD\\u1EB7\\u1E01\\u0105\\u2C65\\u0250]","aa":"[\\uA733]","ae":"[\\u00E6\\u01FD\\u01E3]","ao":"[\\uA735]","au":"[\\uA737]","av":"[\\uA739\\uA73B]","ay":"[\\uA73D]","b":"[\\u0062\\u24D1\\uFF42\\u1E03\\u1E05\\u1E07\\u0180\\u0183\\u0253]","c":"[\\u0063\\u24D2\\uFF43\\u0107\\u0109\\u010B\\u010D\\u00E7\\u1E09\\u0188\\u023C\\uA73F\\u2184]","d":"[\\u0064\\u24D3\\uFF44\\u1E0B\\u010F\\u1E0D\\u1E11\\u1E13\\u1E0F\\u0111\\u018C\\u0256\\u0257\\uA77A]","dz":"[\\u01F3\\u01C6]","e":"[\\u0065\\u24D4\\uFF45\\u00E8\\u00E9\\u00EA\\u1EC1\\u1EBF\\u1EC5\\u1EC3\\u1EBD\\u0113\\u1E15\\u1E17\\u0115\\u0117\\u00EB\\u1EBB\\u011B\\u0205\\u0207\\u1EB9\\u1EC7\\u0229\\u1E1D\\u0119\\u1E19\\u1E1B\\u0247\\u025B\\u01DD]","f":"[\\u0066\\u24D5\\uFF46\\u1E1F\\u0192\\uA77C]","g":"[\\u0067\\u24D6\\uFF47\\u01F5\\u011D\\u1E21\\u011F\\u0121\\u01E7\\u0123\\u01E5\\u0260\\uA7A1\\u1D79\\uA77F]","h":"[\\u0068\\u24D7\\uFF48\\u0125\\u1E23\\u1E27\\u021F\\u1E25\\u1E29\\u1E2B\\u1E96\\u0127\\u2C68\\u2C76\\u0265]","hv":"[\\u0195]","i":"[\\u0069\\u24D8\\uFF49\\u00EC\\u00ED\\u00EE\\u0129\\u012B\\u012D\\u00EF\\u1E2F\\u1EC9\\u01D0\\u0209\\u020B\\u1ECB\\u012F\\u1E2D\\u0268\\u0131]","j":"[\\u006A\\u24D9\\uFF4A\\u0135\\u01F0\\u0249]","k":"[\\u006B\\u24DA\\uFF4B\\u1E31\\u01E9\\u1E33\\u0137\\u1E35\\u0199\\u2C6A\\uA741\\uA743\\uA745\\uA7A3]","l":"[\\u006C\\u24DB\\uFF4C\\u0140\\u013A\\u013E\\u1E37\\u1E39\\u013C\\u1E3D\\u1E3B\\u017F\\u0142\\u019A\\u026B\\u2C61\\uA749\\uA781\\uA747]","lj":"[\\u01C9]","m":"[\\u006D\\u24DC\\uFF4D\\u1E3F\\u1E41\\u1E43\\u0271\\u026F]","n":"[\\u006E\\u24DD\\uFF4E\\u01F9\\u0144\\u00F1\\u1E45\\u0148\\u1E47\\u0146\\u1E4B\\u1E49\\u019E\\u0272\\u0149\\uA791\\uA7A5]","nj":"[\\u01CC]","o":"[\\u006F\\u24DE\\uFF4F\\u00F2\\u00F3\\u00F4\\u1ED3\\u1ED1\\u1ED7\\u1ED5\\u00F5\\u1E4D\\u022D\\u1E4F\\u014D\\u1E51\\u1E53\\u014F\\u022F\\u0231\\u00F6\\u022B\\u1ECF\\u0151\\u01D2\\u020D\\u020F\\u01A1\\u1EDD\\u1EDB\\u1EE1\\u1EDF\\u1EE3\\u1ECD\\u1ED9\\u01EB\\u01ED\\u00F8\\u01FF\\u0254\\uA74B\\uA74D\\u0275]","oi":"[\\u01A3]","ou":"[\\u0223]","oo":"[\\uA74F]","p":"[\\u0070\\u24DF\\uFF50\\u1E55\\u1E57\\u01A5\\u1D7D\\uA751\\uA753\\uA755]","q":"[\\u0071\\u24E0\\uFF51\\u024B\\uA757\\uA759]","r":"[\\u0072\\u24E1\\uFF52\\u0155\\u1E59\\u0159\\u0211\\u0213\\u1E5B\\u1E5D\\u0157\\u1E5F\\u024D\\u027D\\uA75B\\uA7A7\\uA783]","s":"[\\u0073\\u24E2\\uFF53\\u015B\\u1E65\\u015D\\u1E61\\u0161\\u1E67\\u1E63\\u1E69\\u0219\\u015F\\u023F\\uA7A9\\uA785\\u1E9B]","ss":"[\\u00DF]","t":"[\\u0074\\u24E3\\uFF54\\u1E6B\\u1E97\\u0165\\u1E6D\\u021B\\u0163\\u1E71\\u1E6F\\u0167\\u01AD\\u0288\\u2C66\\uA787]","tz":"[\\uA729]","u":"[\\u0075\\u24E4\\uFF55\\u00F9\\u00FA\\u00FB\\u0169\\u1E79\\u016B\\u1E7B\\u016D\\u00FC\\u01DC\\u01D8\\u01D6\\u01DA\\u1EE7\\u016F\\u0171\\u01D4\\u0215\\u0217\\u01B0\\u1EEB\\u1EE9\\u1EEF\\u1EED\\u1EF1\\u1EE5\\u1E73\\u0173\\u1E77\\u1E75\\u0289]","v":"[\\u0076\\u24E5\\uFF56\\u1E7D\\u1E7F\\u028B\\uA75F\\u028C]","vy":"[\\uA761]","w":"[\\u0077\\u24E6\\uFF57\\u1E81\\u1E83\\u0175\\u1E87\\u1E85\\u1E98\\u1E89\\u2C73]","x":"[\\u0078\\u24E7\\uFF58\\u1E8B\\u1E8D]","y":"[\\u0079\\u24E8\\uFF59\\u1EF3\\u00FD\\u0177\\u1EF9\\u0233\\u1E8F\\u00FF\\u1EF7\\u1E99\\u1EF5\\u01B4\\u024F\\u1EFF]","z":"[\\u007A\\u24E9\\uFF5A\\u017A\\u1E91\\u017C\\u017E\\u1E93\\u1E95\\u01B6\\u0225\\u0240\\u2C6C\\uA763]"},"researchesTests":["contentHasTOC","contentHasShortParagraphs","contentHasAssets","keywordInTitle","keywordInMetaDescription","keywordInPermalink","keywordIn10Percent","keywordInContent","keywordInSubheadings","keywordInImageAlt","keywordDensity","keywordNotUsed","lengthContent","lengthPermalink","linksHasInternal","linksHasExternals","linksNotAllExternals","titleStartWithKeyword","titleSentiment","titleHasPowerWords","titleHasNumber","hasContentAI"],"hasRedirection":false,"hasBreadcrumb":false},"homeUrl":"https:\/\/demo9.thuythu.vn\/newlandusa","objectID":635,"objectType":"post","locale":"vi","localeFull":"vi","overlayImages":{"play":{"name":"Bi\u1ec3u t\u01b0\u1ee3ng ph\u00e1t","url":"https:\/\/demo9.thuythu.vn\/newlandusa\/wp-content\/plugins\/seo-by-rank-math\/assets\/admin\/img\/icon-play.png","path":"\/home\/demo9.thuythu.vn\/public_html\/newlandusa\/wp-content\/plugins\/seo-by-rank-math\/assets\/admin\/img\/icon-play.png","position":"middle_center"},"gif":{"name":"Bi\u1ec3u t\u01b0\u1ee3ng GIF","url":"https:\/\/demo9.thuythu.vn\/newlandusa\/wp-content\/plugins\/seo-by-rank-math\/assets\/admin\/img\/icon-gif.png","path":"\/home\/demo9.thuythu.vn\/public_html\/newlandusa\/wp-content\/plugins\/seo-by-rank-math\/assets\/admin\/img\/icon-gif.png","position":"middle_center"}},"defautOgImage":"https:\/\/demo9.thuythu.vn\/newlandusa\/wp-content\/plugins\/seo-by-rank-math\/assets\/admin\/img\/social-placeholder.jpg","customPermalinks":true,"isUserRegistered":false,"autoSuggestKeywords":false,"connectSiteUrl":"https:\/\/rankmath.com\/auth?site=https%3A%2F%2Fdemo9.thuythu.vn%2Fnewlandusa&r=https%3A%2F%2Fdemo9.thuythu.vn%2Fnewlandusa%2Fwp-json%2Fwp%2Fv2%2Fpages%2F635%3Fnonce%3D96ed52fe20","maxTags":5,"trendsIcon":"<svg viewBox=\"0 0 610 610\"><path d=\"M18.85,446,174.32,290.48l58.08,58.08L76.93,504a14.54,14.54,0,0,1-20.55,0L18.83,466.48a14.54,14.54,0,0,1,0-20.55Z\" style=\"fill:#4285f4\"\/><path d=\"M242.65,242.66,377.59,377.6l-47.75,47.75a14.54,14.54,0,0,1-20.55,0L174.37,290.43l47.75-47.75A14.52,14.52,0,0,1,242.65,242.66Z\" style=\"fill:#ea4335\"\/><polygon points=\"319.53 319.53 479.26 159.8 537.34 217.88 377.61 377.62 319.53 319.53\" style=\"fill:#fabb05\"\/><path d=\"M594.26,262.73V118.61h0a16.94,16.94,0,0,0-16.94-16.94H433.2a16.94,16.94,0,0,0-12,28.92L565.34,274.71h0a16.94,16.94,0,0,0,28.92-12Z\" style=\"fill:#34a853\"\/><rect width=\"610\" height=\"610\" style=\"fill:none\"\/><\/svg>","showScore":true,"siteFavIcon":"https:\/\/demo9.thuythu.vn\/newlandusa\/wp-content\/uploads\/2025\/01\/Layer_1-6-1.png","canUser":{"general":false,"advanced":false,"snippet":false,"social":false,"analysis":false,"analytics":false,"content_ai":false},"isPro":false,"is_front_page":false,"trendsUpgradeLink":"https:\/\/rankmath.com\/pricing\/?utm_source=Plugin&utm_medium=CE%20General%20Tab%20Trends&utm_campaign=WP","trendsUpgradeLabel":"N\u00e2ng c\u1ea5p","trendsPreviewImage":"https:\/\/demo9.thuythu.vn\/newlandusa\/wp-content\/plugins\/seo-by-rank-math\/assets\/admin\/img\/trends-preview.jpg","currentEditor":false,"homepageData":{"assessor":{"powerWords":[],"diacritics":true,"researchesTests":["contentHasTOC","contentHasShortParagraphs","contentHasAssets","keywordInTitle","keywordInMetaDescription","keywordInPermalink","keywordIn10Percent","keywordInContent","keywordInSubheadings","keywordInImageAlt","keywordDensity","keywordNotUsed","lengthContent","lengthPermalink","linksHasInternal","linksHasExternals","linksNotAllExternals","titleStartWithKeyword","titleSentiment","titleHasPowerWords","titleHasNumber","hasContentAI"],"hasBreadcrumb":false,"serpData":{"title":"%sitename% %page% %sep% %sitedesc%","description":"","titleTemplate":"%sitename% %page% %sep% %sitedesc%","descriptionTemplate":"","focusKeywords":"","breadcrumbTitle":"Home","robots":{"index":true},"advancedRobots":[],"facebookTitle":"","facebookDescription":"","facebookImage":"","facebookImageID":""}}},"tocTitle":"Table of Contents","tocExcludeHeadings":[],"listStyle":"ul"},"_links":{"self":[{"href":"https:\/\/demo9.thuythu.vn\/newlandusa\/wp-json\/wp\/v2\/pages\/635","targetHints":{"allow":["GET"]}}],"collection":[{"href":"https:\/\/demo9.thuythu.vn\/newlandusa\/wp-json\/wp\/v2\/pages"}],"about":[{"href":"https:\/\/demo9.thuythu.vn\/newlandusa\/wp-json\/wp\/v2\/types\/page"}],"author":[{"embeddable":true,"href":"https:\/\/demo9.thuythu.vn\/newlandusa\/wp-json\/wp\/v2\/users\/1"}],"replies":[{"embeddable":true,"href":"https:\/\/demo9.thuythu.vn\/newlandusa\/wp-json\/wp\/v2\/comments?post=635"}],"version-history":[{"count":2,"href":"https:\/\/demo9.thuythu.vn\/newlandusa\/wp-json\/wp\/v2\/pages\/635\/revisions"}],"predecessor-version":[{"id":1145,"href":"https:\/\/demo9.thuythu.vn\/newlandusa\/wp-json\/wp\/v2\/pages\/635\/revisions\/1145"}],"wp:attachment":[{"href":"https:\/\/demo9.thuythu.vn\/newlandusa\/wp-json\/wp\/v2\/media?parent=635"}],"curies":[{"name":"wp","href":"https:\/\/api.w.org\/{rel}","templated":true}]}}