{"id":771,"date":"2024-01-02T07:13:45","date_gmt":"2024-01-02T07:13:45","guid":{"rendered":"https:\/\/demo9.thuythu.vn\/mrtam\/?page_id=771"},"modified":"2024-01-02T07:17:55","modified_gmt":"2024-01-02T07:17:55","slug":"chinh-sach-bao-hanh-va-doi-tra-san-pham","status":"publish","type":"page","link":"https:\/\/demo9.thuythu.vn\/mrtam\/chinh-sach-bao-hanh-va-doi-tra-san-pham\/","title":{"rendered":"Ch\u00ednh s\u00e1ch b\u1ea3o h\u00e0nh v\u00e0 \u0111\u1ed5i tr\u1ea3 s\u1ea3n ph\u1ea9m"},"content":{"rendered":"\t<section class=\"section\" id=\"section_910125825\">\n\t\t<div class=\"bg section-bg fill bg-fill  bg-loaded\" >\n\n\t\t\t\n\t\t\t\n\t\t\t\n\n\t\t<\/div>\n\n\t\t\n\n\t\t<div class=\"section-content relative\">\n\t\t\t\n<div class=\"row align-center\"  id=\"row-361586823\">\n\n\t<div id=\"col-150048563\" class=\"col medium-10 small-12 large-8\"  >\n\t\t\t\t<div class=\"col-inner\"  >\n\t\t\t\n\t\t\t\n\t<div id=\"text-3015256863\" class=\"text\">\n\t\t\n<h1>Ch\u00ednh S\u00e1ch<\/h1>\n<p>C\u00e1c ch\u00ednh s\u00e1ch &amp; th\u00f4ng tin th\u00eam c\u1ee7a ch\u00fang t\u00f4i.<br \/>\n\t\t\n<style>\n#text-3015256863 {\n  text-align: center;\n}\n<\/style>\n\t<\/div>\n\t\n<div class=\"is-divider divider clearfix\" style=\"margin-top:3em;margin-bottom:3em;max-width:100%;background-color:rgb(9, 14, 29);\"><\/div>\n\t\t<\/div>\n\t\t\t\t\n<style>\n#col-150048563 > .col-inner {\n  margin: 0px 0px -40px 0px;\n}\n<\/style>\n\t<\/div>\n\n\t\n<\/div>\n<div class=\"row align-center\"  id=\"row-1710413147\">\n\n\t<div id=\"col-612250032\" class=\"col medium-12 small-12 large-10\"  >\n\t\t\t\t<div class=\"col-inner text-left\"  >\n\t\t\t\n\t\t\t\n<div class=\"row\"  id=\"row-456178810\">\n\n\t<div id=\"col-404345979\" class=\"col medium-12 small-12 large-4\"  >\n\t\t\t\t<div class=\"col-inner\"  >\n\t\t\t\n\t<div class=\"is-border\"\n\t\tstyle=\"border-width:0px 0px 0px 0px;\">\n\t<\/div>\n\t\t\t\n\n\t\t<div class=\"icon-box featured-box icon-box-left text-left\"  style=\"margin:0px 0px 30px 0px;\">\n\t\t\t\t\t<div class=\"icon-box-img\" style=\"width: 60px\">\n\t\t\t\t<div class=\"icon\">\n\t\t\t\t\t<div class=\"icon-inner\" >\n\t\t\t\t\t\t<img loading=\"lazy\" decoding=\"async\" width=\"256\" height=\"256\" src=\"https:\/\/demo9.thuythu.vn\/mrtam\/wp-content\/uploads\/2024\/01\/returns-icon-flatelements.png\" class=\"attachment-medium size-medium\" alt=\"\" srcset=\"https:\/\/demo9.thuythu.vn\/mrtam\/wp-content\/uploads\/2024\/01\/returns-icon-flatelements.png 256w, https:\/\/demo9.thuythu.vn\/mrtam\/wp-content\/uploads\/2024\/01\/returns-icon-flatelements-100x100.png 100w\" sizes=\"(max-width: 256px) 100vw, 256px\" \/>\t\t\t\t\t<\/div>\n\t\t\t\t<\/div>\n\t\t\t<\/div>\n\t\t\t\t<div class=\"icon-box-text last-reset\">\n\t\t\t\t\t\t\t\t\t\n<h3>Ch\u00ednh s\u00e1ch b\u1ea3o h\u00e0nh v\u00e0<br \/> \u0111\u1ed5i tr\u1ea3 s\u1ea3n ph\u1ea9m<\/h3>\n\t\t<\/div>\n\t<\/div>\n\t\n\t\n\t\t<\/div>\n\t\t\t\t\n<style>\n#col-404345979 > .col-inner {\n  padding: 0px 0px 0px 0px;\n}\n<\/style>\n\t<\/div>\n\n\t\n\n\t<div id=\"col-404068118\" class=\"col medium-12 small-12 large-8\"  >\n\t\t\t\t<div class=\"col-inner\"  >\n\t\t\t\n\t\t\t\n<p><strong>Ch\u00ednh s\u00e1ch \u0111\u1ed5i tr\u1ea3 s\u1ea3n ph\u1ea9m \u0111\u1ed1i v\u1edbi s\u1ea3n ph\u1ea9m t\u00fai tr\u00e0:<\/strong><\/p>\n<p>S\u1ea3n ph\u1ea9m ch\u01b0a khui seal s\u1ebd c\u00f3 th\u1ec3 \u0111\u01b0\u1ee3c ho\u00e0n tr\u1ea3 ho\u1eb7c \u0111\u1ed5i s\u1ea3n ph\u1ea9m kh\u00e1c (b\u00f9 th\u00eam n\u1ebfu ph\u00e1t sinh ch\u00eanh l\u1ec7ch gi\u00e1) mi\u1ec5n ph\u00ed trong v\u00f2ng 7 ng\u00e0y.<\/p>\n<p><strong>Ch\u00ednh s\u00e1ch \u0111\u1ed5i tr\u1ea3 s\u1ea3n ph\u1ea9m \u0111\u1ed1i v\u1edbi s\u1ea3n ph\u1ea9m set qu\u00e0 t\u1eb7ng:<\/strong><\/p>\n<p>H\u1ed9p qu\u00e0 ch\u01b0a khui seal s\u1ebd c\u00f3 th\u1ec3 \u0111\u01b0\u1ee3c ho\u00e0n tr\u1ea3 ho\u1eb7c \u0111\u1ed5i set kh\u00e1c (b\u00f9 th\u00eam n\u1ebfu ph\u00e1t sinh ch\u00eanh l\u1ec7ch gi\u00e1) mi\u1ec5n ph\u00ed trong v\u00f2ng 7 ng\u00e0y. N\u1ebfu h\u1ed9p qu\u00e0 \u0111\u00e3 khui seal s\u1ebd c\u00f3 th\u1ec3 \u0111\u01b0\u1ee3c ho\u00e0n tr\u1ea3 v\u00e0 ho\u00e0n ti\u1ec1n 90% trong v\u00f2ng 7 ng\u00e0y.<\/p>\n\t\t<\/div>\n\t\t\t\t\t<\/div>\n\n\t\n<\/div>\n\t<div id=\"gap-25980051\" class=\"gap-element clearfix hide-for-small\" style=\"display:block; height:auto;\">\n\t\t\n<style>\n#gap-25980051 {\n  padding-top: 60px;\n}\n<\/style>\n\t<\/div>\n\t\n<div class=\"row\"  id=\"row-204931822\">\n\n\t<div id=\"col-4027895\" class=\"col small-12 large-12\"  >\n\t\t\t\t<div class=\"col-inner text-center\" style=\"background-color:rgb(244, 244, 244);\" >\n\t\t\t\n\t\t\t\n\t<div id=\"text-4046145884\" class=\"text\">\n\t\t\n<h3>B\u1ea1n c\u00f3 th\u1eafc m\u1eafc g\u00ec?<\/h3>\n<p>H\u00e3y li\u00ean h\u1ec7 cho ch\u00fang t\u00f4i. \u0110\u1ec3 \u0111\u01b0\u1ee3c h\u1ed7 tr\u1ee3.<br \/>\n\t\t\n<style>\n#text-4046145884 {\n  text-align: center;\n}\n<\/style>\n\t<\/div>\n\t\n<a href=\"tel:0347434796\" target=\"_self\" class=\"button primary\"  >\n  <i class=\"icon-phone\" aria-hidden=\"true\" ><\/i>  <span>G\u1ecdi Ngay<\/span>\n  <\/a>\n\n<a href=\"https:\/\/demo9.thuythu.vn\/mrtam\/lien-he\/\" target=\"_self\" class=\"button primary\"  >\n    <span>Li\u00ean h\u1ec7<\/span>\n  <\/a>\n\n\t\t<\/div>\n\t\t\t\t\n<style>\n#col-4027895 > .col-inner {\n  padding: 40px 40px 40px 40px;\n}\n<\/style>\n\t<\/div>\n\n\t\n<\/div>\n\t\t<\/div>\n\t\t\t\t\t<\/div>\n\n\t\n<\/div>\n\t\t<\/div>\n\n\t\t\n<style>\n#section_910125825 {\n  padding-top: 10px;\n  padding-bottom: 10px;\n}\n@media (min-width:550px) {\n  #section_910125825 {\n    padding-top: 60px;\n    padding-bottom: 60px;\n  }\n}\n<\/style>\n\t<\/section>\n\t\n","protected":false},"excerpt":{"rendered":"","protected":false},"author":1,"featured_media":0,"parent":0,"menu_order":0,"comment_status":"closed","ping_status":"closed","template":"page-blank.php","meta":{"footnotes":""},"acf":[],"_links":{"self":[{"href":"https:\/\/demo9.thuythu.vn\/mrtam\/wp-json\/wp\/v2\/pages\/771"}],"collection":[{"href":"https:\/\/demo9.thuythu.vn\/mrtam\/wp-json\/wp\/v2\/pages"}],"about":[{"href":"https:\/\/demo9.thuythu.vn\/mrtam\/wp-json\/wp\/v2\/types\/page"}],"author":[{"embeddable":true,"href":"https:\/\/demo9.thuythu.vn\/mrtam\/wp-json\/wp\/v2\/users\/1"}],"replies":[{"embeddable":true,"href":"https:\/\/demo9.thuythu.vn\/mrtam\/wp-json\/wp\/v2\/comments?post=771"}],"version-history":[{"count":2,"href":"https:\/\/demo9.thuythu.vn\/mrtam\/wp-json\/wp\/v2\/pages\/771\/revisions"}],"predecessor-version":[{"id":774,"href":"https:\/\/demo9.thuythu.vn\/mrtam\/wp-json\/wp\/v2\/pages\/771\/revisions\/774"}],"wp:attachment":[{"href":"https:\/\/demo9.thuythu.vn\/mrtam\/wp-json\/wp\/v2\/media?parent=771"}],"curies":[{"name":"wp","href":"https:\/\/api.w.org\/{rel}","templated":true}]}}