{"id":767,"date":"2024-01-02T07:06:58","date_gmt":"2024-01-02T07:06:58","guid":{"rendered":"https:\/\/demo9.thuythu.vn\/mrtam\/?page_id=767"},"modified":"2024-01-02T07:12:47","modified_gmt":"2024-01-02T07:12:47","slug":"chinh-sach-van-chuyen","status":"publish","type":"page","link":"https:\/\/demo9.thuythu.vn\/mrtam\/chinh-sach-van-chuyen\/","title":{"rendered":"Ch\u00ednh s\u00e1ch v\u1eadn chuy\u1ec3n"},"content":{"rendered":"\t<section class=\"section\" id=\"section_71141768\">\n\t\t<div class=\"bg section-bg fill bg-fill  bg-loaded\" >\n\n\t\t\t\n\t\t\t\n\t\t\t\n\n\t\t<\/div>\n\n\t\t\n\n\t\t<div class=\"section-content relative\">\n\t\t\t\n<div class=\"row align-center\"  id=\"row-740596853\">\n\n\t<div id=\"col-1232767919\" class=\"col medium-10 small-12 large-8\"  >\n\t\t\t\t<div class=\"col-inner\"  >\n\t\t\t\n\t\t\t\n\t<div id=\"text-1685213224\" class=\"text\">\n\t\t\n<h1>Ch\u00ednh S\u00e1ch<\/h1>\n<p>C\u00e1c ch\u00ednh s\u00e1ch &amp; th\u00f4ng tin th\u00eam c\u1ee7a ch\u00fang t\u00f4i.<br \/>\n\t\t\n<style>\n#text-1685213224 {\n  text-align: center;\n}\n<\/style>\n\t<\/div>\n\t\n<div class=\"is-divider divider clearfix\" style=\"margin-top:3em;margin-bottom:3em;max-width:100%;background-color:rgb(9, 14, 29);\"><\/div>\n\t\t<\/div>\n\t\t\t\t\n<style>\n#col-1232767919 > .col-inner {\n  margin: 0px 0px -40px 0px;\n}\n<\/style>\n\t<\/div>\n\n\t\n<\/div>\n<div class=\"row align-center\"  id=\"row-1253616859\">\n\n\t<div id=\"col-456304361\" class=\"col medium-12 small-12 large-10\"  >\n\t\t\t\t<div class=\"col-inner text-left\"  >\n\t\t\t\n\t\t\t\n<div class=\"row\"  id=\"row-843044075\">\n\n\t<div id=\"col-753692632\" class=\"col medium-12 small-12 large-4\"  >\n\t\t\t\t<div class=\"col-inner\"  >\n\t\t\t\n\t<div class=\"is-border\"\n\t\tstyle=\"border-width:0px 0px 0px 0px;\">\n\t<\/div>\n\t\t\t\n\n\t\t<div class=\"icon-box featured-box icon-box-left text-left\"  style=\"margin:0px 0px 30px 0px;\">\n\t\t\t\t\t<div class=\"icon-box-img\" style=\"width: 60px\">\n\t\t\t\t<div class=\"icon\">\n\t\t\t\t\t<div class=\"icon-inner\" >\n\t\t\t\t\t\t<img loading=\"lazy\" decoding=\"async\" width=\"256\" height=\"256\" src=\"https:\/\/demo9.thuythu.vn\/mrtam\/wp-content\/uploads\/2024\/01\/delivery.png\" class=\"attachment-medium size-medium\" alt=\"\" srcset=\"https:\/\/demo9.thuythu.vn\/mrtam\/wp-content\/uploads\/2024\/01\/delivery.png 256w, https:\/\/demo9.thuythu.vn\/mrtam\/wp-content\/uploads\/2024\/01\/delivery-100x100.png 100w\" sizes=\"(max-width: 256px) 100vw, 256px\" \/>\t\t\t\t\t<\/div>\n\t\t\t\t<\/div>\n\t\t\t<\/div>\n\t\t\t\t<div class=\"icon-box-text last-reset\">\n\t\t\t\t\t\t\t\t\t\n<h3>Ch\u00ednh s\u00e1ch<br \/>\nv\u1eadn chuy\u1ec3n<\/h3>\n\t\t<\/div>\n\t<\/div>\n\t\n\t\n\t\t<\/div>\n\t\t\t\t\n<style>\n#col-753692632 > .col-inner {\n  padding: 0px 0px 0px 0px;\n}\n<\/style>\n\t<\/div>\n\n\t\n\n\t<div id=\"col-884136392\" class=\"col medium-12 small-12 large-8\"  >\n\t\t\t\t<div class=\"col-inner\"  >\n\t\t\t\n\t\t\t\n<div><strong>a) C\u00e1c ph\u01b0\u01a1ng th\u1ee9c giao h\u00e0ng<\/strong><\/div>\n<div>\u00a0<\/div>\n<div>Ch\u00fang t\u00f4i s\u1eed d\u1ee5ng 02 ph\u01b0\u01a1ng th\u1ee9c giao h\u00e0ng:<\/div>\n<div>\u00a0<\/div>\n<div>&#8211; Kh\u00e1ch h\u00e0ng mua tr\u1ef1c ti\u1ebfp h\u00e0ng t\u1ea1i c\u1eeda h\u00e0ng c\u1ee7a ch\u00fang t\u00f4i<\/div>\n<div>&#8211; Ship h\u00e0ng<\/div>\n<div>\u00a0<\/div>\n<div><strong>b) Th\u1eddi h\u1ea1n \u01b0\u1edbc t\u00ednh cho vi\u1ec7c giao h\u00e0ng<\/strong><\/div>\n<div>\u00a0<\/div>\n<div>Th\u00f4ng th\u01b0\u1eddng sau khi nh\u1eadn \u0111\u01b0\u1ee3c th\u00f4ng tin \u0111\u1eb7t h\u00e0ng ch\u00fang t\u00f4i s\u1ebd x\u1eed l\u00fd \u0111\u01a1n h\u00e0ng trong v\u00f2ng 24h v\u00e0 ph\u1ea3n h\u1ed3i l\u1ea1i th\u00f4ng tin cho kh\u00e1ch h\u00e0ng v\u1ec1 vi\u1ec7c thanh to\u00e1n v\u00e0 giao nh\u1eadn.<\/div>\n<div>\u00a0<\/div>\n<div>Th\u1eddi gian giao h\u00e0ng th\u01b0\u1eddng trong kho\u1ea3ng t\u1eeb 1 &#8211; 3 ng\u00e0y k\u1ec3 t\u1eeb ng\u00e0y ch\u1ed1t \u0111\u01a1n h\u00e0ng ho\u1eb7c theo th\u1ecfa thu\u1eadn v\u1edbi kh\u00e1ch khi \u0111\u1eb7t h\u00e0ng.<\/div>\n<div>\u00a0<\/div>\n<div>Tuy nhi\u00ean, c\u0169ng c\u00f3 tr\u01b0\u1eddng h\u1ee3p vi\u1ec7c giao h\u00e0ng k\u00e9o d\u00e0i h\u01a1n nh\u01b0ng ch\u1ec9 x\u1ea3y ra trong nh\u1eefng t\u00ecnh hu\u1ed1ng b\u1ea5t kh\u1ea3 kh\u00e1ng nh\u01b0 sau:<\/div>\n<div>\u00a0<\/div>\n<div>\u2013 Nh\u00e2n vi\u00ean ch\u00fang t\u00f4i li\u00ean l\u1ea1c v\u1edbi kh\u00e1ch h\u00e0ng qua \u0111i\u1ec7n tho\u1ea1i kh\u00f4ng \u0111\u01b0\u1ee3c n\u00ean kh\u00f4ng th\u1ec3 giao h\u00e0ng.<\/div>\n<div>\u00a0<\/div>\n<div>\u2013 \u0110\u1ecba ch\u1ec9 giao h\u00e0ng b\u1ea1n cung c\u1ea5p kh\u00f4ng ch\u00ednh x\u00e1c ho\u1eb7c kh\u00f3 t\u00ecm.<\/div>\n<div>\u00a0<\/div>\n<div>\u2013 S\u1ed1 l\u01b0\u1ee3ng \u0111\u01a1n h\u00e0ng t\u0103ng \u0111\u1ed9t bi\u1ebfn khi\u1ebfn vi\u1ec7c x\u1eed l\u00fd \u0111\u01a1n h\u00e0ng b\u1ecb ch\u1eadm.<\/div>\n<div>\u00a0<\/div>\n<div>\u2013 \u0110\u1ed1i t\u00e1c cung c\u1ea5p h\u00e0ng ch\u1eadm h\u01a1n d\u1ef1 ki\u1ebfn khi\u1ebfn vi\u1ec7c giao h\u00e0ng b\u1ecb ch\u1eadm l\u1ea1i ho\u1eb7c \u0111\u1ed1i t\u00e1c v\u1eadn chuy\u1ec3n giao h\u00e0ng b\u1ecb ch\u1eadm<\/div>\n<div>\u00a0<\/div>\n<div>Ph\u00ed v\u1eadn chuy\u1ec3n \u0111\u01b0\u1ee3c c\u1ed9ng d\u1ed3n v\u00e0o \u0111\u01a1n h\u00e0ng tr\u00ean website. C\u1ee5 th\u1ec3: 20,000 VND \u0111\u1ed1i v\u1edbi n\u1ed9i th\u00e0nh v\u00e0 30,000 VND \u0111\u1ed1i v\u1edbi ngo\u1ea1i th\u00e0nh.<\/div>\n<div>\u00a0<\/div>\n<div><strong>c) Ph\u00e2n \u0111\u1ecbnh tr\u00e1ch nhi\u1ec7m c\u1ee7a th\u01b0\u01a1ng nh\u00e2n, t\u1ed5 ch\u1ee9c cung \u1ee9ng d\u1ecbch v\u1ee5 logistics v\u1ec1 cung c\u1ea5p ch\u1ee9ng t\u1eeb h\u00e0ng h\u00f3a trong qu\u00e1 tr\u00ecnh giao nh\u1eadn.<\/strong><\/div>\n<div>\u00a0<\/div>\n<div>T\u1ea5t c\u1ea3 c\u00e1c \u0111\u01a1n h\u00e0ng \u0111\u1ec1u \u0111\u01b0\u1ee3c \u0111\u00f3ng g\u00f3i s\u1eb5n s\u00e0ng tr\u01b0\u1edbc khi v\u1eadn chuy\u1ec3n, \u0111\u01b0\u1ee3c ni\u00eam phong b\u1edfi Ti\u1ec7m Tr\u00e0 TP.<\/div>\n<div>\u00a0<\/div>\n<div>\u0110\u01a1n v\u1ecb v\u1eadn chuy\u1ec3n s\u1ebd ch\u1ec9 ch\u1ecbu tr\u00e1ch nhi\u1ec7m v\u1eadn chuy\u1ec3n h\u00e0ng h\u00f3a theo nguy\u00ean t\u1eafc \u201cnguy\u00ean \u0111ai, nguy\u00ean ki\u1ec7n\u201d.<\/div>\n<div>\u00a0<\/div>\n<div>Tr\u00ean bao b\u00ec t\u1ea5t c\u1ea3 c\u00e1c \u0111\u01a1n h\u00e0ng \u0111\u1ec1u c\u00f3 th\u00f4ng tin:<\/div>\n<div>\u00a0<\/div>\n<div>Th\u00f4ng tin Ng\u01b0\u1eddi nh\u1eadn, bao g\u1ed3m: T\u00ean ng\u01b0\u1eddi nh\u1eadn, s\u1ed1 \u0111i\u1ec7n tho\u1ea1i v\u00e0 \u0111\u1ecba ch\u1ec9 ng\u01b0\u1eddi nh\u1eadn<\/div>\n<div>\u00a0<\/div>\n<div>M\u00e3 v\u1eadn \u0111\u01a1n c\u1ee7a \u0111\u01a1n h\u00e0ng<\/div>\n<div>\u00a0<\/div>\n<div><strong>d) Tr\u00e1ch nhi\u1ec7m v\u1ec1 tr\u01b0\u1eddng h\u1ee3p h\u00e0ng b\u1ecb h\u01b0 h\u1ecfng do qu\u00e1 tr\u00ecnh v\u1eadn chuy\u1ec3n<\/strong><\/div>\n<div>\u00a0<\/div>\n<div>\u0110\u1ed1i v\u1edbi h\u00e0ng h\u00f3a b\u1ecb h\u01b0 h\u1ecfng do qu\u00e1 tr\u00ecnh v\u1eadn chuy\u1ec3n d\u00f9 l\u00e0 \u0111\u01a1n h\u00e0ng do ch\u00ednh c\u1eeda h\u00e0ng v\u1eadn chuy\u1ec3n hay do b\u00ean th\u1ee9 3 v\u1eadn chuy\u1ec3n th\u00ec ch\u00fang t\u00f4i s\u1ebd l\u00e0 b\u00ean \u0111\u1ee9ng ra ch\u1ecbu tr\u00e1ch nhi\u1ec7m gi\u1ea3i quy\u1ebft v\u1ea5n \u0111\u1ec1 cho kh\u00e1ch h\u00e0ng.<\/div>\n<div>\u00a0<\/div>\n<div>Kh\u00e1ch h\u00e0ng c\u00f3 quy\u1ec1n t\u1eeb ch\u1ed1i nh\u1eadn s\u1ea3n ph\u1ea9m v\u00e0 y\u00eau c\u1ea7u \u0111\u1ed5i tr\u1ea3 theo quy \u0111\u1ecbnh \u201c\u0111\u1ed5i tr\u1ea3 ho\u00e0n ph\u00ed\u201d c\u00f2n m\u1ecdi v\u1ea5n \u0111\u1ec1 ph\u00e1t sinh ch\u00fang t\u00f4i s\u1ebd l\u00e0m vi\u1ec7c l\u1ea1i v\u1edbi \u0111\u1ed1i t\u00e1c v\u1eadn chuy\u1ec3n \u0111\u1ec3 gi\u1ea3i quy\u1ebft \u0111\u1ec1n b\u00f9 cho \u0111\u01a1n h\u00e0ng theo th\u1ecfa thu\u1eadn h\u1ee3p t\u00e1c gi\u1eefa c\u00f4ng ty v\u1edbi \u0111\u1ed1i t\u00e1c th\u1ee9 3 cung c\u1ea5p d\u1ecbch v\u1ee5 v\u1eadn chuy\u1ec3n.<\/div>\n<div>\u00a0<\/div>\n<div><strong>L\u01b0u \u00fd:<\/strong> Tr\u01b0\u1eddng h\u1ee3p ph\u00e1t sinh ch\u1eadm tr\u1ec5 trong vi\u1ec7c giao h\u00e0ng ch\u00fang t\u00f4i s\u1ebd th\u00f4ng tin k\u1ecbp th\u1eddi cho kh\u00e1ch h\u00e0ng v\u00e0 kh\u00e1ch h\u00e0ng c\u00f3 th\u1ec3 l\u1ef1a ch\u1ecdn gi\u1eefa vi\u1ec7c H\u1ee7y ho\u1eb7c ti\u1ebfp t\u1ee5c ch\u1edd h\u00e0ng.<\/div>\n\t\t<\/div>\n\t\t\t\t\t<\/div>\n\n\t\n<\/div>\n\t<div id=\"gap-1264781675\" class=\"gap-element clearfix hide-for-small\" style=\"display:block; height:auto;\">\n\t\t\n<style>\n#gap-1264781675 {\n  padding-top: 60px;\n}\n<\/style>\n\t<\/div>\n\t\n<div class=\"row\"  id=\"row-923812265\">\n\n\t<div id=\"col-166793495\" class=\"col small-12 large-12\"  >\n\t\t\t\t<div class=\"col-inner text-center\" style=\"background-color:rgb(244, 244, 244);\" >\n\t\t\t\n\t\t\t\n\t<div id=\"text-1293329912\" class=\"text\">\n\t\t\n<h3>B\u1ea1n c\u00f3 th\u1eafc m\u1eafc g\u00ec?<\/h3>\n<p>H\u00e3y li\u00ean h\u1ec7 cho ch\u00fang t\u00f4i. \u0110\u1ec3 \u0111\u01b0\u1ee3c h\u1ed7 tr\u1ee3.<br \/>\n\t\t\n<style>\n#text-1293329912 {\n  text-align: center;\n}\n<\/style>\n\t<\/div>\n\t\n<a href=\"tel:0347434796\" target=\"_self\" class=\"button primary\"  >\n  <i class=\"icon-phone\" aria-hidden=\"true\" ><\/i>  <span>G\u1ecdi Ngay<\/span>\n  <\/a>\n\n<a href=\"https:\/\/demo9.thuythu.vn\/mrtam\/lien-he\/\" target=\"_self\" class=\"button primary\"  >\n    <span>Li\u00ean h\u1ec7<\/span>\n  <\/a>\n\n\t\t<\/div>\n\t\t\t\t\n<style>\n#col-166793495 > .col-inner {\n  padding: 40px 40px 40px 40px;\n}\n<\/style>\n\t<\/div>\n\n\t\n<\/div>\n\t\t<\/div>\n\t\t\t\t\t<\/div>\n\n\t\n<\/div>\n\t\t<\/div>\n\n\t\t\n<style>\n#section_71141768 {\n  padding-top: 10px;\n  padding-bottom: 10px;\n}\n@media (min-width:550px) {\n  #section_71141768 {\n    padding-top: 60px;\n    padding-bottom: 60px;\n  }\n}\n<\/style>\n\t<\/section>\n\t\n","protected":false},"excerpt":{"rendered":"","protected":false},"author":1,"featured_media":0,"parent":0,"menu_order":0,"comment_status":"closed","ping_status":"closed","template":"page-blank.php","meta":{"footnotes":""},"acf":[],"_links":{"self":[{"href":"https:\/\/demo9.thuythu.vn\/mrtam\/wp-json\/wp\/v2\/pages\/767"}],"collection":[{"href":"https:\/\/demo9.thuythu.vn\/mrtam\/wp-json\/wp\/v2\/pages"}],"about":[{"href":"https:\/\/demo9.thuythu.vn\/mrtam\/wp-json\/wp\/v2\/types\/page"}],"author":[{"embeddable":true,"href":"https:\/\/demo9.thuythu.vn\/mrtam\/wp-json\/wp\/v2\/users\/1"}],"replies":[{"embeddable":true,"href":"https:\/\/demo9.thuythu.vn\/mrtam\/wp-json\/wp\/v2\/comments?post=767"}],"version-history":[{"count":2,"href":"https:\/\/demo9.thuythu.vn\/mrtam\/wp-json\/wp\/v2\/pages\/767\/revisions"}],"predecessor-version":[{"id":770,"href":"https:\/\/demo9.thuythu.vn\/mrtam\/wp-json\/wp\/v2\/pages\/767\/revisions\/770"}],"wp:attachment":[{"href":"https:\/\/demo9.thuythu.vn\/mrtam\/wp-json\/wp\/v2\/media?parent=767"}],"curies":[{"name":"wp","href":"https:\/\/api.w.org\/{rel}","templated":true}]}}