{"id":762,"date":"2024-01-02T06:58:49","date_gmt":"2024-01-02T06:58:49","guid":{"rendered":"https:\/\/demo9.thuythu.vn\/mrtam\/?page_id=762"},"modified":"2024-01-02T07:06:23","modified_gmt":"2024-01-02T07:06:23","slug":"chinh-sach-thanh-toan","status":"publish","type":"page","link":"https:\/\/demo9.thuythu.vn\/mrtam\/chinh-sach-thanh-toan\/","title":{"rendered":"Ch\u00ednh s\u00e1ch thanh to\u00e1n"},"content":{"rendered":"\t<section class=\"section\" id=\"section_2078789244\">\n\t\t<div class=\"bg section-bg fill bg-fill  bg-loaded\" >\n\n\t\t\t\n\t\t\t\n\t\t\t\n\n\t\t<\/div>\n\n\t\t\n\n\t\t<div class=\"section-content relative\">\n\t\t\t\n<div class=\"row align-center\"  id=\"row-165930781\">\n\n\t<div id=\"col-1184691700\" class=\"col medium-10 small-12 large-8\"  >\n\t\t\t\t<div class=\"col-inner\"  >\n\t\t\t\n\t\t\t\n\t<div id=\"text-1451978421\" class=\"text\">\n\t\t\n<h1>Ch\u00ednh S\u00e1ch<\/h1>\n<p>C\u00e1c ch\u00ednh s\u00e1ch &amp; th\u00f4ng tin th\u00eam c\u1ee7a ch\u00fang t\u00f4i.<br \/>\n\t\t\n<style>\n#text-1451978421 {\n  text-align: center;\n}\n<\/style>\n\t<\/div>\n\t\n<div class=\"is-divider divider clearfix\" style=\"margin-top:3em;margin-bottom:3em;max-width:100%;background-color:rgb(9, 14, 29);\"><\/div>\n\t\t<\/div>\n\t\t\t\t\n<style>\n#col-1184691700 > .col-inner {\n  margin: 0px 0px -40px 0px;\n}\n<\/style>\n\t<\/div>\n\n\t\n<\/div>\n<div class=\"row align-center\"  id=\"row-1528301151\">\n\n\t<div id=\"col-415834100\" class=\"col medium-12 small-12 large-10\"  >\n\t\t\t\t<div class=\"col-inner text-left\"  >\n\t\t\t\n\t\t\t\n<div class=\"row\"  id=\"row-587065176\">\n\n\t<div id=\"col-1583263344\" class=\"col medium-12 small-12 large-4\"  >\n\t\t\t\t<div class=\"col-inner\"  >\n\t\t\t\n\t<div class=\"is-border\"\n\t\tstyle=\"border-width:0px 0px 0px 0px;\">\n\t<\/div>\n\t\t\t\n\n\t\t<div class=\"icon-box featured-box icon-box-left text-left\"  style=\"margin:0px 0px 30px 0px;\">\n\t\t\t\t\t<div class=\"icon-box-img\" style=\"width: 60px\">\n\t\t\t\t<div class=\"icon\">\n\t\t\t\t\t<div class=\"icon-inner\" >\n\t\t\t\t\t\t<img loading=\"lazy\" decoding=\"async\" width=\"256\" height=\"256\" src=\"https:\/\/demo9.thuythu.vn\/mrtam\/wp-content\/uploads\/2024\/01\/payment-icon-flatelements.png\" class=\"attachment-medium size-medium\" alt=\"\" srcset=\"https:\/\/demo9.thuythu.vn\/mrtam\/wp-content\/uploads\/2024\/01\/payment-icon-flatelements.png 256w, https:\/\/demo9.thuythu.vn\/mrtam\/wp-content\/uploads\/2024\/01\/payment-icon-flatelements-100x100.png 100w\" sizes=\"(max-width: 256px) 100vw, 256px\" \/>\t\t\t\t\t<\/div>\n\t\t\t\t<\/div>\n\t\t\t<\/div>\n\t\t\t\t<div class=\"icon-box-text last-reset\">\n\t\t\t\t\t\t\t\t\t\n<h3>Ch\u00ednh s\u00e1ch<br \/>\nthanh to\u00e1n<\/h3>\n\t\t<\/div>\n\t<\/div>\n\t\n\t\n\t\t<\/div>\n\t\t\t\t\n<style>\n#col-1583263344 > .col-inner {\n  padding: 0px 0px 0px 0px;\n}\n<\/style>\n\t<\/div>\n\n\t\n\n\t<div id=\"col-1369161738\" class=\"col medium-12 small-12 large-8\"  >\n\t\t\t\t<div class=\"col-inner\"  >\n\t\t\t\n\t\t\t\n<h3><strong>H\u00ecnh th\u1ee9c thanh to\u00e1n<\/strong><\/h3>\n<p><strong>1. Thanh to\u00e1n tr\u1ef1c ti\u1ebfp t\u1ea1i c\u1eeda h\u00e0ng<\/strong><\/p>\n<p>Ti\u1ec7m Tr\u00e0 TP<\/p>\n<ul>\n<li>\u0110\u1ecba ch\u1ec9: 134\/42A Nguy\u1ec5n Th\u1ecb Th\u1eadp, ph\u01b0\u1eddng B\u00ecnh Thu\u1eadn, qu\u1eadn 7, TPHCM<\/li>\n<li>\u0110i\u1ec7n tho\u1ea1i: 0347434796<\/li>\n<li>Email: tiemtratp@gmail.com<\/li>\n<\/ul>\n<p><strong>2. Thanh to\u00e1n COD<\/strong><\/p>\n<p>Kh\u00e1ch h\u00e0ng sau khi l\u00e0m th\u1ee7 t\u1ee5c mua s\u1ea3n ph\u1ea9m tr\u00ean website, nh\u00e2n vi\u00ean s\u1ebd li\u00ean h\u1ec7 giao h\u00e0ng v\u00e0 nh\u1eadn ti\u1ec1n m\u1eb7t t\u1ea1i nh\u00e0 kh\u00e1ch h\u00e0ng.<\/p>\n<p><strong>3. Thanh to\u00e1n chuy\u1ec3n kho\u1ea3n<\/strong><\/p>\n<p>Kh\u00e1ch h\u00e0ng vui l\u00f2ng chuy\u1ec3n kho\u1ea3n t\u1edbi s\u1ed1 t\u00e0i kho\u1ea3n sau:<\/p>\n<ul>\n<li>T\u00ean t\u00e0i kho\u1ea3n: LE THI HONG PHUOC<\/li>\n<li>S\u1ed1 t\u00e0i kho\u1ea3n : 2403210686<\/li>\n<li>Ng\u00e2n h\u00e0ng : ACB<\/li>\n<li>Chi nh\u00e1nh : TPHCM<\/li>\n<\/ul>\n<p>Sau khi nh\u1eadn \u0111\u01b0\u1ee3c s\u1ed1 ti\u1ec1n ch\u00ednh x\u00e1c thanh to\u00e1n cho \u0111\u01a1n h\u00e0ng, nh\u00e2n vi\u00ean b\u00e1n h\u00e0ng s\u1ebd th\u00f4ng b\u00e1o t\u00ecnh tr\u1ea1ng \u0111\u01a1n h\u00e0ng cho kh\u00e1ch h\u00e0ng qua Zalo.<\/p>\n\t\t<\/div>\n\t\t\t\t\t<\/div>\n\n\t\n<\/div>\n\t<div id=\"gap-2039171535\" class=\"gap-element clearfix hide-for-small\" style=\"display:block; height:auto;\">\n\t\t\n<style>\n#gap-2039171535 {\n  padding-top: 60px;\n}\n<\/style>\n\t<\/div>\n\t\n<div class=\"row\"  id=\"row-1030743015\">\n\n\t<div id=\"col-1533423021\" class=\"col small-12 large-12\"  >\n\t\t\t\t<div class=\"col-inner text-center\" style=\"background-color:rgb(244, 244, 244);\" >\n\t\t\t\n\t\t\t\n\t<div id=\"text-2487551734\" class=\"text\">\n\t\t\n<h3>B\u1ea1n c\u00f3 th\u1eafc m\u1eafc g\u00ec?<\/h3>\n<p>H\u00e3y li\u00ean h\u1ec7 cho ch\u00fang t\u00f4i. \u0110\u1ec3 \u0111\u01b0\u1ee3c h\u1ed7 tr\u1ee3.<br \/>\n\t\t\n<style>\n#text-2487551734 {\n  text-align: center;\n}\n<\/style>\n\t<\/div>\n\t\n<a href=\"tel:0347434796\" target=\"_self\" class=\"button primary\"  >\n  <i class=\"icon-phone\" aria-hidden=\"true\" ><\/i>  <span>G\u1ecdi Ngay<\/span>\n  <\/a>\n\n<a href=\"https:\/\/demo9.thuythu.vn\/mrtam\/lien-he\/\" target=\"_self\" class=\"button primary\"  >\n    <span>Li\u00ean h\u1ec7<\/span>\n  <\/a>\n\n\t\t<\/div>\n\t\t\t\t\n<style>\n#col-1533423021 > .col-inner {\n  padding: 40px 40px 40px 40px;\n}\n<\/style>\n\t<\/div>\n\n\t\n<\/div>\n\t\t<\/div>\n\t\t\t\t\t<\/div>\n\n\t\n<\/div>\n\t\t<\/div>\n\n\t\t\n<style>\n#section_2078789244 {\n  padding-top: 10px;\n  padding-bottom: 10px;\n}\n@media (min-width:550px) {\n  #section_2078789244 {\n    padding-top: 60px;\n    padding-bottom: 60px;\n  }\n}\n<\/style>\n\t<\/section>\n\t\n","protected":false},"excerpt":{"rendered":"","protected":false},"author":1,"featured_media":0,"parent":0,"menu_order":0,"comment_status":"closed","ping_status":"closed","template":"page-blank.php","meta":{"footnotes":""},"acf":[],"_links":{"self":[{"href":"https:\/\/demo9.thuythu.vn\/mrtam\/wp-json\/wp\/v2\/pages\/762"}],"collection":[{"href":"https:\/\/demo9.thuythu.vn\/mrtam\/wp-json\/wp\/v2\/pages"}],"about":[{"href":"https:\/\/demo9.thuythu.vn\/mrtam\/wp-json\/wp\/v2\/types\/page"}],"author":[{"embeddable":true,"href":"https:\/\/demo9.thuythu.vn\/mrtam\/wp-json\/wp\/v2\/users\/1"}],"replies":[{"embeddable":true,"href":"https:\/\/demo9.thuythu.vn\/mrtam\/wp-json\/wp\/v2\/comments?post=762"}],"version-history":[{"count":3,"href":"https:\/\/demo9.thuythu.vn\/mrtam\/wp-json\/wp\/v2\/pages\/762\/revisions"}],"predecessor-version":[{"id":766,"href":"https:\/\/demo9.thuythu.vn\/mrtam\/wp-json\/wp\/v2\/pages\/762\/revisions\/766"}],"wp:attachment":[{"href":"https:\/\/demo9.thuythu.vn\/mrtam\/wp-json\/wp\/v2\/media?parent=762"}],"curies":[{"name":"wp","href":"https:\/\/api.w.org\/{rel}","templated":true}]}}