{"id":313,"date":"2023-12-22T08:29:56","date_gmt":"2023-12-22T08:29:56","guid":{"rendered":"https:\/\/demo9.thuythu.vn\/mrtam\/?page_id=313"},"modified":"2024-01-03T06:48:47","modified_gmt":"2024-01-03T06:48:47","slug":"ve-chung-toi","status":"publish","type":"page","link":"https:\/\/demo9.thuythu.vn\/mrtam\/ve-chung-toi\/","title":{"rendered":"V\u1ec1 ch\u00fang t\u00f4i"},"content":{"rendered":"\t<section class=\"section section-video dark\" id=\"section_1447976087\">\n\t\t<div class=\"bg section-bg fill bg-fill  \" >\n\n\t\t\t\n\t\t\t<div class=\"section-bg-overlay absolute fill\"><\/div>\n\t\t\t\n\n\t\t<\/div>\n\n\t\t\n\n\t\t<div class=\"section-content relative\">\n\t\t\t\n<div class=\"row\"  id=\"row-1826460275\">\n\n\t<div id=\"col-2123293429\" class=\"col small-12 large-12\"  >\n\t\t\t\t<div class=\"col-inner text-center\"  >\n\t\t\t\n\t\t\t\n<div class=\"ux-logo has-hover align-middle ux_logo inline-block\" style=\"max-width: 100%!important; width: auto!important\"><div class=\"ux-logo-link block image-\" title=\"\" href=\"\" style=\"padding: 15px;\"><img decoding=\"async\" src=\"https:\/\/demo9.thuythu.vn\/mrtam\/wp-content\/uploads\/2023\/12\/Logo-MrTam.svg\" title=\"\" alt=\"\" class=\"ux-logo-image block\" style=\"height:120px;\" \/><\/div><\/div>\n\t\t<\/div>\n\t\t\t\t\t<\/div>\n\n\t\n<\/div>\n<div class=\"row align-center\"  id=\"row-1173914948\">\n\n\t<div id=\"col-625780426\" class=\"col medium-10 small-12 large-8\"  >\n\t\t\t\t<div class=\"col-inner\"  >\n\t\t\t\n\t\t\t\n\t<div id=\"text-1535930592\" class=\"text\">\n\t\t\n<h2 class=\"title-2 UTMYenTu mb-0\">C\u00e2u chuy\u1ec7n c\u1ee7a ch\u00fang t\u00f4i<\/h2>\n\t\t\n<style>\n#text-1535930592 {\n  text-align: center;\n}\n<\/style>\n\t<\/div>\n\t\n\t<div id=\"gap-412969408\" class=\"gap-element clearfix\" style=\"display:block; height:auto;\">\n\t\t\n<style>\n#gap-412969408 {\n  padding-top: 30px;\n}\n<\/style>\n\t<\/div>\n\t\n\t<div id=\"text-2409502994\" class=\"text\">\n\t\t\n<p style=\"text-align: center;\">Ti\u1ec7m Tr\u00e0 TP \u0111\u01b0\u1ee3c th\u00e0nh l\u1eadp b\u1edfi m\u1ed9t nh\u00f3m b\u1ea1n tr\u1ebb th\u00edch kinh doanh, \u01b0a m\u1ea1o hi\u1ec3m, v\u00e0 kh\u00e1t khao t\u1ea1o ra nh\u1eefng \u0111\u00f3ng g\u00f3p to l\u1edbn cho c\u1ed9ng \u0111\u1ed3ng v\u00e0 x\u00e3 h\u1ed9i.<\/p>\n<p style=\"text-align: center;\">Ng\u00e0y nay, r\u1ea5t nhi\u1ec1u ng\u01b0\u1eddi trong ch\u00fang ta v\u00ec qu\u00e1 m\u1ea3i m\u00ea c\u00f4ng vi\u1ec7c m\u00e0 \u00edt ch\u00fa \u00fd \u0111\u1ebfn l\u1ed1i s\u1ed1ng l\u00e0nh m\u1ea1nh, ti\u00eau th\u1ee5 nh\u1eefng th\u1ef1c ph\u1ea9m t\u1ed1t cho s\u1ee9c kh\u1ecfe. Th\u1ea5u hi\u1ec3u \u0111\u01b0\u1ee3c \u0111i\u1ec1u \u0111\u00f3, TP n\u1ed7 l\u1ef1c t\u1ea1o ra c\u00e1c d\u00f2ng s\u1ea3n ph\u1ea9m tr\u00e0 v\u1edbi h\u00e0ng lo\u1ea1t nh\u1eefng l\u1ee3i \u00edch s\u1ee9c kh\u1ecfe kh\u00e1c nhau, t\u1eeb d\u01b0\u1ee1ng nhan cho \u0111\u1ebfn an th\u1ea7n, tr\u1ecb m\u1ea5t ng\u1ee7, h\u1ed7 tr\u1ee3 gi\u1ea3m c\u00e2n.<\/p>\n<p style=\"text-align: center;\">Ngo\u00e0i ra ch\u00fang m\u00ecnh c\u00f2n cung c\u1ea5p nh\u1eefng set qu\u00e0 t\u1eb7ng v\u1edbi thi\u1ebft k\u1ebf tinh t\u1ebf v\u00e0 sang tr\u1ecdng, ph\u00f9 h\u1ee3p \u0111\u1ec3 t\u1eb7ng cho b\u1ea1n b\u00e8 v\u00e0 ng\u01b0\u1eddi th\u00e2n y\u00eau trong nh\u1eefng d\u1ecbp \u0111\u1eb7c bi\u1ec7t.<\/p>\n\t\t\n<style>\n#text-2409502994 {\n  font-size: 1rem;\n  line-height: 1.5;\n  text-align: center;\n}\n<\/style>\n\t<\/div>\n\t\n\t\t<\/div>\n\t\t\t\t\t<\/div>\n\n\t\n<\/div>\n\t<div id=\"gap-1764601334\" class=\"gap-element clearfix hide-for-small\" style=\"display:block; height:auto;\">\n\t\t\n<style>\n#gap-1764601334 {\n  padding-top: 260px;\n}\n<\/style>\n\t<\/div>\n\t\n\t\t<\/div>\n\n\t\t\n<style>\n#section_1447976087 {\n  padding-top: 30px;\n  padding-bottom: 30px;\n  min-height: 600px;\n}\n#section_1447976087 .section-bg-overlay {\n  background-color: rgba(0, 0, 0, 0.5);\n}\n#section_1447976087 .section-bg.bg-loaded {\n  background-image: url(https:\/\/demo9.thuythu.vn\/mrtam\/wp-content\/uploads\/2024\/01\/Tienlutinhduyen2.jpg);\n}\n@media (min-width:550px) {\n  #section_1447976087 {\n    min-height: 1000px;\n  }\n}\n<\/style>\n\t<\/section>\n\t\n\t<section class=\"section section-about z-index-1\" id=\"section_728321826\">\n\t\t<div class=\"bg section-bg fill bg-fill  bg-loaded\" >\n\n\t\t\t\n\t\t\t\n\t\t\t\n\n\t\t<\/div>\n\n\t\t\n\n\t\t<div class=\"section-content relative\">\n\t\t\t\n<div class=\"row align-center\"  id=\"row-1155945360\">\n\n\t<div id=\"col-975685525\" class=\"col medium-11 small-12 large-10\"  >\n\t\t\t\t<div class=\"col-inner\"  >\n\t\t\t\n\t\t\t\n\t<div id=\"text-2862621699\" class=\"text title-3\">\n\t\t\n<h1 class=\"mb-0\">V\u1ec1 <b>Ti\u1ec7m Tr\u00e0 TP<\/b><\/h1>\n\t\t\t<\/div>\n\t\n\t<div id=\"gap-1010211044\" class=\"gap-element clearfix\" style=\"display:block; height:auto;\">\n\t\t\n<style>\n#gap-1010211044 {\n  padding-top: 15px;\n}\n<\/style>\n\t<\/div>\n\t\n\t<div id=\"text-1569628038\" class=\"text mb-0\">\n\t\t\n<p>Ti\u1ec7m tr\u00e0 TP l\u00e0 c\u1eeda h\u00e0ng chuy\u00ean cung c\u1ea5p c\u00e1c s\u1ea3n ph\u1ea9m tr\u00e0 l\u00e1 nh\u01b0 tr\u00e0 xanh, tr\u00e0 \u00f4 long, tr\u00e0 \u0111en, tr\u00e0 th\u1ea3o m\u1ed9c nh\u01b0 tr\u00e0 hoa c\u00fac, hoa h\u1ed3ng, v\u00e0 c\u00e1c set tr\u00e0 qu\u00e0 t\u1eb7ng. Ngo\u00e0i ra ch\u00fang m\u00ecnh c\u00f2n cung c\u1ea5p nh\u1eefng set qu\u00e0 t\u1eb7ng v\u1edbi thi\u1ebft k\u1ebf tinh t\u1ebf v\u00e0 sang tr\u1ecdng, ph\u00f9 h\u1ee3p \u0111\u1ec3 t\u1eb7ng cho b\u1ea1n b\u00e8 v\u00e0 ng\u01b0\u1eddi th\u00e2n y\u00eau trong nh\u1eefng d\u1ecbp \u0111\u1eb7c bi\u1ec7t.<\/p>\n\t\t\n<style>\n#text-1569628038 {\n  font-size: 1rem;\n}\n<\/style>\n\t<\/div>\n\t\n\t<div id=\"gap-1429169237\" class=\"gap-element clearfix\" style=\"display:block; height:auto;\">\n\t\t\n<style>\n#gap-1429169237 {\n  padding-top: 20px;\n}\n<\/style>\n\t<\/div>\n\t\n<a href=\"https:\/\/demo9.thuythu.vn\/mrtam\/lien-he\/\" target=\"_self\" class=\"button primary button-main\"  style=\"border-radius:99px;\">\n    <span>Li\u00ean h\u1ec7 ch\u00fang t\u00f4i<\/span>\n  <\/a>\n\n\t<div id=\"gap-2126116532\" class=\"gap-element clearfix\" style=\"display:block; height:auto;\">\n\t\t\n<style>\n#gap-2126116532 {\n  padding-top: 30px;\n}\n<\/style>\n\t<\/div>\n\t\n\n\n\t\t<\/div>\n\t\t\t\t\n<style>\n#col-975685525 > .col-inner {\n  padding: 40px 0px 0px 0px;\n}\n<\/style>\n\t<\/div>\n\n\t\n<\/div>\n\t\t<\/div>\n\n\t\t\n<style>\n#section_728321826 {\n  padding-top: 0px;\n  padding-bottom: 0px;\n}\n<\/style>\n\t<\/section>\n\t\n\n","protected":false},"excerpt":{"rendered":"","protected":false},"author":1,"featured_media":0,"parent":0,"menu_order":0,"comment_status":"closed","ping_status":"closed","template":"page-blank.php","meta":{"footnotes":""},"acf":[],"_links":{"self":[{"href":"https:\/\/demo9.thuythu.vn\/mrtam\/wp-json\/wp\/v2\/pages\/313"}],"collection":[{"href":"https:\/\/demo9.thuythu.vn\/mrtam\/wp-json\/wp\/v2\/pages"}],"about":[{"href":"https:\/\/demo9.thuythu.vn\/mrtam\/wp-json\/wp\/v2\/types\/page"}],"author":[{"embeddable":true,"href":"https:\/\/demo9.thuythu.vn\/mrtam\/wp-json\/wp\/v2\/users\/1"}],"replies":[{"embeddable":true,"href":"https:\/\/demo9.thuythu.vn\/mrtam\/wp-json\/wp\/v2\/comments?post=313"}],"version-history":[{"count":29,"href":"https:\/\/demo9.thuythu.vn\/mrtam\/wp-json\/wp\/v2\/pages\/313\/revisions"}],"predecessor-version":[{"id":866,"href":"https:\/\/demo9.thuythu.vn\/mrtam\/wp-json\/wp\/v2\/pages\/313\/revisions\/866"}],"wp:attachment":[{"href":"https:\/\/demo9.thuythu.vn\/mrtam\/wp-json\/wp\/v2\/media?parent=313"}],"curies":[{"name":"wp","href":"https:\/\/api.w.org\/{rel}","templated":true}]}}