{"id":9451,"date":"2024-02-27T09:38:45","date_gmt":"2024-02-27T09:38:45","guid":{"rendered":"https:\/\/demo9.thuythu.vn\/mailisa\/san-pham\/tinh-chat-peptide\/"},"modified":"2024-03-08T03:06:39","modified_gmt":"2024-03-08T03:06:39","slug":"tinh-chat-peptide","status":"publish","type":"product","link":"https:\/\/demo9.thuythu.vn\/mailisa\/tinh-chat-peptide\/","title":{"rendered":"M15 &#8211; TINH CH\u1ea4T PEPTIDE"},"content":{"rendered":"","protected":false},"excerpt":{"rendered":"<div class=\"row_noidung\">\n<p style=\"color: #cc0e74;\"><strong>&#8211; Phi\u1ebfu c\u00f4ng b\u1ed1 m\u1ef9 ph\u1ea9m s\u1ed1 125368\/20\/CBMP-QLD<\/strong><\/p>\n<p>&#8211; Tinh Ch\u1ea5t Peptide Doctor Magic, s\u1ea3n ph\u1ea9m ch\u1ed1ng l\u00e3o h\u00f3a, gi\u00fap tr\u1ebb h\u00f3a l\u00e0n da, ph\u1ee5c h\u1ed3i l\u00e0n da b\u1ecb h\u01b0 t\u1ed5n, t\u00e1i t\u1ea1o c\u1ea5u tr\u00fac da m\u1edbi, cho da ch\u1eafc kh\u1ecfe v\u00e0 t\u0103ng c\u01b0\u1eddng s\u1ee9c \u0111\u1ec1 kh\u00e1ng cho da.<\/p>\n<\/div>\n","protected":false},"featured_media":9452,"comment_status":"closed","ping_status":"closed","template":"","meta":{"inline_featured_image":false},"product_cat":[17],"product_tag":[],"acf":[],"_links":{"self":[{"href":"https:\/\/demo9.thuythu.vn\/mailisa\/wp-json\/wp\/v2\/product\/9451"}],"collection":[{"href":"https:\/\/demo9.thuythu.vn\/mailisa\/wp-json\/wp\/v2\/product"}],"about":[{"href":"https:\/\/demo9.thuythu.vn\/mailisa\/wp-json\/wp\/v2\/types\/product"}],"replies":[{"embeddable":true,"href":"https:\/\/demo9.thuythu.vn\/mailisa\/wp-json\/wp\/v2\/comments?post=9451"}],"wp:featuredmedia":[{"embeddable":true,"href":"https:\/\/demo9.thuythu.vn\/mailisa\/wp-json\/wp\/v2\/media\/9452"}],"wp:attachment":[{"href":"https:\/\/demo9.thuythu.vn\/mailisa\/wp-json\/wp\/v2\/media?parent=9451"}],"wp:term":[{"taxonomy":"product_cat","embeddable":true,"href":"https:\/\/demo9.thuythu.vn\/mailisa\/wp-json\/wp\/v2\/product_cat?post=9451"},{"taxonomy":"product_tag","embeddable":true,"href":"https:\/\/demo9.thuythu.vn\/mailisa\/wp-json\/wp\/v2\/product_tag?post=9451"}],"curies":[{"name":"wp","href":"https:\/\/api.w.org\/{rel}","templated":true}]}}