{"id":9430,"date":"2024-02-27T09:37:35","date_gmt":"2024-02-27T09:37:35","guid":{"rendered":"https:\/\/demo9.thuythu.vn\/mailisa\/san-pham\/tinh-chat-cam-thao\/"},"modified":"2024-02-27T09:42:16","modified_gmt":"2024-02-27T09:42:16","slug":"tinh-chat-cam-thao","status":"publish","type":"product","link":"https:\/\/demo9.thuythu.vn\/mailisa\/tinh-chat-cam-thao\/","title":{"rendered":"M14 &#8211; TINH CH\u1ea4T CAM TH\u1ea2O"},"content":{"rendered":"","protected":false},"excerpt":{"rendered":"<div class=\"row_noidung\">\n<p style=\"color:#CC0E74;\"><strong>&#8211;  Phi\u1ebfu c\u00f4ng b\u1ed1 m\u1ef9 ph\u1ea9m s\u1ed1 115965\/19CBMP-QLD<\/strong><\/p>\n<p>&#8211; Tinh Ch\u1ea5t Cam Th\u1ea3o Doctor Magic gi\u00fap nu\u00f4i d\u01b0\u1ee1ng l\u1ea1i c\u00e1c t\u1ebf b\u00e0o h\u01b0 t\u1ed5n c\u1ee7a da, gi\u00fap cho l\u00e0n da c\u00f3 \u0111\u1ed9 \u0111\u00e0n h\u1ed3i, c\u0103ng m\u1ecbn, ph\u1ee5c h\u1ed3i l\u1ea1i l\u00e0n da y\u1ebfu thi\u1ebfu s\u1ee9c s\u1ed1ng l\u00e0m cho l\u00e0n da m\u1ecbn m\u00e0ng, c\u0103ng m\u01b0\u1edbt. D\u00f9ng cho da c\u00f3 g\u00e2n m\u00e1u \u0111\u1ecf, da m\u1ecfng, t\u00e1i t\u1ea1o da b\u1ecb d\u1ecb \u1ee9ng, l\u00e0m d\u1ecbu da.<\/p><\/div>\n","protected":false},"featured_media":9431,"comment_status":"closed","ping_status":"closed","template":"","meta":{"inline_featured_image":false},"product_cat":[17],"product_tag":[],"acf":[],"_links":{"self":[{"href":"https:\/\/demo9.thuythu.vn\/mailisa\/wp-json\/wp\/v2\/product\/9430"}],"collection":[{"href":"https:\/\/demo9.thuythu.vn\/mailisa\/wp-json\/wp\/v2\/product"}],"about":[{"href":"https:\/\/demo9.thuythu.vn\/mailisa\/wp-json\/wp\/v2\/types\/product"}],"replies":[{"embeddable":true,"href":"https:\/\/demo9.thuythu.vn\/mailisa\/wp-json\/wp\/v2\/comments?post=9430"}],"wp:featuredmedia":[{"embeddable":true,"href":"https:\/\/demo9.thuythu.vn\/mailisa\/wp-json\/wp\/v2\/media\/9431"}],"wp:attachment":[{"href":"https:\/\/demo9.thuythu.vn\/mailisa\/wp-json\/wp\/v2\/media?parent=9430"}],"wp:term":[{"taxonomy":"product_cat","embeddable":true,"href":"https:\/\/demo9.thuythu.vn\/mailisa\/wp-json\/wp\/v2\/product_cat?post=9430"},{"taxonomy":"product_tag","embeddable":true,"href":"https:\/\/demo9.thuythu.vn\/mailisa\/wp-json\/wp\/v2\/product_tag?post=9430"}],"curies":[{"name":"wp","href":"https:\/\/api.w.org\/{rel}","templated":true}]}}