{"id":9390,"date":"2024-02-27T09:36:48","date_gmt":"2024-02-27T09:36:48","guid":{"rendered":"https:\/\/demo9.thuythu.vn\/mailisa\/san-pham\/m47-mat-na-tre-hoa-trang-sang-da-doctor-magic\/"},"modified":"2024-02-27T09:42:35","modified_gmt":"2024-02-27T09:42:35","slug":"m47-mat-na-tre-hoa-trang-sang-da-doctor-magic","status":"publish","type":"product","link":"https:\/\/demo9.thuythu.vn\/mailisa\/m47-mat-na-tre-hoa-trang-sang-da-doctor-magic\/","title":{"rendered":"M47 &#8211; M\u1eb6T N\u1ea0 TR\u1eba H\u00d3A TR\u1eaeNG S\u00c1NG DA"},"content":{"rendered":"","protected":false},"excerpt":{"rendered":"<div class=\"row_noidung\">\n<p style=\"color:#CC0E74;\"><strong>&#8211;  Phi\u1ebfu c\u00f4ng b\u1ed1 m\u1ef9 ph\u1ea9m s\u1ed1 143323\/21\/CBMP-QLD<\/strong><\/p>\n<p>&#8211; S\u1ea3n ph\u1ea9m 47 Doctor Magic \u2013 M\u1eb7t N\u1ea1 Tr\u1ebb H\u00f3a Tr\u1eafng S\u00e1ng Da gi\u00fap cung c\u1ea5p \u0111\u1ed9 \u1ea9m nu\u00f4i d\u01b0\u1ee1ng c\u00e1c t\u1ebf b\u00e0o da, gi\u00fap tr\u1ebb h\u00f3a l\u00e0n da s\u00e2u t\u1eeb b\u00ean trong. B\u1ed5 sung r\u1ea5t nhi\u1ec1u d\u01b0\u1ee1ng ch\u1ea5t c\u1ea7n thi\u1ebft cho da, c\u1ea3i thi\u1ec7n l\u00e0n da \u0111en t\u1ed1i m\u00e0u, da y\u1ebfu, da l\u00e3o h\u00f3a kh\u00f4 r\u00e1p m\u1ea5t n\u01b0\u1edbc, gi\u00fap da tr\u1eafng s\u00e1ng, m\u1ec1m m\u1ea1i, s\u0103n ch\u1eafc, c\u0103ng b\u00f3ng, m\u1ecbn m\u00e0ng. T\u0103ng c\u01b0\u1eddng s\u1ee9c s\u1ed1ng, mang l\u1ea1i s\u1ef1 t\u01b0\u01a1i m\u1edbi cho l\u00e0n da.<\/p><\/div>\n","protected":false},"featured_media":9391,"comment_status":"closed","ping_status":"closed","template":"","meta":{"inline_featured_image":false},"product_cat":[17],"product_tag":[],"acf":[],"_links":{"self":[{"href":"https:\/\/demo9.thuythu.vn\/mailisa\/wp-json\/wp\/v2\/product\/9390"}],"collection":[{"href":"https:\/\/demo9.thuythu.vn\/mailisa\/wp-json\/wp\/v2\/product"}],"about":[{"href":"https:\/\/demo9.thuythu.vn\/mailisa\/wp-json\/wp\/v2\/types\/product"}],"replies":[{"embeddable":true,"href":"https:\/\/demo9.thuythu.vn\/mailisa\/wp-json\/wp\/v2\/comments?post=9390"}],"wp:featuredmedia":[{"embeddable":true,"href":"https:\/\/demo9.thuythu.vn\/mailisa\/wp-json\/wp\/v2\/media\/9391"}],"wp:attachment":[{"href":"https:\/\/demo9.thuythu.vn\/mailisa\/wp-json\/wp\/v2\/media?parent=9390"}],"wp:term":[{"taxonomy":"product_cat","embeddable":true,"href":"https:\/\/demo9.thuythu.vn\/mailisa\/wp-json\/wp\/v2\/product_cat?post=9390"},{"taxonomy":"product_tag","embeddable":true,"href":"https:\/\/demo9.thuythu.vn\/mailisa\/wp-json\/wp\/v2\/product_tag?post=9390"}],"curies":[{"name":"wp","href":"https:\/\/api.w.org\/{rel}","templated":true}]}}