{"id":9370,"date":"2024-02-27T09:32:09","date_gmt":"2024-02-27T09:32:09","guid":{"rendered":"https:\/\/demo9.thuythu.vn\/mailisa\/san-pham\/bo-c1-doctor-magic\/"},"modified":"2024-02-27T09:42:42","modified_gmt":"2024-02-27T09:42:42","slug":"bo-c1-doctor-magic","status":"publish","type":"product","link":"https:\/\/demo9.thuythu.vn\/mailisa\/bo-c1-doctor-magic\/","title":{"rendered":"B\u1ed8 C1 C\u01a0M \u00c1O G\u1ea0O TI\u1ec0N"},"content":{"rendered":"","protected":false},"excerpt":{"rendered":"<div class=\"row_noidung\">\n<p style=\"color:#CC0E74;\"><strong>&#8211;  M19: Phi\u1ebfu c\u00f4ng b\u1ed1 m\u1ef9 ph\u1ea9m s\u1ed1 115970\/19\/CBMP-QLD<\/strong><\/p>\n<p style=\"color:#CC0E74;\"><strong>&#8211;  M23: Phi\u1ebfu c\u00f4ng b\u1ed1 m\u1ef9 ph\u1ea9m s\u1ed1 116049\/19\/CBMP-QLD<\/strong><\/p>\n<p style=\"color:#CC0E74;\"><strong>&#8211;  M32: Phi\u1ebfu c\u00f4ng b\u1ed1 m\u1ef9 ph\u1ea9m s\u1ed1 125356\/20\/CBMP-QLD<\/strong><\/p>\n<p style=\"color:#CC0E74;\"><strong>&#8211;  M33: Phi\u1ebfu c\u00f4ng b\u1ed1 m\u1ef9 ph\u1ea9m s\u1ed1 131800\/20\/CBMP-QLD<\/strong><\/p>\n<p>&#8211; B\u1ed9 C1 \u201cC\u01a1m \u00c1o G\u1ea1o Ti\u1ec1n\u201d (g\u1ed3m M19, M23, M32, M33) s\u1ea3n ph\u1ea9m KH\u00d4NG TH\u1ec2 THI\u1ebeU trong quy tr\u00ecnh ch\u0103m s\u00f3c l\u00e0n da h\u00e0ng ng\u00e0y c\u1ee7a c\u00e1c ch\u1ecb em, gi\u00fap ch\u0103m s\u00f3c, nu\u00f4i d\u01b0\u1ee1ng, b\u1ea3o v\u1ec7 v\u00e0 duy tr\u00ec l\u00e0n da kh\u1ecfe \u0111\u1eb9p, c\u0103ng tr\u1eafng, m\u1ecbn m\u00e0ng.<\/p><\/div>\n","protected":false},"featured_media":9371,"comment_status":"closed","ping_status":"closed","template":"","meta":{"inline_featured_image":false},"product_cat":[17],"product_tag":[],"acf":[],"_links":{"self":[{"href":"https:\/\/demo9.thuythu.vn\/mailisa\/wp-json\/wp\/v2\/product\/9370"}],"collection":[{"href":"https:\/\/demo9.thuythu.vn\/mailisa\/wp-json\/wp\/v2\/product"}],"about":[{"href":"https:\/\/demo9.thuythu.vn\/mailisa\/wp-json\/wp\/v2\/types\/product"}],"replies":[{"embeddable":true,"href":"https:\/\/demo9.thuythu.vn\/mailisa\/wp-json\/wp\/v2\/comments?post=9370"}],"wp:featuredmedia":[{"embeddable":true,"href":"https:\/\/demo9.thuythu.vn\/mailisa\/wp-json\/wp\/v2\/media\/9371"}],"wp:attachment":[{"href":"https:\/\/demo9.thuythu.vn\/mailisa\/wp-json\/wp\/v2\/media?parent=9370"}],"wp:term":[{"taxonomy":"product_cat","embeddable":true,"href":"https:\/\/demo9.thuythu.vn\/mailisa\/wp-json\/wp\/v2\/product_cat?post=9370"},{"taxonomy":"product_tag","embeddable":true,"href":"https:\/\/demo9.thuythu.vn\/mailisa\/wp-json\/wp\/v2\/product_tag?post=9370"}],"curies":[{"name":"wp","href":"https:\/\/api.w.org\/{rel}","templated":true}]}}