{"id":9304,"date":"2024-02-27T09:30:21","date_gmt":"2024-02-27T09:30:21","guid":{"rendered":"https:\/\/demo9.thuythu.vn\/mailisa\/san-pham\/kem-phuc-hoi-da-72h-than-thanh\/"},"modified":"2024-02-27T09:39:29","modified_gmt":"2024-02-27T09:39:29","slug":"kem-phuc-hoi-da-72h-than-thanh","status":"publish","type":"product","link":"https:\/\/demo9.thuythu.vn\/mailisa\/kem-phuc-hoi-da-72h-than-thanh\/","title":{"rendered":"M36 &#8211; KEM PH\u1ee4C H\u1ed2I DA 72H TH\u1ea6N TH\u00c1NH"},"content":{"rendered":"","protected":false},"excerpt":{"rendered":"<div class=\"row_noidung\">\n<p style=\"color:#CC0E74;\"><strong>&#8211;  Phi\u1ebfu c\u00f4ng b\u1ed1 m\u1ef9 ph\u1ea9m s\u1ed1 125371\/20\/CBMP-QLD<\/strong><\/p>\n<p>&#8211; KEM PH\u1ee4C H\u1ed2I DA 72H TH\u1ea6N TH\u00c1NH gi\u00fap \u201c\u0110\u00c1NH TH\u1ee8C\u201d l\u00e0n da th\u00f4 r\u00e1p, s\u1ea7n s\u00f9i, thi\u1ebfu s\u1ee9c s\u1ed1ng, l\u1ea5y l\u1ea1i l\u00e0n da KH\u1eceE, C\u0102NG, TR\u1eaeNG M\u1ecaN nhanh ch\u00f3ng, gi\u1eef m\u00e3i trong 72h gi\u1edd! \u0110\u00e2y l\u00e0 s\u1ea3n ph\u1ea9m b\u00e1n ch\u1ea1y nh\u1ea5t trong d\u00f2ng d\u01b0\u1ee1ng da t\u1ea1i Mailisa<\/p><\/div>\n","protected":false},"featured_media":9305,"comment_status":"closed","ping_status":"closed","template":"","meta":{"inline_featured_image":false},"product_cat":[17],"product_tag":[],"acf":[],"_links":{"self":[{"href":"https:\/\/demo9.thuythu.vn\/mailisa\/wp-json\/wp\/v2\/product\/9304"}],"collection":[{"href":"https:\/\/demo9.thuythu.vn\/mailisa\/wp-json\/wp\/v2\/product"}],"about":[{"href":"https:\/\/demo9.thuythu.vn\/mailisa\/wp-json\/wp\/v2\/types\/product"}],"replies":[{"embeddable":true,"href":"https:\/\/demo9.thuythu.vn\/mailisa\/wp-json\/wp\/v2\/comments?post=9304"}],"wp:featuredmedia":[{"embeddable":true,"href":"https:\/\/demo9.thuythu.vn\/mailisa\/wp-json\/wp\/v2\/media\/9305"}],"wp:attachment":[{"href":"https:\/\/demo9.thuythu.vn\/mailisa\/wp-json\/wp\/v2\/media?parent=9304"}],"wp:term":[{"taxonomy":"product_cat","embeddable":true,"href":"https:\/\/demo9.thuythu.vn\/mailisa\/wp-json\/wp\/v2\/product_cat?post=9304"},{"taxonomy":"product_tag","embeddable":true,"href":"https:\/\/demo9.thuythu.vn\/mailisa\/wp-json\/wp\/v2\/product_tag?post=9304"}],"curies":[{"name":"wp","href":"https:\/\/api.w.org\/{rel}","templated":true}]}}