{"id":9264,"date":"2024-02-27T09:29:08","date_gmt":"2024-02-27T09:29:08","guid":{"rendered":"https:\/\/demo9.thuythu.vn\/mailisa\/san-pham\/nuoc-tay-trang-sieu-cap-x2-doctor-magic\/"},"modified":"2024-02-27T09:39:29","modified_gmt":"2024-02-27T09:39:29","slug":"nuoc-tay-trang-sieu-cap-x2-doctor-magic","status":"publish","type":"product","link":"https:\/\/demo9.thuythu.vn\/mailisa\/nuoc-tay-trang-sieu-cap-x2-doctor-magic\/","title":{"rendered":"M32 &#8211; T\u1ea8Y TRANG SI\u00caU C\u1ea4P X2"},"content":{"rendered":"","protected":false},"excerpt":{"rendered":"<div class=\"row_noidung\">\n<p style=\"color:#CC0E74;\"><strong>&#8211;  Phi\u1ebfu c\u00f4ng b\u1ed1 m\u1ef9 ph\u1ea9m s\u1ed1 125356\/20\/CBMP-QLD<\/strong><\/p>\n<p>&#8211; T\u1ea8Y TRANG SI\u00caU C\u1ea4P X2 DOCTOR MAGIC kh\u00f4ng nh\u1eefng gi\u00fap l\u00e0n da b\u1ea1n \u0111\u01b0\u1ee3c l\u00e0m s\u1ea1ch t\u1ed1i \u01b0u t\u1eeb s\u00e2u b\u00ean trong l\u1ed7 ch\u00e2n l\u00f4ng m\u00e0 b\u1ea1n c\u00f2n c\u1ea3m nh\u1eadn \u0111\u01b0\u1ee3c s\u1ef1 m\u1ec1m m\u1ea1i v\u00e0 \u1ea9m m\u1ecbn tr\u00ean l\u00e0n da. \u0110\u1eb7c bi\u1ec7t v\u1edbi l\u1edbp d\u1ea7u b\u00ean tr\u00ean s\u1ebd gi\u00fap da c\u00e2n b\u1eb1ng \u0111\u1ed9 \u1ea9m kh\u00f4ng g\u00e2y nh\u1eddn d\u00ednh.<\/p><\/div>\n","protected":false},"featured_media":9265,"comment_status":"closed","ping_status":"closed","template":"","meta":{"inline_featured_image":false},"product_cat":[17],"product_tag":[],"acf":[],"_links":{"self":[{"href":"https:\/\/demo9.thuythu.vn\/mailisa\/wp-json\/wp\/v2\/product\/9264"}],"collection":[{"href":"https:\/\/demo9.thuythu.vn\/mailisa\/wp-json\/wp\/v2\/product"}],"about":[{"href":"https:\/\/demo9.thuythu.vn\/mailisa\/wp-json\/wp\/v2\/types\/product"}],"replies":[{"embeddable":true,"href":"https:\/\/demo9.thuythu.vn\/mailisa\/wp-json\/wp\/v2\/comments?post=9264"}],"wp:featuredmedia":[{"embeddable":true,"href":"https:\/\/demo9.thuythu.vn\/mailisa\/wp-json\/wp\/v2\/media\/9265"}],"wp:attachment":[{"href":"https:\/\/demo9.thuythu.vn\/mailisa\/wp-json\/wp\/v2\/media?parent=9264"}],"wp:term":[{"taxonomy":"product_cat","embeddable":true,"href":"https:\/\/demo9.thuythu.vn\/mailisa\/wp-json\/wp\/v2\/product_cat?post=9264"},{"taxonomy":"product_tag","embeddable":true,"href":"https:\/\/demo9.thuythu.vn\/mailisa\/wp-json\/wp\/v2\/product_tag?post=9264"}],"curies":[{"name":"wp","href":"https:\/\/api.w.org\/{rel}","templated":true}]}}