{"id":9224,"date":"2024-02-27T09:28:09","date_gmt":"2024-02-27T09:28:09","guid":{"rendered":"https:\/\/demo9.thuythu.vn\/mailisa\/san-pham\/kem-collagen-xoa-tham-vung-mat\/"},"modified":"2024-02-27T09:39:29","modified_gmt":"2024-02-27T09:39:29","slug":"kem-collagen-xoa-tham-vung-mat","status":"publish","type":"product","link":"https:\/\/demo9.thuythu.vn\/mailisa\/kem-collagen-xoa-tham-vung-mat\/","title":{"rendered":"M21 &#8211; KEM COLLAGEN X\u00d3A TH\u00c2M V\u00d9NG M\u1eaeT"},"content":{"rendered":"","protected":false},"excerpt":{"rendered":"<div class=\"row_noidung\">S\u1ea3n ph\u1ea9m M21 &#8211; Kem Collagen X\u00f3a Th\u00e2m V\u00f9ng M\u1eaft Doctor Magic cung c\u1ea5p d\u01b0\u1ee1ng ch\u1ea5t v\u00e0 t\u1ea1o \u0111\u1ed9 \u1ea9m v\u00f9ng da m\u1eaft, gi\u00fap l\u00e0m gi\u1ea3m s\u1ef1 m\u1ec7t m\u1ecfi cho m\u1eaft, t\u0103ng c\u01b0\u1eddng \u0111\u1ed9 \u0111\u00e0n h\u1ed3i cho da, l\u00e0m s\u00e1ng da x\u00f3a \u0111i v\u1ebft th\u00e2m qu\u1ea7ng v\u00e0 ng\u0103n ng\u1eeba l\u00e3o h\u00f3a da v\u00f9ng m\u1eaft.<\/div>\n","protected":false},"featured_media":9225,"comment_status":"closed","ping_status":"closed","template":"","meta":{"inline_featured_image":false},"product_cat":[17],"product_tag":[],"acf":[],"_links":{"self":[{"href":"https:\/\/demo9.thuythu.vn\/mailisa\/wp-json\/wp\/v2\/product\/9224"}],"collection":[{"href":"https:\/\/demo9.thuythu.vn\/mailisa\/wp-json\/wp\/v2\/product"}],"about":[{"href":"https:\/\/demo9.thuythu.vn\/mailisa\/wp-json\/wp\/v2\/types\/product"}],"replies":[{"embeddable":true,"href":"https:\/\/demo9.thuythu.vn\/mailisa\/wp-json\/wp\/v2\/comments?post=9224"}],"wp:featuredmedia":[{"embeddable":true,"href":"https:\/\/demo9.thuythu.vn\/mailisa\/wp-json\/wp\/v2\/media\/9225"}],"wp:attachment":[{"href":"https:\/\/demo9.thuythu.vn\/mailisa\/wp-json\/wp\/v2\/media?parent=9224"}],"wp:term":[{"taxonomy":"product_cat","embeddable":true,"href":"https:\/\/demo9.thuythu.vn\/mailisa\/wp-json\/wp\/v2\/product_cat?post=9224"},{"taxonomy":"product_tag","embeddable":true,"href":"https:\/\/demo9.thuythu.vn\/mailisa\/wp-json\/wp\/v2\/product_tag?post=9224"}],"curies":[{"name":"wp","href":"https:\/\/api.w.org\/{rel}","templated":true}]}}