{"id":9203,"date":"2024-02-27T09:27:29","date_gmt":"2024-02-27T09:27:29","guid":{"rendered":"https:\/\/demo9.thuythu.vn\/mailisa\/san-pham\/nuoc-than-thanh\/"},"modified":"2024-02-27T09:39:30","modified_gmt":"2024-02-27T09:39:30","slug":"nuoc-than-thanh","status":"publish","type":"product","link":"https:\/\/demo9.thuythu.vn\/mailisa\/nuoc-than-thanh\/","title":{"rendered":"M20 &#8211; N\u01af\u1edaC TH\u1ea6N TH\u00c1NH"},"content":{"rendered":"","protected":false},"excerpt":{"rendered":"<div class=\"row_noidung\">\n<p style=\"color:#CC0E74;\"><strong>&#8211;  Phi\u1ebfu c\u00f4ng b\u1ed1 m\u1ef9 ph\u1ea9m s\u1ed1 125366\/20\/CBMP-QLD<\/strong><\/p>\n<p>&#8211; M\u1ef9 ph\u1ea9m M20 &#8211; N\u01b0\u1edbc Th\u1ea7n Th\u00e1nh Doctor Magic gi\u1eef \u1ea9m gi\u1eef n\u01b0\u1edbc, duy tr\u00ec s\u1ef1 c\u00e2n b\u1eb1ng c\u1ee7a n\u01b0\u1edbc v\u00e0 d\u1ea7u, l\u00e0m m\u1ec1m da, se l\u1ed7 ch\u00e2n l\u00f4ng. C\u1ea3i thi\u1ec7n l\u00e0n da v\u00e0ng s\u1eabm, l\u00e0m da s\u00e1ng b\u00f3ng v\u00e0 t\u0103ng \u0111\u1ed9 \u0111\u00e0n h\u1ed3i cho da. L\u00e0 \u0111\u01b0\u1eddng d\u1eabn gi\u00fap cho c\u00e1c s\u1ea3n ph\u1ea9m thoa sau \u0111\u00f3 th\u1ea9m th\u1ea5u v\u00e0 ph\u00e1t huy c\u00f4ng d\u1ee5ng t\u1ed1t h\u01a1n.<\/p><\/div>\n","protected":false},"featured_media":9204,"comment_status":"closed","ping_status":"closed","template":"","meta":{"inline_featured_image":false},"product_cat":[17],"product_tag":[],"acf":[],"_links":{"self":[{"href":"https:\/\/demo9.thuythu.vn\/mailisa\/wp-json\/wp\/v2\/product\/9203"}],"collection":[{"href":"https:\/\/demo9.thuythu.vn\/mailisa\/wp-json\/wp\/v2\/product"}],"about":[{"href":"https:\/\/demo9.thuythu.vn\/mailisa\/wp-json\/wp\/v2\/types\/product"}],"replies":[{"embeddable":true,"href":"https:\/\/demo9.thuythu.vn\/mailisa\/wp-json\/wp\/v2\/comments?post=9203"}],"wp:featuredmedia":[{"embeddable":true,"href":"https:\/\/demo9.thuythu.vn\/mailisa\/wp-json\/wp\/v2\/media\/9204"}],"wp:attachment":[{"href":"https:\/\/demo9.thuythu.vn\/mailisa\/wp-json\/wp\/v2\/media?parent=9203"}],"wp:term":[{"taxonomy":"product_cat","embeddable":true,"href":"https:\/\/demo9.thuythu.vn\/mailisa\/wp-json\/wp\/v2\/product_cat?post=9203"},{"taxonomy":"product_tag","embeddable":true,"href":"https:\/\/demo9.thuythu.vn\/mailisa\/wp-json\/wp\/v2\/product_tag?post=9203"}],"curies":[{"name":"wp","href":"https:\/\/api.w.org\/{rel}","templated":true}]}}