{"id":9182,"date":"2024-02-27T09:27:03","date_gmt":"2024-02-27T09:27:03","guid":{"rendered":"https:\/\/demo9.thuythu.vn\/mailisa\/san-pham\/tinh-chat-duong-moc-long\/"},"modified":"2024-02-27T09:39:30","modified_gmt":"2024-02-27T09:39:30","slug":"tinh-chat-duong-moc-long","status":"publish","type":"product","link":"https:\/\/demo9.thuythu.vn\/mailisa\/tinh-chat-duong-moc-long\/","title":{"rendered":"MS09 &#8211; TINH CH\u1ea4T D\u01af\u1ee0NG M\u1eccC L\u00d4NG"},"content":{"rendered":"","protected":false},"excerpt":{"rendered":"<div class=\"row_noidung\">\n<p style=\"color:#CC0E74;\"><strong>&#8211;  Phi\u1ebfu c\u00f4ng b\u1ed1 m\u1ef9 ph\u1ea9m s\u1ed1 115987\/19\/CBMP-QLD<\/strong><\/p>\n<p>&#8211; MS09. Tinh ch\u1ea5t d\u01b0\u1ee1ng m\u1ecdc l\u00f4ng Doctor Magic gi\u00fap ch\u0103m s\u00f3c l\u00f4ng m\u00e0y, mi, b\u1ed5 sung \u0111\u1ed9 \u1ea9m, k\u00edch th\u00edch cho l\u00f4ng m\u1ecdc d\u00e0y v\u00e0 d\u00e0i h\u01a1n, gi\u00fap nu\u00f4i d\u01b0\u1ee1ng nang l\u00f4ng kh\u1ecfe h\u01a1n, gi\u1ea3m g\u00e3y r\u1ee5ng, s\u1ea3n ph\u1ea9m \u0111\u01b0\u1ee3c b\u1ed9 y t\u1ebf c\u1ea5p ph\u00e9p l\u01b0u h\u00e0nh tr\u00ean to\u00e0n qu\u1ed1c.<\/p><\/div>\n","protected":false},"featured_media":9183,"comment_status":"closed","ping_status":"closed","template":"","meta":{"inline_featured_image":false},"product_cat":[17],"product_tag":[],"acf":[],"_links":{"self":[{"href":"https:\/\/demo9.thuythu.vn\/mailisa\/wp-json\/wp\/v2\/product\/9182"}],"collection":[{"href":"https:\/\/demo9.thuythu.vn\/mailisa\/wp-json\/wp\/v2\/product"}],"about":[{"href":"https:\/\/demo9.thuythu.vn\/mailisa\/wp-json\/wp\/v2\/types\/product"}],"replies":[{"embeddable":true,"href":"https:\/\/demo9.thuythu.vn\/mailisa\/wp-json\/wp\/v2\/comments?post=9182"}],"wp:featuredmedia":[{"embeddable":true,"href":"https:\/\/demo9.thuythu.vn\/mailisa\/wp-json\/wp\/v2\/media\/9183"}],"wp:attachment":[{"href":"https:\/\/demo9.thuythu.vn\/mailisa\/wp-json\/wp\/v2\/media?parent=9182"}],"wp:term":[{"taxonomy":"product_cat","embeddable":true,"href":"https:\/\/demo9.thuythu.vn\/mailisa\/wp-json\/wp\/v2\/product_cat?post=9182"},{"taxonomy":"product_tag","embeddable":true,"href":"https:\/\/demo9.thuythu.vn\/mailisa\/wp-json\/wp\/v2\/product_tag?post=9182"}],"curies":[{"name":"wp","href":"https:\/\/api.w.org\/{rel}","templated":true}]}}