{"id":9162,"date":"2024-02-27T09:26:44","date_gmt":"2024-02-27T09:26:44","guid":{"rendered":"https:\/\/demo9.thuythu.vn\/mailisa\/san-pham\/kem-phuc-hoi-tai-tao-da\/"},"modified":"2024-02-27T09:39:30","modified_gmt":"2024-02-27T09:39:30","slug":"kem-phuc-hoi-tai-tao-da","status":"publish","type":"product","link":"https:\/\/demo9.thuythu.vn\/mailisa\/kem-phuc-hoi-tai-tao-da\/","title":{"rendered":"M11 &#8211; KEM PH\u1ee4C H\u1ed2I T\u00c1I T\u1ea0O DA"},"content":{"rendered":"","protected":false},"excerpt":{"rendered":"<div class=\"row_noidung\">\n<p style=\"color:#CC0E74;\"><strong>&#8211;  Phi\u1ebfu c\u00f4ng b\u1ed1 m\u1ef9 ph\u1ea9m s\u1ed1 115988\/19\/CBMP-QLD<\/strong><\/p>\n<p>&#8211; KEM PH\u1ee4C H\u1ed2I T\u00c1I T\u1ea0O DA DOCTOR MAGIC gi\u00fap l\u00e0m t\u00e1i t\u1ea1o nh\u1eefng da y\u1ebfu b\u1ecb t\u1ed5n th\u01b0\u01a1ng, b\u1ed5 sung dinh d\u01b0\u1ee1ng v\u00e0 \u0111\u1ed9 \u1ea9m, c\u1ea3i thi\u1ec7n l\u00e0n da x\u1ec9n m\u00e0u, v\u00e0ng s\u1eabm, t\u00f4ng m\u00e0u kh\u00f4ng \u0111\u1ed3ng nh\u1ea5t, thu nh\u1ecf l\u1ed7 ch\u00e2n l\u00f4ng, gi\u00fap t\u00e1i t\u1ea1o ph\u1ee5c h\u1ed3i nh\u1eefng l\u00e0n da b\u1ecb s\u1ea1m, l\u00e0m cho l\u00e0n da m\u1ecbn m\u00e0ng v\u00e0 tinh t\u1ebf, d\u1ebbo dai v\u00e0 s\u1ef1 \u0111\u00e0n h\u1ed3i, cho l\u00e0n da tr\u1ebb trung c\u0103ng b\u00f3ng m\u1ecbn.<\/p><\/div>\n","protected":false},"featured_media":9163,"comment_status":"closed","ping_status":"closed","template":"","meta":{"inline_featured_image":false},"product_cat":[17],"product_tag":[],"acf":[],"_links":{"self":[{"href":"https:\/\/demo9.thuythu.vn\/mailisa\/wp-json\/wp\/v2\/product\/9162"}],"collection":[{"href":"https:\/\/demo9.thuythu.vn\/mailisa\/wp-json\/wp\/v2\/product"}],"about":[{"href":"https:\/\/demo9.thuythu.vn\/mailisa\/wp-json\/wp\/v2\/types\/product"}],"replies":[{"embeddable":true,"href":"https:\/\/demo9.thuythu.vn\/mailisa\/wp-json\/wp\/v2\/comments?post=9162"}],"wp:featuredmedia":[{"embeddable":true,"href":"https:\/\/demo9.thuythu.vn\/mailisa\/wp-json\/wp\/v2\/media\/9163"}],"wp:attachment":[{"href":"https:\/\/demo9.thuythu.vn\/mailisa\/wp-json\/wp\/v2\/media?parent=9162"}],"wp:term":[{"taxonomy":"product_cat","embeddable":true,"href":"https:\/\/demo9.thuythu.vn\/mailisa\/wp-json\/wp\/v2\/product_cat?post=9162"},{"taxonomy":"product_tag","embeddable":true,"href":"https:\/\/demo9.thuythu.vn\/mailisa\/wp-json\/wp\/v2\/product_tag?post=9162"}],"curies":[{"name":"wp","href":"https:\/\/api.w.org\/{rel}","templated":true}]}}