{"id":9139,"date":"2024-02-27T09:26:18","date_gmt":"2024-02-27T09:26:18","guid":{"rendered":"https:\/\/demo9.thuythu.vn\/mailisa\/san-pham\/kem-duong-am-sau-ben-trong\/"},"modified":"2024-02-27T09:39:30","modified_gmt":"2024-02-27T09:39:30","slug":"kem-duong-am-sau-ben-trong","status":"publish","type":"product","link":"https:\/\/demo9.thuythu.vn\/mailisa\/kem-duong-am-sau-ben-trong\/","title":{"rendered":"M18 &#8211; KEM D\u01af\u1ee0NG \u1ea8M S\u00c2U B\u00caN TRONG"},"content":{"rendered":"","protected":false},"excerpt":{"rendered":"<div class=\"row_noidung\">\n<p style=\"color:#CC0E74;\"><strong>&#8211;  Phi\u1ebfu c\u00f4ng b\u1ed1 m\u1ef9 ph\u1ea9m s\u1ed1 116031\/19\/CBMP-QLD<\/strong><\/p>\n<p>&#8211; Kem D\u01b0\u1ee1ng \u1ea8m S\u00e2u B\u00ean Trong DOCTOR MAGIC gi\u00fap b\u1ed5 sung \u0111\u1ed9 \u1ea9m v\u00e0 d\u01b0\u1ee1ng ch\u1ea5t c\u1ea7n thi\u1ebft cho da, t\u0103ng \u0111\u1ed9 \u0111\u00e0n h\u1ed3i cho da, gi\u1eef \u1ea9m l\u00e2u d\u00e0i, l\u00e0m cho l\u00e0n da c\u0103ng m\u01b0\u1edbt, tr\u00e0n \u0111\u1ea7y s\u1ee9c s\u1ed1ng tr\u1ebb trung, C\u00f3 th\u1ec3 ng\u0103n ng\u1eeba v\u00e0 c\u1ea3i thi\u1ec7n n\u1ebfp nh\u0103n da, l\u00e0m cho l\u00e0n da s\u0103n ch\u1eafc v\u00e0 tr\u00e0n \u0111\u1ea7y s\u1ee9c s\u1ed1ng, m\u1ecbn m\u00e0ng v\u00e0 tinh t\u1ebf.<\/p><\/div>\n","protected":false},"featured_media":9140,"comment_status":"closed","ping_status":"closed","template":"","meta":{"inline_featured_image":false},"product_cat":[17],"product_tag":[],"acf":[],"_links":{"self":[{"href":"https:\/\/demo9.thuythu.vn\/mailisa\/wp-json\/wp\/v2\/product\/9139"}],"collection":[{"href":"https:\/\/demo9.thuythu.vn\/mailisa\/wp-json\/wp\/v2\/product"}],"about":[{"href":"https:\/\/demo9.thuythu.vn\/mailisa\/wp-json\/wp\/v2\/types\/product"}],"replies":[{"embeddable":true,"href":"https:\/\/demo9.thuythu.vn\/mailisa\/wp-json\/wp\/v2\/comments?post=9139"}],"wp:featuredmedia":[{"embeddable":true,"href":"https:\/\/demo9.thuythu.vn\/mailisa\/wp-json\/wp\/v2\/media\/9140"}],"wp:attachment":[{"href":"https:\/\/demo9.thuythu.vn\/mailisa\/wp-json\/wp\/v2\/media?parent=9139"}],"wp:term":[{"taxonomy":"product_cat","embeddable":true,"href":"https:\/\/demo9.thuythu.vn\/mailisa\/wp-json\/wp\/v2\/product_cat?post=9139"},{"taxonomy":"product_tag","embeddable":true,"href":"https:\/\/demo9.thuythu.vn\/mailisa\/wp-json\/wp\/v2\/product_tag?post=9139"}],"curies":[{"name":"wp","href":"https:\/\/api.w.org\/{rel}","templated":true}]}}