{"id":9119,"date":"2024-02-27T09:25:48","date_gmt":"2024-02-27T09:25:48","guid":{"rendered":"https:\/\/demo9.thuythu.vn\/mailisa\/san-pham\/kem-duong-giup-kich-trang-da-body\/"},"modified":"2024-02-27T09:39:30","modified_gmt":"2024-02-27T09:39:30","slug":"kem-duong-giup-kich-trang-da-body","status":"publish","type":"product","link":"https:\/\/demo9.thuythu.vn\/mailisa\/kem-duong-giup-kich-trang-da-body\/","title":{"rendered":"M45 &#8211; KEM D\u01af\u1ee0NG GI\u00daP K\u00cdCH TR\u1eaeNG BODY"},"content":{"rendered":"","protected":false},"excerpt":{"rendered":"<div class=\"row_noidung\">\n<p style=\"color:#CC0E74;\"><strong>&#8211;  Phi\u1ebfu c\u00f4ng b\u1ed1 m\u1ef9 ph\u1ea9m s\u1ed1 137716\/20\/CBMP-QLD<\/strong><\/p>\n<p>&#8211; M45 &#8211; KEM D\u01af\u1ee0NG GI\u00daP K\u00cdCH TR\u1eaeNG DA BODY DOCTOR MAGIC s\u1ea3n ph\u1ea9m gi\u00fap nu\u00f4i d\u01b0\u1ee1ng l\u00e0n da body th\u00eam m\u1ec1m m\u1ea1i, m\u1ecbn m\u00e0ng v\u00e0 tr\u1eafng s\u00e1ng h\u01a1n. \u0110\u00e2y l\u00e0 s\u1ea3n ph\u1ea9m d\u01b0\u1ee1ng tr\u1eafng da body m\u1edbi c\u1ef1c hot, \u0111\u01b0\u1ee3c r\u1ea5t nhi\u1ec1u ch\u1ecb em ph\u1ee5 n\u1eef s\u0103n l\u00f9ng.\u00a0<\/p><\/div>\n","protected":false},"featured_media":9120,"comment_status":"closed","ping_status":"closed","template":"","meta":{"inline_featured_image":false},"product_cat":[17],"product_tag":[],"acf":[],"_links":{"self":[{"href":"https:\/\/demo9.thuythu.vn\/mailisa\/wp-json\/wp\/v2\/product\/9119"}],"collection":[{"href":"https:\/\/demo9.thuythu.vn\/mailisa\/wp-json\/wp\/v2\/product"}],"about":[{"href":"https:\/\/demo9.thuythu.vn\/mailisa\/wp-json\/wp\/v2\/types\/product"}],"replies":[{"embeddable":true,"href":"https:\/\/demo9.thuythu.vn\/mailisa\/wp-json\/wp\/v2\/comments?post=9119"}],"wp:featuredmedia":[{"embeddable":true,"href":"https:\/\/demo9.thuythu.vn\/mailisa\/wp-json\/wp\/v2\/media\/9120"}],"wp:attachment":[{"href":"https:\/\/demo9.thuythu.vn\/mailisa\/wp-json\/wp\/v2\/media?parent=9119"}],"wp:term":[{"taxonomy":"product_cat","embeddable":true,"href":"https:\/\/demo9.thuythu.vn\/mailisa\/wp-json\/wp\/v2\/product_cat?post=9119"},{"taxonomy":"product_tag","embeddable":true,"href":"https:\/\/demo9.thuythu.vn\/mailisa\/wp-json\/wp\/v2\/product_tag?post=9119"}],"curies":[{"name":"wp","href":"https:\/\/api.w.org\/{rel}","templated":true}]}}