{"id":9099,"date":"2024-02-27T09:25:21","date_gmt":"2024-02-27T09:25:21","guid":{"rendered":"https:\/\/demo9.thuythu.vn\/mailisa\/san-pham\/m46-sua-tam-bot-may-sieu-sang-min\/"},"modified":"2024-02-27T09:39:30","modified_gmt":"2024-02-27T09:39:30","slug":"m46-sua-tam-bot-may-sieu-sang-min","status":"publish","type":"product","link":"https:\/\/demo9.thuythu.vn\/mailisa\/m46-sua-tam-bot-may-sieu-sang-min\/","title":{"rendered":"M46 &#8211; S\u1eeeA T\u1eaeM B\u1eccT M\u00c2Y SI\u00caU S\u00c1NG M\u1ecaN"},"content":{"rendered":"","protected":false},"excerpt":{"rendered":"<div class=\"row_noidung\">\n<p style=\"color:#CC0E74;\"><strong>&#8211;  Phi\u1ebfu c\u00f4ng b\u1ed1 m\u1ef9 ph\u1ea9m s\u1ed1 143322\/21\/CBMP-QLD<\/strong><\/p>\n<p>&#8211; M46 &#8211; S\u1eeeA T\u1eaeM B\u1eccT M\u00c2Y SI\u00caU S\u00c1NG M\u1ecaN v\u1edbi dung t\u00edch 350 ml, d\u1ea1ng mousse, thi\u1ebft k\u1ebf nh\u1ecf g\u1ecdn, ch\u1ecbu l\u1ef1c cao, ti\u1ec7n l\u1ee3i cho vi\u1ec7c \u0111\u1ec3 chung h\u00e0nh l\u00fd m\u00e0 kh\u00f4ng lo \u0111\u1ed5, v\u1ee1. C\u00f4ng d\u1ee5ng ch\u00ednh gi\u00fap l\u00e0m s\u1ea1ch da, th\u00f4ng tho\u00e1ng l\u1ed7 ch\u00e2n l\u00f4ng, cung c\u1ea5p \u0111\u1ed9 \u1ea9m v\u00e0 nu\u00f4i d\u01b0\u1ee1ng da. Ngo\u00e0i ra,  s\u1ea3n ph\u1ea9m c\u00f3 h\u01b0\u01a1ng th\u01a1m d\u1ecbu nh\u1eb9 t\u1ea1o c\u1ea3m gi\u00e1c s\u1ea3ng kho\u00e1i.<\/p><\/div>\n","protected":false},"featured_media":9100,"comment_status":"closed","ping_status":"closed","template":"","meta":{"inline_featured_image":false},"product_cat":[17],"product_tag":[],"acf":[],"_links":{"self":[{"href":"https:\/\/demo9.thuythu.vn\/mailisa\/wp-json\/wp\/v2\/product\/9099"}],"collection":[{"href":"https:\/\/demo9.thuythu.vn\/mailisa\/wp-json\/wp\/v2\/product"}],"about":[{"href":"https:\/\/demo9.thuythu.vn\/mailisa\/wp-json\/wp\/v2\/types\/product"}],"replies":[{"embeddable":true,"href":"https:\/\/demo9.thuythu.vn\/mailisa\/wp-json\/wp\/v2\/comments?post=9099"}],"wp:featuredmedia":[{"embeddable":true,"href":"https:\/\/demo9.thuythu.vn\/mailisa\/wp-json\/wp\/v2\/media\/9100"}],"wp:attachment":[{"href":"https:\/\/demo9.thuythu.vn\/mailisa\/wp-json\/wp\/v2\/media?parent=9099"}],"wp:term":[{"taxonomy":"product_cat","embeddable":true,"href":"https:\/\/demo9.thuythu.vn\/mailisa\/wp-json\/wp\/v2\/product_cat?post=9099"},{"taxonomy":"product_tag","embeddable":true,"href":"https:\/\/demo9.thuythu.vn\/mailisa\/wp-json\/wp\/v2\/product_tag?post=9099"}],"curies":[{"name":"wp","href":"https:\/\/api.w.org\/{rel}","templated":true}]}}