{"id":9079,"date":"2024-02-27T09:24:55","date_gmt":"2024-02-27T09:24:55","guid":{"rendered":"https:\/\/demo9.thuythu.vn\/mailisa\/san-pham\/kem-uc-che-sam-nam-lam-sang-da\/"},"modified":"2024-02-27T09:39:30","modified_gmt":"2024-02-27T09:39:30","slug":"kem-uc-che-sam-nam-lam-sang-da","status":"publish","type":"product","link":"https:\/\/demo9.thuythu.vn\/mailisa\/kem-uc-che-sam-nam-lam-sang-da\/","title":{"rendered":"M05 &#8211; KEM \u1ee8C CH\u1ebe S\u1ea0M N\u00c1M L\u00c0M S\u00c1NG DA"},"content":{"rendered":"","protected":false},"excerpt":{"rendered":"<div class=\"row_noidung\">\n<p style=\"color:#CC0E74;\"><strong>&#8211;  Phi\u1ebfu c\u00f4ng b\u1ed1 m\u1ef9 ph\u1ea9m s\u1ed1 115972\/19\/CBMP-QLD<\/strong><\/p>\n<p>&#8211; S\u1ea3n ph\u1ea9m M05 Kem \u1ee8c Ch\u1ebf S\u1ea1m N\u00e1m L\u00e0m S\u00e1ng Da DOCTOR MAGIC c\u00f3 c\u00f4ng d\u1ee5ng gi\u00fap d\u01b0\u1ee1ng \u1ea9m cho da, l\u00e0m s\u00e1ng da, c\u1ea3i thi\u1ec7n l\u00e0n da th\u00f4 r\u00e1p x\u1ec9n m\u00e0u, l\u00e0m da m\u1ecbn m\u00e0ng v\u00e0 c\u0103ng b\u00f3ng.<\/p><\/div>\n","protected":false},"featured_media":9080,"comment_status":"closed","ping_status":"closed","template":"","meta":{"inline_featured_image":false},"product_cat":[17],"product_tag":[],"acf":[],"_links":{"self":[{"href":"https:\/\/demo9.thuythu.vn\/mailisa\/wp-json\/wp\/v2\/product\/9079"}],"collection":[{"href":"https:\/\/demo9.thuythu.vn\/mailisa\/wp-json\/wp\/v2\/product"}],"about":[{"href":"https:\/\/demo9.thuythu.vn\/mailisa\/wp-json\/wp\/v2\/types\/product"}],"replies":[{"embeddable":true,"href":"https:\/\/demo9.thuythu.vn\/mailisa\/wp-json\/wp\/v2\/comments?post=9079"}],"wp:featuredmedia":[{"embeddable":true,"href":"https:\/\/demo9.thuythu.vn\/mailisa\/wp-json\/wp\/v2\/media\/9080"}],"wp:attachment":[{"href":"https:\/\/demo9.thuythu.vn\/mailisa\/wp-json\/wp\/v2\/media?parent=9079"}],"wp:term":[{"taxonomy":"product_cat","embeddable":true,"href":"https:\/\/demo9.thuythu.vn\/mailisa\/wp-json\/wp\/v2\/product_cat?post=9079"},{"taxonomy":"product_tag","embeddable":true,"href":"https:\/\/demo9.thuythu.vn\/mailisa\/wp-json\/wp\/v2\/product_tag?post=9079"}],"curies":[{"name":"wp","href":"https:\/\/api.w.org\/{rel}","templated":true}]}}