{"id":9059,"date":"2024-02-27T09:24:30","date_gmt":"2024-02-27T09:24:30","guid":{"rendered":"https:\/\/demo9.thuythu.vn\/mailisa\/san-pham\/kem-xoa-tham-lam-sang-da\/"},"modified":"2024-02-27T09:39:30","modified_gmt":"2024-02-27T09:39:30","slug":"kem-xoa-tham-lam-sang-da","status":"publish","type":"product","link":"https:\/\/demo9.thuythu.vn\/mailisa\/kem-xoa-tham-lam-sang-da\/","title":{"rendered":"M03 &#8211; KEM X\u00d3A TH\u00c2M L\u00c0M S\u00c1NG DA"},"content":{"rendered":"","protected":false},"excerpt":{"rendered":"<div class=\"row_noidung\">\n<p style=\"color:#CC0E74;\"><strong>&#8211;  Phi\u1ebfu c\u00f4ng b\u1ed1 m\u1ef9 ph\u1ea9m s\u1ed1 116034\/19\/CBMP-QLD<\/strong><\/p>\n<p>&#8211; KEM X\u00d3A TH\u00c2M L\u00c0M S\u00c1NG DA DOCTOR MAGIC lo\u1ea1i b\u1ecf \u0111i s\u1eafc t\u1ed1 \u0111en s\u1ea1m s\u1ea7n s\u00f9i tr\u00ean b\u1ec1 m\u1eb7t da, cung c\u1ea5p n\u01b0\u1edbc v\u00e0 nhi\u1ec1u d\u01b0\u1ee1ng ch\u1ea5t c\u1ea3i thi\u1ec7n hi\u1ec7n tr\u1ea1ng da v\u00e0ng x\u1ec9n m\u00e0u, thu nh\u1ecf l\u1ed7 ch\u00e2n l\u00f4ng, l\u00e0m s\u00e1ng t\u00f4ng m\u00e0u da, t\u00e1i t\u1ea1o ph\u1ee5c h\u1ed3i l\u1ea1i l\u00e0n da th\u00f4 r\u00e1p, t\u0103ng \u0111\u1ed9 \u0111\u00e0n h\u1ed3i cho da.<\/p><\/div>\n","protected":false},"featured_media":9060,"comment_status":"closed","ping_status":"closed","template":"","meta":{"inline_featured_image":false},"product_cat":[17],"product_tag":[],"acf":[],"_links":{"self":[{"href":"https:\/\/demo9.thuythu.vn\/mailisa\/wp-json\/wp\/v2\/product\/9059"}],"collection":[{"href":"https:\/\/demo9.thuythu.vn\/mailisa\/wp-json\/wp\/v2\/product"}],"about":[{"href":"https:\/\/demo9.thuythu.vn\/mailisa\/wp-json\/wp\/v2\/types\/product"}],"replies":[{"embeddable":true,"href":"https:\/\/demo9.thuythu.vn\/mailisa\/wp-json\/wp\/v2\/comments?post=9059"}],"wp:featuredmedia":[{"embeddable":true,"href":"https:\/\/demo9.thuythu.vn\/mailisa\/wp-json\/wp\/v2\/media\/9060"}],"wp:attachment":[{"href":"https:\/\/demo9.thuythu.vn\/mailisa\/wp-json\/wp\/v2\/media?parent=9059"}],"wp:term":[{"taxonomy":"product_cat","embeddable":true,"href":"https:\/\/demo9.thuythu.vn\/mailisa\/wp-json\/wp\/v2\/product_cat?post=9059"},{"taxonomy":"product_tag","embeddable":true,"href":"https:\/\/demo9.thuythu.vn\/mailisa\/wp-json\/wp\/v2\/product_tag?post=9059"}],"curies":[{"name":"wp","href":"https:\/\/api.w.org\/{rel}","templated":true}]}}