{"id":8992,"date":"2024-02-27T09:21:38","date_gmt":"2024-02-27T09:21:38","guid":{"rendered":"https:\/\/demo9.thuythu.vn\/mailisa\/san-pham\/bo-san-pham-b1-doctor-magic\/"},"modified":"2024-02-27T09:39:30","modified_gmt":"2024-02-27T09:39:30","slug":"bo-san-pham-b1-doctor-magic","status":"publish","type":"product","link":"https:\/\/demo9.thuythu.vn\/mailisa\/bo-san-pham-b1-doctor-magic\/","title":{"rendered":"B\u1ed8 B1 &#8211; D\u01af\u1ee0NG DA TR\u1eaeNG S\u00c1NG R\u1ea0NG NG\u1edcI"},"content":{"rendered":"","protected":false},"excerpt":{"rendered":"<div class=\"row_noidung\">\n<p style=\"color:#CC0E74;\"><strong>&#8211;  M18: Phi\u1ebfu c\u00f4ng b\u1ed1 m\u1ef9 ph\u1ea9m s\u1ed1 116031\/19\/CBMP-QLD<\/strong><\/p>\n<p style=\"color:#CC0E74;\"><strong>&#8211;  M03: Phi\u1ebfu c\u00f4ng b\u1ed1 m\u1ef9 ph\u1ea9m s\u1ed1 116034\/19\/CBMP-QLD<\/strong><\/p>\n<p>&#8211; V\u1edbi b\u1ed9 s\u1ea3n ph\u1ea9m B1 &#8211; Doctor Magic d\u00f9 l\u00e0n da c\u1ee7a b\u1ea1n b\u1ecb th\u00e2m s\u1ea1m do b\u1ea5t k\u00ec nguy\u00ean nh\u00e2n n\u00e0o, th\u1eadm ch\u00ed l\u00e0 \u201c\u0111en b\u1ea9m sinh\u201d. V\u1edbi b\u00ed quy\u1ebft n\u00e0y, l\u00e0n da tr\u1eafng s\u00e1ng, r\u1ea1ng ng\u1eddi s\u1ebd nhanh ch\u00f3ng \u201cg\u00f5 c\u1eeda\u2019 t\u00ecm \u0111\u1ebfn b\u1ea1n.<\/p><\/div>\n","protected":false},"featured_media":8993,"comment_status":"closed","ping_status":"closed","template":"","meta":{"inline_featured_image":false},"product_cat":[17],"product_tag":[],"acf":[],"_links":{"self":[{"href":"https:\/\/demo9.thuythu.vn\/mailisa\/wp-json\/wp\/v2\/product\/8992"}],"collection":[{"href":"https:\/\/demo9.thuythu.vn\/mailisa\/wp-json\/wp\/v2\/product"}],"about":[{"href":"https:\/\/demo9.thuythu.vn\/mailisa\/wp-json\/wp\/v2\/types\/product"}],"replies":[{"embeddable":true,"href":"https:\/\/demo9.thuythu.vn\/mailisa\/wp-json\/wp\/v2\/comments?post=8992"}],"wp:featuredmedia":[{"embeddable":true,"href":"https:\/\/demo9.thuythu.vn\/mailisa\/wp-json\/wp\/v2\/media\/8993"}],"wp:attachment":[{"href":"https:\/\/demo9.thuythu.vn\/mailisa\/wp-json\/wp\/v2\/media?parent=8992"}],"wp:term":[{"taxonomy":"product_cat","embeddable":true,"href":"https:\/\/demo9.thuythu.vn\/mailisa\/wp-json\/wp\/v2\/product_cat?post=8992"},{"taxonomy":"product_tag","embeddable":true,"href":"https:\/\/demo9.thuythu.vn\/mailisa\/wp-json\/wp\/v2\/product_tag?post=8992"}],"curies":[{"name":"wp","href":"https:\/\/api.w.org\/{rel}","templated":true}]}}