{"id":8967,"date":"2024-02-27T09:21:13","date_gmt":"2024-02-27T09:21:13","guid":{"rendered":"https:\/\/demo9.thuythu.vn\/mailisa\/san-pham\/bo-san-pham-tri-nam-tan-nhang-doi-moi-ma-so-n3\/"},"modified":"2024-02-27T09:39:30","modified_gmt":"2024-02-27T09:39:30","slug":"bo-san-pham-tri-nam-tan-nhang-doi-moi-ma-so-n3","status":"publish","type":"product","link":"https:\/\/demo9.thuythu.vn\/mailisa\/bo-san-pham-tri-nam-tan-nhang-doi-moi-ma-so-n3\/","title":{"rendered":"B\u1ed8 N3 &#8211; H\u1ed6 TR\u1ee2 LO\u1ea0I B\u1ece N\u00c1M, T\u00c0N NHANG, \u0110\u1ed2I M\u1ed2I"},"content":{"rendered":"","protected":false},"excerpt":{"rendered":"<div class=\"row_noidung\">\n<p style=\"color:#CC0E74;\"><strong>&#8211;  M18: Phi\u1ebfu c\u00f4ng b\u1ed1 m\u1ef9 ph\u1ea9m s\u1ed1 116031\/19\/CBMP-QLD<\/strong><\/p>\n<p style=\"color:#CC0E74;\"><strong>&#8211;  M03: Phi\u1ebfu c\u00f4ng b\u1ed1 m\u1ef9 ph\u1ea9m s\u1ed1 116034\/19\/CBMP-QLD<\/strong><\/p>\n<p style=\"color:#CC0E74;\"><strong>&#8211;  M01: Phi\u1ebfu c\u00f4ng b\u1ed1 m\u1ef9 ph\u1ea9m s\u1ed1 115974\/19\/CBMP-QLD<\/strong><\/p>\n<p>&#8211; B\u1ed9 s\u1ea3n ph\u1ea9m h\u1ed7 tr\u1ee3 l\u00e0m \u0111\u1eb9p da n\u00e1m N3 Doctor Magic \u0111\u01b0\u1ee3c h\u1ee3p th\u00e0nh t\u1eeb <strong>3 s\u1ea3n ph\u1ea9m v\u00f4 c\u00f9ng quan tr\u1ecdng<\/strong>. M\u1ed7i s\u1ea3n ph\u1ea9m c\u00f3 m\u1ed9t c\u00f4ng d\u1ee5ng kh\u00e1c nhau, khi k\u1ebft h\u1ee3p l\u1ea1i n\u00f3 t\u1ea1o th\u00e0nh m\u1ed9t \u0111i\u1ec1u vi di\u1ec7u \u0111\u00f3 l\u00e0<strong> nghi\u1ec1n n\u00e1t s\u1eafc t\u1ed1, l\u00e0m s\u00e1ng da<\/strong> v\u00e0 <strong>l\u00e0m kh\u1ecfe da, d\u00e0nh cho l\u00e0n da n\u00e1m, t\u00e0n nhang, \u0111\u1ed3i m\u1ed3i<\/strong><\/div>\n","protected":false},"featured_media":8968,"comment_status":"closed","ping_status":"closed","template":"","meta":{"inline_featured_image":false},"product_cat":[17],"product_tag":[],"acf":[],"_links":{"self":[{"href":"https:\/\/demo9.thuythu.vn\/mailisa\/wp-json\/wp\/v2\/product\/8967"}],"collection":[{"href":"https:\/\/demo9.thuythu.vn\/mailisa\/wp-json\/wp\/v2\/product"}],"about":[{"href":"https:\/\/demo9.thuythu.vn\/mailisa\/wp-json\/wp\/v2\/types\/product"}],"replies":[{"embeddable":true,"href":"https:\/\/demo9.thuythu.vn\/mailisa\/wp-json\/wp\/v2\/comments?post=8967"}],"wp:featuredmedia":[{"embeddable":true,"href":"https:\/\/demo9.thuythu.vn\/mailisa\/wp-json\/wp\/v2\/media\/8968"}],"wp:attachment":[{"href":"https:\/\/demo9.thuythu.vn\/mailisa\/wp-json\/wp\/v2\/media?parent=8967"}],"wp:term":[{"taxonomy":"product_cat","embeddable":true,"href":"https:\/\/demo9.thuythu.vn\/mailisa\/wp-json\/wp\/v2\/product_cat?post=8967"},{"taxonomy":"product_tag","embeddable":true,"href":"https:\/\/demo9.thuythu.vn\/mailisa\/wp-json\/wp\/v2\/product_tag?post=8967"}],"curies":[{"name":"wp","href":"https:\/\/api.w.org\/{rel}","templated":true}]}}