{"id":8922,"date":"2024-02-27T09:19:04","date_gmt":"2024-02-27T09:19:04","guid":{"rendered":"https:\/\/demo9.thuythu.vn\/mailisa\/san-pham\/bo-mun-b18-624\/"},"modified":"2024-02-27T09:39:31","modified_gmt":"2024-02-27T09:39:31","slug":"bo-mun-b18-624","status":"publish","type":"product","link":"https:\/\/demo9.thuythu.vn\/mailisa\/bo-mun-b18-624\/","title":{"rendered":"B\u1ed8 B18 &#8211; D\u00c0NH CHO DA M\u1ee4N"},"content":{"rendered":"","protected":false},"excerpt":{"rendered":"<div class=\"row_noidung\">\n<p style=\"color:#CC0E74;\"><strong>&#8211;  M19: Phi\u1ebfu c\u00f4ng b\u1ed1 m\u1ef9 ph\u1ea9m s\u1ed1 115970\/19\/CBMP-QLD<\/strong><\/p>\n<p style=\"color:#CC0E74;\"><strong>&#8211;  M07: Phi\u1ebfu c\u00f4ng b\u1ed1 m\u1ef9 ph\u1ea9m s\u1ed1 125370\/20\/CBMP-QLD<\/strong><\/p>\n<p style=\"color:#CC0E74;\"><strong>&#8211;  M01: Phi\u1ebfu c\u00f4ng b\u1ed1 m\u1ef9 ph\u1ea9m s\u1ed1 115974\/19\/CBMP-QLD<\/strong><\/p>\n<p style=\"color:#CC0E74;\"><strong>&#8211;  M14: Phi\u1ebfu c\u00f4ng b\u1ed1 m\u1ef9 ph\u1ea9m s\u1ed1 115965\/19CBMP-QLD<\/strong><\/p>\n<p>&#8211; B\u1ed9 s\u1ea3n ph\u1ea9m B18 thu\u1ed9c d\u00f2ng m\u1ef9 ph\u1ea9m DOCTOR MAGIC gi\u00fap lo\u1ea1i b\u1ecf m\u1ee5n, v\u1ebft th\u00e2m, se kh\u00edt l\u1ed7 ch\u00e2n l\u00f4ng hi\u1ec7u qu\u1ea3. \u0110\u00e3 \u0111\u01b0\u1ee3c minh ch\u1ee9ng b\u1edfi H\u00c0NG TRI\u1ec6U kh\u00e1ch h\u00e0ng tr\u00ean to\u00e0n qu\u1ed1c.<\/p><\/div>\n","protected":false},"featured_media":8923,"comment_status":"closed","ping_status":"closed","template":"","meta":{"inline_featured_image":false},"product_cat":[17],"product_tag":[],"acf":[],"_links":{"self":[{"href":"https:\/\/demo9.thuythu.vn\/mailisa\/wp-json\/wp\/v2\/product\/8922"}],"collection":[{"href":"https:\/\/demo9.thuythu.vn\/mailisa\/wp-json\/wp\/v2\/product"}],"about":[{"href":"https:\/\/demo9.thuythu.vn\/mailisa\/wp-json\/wp\/v2\/types\/product"}],"replies":[{"embeddable":true,"href":"https:\/\/demo9.thuythu.vn\/mailisa\/wp-json\/wp\/v2\/comments?post=8922"}],"wp:featuredmedia":[{"embeddable":true,"href":"https:\/\/demo9.thuythu.vn\/mailisa\/wp-json\/wp\/v2\/media\/8923"}],"wp:attachment":[{"href":"https:\/\/demo9.thuythu.vn\/mailisa\/wp-json\/wp\/v2\/media?parent=8922"}],"wp:term":[{"taxonomy":"product_cat","embeddable":true,"href":"https:\/\/demo9.thuythu.vn\/mailisa\/wp-json\/wp\/v2\/product_cat?post=8922"},{"taxonomy":"product_tag","embeddable":true,"href":"https:\/\/demo9.thuythu.vn\/mailisa\/wp-json\/wp\/v2\/product_tag?post=8922"}],"curies":[{"name":"wp","href":"https:\/\/api.w.org\/{rel}","templated":true}]}}