{"id":5544,"date":"2024-01-27T04:13:39","date_gmt":"2024-01-27T04:13:39","guid":{"rendered":"https:\/\/demo9.thuythu.vn\/mailisa\/?post_type=product&#038;p=5544"},"modified":"2024-02-01T03:49:17","modified_gmt":"2024-02-01T03:49:17","slug":"bo-n3-ho-tro-loai-bo-nam-tan-nhang-doi-moi","status":"publish","type":"product","link":"https:\/\/demo9.thuythu.vn\/mailisa\/bo-n3-ho-tro-loai-bo-nam-tan-nhang-doi-moi\/","title":{"rendered":"B\u1ed9 N3- H\u1ed7 Tr\u1ee3 Lo\u1ea1i B\u1ecf N\u00e1m T\u00e0n Nhang \u0110\u1ed3i M\u1ed3i"},"content":{"rendered":"","protected":false},"excerpt":{"rendered":"<p>B\u1ed9 N3 Gi\u00fap nghi\u1ec1n n\u00e1t, ph\u00e1 v\u1ee1, lo\u1ea1i b\u1ecf t\u1ea5t c\u1ea3 c\u00e1c s\u1eafc t\u1ed1 melanin m\u00e0 ch\u00fang ta g\u1ecdi l\u00e0 n\u00e1m \u0111inh, n\u00e1m m\u1ea3ng, t\u00e0n nhang, \u0111\u1ed3i m\u1ed3i th\u00e0nh nh\u1eefng m\u1ea3nh v\u1ee1 nh\u1ecf \u0111\u1ec3 \u0111\u00e0o th\u1ea3i ra ngo\u00e0i.<\/p>\n","protected":false},"featured_media":4657,"comment_status":"open","ping_status":"closed","template":"","meta":{"inline_featured_image":false},"product_cat":[15],"product_tag":[],"acf":[],"_links":{"self":[{"href":"https:\/\/demo9.thuythu.vn\/mailisa\/wp-json\/wp\/v2\/product\/5544"}],"collection":[{"href":"https:\/\/demo9.thuythu.vn\/mailisa\/wp-json\/wp\/v2\/product"}],"about":[{"href":"https:\/\/demo9.thuythu.vn\/mailisa\/wp-json\/wp\/v2\/types\/product"}],"replies":[{"embeddable":true,"href":"https:\/\/demo9.thuythu.vn\/mailisa\/wp-json\/wp\/v2\/comments?post=5544"}],"wp:featuredmedia":[{"embeddable":true,"href":"https:\/\/demo9.thuythu.vn\/mailisa\/wp-json\/wp\/v2\/media\/4657"}],"wp:attachment":[{"href":"https:\/\/demo9.thuythu.vn\/mailisa\/wp-json\/wp\/v2\/media?parent=5544"}],"wp:term":[{"taxonomy":"product_cat","embeddable":true,"href":"https:\/\/demo9.thuythu.vn\/mailisa\/wp-json\/wp\/v2\/product_cat?post=5544"},{"taxonomy":"product_tag","embeddable":true,"href":"https:\/\/demo9.thuythu.vn\/mailisa\/wp-json\/wp\/v2\/product_tag?post=5544"}],"curies":[{"name":"wp","href":"https:\/\/api.w.org\/{rel}","templated":true}]}}