{"id":4668,"date":"2024-01-12T03:01:00","date_gmt":"2024-01-12T03:01:00","guid":{"rendered":"https:\/\/demo9.thuythu.vn\/mailisa\/?post_type=product&#038;p=4668"},"modified":"2024-01-24T09:53:13","modified_gmt":"2024-01-24T09:53:13","slug":"ms11-tinh-chat-duong-may","status":"publish","type":"product","link":"https:\/\/demo9.thuythu.vn\/mailisa\/ms11-tinh-chat-duong-may\/","title":{"rendered":"MS11 &#8211; TINH CH\u1ea4T D\u01af\u1ee0NG M\u00c0Y"},"content":{"rendered":"","protected":false},"excerpt":{"rendered":"<p>MS11 h\u1ed7 tr\u1ee3 gi\u1eef m\u00e0u sau khi phun x\u0103m th\u1ea9m m\u1ef9, l\u00e0m d\u1ecbu c\u1ea3m gi\u00e1c kh\u00f3 ch\u1ecbu \u0111au r\u00e1t v\u00e0 kh\u00f4 v\u00f9ng da ch\u00e2n m\u00e0y. Tr\u1ea3 l\u1ea1i v\u1ebb \u0111\u1eb9p cho khu\u00f4n m\u1eb7t ph\u1ee5 n\u1eef v\u1edbi h\u00e0ng l\u00f4ng m\u00e0y \u0111\u1eb9p kh\u00f4ng t\u00ec v\u1ebft sau phun x\u0103m th\u1ea9m m\u1ef9.<\/p>\n","protected":false},"featured_media":4667,"comment_status":"open","ping_status":"closed","template":"","meta":{"inline_featured_image":false},"product_cat":[15],"product_tag":[],"acf":[],"_links":{"self":[{"href":"https:\/\/demo9.thuythu.vn\/mailisa\/wp-json\/wp\/v2\/product\/4668"}],"collection":[{"href":"https:\/\/demo9.thuythu.vn\/mailisa\/wp-json\/wp\/v2\/product"}],"about":[{"href":"https:\/\/demo9.thuythu.vn\/mailisa\/wp-json\/wp\/v2\/types\/product"}],"replies":[{"embeddable":true,"href":"https:\/\/demo9.thuythu.vn\/mailisa\/wp-json\/wp\/v2\/comments?post=4668"}],"wp:featuredmedia":[{"embeddable":true,"href":"https:\/\/demo9.thuythu.vn\/mailisa\/wp-json\/wp\/v2\/media\/4667"}],"wp:attachment":[{"href":"https:\/\/demo9.thuythu.vn\/mailisa\/wp-json\/wp\/v2\/media?parent=4668"}],"wp:term":[{"taxonomy":"product_cat","embeddable":true,"href":"https:\/\/demo9.thuythu.vn\/mailisa\/wp-json\/wp\/v2\/product_cat?post=4668"},{"taxonomy":"product_tag","embeddable":true,"href":"https:\/\/demo9.thuythu.vn\/mailisa\/wp-json\/wp\/v2\/product_tag?post=4668"}],"curies":[{"name":"wp","href":"https:\/\/api.w.org\/{rel}","templated":true}]}}