{"id":4470,"date":"2024-01-09T09:42:01","date_gmt":"2024-01-09T09:42:01","guid":{"rendered":"https:\/\/demo9.thuythu.vn\/mailisa\/?post_type=product&#038;p=4470"},"modified":"2024-01-25T02:19:20","modified_gmt":"2024-01-25T02:19:20","slug":"m33-tay-te-bao-chet-sieu-sach-min-mang","status":"publish","type":"product","link":"https:\/\/demo9.thuythu.vn\/mailisa\/m33-tay-te-bao-chet-sieu-sach-min-mang\/","title":{"rendered":"M33 &#8211; T\u1ea8Y T\u1ebe B\u00c0O CH\u1ebeT SI\u00caU S\u1ea0CH M\u1ecaN M\u00c0NG"},"content":{"rendered":"","protected":false},"excerpt":{"rendered":"<p>M33 &#8211; T\u1ea9y t\u1ebf b\u00e0o ch\u1ebft si\u00eau s\u1ea1ch m\u1ecbn m\u00e0ng gi\u00fap l\u00e0m s\u1ea1ch v\u00e0 lo\u1ea1i b\u1ecf b\u1ee5i b\u1ea9n, b\u00e3 nh\u1eddn t\u1eeb s\u00e2u b\u00ean trong l\u1ed7 ch\u00e2n l\u00f4ng.<\/p>\n","protected":false},"featured_media":4635,"comment_status":"open","ping_status":"closed","template":"","meta":{"inline_featured_image":false},"product_cat":[15],"product_tag":[],"acf":[],"_links":{"self":[{"href":"https:\/\/demo9.thuythu.vn\/mailisa\/wp-json\/wp\/v2\/product\/4470"}],"collection":[{"href":"https:\/\/demo9.thuythu.vn\/mailisa\/wp-json\/wp\/v2\/product"}],"about":[{"href":"https:\/\/demo9.thuythu.vn\/mailisa\/wp-json\/wp\/v2\/types\/product"}],"replies":[{"embeddable":true,"href":"https:\/\/demo9.thuythu.vn\/mailisa\/wp-json\/wp\/v2\/comments?post=4470"}],"wp:featuredmedia":[{"embeddable":true,"href":"https:\/\/demo9.thuythu.vn\/mailisa\/wp-json\/wp\/v2\/media\/4635"}],"wp:attachment":[{"href":"https:\/\/demo9.thuythu.vn\/mailisa\/wp-json\/wp\/v2\/media?parent=4470"}],"wp:term":[{"taxonomy":"product_cat","embeddable":true,"href":"https:\/\/demo9.thuythu.vn\/mailisa\/wp-json\/wp\/v2\/product_cat?post=4470"},{"taxonomy":"product_tag","embeddable":true,"href":"https:\/\/demo9.thuythu.vn\/mailisa\/wp-json\/wp\/v2\/product_tag?post=4470"}],"curies":[{"name":"wp","href":"https:\/\/api.w.org\/{rel}","templated":true}]}}