{"id":3625,"date":"2023-12-20T03:37:34","date_gmt":"2023-12-20T03:37:34","guid":{"rendered":"https:\/\/demo9.thuythu.vn\/mailisa\/?page_id=3625"},"modified":"2024-02-16T10:02:01","modified_gmt":"2024-02-16T10:02:01","slug":"ho-tro-dieu-tri-da-nam-tan-nhang-doi-moi","status":"publish","type":"page","link":"https:\/\/demo9.thuythu.vn\/mailisa\/nhom-san-pham-mailisa\/ho-tro-dieu-tri-da-nam-tan-nhang-doi-moi\/","title":{"rendered":"H\u1ed7 tr\u1ee3 \u0111i\u1ec1u tr\u1ecb da n\u00e1m t\u00e0n nhang \u0111\u1ed3i m\u1ed3i"},"content":{"rendered":"","protected":false},"excerpt":{"rendered":"","protected":false},"author":1,"featured_media":0,"parent":1845,"menu_order":0,"comment_status":"closed","ping_status":"closed","template":"templates\/nhom_sp_child_1.php","meta":{"inline_featured_image":false,"footnotes":""},"acf":[],"_links":{"self":[{"href":"https:\/\/demo9.thuythu.vn\/mailisa\/wp-json\/wp\/v2\/pages\/3625"}],"collection":[{"href":"https:\/\/demo9.thuythu.vn\/mailisa\/wp-json\/wp\/v2\/pages"}],"about":[{"href":"https:\/\/demo9.thuythu.vn\/mailisa\/wp-json\/wp\/v2\/types\/page"}],"author":[{"embeddable":true,"href":"https:\/\/demo9.thuythu.vn\/mailisa\/wp-json\/wp\/v2\/users\/1"}],"replies":[{"embeddable":true,"href":"https:\/\/demo9.thuythu.vn\/mailisa\/wp-json\/wp\/v2\/comments?post=3625"}],"version-history":[{"count":13,"href":"https:\/\/demo9.thuythu.vn\/mailisa\/wp-json\/wp\/v2\/pages\/3625\/revisions"}],"predecessor-version":[{"id":6072,"href":"https:\/\/demo9.thuythu.vn\/mailisa\/wp-json\/wp\/v2\/pages\/3625\/revisions\/6072"}],"up":[{"embeddable":true,"href":"https:\/\/demo9.thuythu.vn\/mailisa\/wp-json\/wp\/v2\/pages\/1845"}],"wp:attachment":[{"href":"https:\/\/demo9.thuythu.vn\/mailisa\/wp-json\/wp\/v2\/media?parent=3625"}],"curies":[{"name":"wp","href":"https:\/\/api.w.org\/{rel}","templated":true}]}}