{"id":3230,"date":"2023-11-20T08:08:20","date_gmt":"2023-11-20T08:08:20","guid":{"rendered":"https:\/\/demo9.thuythu.vn\/mailisa\/?page_id=3230"},"modified":"2024-02-23T07:11:45","modified_gmt":"2024-02-23T07:11:45","slug":"nang-mui","status":"publish","type":"page","link":"https:\/\/demo9.thuythu.vn\/mailisa\/phau-thuat-tham-my\/nang-mui\/","title":{"rendered":"N\u00e2ng m\u0169i S-Line H\u00e0n Qu\u1ed1c"},"content":{"rendered":"","protected":false},"excerpt":{"rendered":"","protected":false},"author":1,"featured_media":0,"parent":1833,"menu_order":0,"comment_status":"closed","ping_status":"closed","template":"templates\/phau_thuat_child.php","meta":{"inline_featured_image":false,"footnotes":""},"acf":[],"_links":{"self":[{"href":"https:\/\/demo9.thuythu.vn\/mailisa\/wp-json\/wp\/v2\/pages\/3230"}],"collection":[{"href":"https:\/\/demo9.thuythu.vn\/mailisa\/wp-json\/wp\/v2\/pages"}],"about":[{"href":"https:\/\/demo9.thuythu.vn\/mailisa\/wp-json\/wp\/v2\/types\/page"}],"author":[{"embeddable":true,"href":"https:\/\/demo9.thuythu.vn\/mailisa\/wp-json\/wp\/v2\/users\/1"}],"replies":[{"embeddable":true,"href":"https:\/\/demo9.thuythu.vn\/mailisa\/wp-json\/wp\/v2\/comments?post=3230"}],"version-history":[{"count":14,"href":"https:\/\/demo9.thuythu.vn\/mailisa\/wp-json\/wp\/v2\/pages\/3230\/revisions"}],"predecessor-version":[{"id":6356,"href":"https:\/\/demo9.thuythu.vn\/mailisa\/wp-json\/wp\/v2\/pages\/3230\/revisions\/6356"}],"up":[{"embeddable":true,"href":"https:\/\/demo9.thuythu.vn\/mailisa\/wp-json\/wp\/v2\/pages\/1833"}],"wp:attachment":[{"href":"https:\/\/demo9.thuythu.vn\/mailisa\/wp-json\/wp\/v2\/media?parent=3230"}],"curies":[{"name":"wp","href":"https:\/\/api.w.org\/{rel}","templated":true}]}}