{"id":752,"date":"2023-12-01T15:28:26","date_gmt":"2023-12-01T15:28:26","guid":{"rendered":"https:\/\/demo9.thuythu.vn\/maiamgiadinhviet\/?page_id=752"},"modified":"2023-12-05T02:11:15","modified_gmt":"2023-12-05T02:11:15","slug":"thu-vien","status":"publish","type":"page","link":"https:\/\/demo9.thuythu.vn\/maiamgiadinhviet\/thu-vien\/","title":{"rendered":"Th\u01b0 vi\u1ec7n"},"content":{"rendered":"<p>\u201cM\u00e1i \u1ea5m gia \u0111\u00ecnh Vi\u1ec7t\u201d l\u00e0 chuy\u1ebfn xe nh\u00e2n v\u0103n ti\u1ebfp n\u1ed1i chu\u1ed7i h\u00e0nh tr\u00ecnh thi\u1ec7n nguy\u1ec7n \u0111\u00e3 gi\u00fap \u0111\u1ee1 cho h\u01a1n 2.000 tr\u1ebb em c\u00f3 ho\u00e0n c\u1ea3nh \u0111\u1eb7c bi\u1ec7t \u1edf c\u00e1c m\u00e1i \u1ea5m, nh\u00e0 m\u1edf, tr\u01b0\u1eddng gi\u00e1o d\u01b0\u1ee1ng, l\u00e0ng tr\u1ebb em SOS,\u2026 do T\u1eadp \u0111o\u00e0n Hoa Sen t\u1ed5 ch\u1ee9c th\u01b0\u1eddng ni\u00ean h\u01a1n 10 n\u0103m qua. N\u1ed1i ti\u1ebfp d\u1ef1 \u00e1n thi\u1ec7n nguy\u1ec7n c\u00f9ng t\u00ean, ch\u01b0\u01a1ng tr\u00ecnh \u201cM\u00e1i \u1ea5m gia \u0111\u00ecnh Vi\u1ec7t\u201d phi\u00ean b\u1ea3n truy\u1ec1n h\u00ecnh th\u1ef1c t\u1ebf \u0111\u00e3 ra \u0111\u1eddi. Ch\u01b0\u01a1ng tr\u00ecnh \u0111\u00e3 v\u00e0 \u0111ang xoa d\u1ecbu n\u1ed7i \u0111au, hong kh\u00f4 nh\u1eefng gi\u1ecdt n\u01b0\u1edbc m\u1eaft m\u1ed3 c\u00f4i v\u00e0 h\u1ed7 tr\u1ee3 cho c\u00e1c ho\u00e0n c\u1ea3nh kh\u00f3 kh\u0103n, thi\u1ebfu th\u1ed1n. V\u1edbi nh\u1eefng c\u00e2u chuy\u1ec7n \u0111\u1ea7y nh\u00e2n v\u0103n, ch\u01b0\u01a1ng tr\u00ecnh v\u00ec c\u1ed9ng \u0111\u1ed3ng &#8220;M\u00e1i \u1ea5m gia \u0111\u00ecnh Vi\u1ec7t&#8221; \u0111\u00e3 nh\u1eadn \u0111\u01b0\u1ee3c r\u1ea5t nhi\u1ec1u t\u00ecnh c\u1ea3m y\u00eau th\u01b0\u01a1ng c\u1ee7a kh\u00e1n gi\u1ea3.<\/p>\n","protected":false},"excerpt":{"rendered":"<p>\u201cM\u00e1i \u1ea5m gia \u0111\u00ecnh Vi\u1ec7t\u201d l\u00e0 chuy\u1ebfn xe nh\u00e2n v\u0103n ti\u1ebfp n\u1ed1i chu\u1ed7i h\u00e0nh tr\u00ecnh thi\u1ec7n nguy\u1ec7n \u0111\u00e3 gi\u00fap \u0111\u1ee1 cho h\u01a1n 2.000 tr\u1ebb em c\u00f3 ho\u00e0n c\u1ea3nh \u0111\u1eb7c bi\u1ec7t \u1edf c\u00e1c m\u00e1i \u1ea5m, nh\u00e0 m\u1edf, tr\u01b0\u1eddng gi\u00e1o d\u01b0\u1ee1ng, l\u00e0ng tr\u1ebb em SOS,\u2026 do T\u1eadp \u0111o\u00e0n Hoa Sen t\u1ed5 ch\u1ee9c th\u01b0\u1eddng ni\u00ean h\u01a1n 10 n\u0103m [&#8230;]\n","protected":false},"author":1,"featured_media":0,"parent":0,"menu_order":0,"comment_status":"closed","ping_status":"closed","template":"templates\/gallery.php","meta":{"footnotes":""},"acf":[],"_links":{"self":[{"href":"https:\/\/demo9.thuythu.vn\/maiamgiadinhviet\/wp-json\/wp\/v2\/pages\/752"}],"collection":[{"href":"https:\/\/demo9.thuythu.vn\/maiamgiadinhviet\/wp-json\/wp\/v2\/pages"}],"about":[{"href":"https:\/\/demo9.thuythu.vn\/maiamgiadinhviet\/wp-json\/wp\/v2\/types\/page"}],"author":[{"embeddable":true,"href":"https:\/\/demo9.thuythu.vn\/maiamgiadinhviet\/wp-json\/wp\/v2\/users\/1"}],"replies":[{"embeddable":true,"href":"https:\/\/demo9.thuythu.vn\/maiamgiadinhviet\/wp-json\/wp\/v2\/comments?post=752"}],"version-history":[{"count":5,"href":"https:\/\/demo9.thuythu.vn\/maiamgiadinhviet\/wp-json\/wp\/v2\/pages\/752\/revisions"}],"predecessor-version":[{"id":987,"href":"https:\/\/demo9.thuythu.vn\/maiamgiadinhviet\/wp-json\/wp\/v2\/pages\/752\/revisions\/987"}],"wp:attachment":[{"href":"https:\/\/demo9.thuythu.vn\/maiamgiadinhviet\/wp-json\/wp\/v2\/media?parent=752"}],"curies":[{"name":"wp","href":"https:\/\/api.w.org\/{rel}","templated":true}]}}