
{"id":799,"date":"2024-09-25T14:07:43","date_gmt":"2024-09-25T14:07:43","guid":{"rendered":"https:\/\/demo9.thuythu.vn\/luatduongtri\/?page_id=799"},"modified":"2024-10-07T03:06:19","modified_gmt":"2024-10-07T03:06:19","slug":"lien-he","status":"publish","type":"page","link":"https:\/\/demo9.thuythu.vn\/luatduongtri\/lien-he\/","title":{"rendered":"Li\u00ean h\u1ec7"},"content":{"rendered":"\t<section class=\"section banner_page other\" id=\"section_1950736121\">\n\t\t<div class=\"bg section-bg fill bg-fill  bg-loaded\" >\n\n\t\t\t\n\t\t\t\n\t\t\t\n\n\t\t<\/div>\n\n\t\t\n\n\t\t<div class=\"section-content relative\">\n\t\t\t\n\n  <div class=\"banner has-hover item_banner\" id=\"banner-902190854\">\n          <div class=\"banner-inner fill\">\n        <div class=\"banner-bg fill\" >\n            <div class=\"bg fill bg-fill \"><\/div>\n                                    \n                    <\/div>\n\t\t\n        <div class=\"banner-layers container\">\n            <div class=\"fill banner-link\"><\/div>            \n   <div id=\"text-box-1517533720\" class=\"text-box banner-layer x50 md-x50 lg-x50 y50 md-y50 lg-y50 res-text\">\n                                <div class=\"text-box-content text dark\">\n              \n              <div class=\"text-inner text-center\">\n                  \n              <\/div>\n           <\/div>\n                            \n<style>\n#text-box-1517533720 {\n  width: 60%;\n}\n#text-box-1517533720 .text-box-content {\n  font-size: 100%;\n}\n@media (min-width:550px) {\n  #text-box-1517533720 {\n    width: 60%;\n  }\n}\n<\/style>\n    <\/div>\n \n        <\/div>\n      <\/div>\n\n              <div class=\"height-fix is-invisible\"><img loading=\"lazy\" decoding=\"async\" width=\"1920\" height=\"800\" src=\"https:\/\/demo9.thuythu.vn\/luatduongtri\/wp-content\/uploads\/2024\/09\/u.jpg\" class=\"attachment-original size-original\" alt=\"\" srcset=\"https:\/\/demo9.thuythu.vn\/luatduongtri\/wp-content\/uploads\/2024\/09\/u.jpg 1920w, https:\/\/demo9.thuythu.vn\/luatduongtri\/wp-content\/uploads\/2024\/09\/u-800x333.jpg 800w, https:\/\/demo9.thuythu.vn\/luatduongtri\/wp-content\/uploads\/2024\/09\/u-1400x583.jpg 1400w, https:\/\/demo9.thuythu.vn\/luatduongtri\/wp-content\/uploads\/2024\/09\/u-768x320.jpg 768w, https:\/\/demo9.thuythu.vn\/luatduongtri\/wp-content\/uploads\/2024\/09\/u-1536x640.jpg 1536w\" sizes=\"(max-width: 1920px) 100vw, 1920px\" \/><\/div>\n            \n<style>\n#banner-902190854 .bg.bg-loaded {\n  background-image: url(https:\/\/demo9.thuythu.vn\/luatduongtri\/wp-content\/uploads\/2024\/09\/u.jpg);\n}\n<\/style>\n  <\/div>\n\n\n<div class=\"row banner_bottom\"  id=\"row-984039953\">\n\n\t<div id=\"col-1391954333\" class=\"col small-12 large-12\"  >\n\t\t\t\t<div class=\"col-inner\"  >\n\t\t\t\n\t\t\t\n<div class=\"container section-title-container title_page\" ><h1 class=\"section-title section-title-normal\"><b><\/b><span class=\"section-title-main\" >Li\u00ean h\u1ec7<\/span><b><\/b><\/h1><\/div>\n\t\t<\/div>\n\t\t\t\t\t<\/div>\n\n\t\n\n\t<div id=\"col-1999379496\" class=\"col small-12 large-12\"  >\n\t\t\t\t<div class=\"col-inner\"  >\n\t\t\t\n\t\t\t<div class=\"breadcrumbs\"><div class=\"row\"><div class=\"col large-12\"><div id=\"breadcrumb\" class=\"navigation\"><nav class=\"breadcrumb\"><ul><li class=\"list_br\"><a title=\"Home\" itemprop=\"url\" href=\"https:\/\/demo9.thuythu.vn\/luatduongtri\"><cite itemprop=\"title\">Trang ch\u1ee7<\/cite><\/a><\/li><span class=\"divider\">|<\/span><\/ul><\/nav><\/div><\/div><\/div><\/div>\n\n\t\t<\/div>\n\t\t\t\t\t<\/div>\n\n\t\n<\/div>\n\t\t<\/div>\n\n\t\t\n<style>\n#section_1950736121 {\n  padding-top: 0px;\n  padding-bottom: 0px;\n}\n<\/style>\n\t<\/section>\n\t\n\t<section class=\"section contact_sec_1\" id=\"section_1844448295\">\n\t\t<div class=\"bg section-bg fill bg-fill  bg-loaded\" >\n\n\t\t\t\n\t\t\t\n\t\t\t\n\n\t\t<\/div>\n\n\t\t\n\n\t\t<div class=\"section-content relative\">\n\t\t\t\n<div class=\"row\"  id=\"row-420859502\">\n\n\t<div id=\"col-1587015477\" class=\"col medium-5 small-12 large-4\"  >\n\t\t\t\t<div class=\"col-inner\" style=\"background-color:rgb(0, 40, 79);\" >\n\t\t\t\n\t\t\t\n\t<div class=\"img has-hover logo x md-x lg-x y md-y lg-y\" id=\"image_1247896794\">\n\t\t\t\t\t\t\t\t<div class=\"img-inner dark\" >\n\t\t\t<img loading=\"lazy\" decoding=\"async\" width=\"325\" height=\"106\" src=\"https:\/\/demo9.thuythu.vn\/luatduongtri\/wp-content\/uploads\/2024\/09\/Group-18794.svg\" class=\"attachment-original size-original\" alt=\"\" \/>\t\t\t\t\t\t\n\t\t\t\t\t<\/div>\n\t\t\t\t\t\t\t\t\n<style>\n#image_1247896794 {\n  width: 100%;\n}\n<\/style>\n\t<\/div>\n\t\n<div class=\"container section-title-container\" ><h2 class=\"section-title section-title-normal\"><b><\/b><span class=\"section-title-main\" style=\"color:rgb(255, 255, 255);\">C\u00f4ng ty TNHH T\u01b0 V\u1ea5n D\u01b0\u01a1ng Tr\u00ed<\/span><b><\/b><\/h2><\/div>\n\t<div id=\"stack-144926962\" class=\"stack info_contact_page stack-col justify-start items-stretch\">\n\t\t\n\n\t\t<div class=\"icon-box featured-box icon-box-left text-left\"  >\n\t\t\t\t\t<div class=\"icon-box-img\" style=\"width: 60px\">\n\t\t\t\t<div class=\"icon\">\n\t\t\t\t\t<div class=\"icon-inner\" >\n\t\t\t\t\t\t<img loading=\"lazy\" decoding=\"async\" width=\"400\" height=\"400\" src=\"https:\/\/demo9.thuythu.vn\/luatduongtri\/wp-content\/uploads\/2024\/09\/MapPin-1.svg\" class=\"attachment-medium size-medium\" alt=\"\" \/>\t\t\t\t\t<\/div>\n\t\t\t\t<\/div>\n\t\t\t<\/div>\n\t\t\t\t<div class=\"icon-box-text last-reset\">\n\t\t\t\t\t\t\t\t\t\n\t<div id=\"text-366674997\" class=\"text\">\n\t\t\n<p><strong>Tr\u1ee5 s\u1edf ch\u00ednh:<\/strong> S\u1ed1 82 Ph\u1ed1 Tr\u1ecbnh \u0110\u00ecnh C\u1eedu, ph\u01b0\u1eddng \u0110\u1ecbnh C\u00f4ng, Q Ho\u00e0ng Mai, H\u00e0 N\u1ed9i<\/p>\n\t\t\n<style>\n#text-366674997 {\n  color: rgb(255,255,255);\n}\n#text-366674997 > * {\n  color: rgb(255,255,255);\n}\n<\/style>\n\t<\/div>\n\t\n\t\t<\/div>\n\t<\/div>\n\t\n\t\n\n\t\t<div class=\"icon-box featured-box icon-box-left text-left\"  >\n\t\t\t\t\t<div class=\"icon-box-img\" style=\"width: 60px\">\n\t\t\t\t<div class=\"icon\">\n\t\t\t\t\t<div class=\"icon-inner\" >\n\t\t\t\t\t\t<img loading=\"lazy\" decoding=\"async\" width=\"400\" height=\"400\" src=\"https:\/\/demo9.thuythu.vn\/luatduongtri\/wp-content\/uploads\/2024\/09\/HouseSimple.svg\" class=\"attachment-medium size-medium\" alt=\"\" \/>\t\t\t\t\t<\/div>\n\t\t\t\t<\/div>\n\t\t\t<\/div>\n\t\t\t\t<div class=\"icon-box-text last-reset\">\n\t\t\t\t\t\t\t\t\t\n\t<div id=\"text-2988858920\" class=\"text\">\n\t\t\n<p><strong>V\u0103n ph\u00f2ng Qu\u1ea3ng Ninh:<\/strong> S\u1ed1 67 ph\u1ed1 H\u1ea3i L\u1ed9c, th\u00e0nh ph\u1ed1 H\u1ea1 Long, t\u1ec9nh Qu\u1ea3ng Ninh<\/p>\n\t\t\n<style>\n#text-2988858920 {\n  color: rgb(255,255,255);\n}\n#text-2988858920 > * {\n  color: rgb(255,255,255);\n}\n<\/style>\n\t<\/div>\n\t\n\t\t<\/div>\n\t<\/div>\n\t\n\t\n\n\t\t<div class=\"icon-box featured-box icon-box-left text-left\"  >\n\t\t\t\t\t<div class=\"icon-box-img\" style=\"width: 60px\">\n\t\t\t\t<div class=\"icon\">\n\t\t\t\t\t<div class=\"icon-inner\" >\n\t\t\t\t\t\t<img loading=\"lazy\" decoding=\"async\" width=\"400\" height=\"400\" src=\"https:\/\/demo9.thuythu.vn\/luatduongtri\/wp-content\/uploads\/2024\/09\/PhoneCall-1.svg\" class=\"attachment-medium size-medium\" alt=\"\" \/>\t\t\t\t\t<\/div>\n\t\t\t\t<\/div>\n\t\t\t<\/div>\n\t\t\t\t<div class=\"icon-box-text last-reset\">\n\t\t\t\t\t\t\t\t\t\n\t<div id=\"text-637466420\" class=\"text\">\n\t\t\n<p><strong>S\u1ed1 \u0111i\u1ec7n tho\u1ea1i: <\/strong>0243.6688.0205<br \/>\n<span style=\"color: #00284f;\"><strong>S\u1ed1 \u0111i\u1ec7n tho\u1ea1i: <\/strong><\/span>0961.353.606<\/p>\n\t\t\n<style>\n#text-637466420 {\n  color: rgb(255,255,255);\n}\n#text-637466420 > * {\n  color: rgb(255,255,255);\n}\n<\/style>\n\t<\/div>\n\t\n\t\t<\/div>\n\t<\/div>\n\t\n\t\n\n\t\t<div class=\"icon-box featured-box icon-box-left text-left\"  >\n\t\t\t\t\t<div class=\"icon-box-img\" style=\"width: 60px\">\n\t\t\t\t<div class=\"icon\">\n\t\t\t\t\t<div class=\"icon-inner\" >\n\t\t\t\t\t\t<img loading=\"lazy\" decoding=\"async\" width=\"400\" height=\"400\" src=\"https:\/\/demo9.thuythu.vn\/luatduongtri\/wp-content\/uploads\/2024\/09\/PhoneCall-1.svg\" class=\"attachment-medium size-medium\" alt=\"\" \/>\t\t\t\t\t<\/div>\n\t\t\t\t<\/div>\n\t\t\t<\/div>\n\t\t\t\t<div class=\"icon-box-text last-reset\">\n\t\t\t\t\t\t\t\t\t\n\t<div id=\"text-2869941114\" class=\"text\">\n\t\t\n<p><strong>Email:<\/strong> contact@luatduongtri.vn<\/p>\n\t\t\n<style>\n#text-2869941114 {\n  color: rgb(255,255,255);\n}\n#text-2869941114 > * {\n  color: rgb(255,255,255);\n}\n<\/style>\n\t<\/div>\n\t\n\t\t<\/div>\n\t<\/div>\n\t\n\t\n\t\t\n<style>\n#stack-144926962 > * {\n  --stack-gap: 0rem;\n}\n<\/style>\n\t<\/div>\n\t\n\t<div id=\"stack-1868709618\" class=\"stack socials_bottom_contact stack-row justify-start items-stretch\">\n\t\t\n\t<div id=\"text-2700948680\" class=\"text\">\n\t\t\n<p><strong>K\u1ebft n\u1ed1i v\u1edbi ch\u00fang t\u00f4i<\/strong><\/p>\n\t\t\n<style>\n#text-2700948680 {\n  color: rgb(255,255,255);\n}\n#text-2700948680 > * {\n  color: rgb(255,255,255);\n}\n<\/style>\n\t<\/div>\n\t\n\t<div id=\"stack-1721272551\" class=\"stack list_socials stack-row justify-start items-stretch\">\n\t\t\n\t<div class=\"img has-hover x md-x lg-x y md-y lg-y\" id=\"image_1854490680\">\n\t\t<a class=\"\" href=\"#\" >\t\t\t\t\t\t<div class=\"img-inner dark\" >\n\t\t\t<img loading=\"lazy\" decoding=\"async\" width=\"25\" height=\"27\" src=\"https:\/\/demo9.thuythu.vn\/luatduongtri\/wp-content\/uploads\/2024\/09\/Facebook.svg\" class=\"attachment-original size-original\" alt=\"\" \/>\t\t\t\t\t\t\n\t\t\t\t\t<\/div>\n\t\t\t\t\t\t<\/a>\t\t\n<style>\n#image_1854490680 {\n  width: 100%;\n}\n<\/style>\n\t<\/div>\n\t\n\t<div class=\"img has-hover x md-x lg-x y md-y lg-y\" id=\"image_1097954357\">\n\t\t<a class=\"\" href=\"#\" >\t\t\t\t\t\t<div class=\"img-inner dark\" >\n\t\t\t<img loading=\"lazy\" decoding=\"async\" width=\"13\" height=\"12\" src=\"https:\/\/demo9.thuythu.vn\/luatduongtri\/wp-content\/uploads\/2024\/09\/Group-1.svg\" class=\"attachment-original size-original\" alt=\"\" \/>\t\t\t\t\t\t\n\t\t\t\t\t<\/div>\n\t\t\t\t\t\t<\/a>\t\t\n<style>\n#image_1097954357 {\n  width: 100%;\n}\n<\/style>\n\t<\/div>\n\t\n\t<div class=\"img has-hover x md-x lg-x y md-y lg-y\" id=\"image_1487944093\">\n\t\t<a class=\"\" href=\"#\" >\t\t\t\t\t\t<div class=\"img-inner dark\" >\n\t\t\t<img loading=\"lazy\" decoding=\"async\" width=\"13\" height=\"15\" src=\"https:\/\/demo9.thuythu.vn\/luatduongtri\/wp-content\/uploads\/2024\/09\/Capa-2.svg\" class=\"attachment-original size-original\" alt=\"\" \/>\t\t\t\t\t\t\n\t\t\t\t\t<\/div>\n\t\t\t\t\t\t<\/a>\t\t\n<style>\n#image_1487944093 {\n  width: 100%;\n}\n<\/style>\n\t<\/div>\n\t\n\t\t\n<style>\n#stack-1721272551 > * {\n  --stack-gap: 0rem;\n}\n<\/style>\n\t<\/div>\n\t\n\t\t\n<style>\n#stack-1868709618 > * {\n  --stack-gap: 0rem;\n}\n<\/style>\n\t<\/div>\n\t\n\t\t<\/div>\n\t\t\t\t\t<\/div>\n\n\t\n\n\t<div id=\"col-1356372195\" class=\"col right_contact medium-7 small-12 large-8\"  >\n\t\t\t\t<div class=\"col-inner\"  >\n\t\t\t\n\t\t\t\n\t<div id=\"text-752323992\" class=\"text group_heading\">\n\t\t\n<h2 class=\"\">\u0110\u0103ng k\u00fd t\u01b0 v\u1ea5n ngay<\/h2>\n<p>T\u01b0 v\u1ea5n nhanh l\u00e0m vi\u1ec7c nhanh, chuy\u00ean nghi\u1ec7p!<\/p>\n\t\t\t<\/div>\n\t\n\t<div id=\"stack-2277964607\" class=\"stack box_action_call stack-row justify-start items-stretch\">\n\t\t\n\n\t<a class=\"plain\" href=\"tel:0961353606\" >\t<div class=\"icon-box featured-box icon-box-left text-left\"  >\n\t\t\t\t\t<div class=\"icon-box-img\" style=\"width: 60px\">\n\t\t\t\t<div class=\"icon\">\n\t\t\t\t\t<div class=\"icon-inner\" >\n\t\t\t\t\t\t<img loading=\"lazy\" decoding=\"async\" width=\"400\" height=\"400\" src=\"https:\/\/demo9.thuythu.vn\/luatduongtri\/wp-content\/uploads\/2024\/09\/PhoneCall.svg\" class=\"attachment-medium size-medium\" alt=\"\" \/>\t\t\t\t\t<\/div>\n\t\t\t\t<\/div>\n\t\t\t<\/div>\n\t\t\t\t<div class=\"icon-box-text last-reset\">\n\t\t\t\t\t\t\t\t\t\n<p>G\u1ecdi cho ch\u00fang t\u00f4i<\/p>\n\t\t<\/div>\n\t<\/div>\n\t<\/a>\n\t\n\n\t<a class=\"plain\" href=\"https:\/\/zalo.me\/0961353606\" target=\"_blank\" rel=\"noopener\">\t<div class=\"icon-box featured-box icon-box-left text-left\"  >\n\t\t\t\t\t<div class=\"icon-box-img\" style=\"width: 60px\">\n\t\t\t\t<div class=\"icon\">\n\t\t\t\t\t<div class=\"icon-inner\" >\n\t\t\t\t\t\t<img loading=\"lazy\" decoding=\"async\" width=\"800\" height=\"313\" src=\"https:\/\/demo9.thuythu.vn\/luatduongtri\/wp-content\/uploads\/2024\/09\/Zalo.svg\" class=\"attachment-medium size-medium\" alt=\"\" \/>\t\t\t\t\t<\/div>\n\t\t\t\t<\/div>\n\t\t\t<\/div>\n\t\t\t\t<div class=\"icon-box-text last-reset\">\n\t\t\t\t\t\t\t\t\t\n<p>Nh\u1eafn tin qua Zalo<\/p>\n\t\t<\/div>\n\t<\/div>\n\t<\/a>\n\t\n\t\t\n<style>\n#stack-2277964607 > * {\n  --stack-gap: 0rem;\n}\n<\/style>\n\t<\/div>\n\t\n\n<div class=\"wpcf7 no-js\" id=\"wpcf7-f379-o1\" lang=\"vi\" dir=\"ltr\">\n<div class=\"screen-reader-response\"><p role=\"status\" aria-live=\"polite\" aria-atomic=\"true\"><\/p> <ul><\/ul><\/div>\n<form action=\"\/luatduongtri\/wp-json\/wp\/v2\/pages\/799#wpcf7-f379-o1\" method=\"post\" class=\"wpcf7-form init\" aria-label=\"Form li\u00ean h\u1ec7\" novalidate=\"novalidate\" data-status=\"init\">\n<div style=\"display: none;\">\n<input type=\"hidden\" name=\"_wpcf7\" value=\"379\" \/>\n<input type=\"hidden\" name=\"_wpcf7_version\" value=\"5.9.8\" \/>\n<input type=\"hidden\" name=\"_wpcf7_locale\" value=\"vi\" \/>\n<input type=\"hidden\" name=\"_wpcf7_unit_tag\" value=\"wpcf7-f379-o1\" \/>\n<input type=\"hidden\" name=\"_wpcf7_container_post\" value=\"0\" \/>\n<input type=\"hidden\" name=\"_wpcf7_posted_data_hash\" value=\"\" \/>\n<\/div>\n<div style=\"display: none\"><p><span class=\"wpcf7-form-control-wrap\" data-name=\"devtt\"><input size=\"40\" class=\"wpcf7-form-control wpcf7-text\" aria-invalid=\"false\" value=\"\" type=\"text\" name=\"devtt\"><\/span><\/p><\/div><div class=\"wrap_form\">\n\t<div class=\"row\">\n\t\t<div class=\"col large-12 medium-12\">\n\t\t\t<div class=\"content\">\n\t\t\t\t<p>Ho\u1eb7c b\u1ea1n ch\u1ec9 c\u1ea7n \u0111i\u1ec1n v\u00e0o khung th\u00f4ng tin, \u0111\u1ed9i ng\u0169 lu\u1eadt s\u01b0 c\u1ee7a D\u01b0\u01a1ng Tr\u00ed s\u1ebd ch\u1ee7 \u0111\u1ed9ng li\u00ean h\u1ec7 v\u00e0 t\u01b0 v\u1ea5n trong th\u1eddi gian g\u1ea7n nh\u1ea5t\n\t\t\t\t<\/p>\n\t\t\t<\/div>\n\t\t<\/div>\n\t\t<div class=\"col large-6 medium-6\">\n\t\t\t<p><span class=\"wpcf7-form-control-wrap\" data-name=\"your-name\"><input size=\"40\" maxlength=\"400\" class=\"wpcf7-form-control wpcf7-text wpcf7-validates-as-required\" autocomplete=\"name\" aria-required=\"true\" aria-invalid=\"false\" placeholder=\"H\u1ecd v\u00e0 t\u00ean\" value=\"\" type=\"text\" name=\"your-name\" \/><\/span>\n\t\t\t<\/p>\n\t\t<\/div>\n\t\t<div class=\"col large-6 medium-6\">\n\t\t\t<p><span class=\"wpcf7-form-control-wrap\" data-name=\"your-contact\"><input size=\"40\" maxlength=\"400\" class=\"wpcf7-form-control wpcf7-text\" aria-invalid=\"false\" placeholder=\"Email ho\u1eb7c s\u1ed1 \u0111i\u1ec7n tho\u1ea1i\" value=\"\" type=\"text\" name=\"your-contact\" \/><\/span>\n\t\t\t<\/p>\n\t\t<\/div>\n\t\t<div class=\"col large-12 medium-12\">\n\t\t\t<p><span class=\"wpcf7-form-control-wrap\" data-name=\"your-message\"><textarea cols=\"40\" rows=\"10\" maxlength=\"2000\" class=\"wpcf7-form-control wpcf7-textarea\" aria-invalid=\"false\" placeholder=\"N\u1ed9i dung\" name=\"your-message\"><\/textarea><\/span>\n\t\t\t<\/p>\n\t\t<\/div>\n\t\t<div class=\"col large-12 medium-12\">\n\t\t\t<p><a class=\"button primary button_style submit_form\" style=\"border-radius:99px;\"><br \/>\n<span>G\u1eedi th\u00f4ng tin<\/span><br \/>\n<i class=\"icon-plus\" aria-hidden=\"true\"><\/i><br \/>\n<\/a>\n\t\t\t<\/p>\n\t\t\t<div class=\"\" style=\"display: none\">\n\t\t\t\t<p><input class=\"wpcf7-form-control wpcf7-submit has-spinner\" type=\"submit\" value=\"G\u1eedi \u0111i\" \/>\n\t\t\t\t<\/p>\n\t\t\t<\/div>\n\t\t<\/div>\n\t<\/div>\n<\/div><div class=\"wpcf7-response-output\" aria-hidden=\"true\"><\/div>\n<\/form>\n<\/div>\n\n\t\t<\/div>\n\t\t\t\t\t<\/div>\n\n\t\n<\/div>\n\t\t<\/div>\n\n\t\t\n<style>\n#section_1844448295 {\n  padding-top: 30px;\n  padding-bottom: 30px;\n}\n<\/style>\n\t<\/section>\n\t\n\t<div class=\"img has-hover map_image x md-x lg-x y md-y lg-y\" id=\"image_1155708683\">\n\t\t\t\t\t\t\t\t<div class=\"img-inner dark\" >\n\t\t\t<img loading=\"lazy\" decoding=\"async\" width=\"1920\" height=\"821\" src=\"https:\/\/demo9.thuythu.vn\/luatduongtri\/wp-content\/uploads\/2024\/09\/Group-1000007563-1.jpg\" class=\"attachment-original size-original\" alt=\"\" srcset=\"https:\/\/demo9.thuythu.vn\/luatduongtri\/wp-content\/uploads\/2024\/09\/Group-1000007563-1.jpg 1920w, https:\/\/demo9.thuythu.vn\/luatduongtri\/wp-content\/uploads\/2024\/09\/Group-1000007563-1-800x342.jpg 800w, https:\/\/demo9.thuythu.vn\/luatduongtri\/wp-content\/uploads\/2024\/09\/Group-1000007563-1-1400x599.jpg 1400w, https:\/\/demo9.thuythu.vn\/luatduongtri\/wp-content\/uploads\/2024\/09\/Group-1000007563-1-768x328.jpg 768w, https:\/\/demo9.thuythu.vn\/luatduongtri\/wp-content\/uploads\/2024\/09\/Group-1000007563-1-1536x657.jpg 1536w\" sizes=\"(max-width: 1920px) 100vw, 1920px\" \/>\t\t\t\t\t\t\n\t\t\t\t\t<\/div>\n\t\t\t\t\t\t\t\t\n<style>\n#image_1155708683 {\n  width: 100%;\n}\n<\/style>\n\t<\/div>\n\t\n","protected":false},"excerpt":{"rendered":"","protected":false},"author":1,"featured_media":0,"parent":0,"menu_order":0,"comment_status":"closed","ping_status":"closed","template":"page-blank.php","meta":{"_acf_changed":false,"inline_featured_image":false,"footnotes":""},"class_list":["post-799","page","type-page","status-publish","hentry"],"acf":[],"_links":{"self":[{"href":"https:\/\/demo9.thuythu.vn\/luatduongtri\/wp-json\/wp\/v2\/pages\/799"}],"collection":[{"href":"https:\/\/demo9.thuythu.vn\/luatduongtri\/wp-json\/wp\/v2\/pages"}],"about":[{"href":"https:\/\/demo9.thuythu.vn\/luatduongtri\/wp-json\/wp\/v2\/types\/page"}],"author":[{"embeddable":true,"href":"https:\/\/demo9.thuythu.vn\/luatduongtri\/wp-json\/wp\/v2\/users\/1"}],"replies":[{"embeddable":true,"href":"https:\/\/demo9.thuythu.vn\/luatduongtri\/wp-json\/wp\/v2\/comments?post=799"}],"version-history":[{"count":10,"href":"https:\/\/demo9.thuythu.vn\/luatduongtri\/wp-json\/wp\/v2\/pages\/799\/revisions"}],"predecessor-version":[{"id":1101,"href":"https:\/\/demo9.thuythu.vn\/luatduongtri\/wp-json\/wp\/v2\/pages\/799\/revisions\/1101"}],"wp:attachment":[{"href":"https:\/\/demo9.thuythu.vn\/luatduongtri\/wp-json\/wp\/v2\/media?parent=799"}],"curies":[{"name":"wp","href":"https:\/\/api.w.org\/{rel}","templated":true}]}}