{"id":486,"date":"2023-12-25T04:54:14","date_gmt":"2023-12-25T04:54:14","guid":{"rendered":"https:\/\/demo9.thuythu.vn\/kimngan\/?page_id=486"},"modified":"2023-12-30T17:01:44","modified_gmt":"2023-12-30T17:01:44","slug":"lich-su-hinh-thanh","status":"publish","type":"page","link":"https:\/\/demo9.thuythu.vn\/kimngan\/lich-su-hinh-thanh\/","title":{"rendered":"L\u1ecbch s\u1eed h\u00ecnh th\u00e0nh"},"content":{"rendered":"<h2><strong>L\u00dd DO CH\u1eccN KIM NG\u00c2N<\/strong><\/h2>\n<p><img decoding=\"async\" loading=\"lazy\" class=\"aligncenter wp-image-833 size-full\" src=\"https:\/\/demo9.thuythu.vn\/kimngan\/wp-content\/uploads\/2023\/12\/ly-do-chon-1.png\" alt=\"\" width=\"1650\" height=\"385\" srcset=\"https:\/\/demo9.thuythu.vn\/kimngan\/wp-content\/uploads\/2023\/12\/ly-do-chon-1.png 1650w, https:\/\/demo9.thuythu.vn\/kimngan\/wp-content\/uploads\/2023\/12\/ly-do-chon-1-800x187.png 800w, https:\/\/demo9.thuythu.vn\/kimngan\/wp-content\/uploads\/2023\/12\/ly-do-chon-1-1400x327.png 1400w, https:\/\/demo9.thuythu.vn\/kimngan\/wp-content\/uploads\/2023\/12\/ly-do-chon-1-768x179.png 768w, https:\/\/demo9.thuythu.vn\/kimngan\/wp-content\/uploads\/2023\/12\/ly-do-chon-1-1536x358.png 1536w\" sizes=\"(max-width: 1650px) 100vw, 1650px\" \/><\/p>\n<h2><strong>L\u1ecaCH S\u1eec H\u00ccNH TH\u00c0NH<\/strong><\/h2>\n<h3><strong>N\u0102M 2007<\/strong><\/h3>\n<p style=\"text-align: justify;\">Ch\u1ecdn \u0111\u1ed3ng nai l\u00e0m qu\u00ea h\u01b0\u01a1ng th\u1ee9 2, c\u0169ng t\u1eeb \u0111\u00e2y \u00d4ng <strong>\u0110\u1eacU \u0110\u1ee8C \u0110\u00d4NG<\/strong>, sau bao ng\u00e0y s\u1ed1ng v\u00e0 l\u00e0m vi\u1ec7c t\u1ea1i TPHCM, qua bao nhi\u00eau ng\u00e0y th\u00e1ng c\u00f4ng t\u00e1c v\u00e0 l\u00e0m vi\u1ec7c v\u1ec1 l\u0129nh v\u1ef1c x\u00e2y d\u1ef1ng, sau \u0111\u00f3 \u00f4ng quy\u1ebft \u0111\u1ecbnh cho m\u00ecnh m\u1ed9t h\u01b0\u1edbng \u0111i ri\u00eang, nh\u1eb1m ph\u00e1t huy t\u00ednh t\u1ef1 l\u1eadp sau bao ng\u00e0y l\u00e0m vi\u1ec7c t\u1eadp th\u1ec3, v\u00e0 \u00f4ng \u0111\u00e3 c\u00f3 m\u1ed9t \u1ea5p \u1ee7 s\u1ebb mang l\u1ea1i nh\u1eefng gi\u00e1 tr\u1ecb ng\u00f4i nh\u00e0 \u0111\u1eb9p \u0111\u00f3 \u0111\u1ebfn v\u1edbi \u00f4m tr\u1ecdn kh\u00e1ch h\u00e0ng,<\/p>\n<h3>DO \u0110\u00d3 &#8220;&#8221;<\/h3>\n<h3><strong> V\u00c0O N\u0102M 2015<\/strong><\/h3>\n<p>\u00d4ng quy\u1ebft \u0111\u1ecbnh \u0111\u1ea7u t\u01b0 v\u00e0 x\u00e2y d\u1ef1ng nh\u1eefng ng\u00f4i nh\u00e0 b\u1ec1n v\u1eefng \u0111\u1eb9p v\u00e0 \u0111\u00e3 c\u0169ng \u0111\u01b0\u1ee3c nhanh ch\u00f3ng chi\u1ebfn \u0111\u01b0\u1ee3c l\u00f2ng kh\u00f3 t\u00ednh kh\u00e1ch h\u00e0ng v\u1edbi nh\u1eefng ng\u00f4i nh\u00e0 \u0111\u1ea7u ti\u00ean, \u0111\u00f3 l\u00e0 ng\u00f4i nh\u00e0 x\u00e2y s\u1eb5n \u0111\u1ec3 b\u00e1n, v\u00e0 sau \u0111\u00f3 \u00d4ng ngh\u0129 s\u1ebb ph\u00e1t tri\u1ec5n nh\u1eb1m h\u1ee3p th\u1ee9c h\u00f3a t\u1ea1o m\u1ed9t th\u01b0\u01a1ng hi\u1ec7u ri\u00eang b\u1ec1n v\u0169ng cho t\u01b0\u01a1ng lai,<\/p>\n<h3>X\u00c9T V\u00cc &#8220;&#8221;<\/h3>\n<h3><strong>N\u0102M 2018<\/strong><\/h3>\n<p><strong>\u00d4NG \u0110\u1eacU \u0110\u1ee8C \u0110\u00d4NG<\/strong> \u0111\u00e3 m\u1ea1nh d\u1ea1n s\u00e1ng l\u1eadp ra m\u1ed9t c\u00f4ng ty mang t\u00ean <strong>C\u00d4NG TY TNHH THI\u1ebeT K\u1ebe THI C\u00d4NG X\u00c2Y D\u1ef0NG KIM NG\u00c2N,<\/strong><\/p>\n<p style=\"text-align: justify;\">V\u00ec th\u1ebf \u00f4ng \u0111\u00e3 t\u1eeb \u0111\u00e2y quy t\u1ee5 \u0111\u01b0\u1ee3c m\u1ed9t s\u1ed1 ki\u1ebfn tr\u00fac s\u01b0, k\u1ef9 s\u01b0, gi\u00e1m s\u00e1t v\u00e0 b\u00ean c\u1ea1nh \u0111\u00f3 c\u00f3 m\u1ed9t \u0111\u1ed9i th\u1ee3 gi\u00e0u kinh nghi\u1ec7m, \u0111\u00e3 t\u1ea1o th\u00e0nh m\u1ed9t <strong>KIM NG\u00c2N<\/strong> c\u1ee7a ng\u00e0y h\u00f4m nay, hi\u1ec7n \u0111i\u1ec3m m\u1ea1nh c\u1ee7a c\u00f4ng ty KIM NG\u00c2N l\u00e0 thi\u1ebft k\u1ebf thi c\u00f4ng v\u00e0 lu\u00f4n mang l\u1ea1i nh\u01b0ng m\u1eabu nh\u00e0 ph\u00e1 c\u00e1ch ph\u00e1 ki\u1ebfn tr\u00fac \u0111\u1ec3 \u0111\u1ed9t ph\u00e1 chinh ph\u1ee5c \u0111\u01b0\u1ee3c m\u1ecdi ph\u00e2n kh\u00fac kh\u00e1ch h\u00e0ng, mang l\u1ea1i m\u1ed9t kh\u00f4ng gian ho\u00e0n m\u1ef9 b\u00ecnh y\u00ean v\u00e0 phong th\u1ee7y, ch\u00ednh v\u00ec l\u1ebd \u0111\u00f3 c\u00f4ng ty <strong>KIM NG\u00c2N<\/strong> s\u1ebb l\u00e0 \u0111\u00e3 v\u00e0 \u0111ang h\u01b0\u1edbng \u0111\u1ebfn m\u1ed9t <strong>KIM NG\u00c2N<\/strong>, tr\u1ef1c ti\u1ebfp thi\u1ebft k\u1ebf tr\u1ef1c ti\u1ebfp thi c\u00f4ng, n\u00f3i kh\u00f4ng v\u1edbi b\u00e1n th\u1ea7u,<\/p>\n<p>Ch\u00fang t\u00f4i t\u00e2m ni\u1ec7m r\u1eb1ng, m\u1ed9t vi\u00ean g\u1ea1ch \u0111\u01b0\u1ee3c v\u00ed nh\u01b0 m\u1ed9t tr\u00e1i tim, lu\u00f4n \u0111\u1eb7t \u0111\u00fang ch\u1ed5 \u0111\u00fang v\u1ecb tr\u00ed nh\u1eb1m n\u00e2ng cao tr\u00e1ch nhi\u1ec7m cho ch\u1ed5 \u0111\u00f3, ngo\u00e0i b\u1ec1n \u0111\u1eb9p ch\u1eafc th\u00ec t\u00ednh th\u1ea9m m\u1ef9 v\u00e0 phong th\u1ee7y ph\u1ea3i \u0111\u01b0\u1ee3c \u0111\u00e1nh gi\u00e1 cao,<\/p>\n<p>\u00d4ng: <strong>\u0110\u1eacU \u0110\u1ee8C \u0110\u00d4NG<\/strong><\/p>\n","protected":false},"excerpt":{"rendered":"<p>L\u00dd DO CH\u1eccN KIM NG\u00c2N L\u1ecaCH S\u1eec H\u00ccNH TH\u00c0NH N\u0102M 2007 Ch\u1ecdn \u0111\u1ed3ng nai l\u00e0m qu\u00ea h\u01b0\u01a1ng th\u1ee9 2, c\u0169ng t\u1eeb \u0111\u00e2y \u00d4ng \u0110\u1eacU \u0110\u1ee8C \u0110\u00d4NG, sau bao ng\u00e0y s\u1ed1ng v\u00e0 l\u00e0m vi\u1ec7c t\u1ea1i TPHCM, qua bao nhi\u00eau ng\u00e0y th\u00e1ng c\u00f4ng t\u00e1c v\u00e0 l\u00e0m vi\u1ec7c v\u1ec1 l\u0129nh v\u1ef1c x\u00e2y d\u1ef1ng, sau \u0111\u00f3 \u00f4ng quy\u1ebft \u0111\u1ecbnh [&#8230;]\n","protected":false},"author":1,"featured_media":0,"parent":0,"menu_order":0,"comment_status":"closed","ping_status":"closed","template":"","meta":{"inline_featured_image":false,"pgc_sgb_lightbox_settings":"","footnotes":""},"acf":[],"lang":"vi","translations":{"vi":486},"pll_sync_post":[],"_links":{"self":[{"href":"https:\/\/demo9.thuythu.vn\/kimngan\/wp-json\/wp\/v2\/pages\/486"}],"collection":[{"href":"https:\/\/demo9.thuythu.vn\/kimngan\/wp-json\/wp\/v2\/pages"}],"about":[{"href":"https:\/\/demo9.thuythu.vn\/kimngan\/wp-json\/wp\/v2\/types\/page"}],"author":[{"embeddable":true,"href":"https:\/\/demo9.thuythu.vn\/kimngan\/wp-json\/wp\/v2\/users\/1"}],"replies":[{"embeddable":true,"href":"https:\/\/demo9.thuythu.vn\/kimngan\/wp-json\/wp\/v2\/comments?post=486"}],"version-history":[{"count":10,"href":"https:\/\/demo9.thuythu.vn\/kimngan\/wp-json\/wp\/v2\/pages\/486\/revisions"}],"predecessor-version":[{"id":1056,"href":"https:\/\/demo9.thuythu.vn\/kimngan\/wp-json\/wp\/v2\/pages\/486\/revisions\/1056"}],"wp:attachment":[{"href":"https:\/\/demo9.thuythu.vn\/kimngan\/wp-json\/wp\/v2\/media?parent=486"}],"curies":[{"name":"wp","href":"https:\/\/api.w.org\/{rel}","templated":true}]}}