{"id":445,"date":"2023-12-24T17:10:21","date_gmt":"2023-12-24T17:10:21","guid":{"rendered":"https:\/\/demo9.thuythu.vn\/kimngan\/?page_id=445"},"modified":"2023-12-30T16:58:25","modified_gmt":"2023-12-30T16:58:25","slug":"gioi-thieu","status":"publish","type":"page","link":"https:\/\/demo9.thuythu.vn\/kimngan\/gioi-thieu\/","title":{"rendered":"Gi\u1edbi thi\u1ec7u"},"content":{"rendered":"<p style=\"text-align: justify;\">C\u00f4ng ty x\u00e2y d\u1ef1ng <strong>KIM NG\u00c2N<\/strong> l\u00e0 m\u1ed9t trong nh\u1eefng c\u00f4ng ty h\u00e0ng \u0111\u1ea7u trong l\u0129nh v\u1ef1c thi\u1ebft k\u1ebf v\u00e0 thi c\u00f4ng c\u00e1c c\u00f4ng tr\u00ecnh ki\u1ebfn tr\u00fac v\u00e0 n\u1ed9i th\u1ea5t t\u1ea1i \u0110\u1ed3ng Nai. C\u00f4ng ty \u0111\u01b0\u1ee3c th\u00e0nh l\u1eadp v\u00e0o n\u0103m 2010 b\u1edfi \u00f4ng \u0110\u1eacU \u0110\u1ee8C \u0110\u00d4NG, m\u1ed9t ng\u01b0\u1eddi gi\u00e0u kinh nghi\u1ec7m v\u00e0 t\u00e2m huy\u1ebft trong ng\u00e0nh x\u00e2y d\u1ef1ng. Trong h\u01a1n 10 n\u0103m ho\u1ea1t \u0111\u1ed9ng, c\u00f4ng ty \u0111\u00e3 th\u1ef1c hi\u1ec7n h\u00e0ng tr\u0103m d\u1ef1 \u00e1n l\u1edbn nh\u1ecf, t\u1eeb nh\u00e0 \u1edf, bi\u1ec7t th\u1ef1, chung c\u01b0, nh\u00e0 h\u00e0ng, kh\u00e1ch s\u1ea1n, c\u1eeda h\u00e0ng, spa, showroom,&#8230; \u0111\u1ebfn c\u00e1c c\u00f4ng tr\u00ecnh c\u00f4ng c\u1ed9ng, v\u0103n h\u00f3a, gi\u00e1o d\u1ee5c, y t\u1ebf, &#8230; C\u00f4ng ty \u0111\u00e3 nh\u1eadn \u0111\u01b0\u1ee3c nhi\u1ec1u gi\u1ea3i th\u01b0\u1edfng, ch\u1ee9ng nh\u1eadn v\u00e0 s\u1ef1 tin t\u01b0\u1edfng c\u1ee7a kh\u00e1ch h\u00e0ng, \u0111\u1ed1i t\u00e1c v\u00e0 c\u01a1 quan nh\u00e0 n\u01b0\u1edbc. C\u00f4ng ty c\u0169ng \u0111\u01b0\u1ee3c \u0111\u00e0i truy\u1ec1n h\u00ecnh trong t\u1ec9nh ph\u1ecfng v\u1ea5n nhi\u1ec1u l\u1ea7n v\u1ec1 nh\u1eefng th\u00e0nh t\u1ef1u v\u00e0 \u0111\u00f3ng g\u00f3p c\u1ee7a m\u00ecnh cho s\u1ef1 ph\u00e1t tri\u1ec3n c\u1ee7a ng\u00e0nh x\u00e2y d\u1ef1ng v\u00e0 \u0111\u00f4 th\u1ecb h\u00f3a.<\/p>\n<h2><strong>V\u1ec0 CH\u00daNG T\u00d4I<\/strong><\/h2>\n<p style=\"text-align: justify;\">C\u00f4ng ty x\u00e2y d\u1ef1ng KIM NG\u00c2N c\u00f3 \u0111\u1ed9i ng\u0169 nh\u00e2n vi\u00ean g\u1ed3m h\u01a1n 50 ng\u01b0\u1eddi, bao g\u1ed3m c\u00e1c ki\u1ebfn tr\u00fac s\u01b0, nh\u00e0 thi\u1ebft k\u1ebf, th\u1ee3 thi c\u00f4ng, k\u1ef9 s\u01b0, qu\u1ea3n l\u00fd d\u1ef1 \u00e1n, k\u1ebf to\u00e1n, nh\u00e2n s\u1ef1, &#8230; T\u1ea5t c\u1ea3 \u0111\u1ec1u l\u00e0 nh\u1eefng ng\u01b0\u1eddi c\u00f3 tr\u00ecnh \u0111\u1ed9 chuy\u00ean m\u00f4n cao, n\u0103ng \u0111\u1ed9ng, s\u00e1ng t\u1ea1o v\u00e0 t\u1eadn t\u00e2m v\u1edbi c\u00f4ng vi\u1ec7c. C\u00f4ng ty c\u0169ng c\u00f3 c\u00e1c trang thi\u1ebft b\u1ecb, m\u00e1y m\u00f3c, v\u1eadt li\u1ec7u v\u00e0 ph\u1ea7n m\u1ec1m hi\u1ec7n \u0111\u1ea1i, ti\u00ean ti\u1ebfn v\u00e0 \u0111\u1ea3m b\u1ea3o ch\u1ea5t l\u01b0\u1ee3ng. C\u00f4ng ty lu\u00f4n c\u1eadp nh\u1eadt v\u00e0 \u00e1p d\u1ee5ng nh\u1eefng xu h\u01b0\u1edbng, c\u00f4ng ngh\u1ec7 v\u00e0 ti\u00eau chu\u1ea9n m\u1edbi nh\u1ea5t trong l\u0129nh v\u1ef1c thi\u1ebft k\u1ebf v\u00e0 thi c\u00f4ng ki\u1ebfn tr\u00fac v\u00e0 n\u1ed9i th\u1ea5t.<\/p>\n<p><img decoding=\"async\" loading=\"lazy\" class=\"aligncenter size-full wp-image-981\" src=\"https:\/\/demo9.thuythu.vn\/kimngan\/wp-content\/uploads\/2023\/12\/gioi-thieu-4.png\" alt=\"\" width=\"1188\" height=\"500\" srcset=\"https:\/\/demo9.thuythu.vn\/kimngan\/wp-content\/uploads\/2023\/12\/gioi-thieu-4.png 1188w, https:\/\/demo9.thuythu.vn\/kimngan\/wp-content\/uploads\/2023\/12\/gioi-thieu-4-800x337.png 800w, https:\/\/demo9.thuythu.vn\/kimngan\/wp-content\/uploads\/2023\/12\/gioi-thieu-4-768x323.png 768w\" sizes=\"(max-width: 1188px) 100vw, 1188px\" \/><\/p>\n<h2><strong>T\u1ea6M NH\u00ccN<\/strong><\/h2>\n<p style=\"text-align: justify;\">C\u00f4ng ty x\u00e2y d\u1ef1ng <strong>KIM NG\u00c2N<\/strong> mong mu\u1ed1n tr\u1edf th\u00e0nh m\u1ed9t trong nh\u1eefng c\u00f4ng ty uy t\u00edn, chuy\u00ean nghi\u1ec7p v\u00e0 ch\u1ea5t l\u01b0\u1ee3ng h\u00e0ng \u0111\u1ea7u trong l\u0129nh v\u1ef1c thi\u1ebft k\u1ebf v\u00e0 thi c\u00f4ng ki\u1ebfn tr\u00fac v\u00e0 n\u1ed9i th\u1ea5t t\u1ea1i Vi\u1ec7t Nam v\u00e0 khu v\u1ef1c. C\u00f4ng ty c\u0169ng mong mu\u1ed1n g\u00f3p ph\u1ea7n t\u1ea1o ra nh\u1eefng c\u00f4ng tr\u00ecnh ki\u1ebfn tr\u00fac v\u00e0 n\u1ed9i th\u1ea5t \u0111\u1eb9p, hi\u1ec7n \u0111\u1ea1i, sang tr\u1ecdng v\u00e0 b\u1ec1n v\u1eefng, ph\u00f9 h\u1ee3p v\u1edbi nhu c\u1ea7u, phong c\u00e1ch v\u00e0 ng\u00e2n s\u00e1ch c\u1ee7a kh\u00e1ch h\u00e0ng, \u0111\u1ed3ng th\u1eddi th\u1ec3 hi\u1ec7n \u0111\u01b0\u1ee3c b\u1ea3n s\u1eafc, v\u0103n h\u00f3a v\u00e0 gi\u00e1 tr\u1ecb c\u1ee7a \u0111\u1ea5t n\u01b0\u1edbc.<\/p>\n<p><img decoding=\"async\" loading=\"lazy\" class=\"aligncenter size-full wp-image-980\" src=\"https:\/\/demo9.thuythu.vn\/kimngan\/wp-content\/uploads\/2023\/12\/gioi-thieu-3.png\" alt=\"\" width=\"1188\" height=\"500\" srcset=\"https:\/\/demo9.thuythu.vn\/kimngan\/wp-content\/uploads\/2023\/12\/gioi-thieu-3.png 1188w, https:\/\/demo9.thuythu.vn\/kimngan\/wp-content\/uploads\/2023\/12\/gioi-thieu-3-800x337.png 800w, https:\/\/demo9.thuythu.vn\/kimngan\/wp-content\/uploads\/2023\/12\/gioi-thieu-3-768x323.png 768w\" sizes=\"(max-width: 1188px) 100vw, 1188px\" \/><\/p>\n<h2><strong>S\u1ee8 M\u1ec6NH<\/strong><\/h2>\n<p style=\"text-align: justify;\">C\u00f4ng ty x\u00e2y d\u1ef1ng <strong>KIM NG\u00c2N<\/strong> c\u00f3 s\u1ee9 m\u1ec7nh l\u00e0 cung c\u1ea5p cho kh\u00e1ch h\u00e0ng nh\u1eefng d\u1ecbch v\u1ee5 thi\u1ebft k\u1ebf v\u00e0 thi c\u00f4ng ki\u1ebfn tr\u00fac v\u00e0 n\u1ed9i th\u1ea5t t\u1ed1t nh\u1ea5t, t\u1eeb kh\u00e2u t\u01b0 v\u1ea5n, thi\u1ebft k\u1ebf \u0111\u1ebfn thi c\u00f4ng, v\u1edbi ch\u1ea5t l\u01b0\u1ee3ng cao, gi\u00e1 c\u1ea3 h\u1ee3p l\u00fd v\u00e0 b\u1ea3o h\u00e0nh uy t\u00edn. C\u00f4ng ty c\u0169ng c\u00f3 s\u1ee9 m\u1ec7nh l\u00e0 t\u1ea1o ra m\u1ed9t m\u00f4i tr\u01b0\u1eddng l\u00e0m vi\u1ec7c chuy\u00ean nghi\u1ec7p, n\u0103ng \u0111\u1ed9ng v\u00e0 th\u00e2n thi\u1ec7n cho nh\u00e2n vi\u00ean, \u0111\u1ed1i t\u00e1c v\u00e0 c\u1ed9ng \u0111\u1ed3ng. C\u00f4ng ty c\u0169ng c\u00f3 s\u1ee9 m\u1ec7nh l\u00e0 \u0111\u00f3ng g\u00f3p cho s\u1ef1 ph\u00e1t tri\u1ec3n c\u1ee7a ng\u00e0nh x\u00e2y d\u1ef1ng v\u00e0 \u0111\u00f4 th\u1ecb h\u00f3a, b\u1ea3o v\u1ec7 m\u00f4i tr\u01b0\u1eddng v\u00e0 n\u00e2ng cao ch\u1ea5t l\u01b0\u1ee3ng cu\u1ed9c s\u1ed1ng cho ng\u01b0\u1eddi d\u00e2n.<\/p>\n<p><img decoding=\"async\" loading=\"lazy\" class=\"aligncenter size-full wp-image-979\" src=\"https:\/\/demo9.thuythu.vn\/kimngan\/wp-content\/uploads\/2023\/12\/gioi-thieu-2.png\" alt=\"\" width=\"1188\" height=\"500\" srcset=\"https:\/\/demo9.thuythu.vn\/kimngan\/wp-content\/uploads\/2023\/12\/gioi-thieu-2.png 1188w, https:\/\/demo9.thuythu.vn\/kimngan\/wp-content\/uploads\/2023\/12\/gioi-thieu-2-800x337.png 800w, https:\/\/demo9.thuythu.vn\/kimngan\/wp-content\/uploads\/2023\/12\/gioi-thieu-2-768x323.png 768w\" sizes=\"(max-width: 1188px) 100vw, 1188px\" \/><\/p>\n","protected":false},"excerpt":{"rendered":"<p>C\u00f4ng ty x\u00e2y d\u1ef1ng KIM NG\u00c2N l\u00e0 m\u1ed9t trong nh\u1eefng c\u00f4ng ty h\u00e0ng \u0111\u1ea7u trong l\u0129nh v\u1ef1c thi\u1ebft k\u1ebf v\u00e0 thi c\u00f4ng c\u00e1c c\u00f4ng tr\u00ecnh ki\u1ebfn tr\u00fac v\u00e0 n\u1ed9i th\u1ea5t t\u1ea1i \u0110\u1ed3ng Nai. C\u00f4ng ty \u0111\u01b0\u1ee3c th\u00e0nh l\u1eadp v\u00e0o n\u0103m 2010 b\u1edfi \u00f4ng \u0110\u1eacU \u0110\u1ee8C \u0110\u00d4NG, m\u1ed9t ng\u01b0\u1eddi gi\u00e0u kinh nghi\u1ec7m v\u00e0 t\u00e2m huy\u1ebft trong [&#8230;]\n","protected":false},"author":1,"featured_media":0,"parent":0,"menu_order":0,"comment_status":"closed","ping_status":"closed","template":"","meta":{"inline_featured_image":false,"pgc_sgb_lightbox_settings":"","footnotes":""},"acf":[],"lang":"vi","translations":{"vi":445},"pll_sync_post":[],"_links":{"self":[{"href":"https:\/\/demo9.thuythu.vn\/kimngan\/wp-json\/wp\/v2\/pages\/445"}],"collection":[{"href":"https:\/\/demo9.thuythu.vn\/kimngan\/wp-json\/wp\/v2\/pages"}],"about":[{"href":"https:\/\/demo9.thuythu.vn\/kimngan\/wp-json\/wp\/v2\/types\/page"}],"author":[{"embeddable":true,"href":"https:\/\/demo9.thuythu.vn\/kimngan\/wp-json\/wp\/v2\/users\/1"}],"replies":[{"embeddable":true,"href":"https:\/\/demo9.thuythu.vn\/kimngan\/wp-json\/wp\/v2\/comments?post=445"}],"version-history":[{"count":8,"href":"https:\/\/demo9.thuythu.vn\/kimngan\/wp-json\/wp\/v2\/pages\/445\/revisions"}],"predecessor-version":[{"id":1055,"href":"https:\/\/demo9.thuythu.vn\/kimngan\/wp-json\/wp\/v2\/pages\/445\/revisions\/1055"}],"wp:attachment":[{"href":"https:\/\/demo9.thuythu.vn\/kimngan\/wp-json\/wp\/v2\/media?parent=445"}],"curies":[{"name":"wp","href":"https:\/\/api.w.org\/{rel}","templated":true}]}}