{"id":597,"date":"2023-10-12T09:31:21","date_gmt":"2023-10-12T09:31:21","guid":{"rendered":"https:\/\/demo9.thuythu.vn\/isb\/?page_id=597"},"modified":"2023-11-27T17:13:59","modified_gmt":"2023-11-27T17:13:59","slug":"dang-ky-giang-vien","status":"publish","type":"page","link":"https:\/\/demo9.thuythu.vn\/isb\/dang-ky-giang-vien\/","title":{"rendered":"\u0110\u0103ng k\u00fd gi\u1ea3ng vi\u00ean"},"content":{"rendered":"","protected":false},"excerpt":{"rendered":"","protected":false},"author":1,"featured_media":0,"parent":0,"menu_order":0,"comment_status":"closed","ping_status":"closed","template":"page-lecturer.php","meta":{"inline_featured_image":false,"footnotes":""},"acf":[],"lang":"vi","translations":{"vi":597,"en":1696},"pll_sync_post":[],"_links":{"self":[{"href":"https:\/\/demo9.thuythu.vn\/isb\/wp-json\/wp\/v2\/pages\/597"}],"collection":[{"href":"https:\/\/demo9.thuythu.vn\/isb\/wp-json\/wp\/v2\/pages"}],"about":[{"href":"https:\/\/demo9.thuythu.vn\/isb\/wp-json\/wp\/v2\/types\/page"}],"author":[{"embeddable":true,"href":"https:\/\/demo9.thuythu.vn\/isb\/wp-json\/wp\/v2\/users\/1"}],"replies":[{"embeddable":true,"href":"https:\/\/demo9.thuythu.vn\/isb\/wp-json\/wp\/v2\/comments?post=597"}],"version-history":[{"count":8,"href":"https:\/\/demo9.thuythu.vn\/isb\/wp-json\/wp\/v2\/pages\/597\/revisions"}],"predecessor-version":[{"id":1782,"href":"https:\/\/demo9.thuythu.vn\/isb\/wp-json\/wp\/v2\/pages\/597\/revisions\/1782"}],"wp:attachment":[{"href":"https:\/\/demo9.thuythu.vn\/isb\/wp-json\/wp\/v2\/media?parent=597"}],"curies":[{"name":"wp","href":"https:\/\/api.w.org\/{rel}","templated":true}]}}