{"id":1603,"date":"2025-01-08T06:31:24","date_gmt":"2025-01-07T23:31:24","guid":{"rendered":"https:\/\/uat2.thuythu.vn\/ielts\/?post_type=product&#038;p=1603"},"modified":"2025-02-12T10:16:25","modified_gmt":"2025-02-12T03:16:25","slug":"ielts-speaking-forecast-q1-2022","status":"publish","type":"product","link":"https:\/\/demo9.thuythu.vn\/ieltsthetutors\/ielts-speaking-forecast-q1-2022\/","title":{"rendered":"IELTS Speaking Forecast Q1\/2022"},"content":{"rendered":"<ul>\n<li style=\"font-weight: 400;\" aria-level=\"1\"><b>Speaking Part 1:<\/b><span style=\"font-weight: 400;\"> Kh\u00e1m ph\u00e1 c\u00e1c ch\u1ee7 \u0111\u1ec1 d\u1ec5 g\u00e2y h\u1ee9ng th\u00fa nh\u01b0 <\/span><b>Technology, Tourism, Habits<\/b><span style=\"font-weight: 400;\">, v\u1edbi danh s\u00e1ch t\u1eeb v\u1ef1ng chuy\u00ean s\u00e2u, c\u00e1ch tr\u1ea3 l\u1eddi t\u1ef1 nhi\u00ean v\u00e0 c\u00e1c v\u00ed d\u1ee5 minh h\u1ecda th\u1ef1c t\u1ebf.<\/span><\/li>\n<li style=\"font-weight: 400;\" aria-level=\"1\"><b>Speaking Part 2 &amp; 3:<\/b><span style=\"font-weight: 400;\"> B\u1ed9 c\u00e2u h\u1ecfi nh\u01b0 &#8220;Describe a lesson that you remember well&#8221; kh\u00f4ng ch\u1ec9 gi\u00fap h\u1ecdc vi\u00ean m\u1edf r\u1ed9ng \u00fd t\u01b0\u1edfng m\u00e0 c\u00f2n r\u00e8n luy\u1ec7n c\u00e1ch k\u1ebft h\u1ee3p ng\u1eef ph\u00e1p v\u1edbi t\u1eeb v\u1ef1ng. T\u00e0i li\u1ec7u ph\u00e2n t\u00edch chi ti\u1ebft chi\u1ebfn l\u01b0\u1ee3c tr\u1ea3 l\u1eddi cho c\u1ea3 ph\u1ea7n 2 v\u00e0 ph\u1ea7n 3 gi\u00fap h\u1ecdc vi\u00ean hi\u1ec3u r\u00f5 y\u00eau c\u1ea7u v\u00e0 k\u1ef3 v\u1ecdng t\u1eeb gi\u00e1m kh\u1ea3o.<\/span><\/li>\n<li style=\"font-weight: 400;\" aria-level=\"1\"><b>Extra Tips:<\/b><span style=\"font-weight: 400;\"> Ph\u1ea7n b\u1ed5 sung bao g\u1ed3m c\u00e1c l\u01b0u \u00fd v\u1ec1 tr\u1ecdng \u00e2m, c\u00e1ch ph\u00e1t \u00e2m t\u1eeb kh\u00f3, v\u00e0 c\u00e1c l\u1ed7i ph\u1ed5 bi\u1ebfn c\u1ea7n tr\u00e1nh.<\/span><\/li>\n<\/ul>\n<p><b>T\u1ea1i sao n\u00ean mua s\u00e1ch n\u00e0y?<\/b><b><br \/>\n<\/b><span style=\"font-weight: 400;\">S\u00e1ch \u0111\u01b0\u1ee3c thi\u1ebft k\u1ebf ph\u00f9 h\u1ee3p cho c\u00e1c h\u1ecdc vi\u00ean chu\u1ea9n b\u1ecb thi Speaking \u0111\u1ea7u n\u0103m 2022, cung c\u1ea5p b\u1ed9 \u0111\u1ec1 v\u00e0 t\u00e0i li\u1ec7u c\u1eadp nh\u1eadt d\u1ef1a tr\u00ean c\u00e1c b\u00e0i thi th\u1ef1c t\u1ebf g\u1ea7n \u0111\u00e2y. \u0110\u00e2y l\u00e0 l\u1ef1a ch\u1ecdn l\u00fd t\u01b0\u1edfng \u0111\u1ec3 x\u00e2y d\u1ef1ng n\u1ec1n t\u1ea3ng v\u1eefng ch\u1eafc tr\u01b0\u1edbc khi b\u01b0\u1edbc v\u00e0o k\u1ef3 thi ch\u00ednh th\u1ee9c.<\/span><\/p>\n","protected":false},"excerpt":{"rendered":"<p>D\u1ef1 \u0111o\u00e1n ch\u1ee7 \u0111\u1ec1 Speaking c\u00f3 kh\u1ea3 n\u0103ng s\u1ebd xu\u1ea5t hi\u1ec7n trong \u0111\u1ec1 thi th\u1ef1c t\u1ebf.<\/p>\n","protected":false},"featured_media":1538,"comment_status":"open","ping_status":"closed","template":"","meta":{"_acf_changed":false,"inline_featured_image":false},"product_cat":[15],"product_tag":[100,102],"class_list":{"0":"post-1603","1":"product","2":"type-product","3":"status-publish","4":"has-post-thumbnail","6":"product_cat-ielts-4-ky-nang","7":"product_tag-inter-mediate","8":"product_tag-speaking-forecast","10":"first","11":"instock","12":"shipping-taxable","13":"product-type-simple"},"acf":[],"_links":{"self":[{"href":"https:\/\/demo9.thuythu.vn\/ieltsthetutors\/wp-json\/wp\/v2\/product\/1603","targetHints":{"allow":["GET"]}}],"collection":[{"href":"https:\/\/demo9.thuythu.vn\/ieltsthetutors\/wp-json\/wp\/v2\/product"}],"about":[{"href":"https:\/\/demo9.thuythu.vn\/ieltsthetutors\/wp-json\/wp\/v2\/types\/product"}],"replies":[{"embeddable":true,"href":"https:\/\/demo9.thuythu.vn\/ieltsthetutors\/wp-json\/wp\/v2\/comments?post=1603"}],"wp:featuredmedia":[{"embeddable":true,"href":"https:\/\/demo9.thuythu.vn\/ieltsthetutors\/wp-json\/wp\/v2\/media\/1538"}],"wp:attachment":[{"href":"https:\/\/demo9.thuythu.vn\/ieltsthetutors\/wp-json\/wp\/v2\/media?parent=1603"}],"wp:term":[{"taxonomy":"product_cat","embeddable":true,"href":"https:\/\/demo9.thuythu.vn\/ieltsthetutors\/wp-json\/wp\/v2\/product_cat?post=1603"},{"taxonomy":"product_tag","embeddable":true,"href":"https:\/\/demo9.thuythu.vn\/ieltsthetutors\/wp-json\/wp\/v2\/product_tag?post=1603"}],"curies":[{"name":"wp","href":"https:\/\/api.w.org\/{rel}","templated":true}]}}