{"id":1602,"date":"2025-01-08T06:20:38","date_gmt":"2025-01-07T23:20:38","guid":{"rendered":"https:\/\/uat2.thuythu.vn\/ielts\/?post_type=product&#038;p=1602"},"modified":"2025-02-12T10:17:38","modified_gmt":"2025-02-12T03:17:38","slug":"giao-trinh-platinum","status":"publish","type":"product","link":"https:\/\/demo9.thuythu.vn\/ieltsthetutors\/giao-trinh-platinum\/","title":{"rendered":"Gi\u00e1o tr\u00ecnh PLATINUM"},"content":{"rendered":"<p><b>Vocab\/Grammar:<\/b><span style=\"font-weight: 400;\"> X\u00e2y d\u1ef1ng n\u1ec1n t\u1ea3ng t\u1eeb v\u1ef1ng v\u00e0 ng\u1eef ph\u00e1p c\u0103n b\u1ea3n (A1-A2) qua c\u00e1c ch\u1ee7 \u0111\u1ec1 giao ti\u1ebfp h\u00e0ng ng\u00e0y v\u00e0 h\u1ecdc thu\u1eadt c\u01a1 b\u1ea3n nh\u01b0 Family, Travel, Work. C\u00e1c th\u00ec c\u01a1 b\u1ea3n, \u0111\u1ed9ng t\u1eeb khuy\u1ebft thi\u1ebfu, v\u00e0 c\u00e2u ph\u1ee9c \u0111\u01a1n gi\u1ea3n \u0111\u01b0\u1ee3c th\u1ef1c h\u00e0nh k\u1ef9 l\u01b0\u1ee1ng \u0111\u1ec3 h\u1ecdc vi\u00ean s\u1eed d\u1ee5ng t\u1ef1 tin.<\/span><\/p>\n<p><b>Listening\/Reading: <\/b><span style=\"font-weight: 400;\">H\u01b0\u1edbng d\u1eabn l\u00e0m quen v\u1edbi c\u00e1c d\u1ea1ng b\u00e0i c\u01a1 b\u1ea3n c\u1ee7a IELTS nh\u01b0 Matching, Sentence Completion, v\u00e0 True\/False\/Not Given. T\u0103ng c\u01b0\u1eddng k\u1ef9 n\u0103ng \u0111\u1ecdc hi\u1ec3u v\u00e0 nghe ch\u00ednh x\u00e1c v\u1edbi c\u00e1c \u0111o\u1ea1n v\u0103n v\u00e0 b\u00e0i nghe \u0111\u01a1n gi\u1ea3n.<\/span><\/p>\n<p><b>Writing:<\/b><span style=\"font-weight: 400;\"> T\u1eadp trung \u00f4n luy\u1ec7n c\u1ea5u tr\u00fac c\u00e2u v\u00e0 vi\u1ebft \u0111o\u1ea1n v\u0103n ng\u1eafn, gi\u00fap h\u1ecdc vi\u00ean tri\u1ec3n khai \u00fd r\u00f5 r\u00e0ng, \u0111\u00fang ng\u1eef ph\u00e1p. B\u1eaft \u0111\u1ea7u l\u00e0m quen v\u1edbi Task 1 v\u00e0 Task 2 \u0111\u01a1n gi\u1ea3n.<\/span><\/p>\n<p><b>Speaking\/Pronunciation:<\/b><span style=\"font-weight: 400;\"> Th\u1ef1c h\u00e0nh n\u00f3i tr\u00f4i ch\u1ea3y c\u00e1c ch\u1ee7 \u0111\u1ec1 c\u01a1 b\u1ea3n, c\u1ea3i thi\u1ec7n ph\u00e1t \u00e2m, tr\u1ecdng \u00e2m, v\u00e0 ph\u1ea3n x\u1ea1 giao ti\u1ebfp.<\/span><\/p>\n<p><b>\u0110\u1ed1i t\u01b0\u1ee3ng:<\/b><\/p>\n<p><span style=\"font-weight: 400;\">D\u00e0nh cho h\u1ecdc vi\u00ean \u0111\u00e3 c\u00f3 n\u1ec1n t\u1ea3ng v\u1ec1 IELTS, c\u1ea7n x\u00e2y d\u1ef1ng s\u1ef1 phong ph\u00fa c\u1ee7a v\u1ed1n t\u1eeb v\u1ef1ng v\u00e0 ng\u1eef ph\u00e1p v\u1edbi \u0111\u1ed9 kh\u00f3 trung b\u00ecnh. Gi\u00e1o tr\u00ecnh PLATINUM ph\u00f9 h\u1ee3p \u0111\u1ec3 gi\u00fap b\u1ea1n s\u1eb5n s\u00e0ng b\u01b0\u1edbc v\u00e0o h\u00e0nh tr\u00ecnh h\u1ecdc IELTS chuy\u00ean s\u00e2u.<\/span><\/p>\n","protected":false},"excerpt":{"rendered":"<p>T\u0103ng c\u01b0\u1eddng t\u1eeb v\u1ef1ng v\u00e0 ng\u1eef ph\u00e1p IELTS t\u1eeb c\u01a1 b\u1ea3n \u0111\u1ebfn n\u00e2ng cao<\/p>\n","protected":false},"featured_media":1538,"comment_status":"open","ping_status":"closed","template":"","meta":{"_acf_changed":false,"inline_featured_image":false},"product_cat":[94],"product_tag":[101,109],"class_list":{"0":"post-1602","1":"product","2":"type-product","3":"status-publish","4":"has-post-thumbnail","6":"product_cat-giao-trinh-ielts-signature","7":"product_tag-giao-trinh","8":"product_tag-basic","10":"first","11":"instock","12":"shipping-taxable","13":"product-type-simple"},"acf":[],"_links":{"self":[{"href":"https:\/\/demo9.thuythu.vn\/ieltsthetutors\/wp-json\/wp\/v2\/product\/1602","targetHints":{"allow":["GET"]}}],"collection":[{"href":"https:\/\/demo9.thuythu.vn\/ieltsthetutors\/wp-json\/wp\/v2\/product"}],"about":[{"href":"https:\/\/demo9.thuythu.vn\/ieltsthetutors\/wp-json\/wp\/v2\/types\/product"}],"replies":[{"embeddable":true,"href":"https:\/\/demo9.thuythu.vn\/ieltsthetutors\/wp-json\/wp\/v2\/comments?post=1602"}],"wp:featuredmedia":[{"embeddable":true,"href":"https:\/\/demo9.thuythu.vn\/ieltsthetutors\/wp-json\/wp\/v2\/media\/1538"}],"wp:attachment":[{"href":"https:\/\/demo9.thuythu.vn\/ieltsthetutors\/wp-json\/wp\/v2\/media?parent=1602"}],"wp:term":[{"taxonomy":"product_cat","embeddable":true,"href":"https:\/\/demo9.thuythu.vn\/ieltsthetutors\/wp-json\/wp\/v2\/product_cat?post=1602"},{"taxonomy":"product_tag","embeddable":true,"href":"https:\/\/demo9.thuythu.vn\/ieltsthetutors\/wp-json\/wp\/v2\/product_tag?post=1602"}],"curies":[{"name":"wp","href":"https:\/\/api.w.org\/{rel}","templated":true}]}}