{"id":1554,"date":"2025-01-08T05:39:57","date_gmt":"2025-01-07T22:39:57","guid":{"rendered":"https:\/\/uat2.thuythu.vn\/ielts\/?post_type=product&#038;p=1554"},"modified":"2025-02-12T10:18:28","modified_gmt":"2025-02-12T03:18:28","slug":"giao-trinh-elite","status":"publish","type":"product","link":"https:\/\/demo9.thuythu.vn\/ieltsthetutors\/giao-trinh-elite\/","title":{"rendered":"Gi\u00e1o tr\u00ecnh ELITE"},"content":{"rendered":"<p><b>Vocab\/Grammar: <\/b><span style=\"font-weight: 400;\">T\u00edch h\u1ee3p t\u1eeb v\u1ef1ng v\u00e0 c\u1ea5u tr\u00fac c\u00e2u ph\u1ee9c ph\u00f9 h\u1ee3p v\u1edbi tr\u00ecnh \u0111\u1ed9 B2 tr\u1edf l\u00ean. C\u00e1c ch\u1ee7 \u0111\u1ec1 n\u00e2ng cao nh\u01b0 Crime, Culture, v\u00e0 Urbanization \u0111\u01b0\u1ee3c khai th\u00e1c s\u00e2u, gi\u00fap h\u1ecdc vi\u00ean c\u1ea3i thi\u1ec7n kh\u1ea3 n\u0103ng paraphrasing v\u00e0 ph\u00e1t tri\u1ec3n c\u00e2u ph\u1ee9c t\u1ea1p.<\/span><\/p>\n<p><b>Writing: <\/b><span style=\"font-weight: 400;\">H\u01b0\u1edbng d\u1eabn vi\u1ebft chuy\u00ean s\u00e2u cho c\u00e1c d\u1ea1ng Task 2 kh\u00f3 nh\u01b0 Advantage\/Disadvantage v\u00e0 Discussion, \u0111\u1ed3ng th\u1eddi t\u1ed1i \u01b0u h\u00f3a c\u1ea5u tr\u00fac b\u00e0i vi\u1ebft.<\/span><\/p>\n<p><b>Speaking: <\/b><span style=\"font-weight: 400;\">Ph\u00e1t tri\u1ec3n k\u1ef9 n\u0103ng tr\u1ea3 l\u1eddi Part 3 v\u1edbi c\u00e1c ch\u1ee7 \u0111\u1ec1 kh\u00f3. Luy\u1ec7n t\u1eadp s\u1eed d\u1ee5ng t\u1eeb v\u1ef1ng n\u00e2ng cao v\u00e0 c\u00e1ch l\u1eadp lu\u1eadn ch\u1eb7t ch\u1ebd.<\/span><\/p>\n<p><b>\u0110\u1ed1i t\u01b0\u1ee3ng: <\/b><span style=\"font-weight: 400;\">D\u00e0nh cho h\u1ecdc vi\u00ean \u0111\u00e3 c\u00f3 tr\u00ecnh \u0111\u1ed9 6.0-6.5, mu\u1ed1n ph\u00e1t tri\u1ec3n k\u1ef9 n\u0103ng h\u1ecdc thu\u1eadt to\u00e0n di\u1ec7n v\u00e0 \u0111\u1ea1t \u0111i\u1ec3m 7.0+ trong IELTS.<\/span><\/p>\n","protected":false},"excerpt":{"rendered":"<p>\u0110\u00e2y s\u1ebd l\u00e0 s\u1ef1 l\u1ef1a ch\u1ecdn cho b\u1ea1n n\u1ebfu mu\u1ed1n c\u00f3 m\u1ee5c ti\u00eau IELTS 7.0+ v\u1edbi c\u00e1c b\u00e0i t\u1eadp th\u1ef1c t\u1ebf v\u00e0 chi\u1ebfn thu\u1eadt thi t\u1ed1i \u01b0u.<\/p>\n","protected":false},"featured_media":1577,"comment_status":"open","ping_status":"closed","template":"","meta":{"_acf_changed":false,"inline_featured_image":false},"product_cat":[94],"product_tag":[95,101],"class_list":{"0":"post-1554","1":"product","2":"type-product","3":"status-publish","4":"has-post-thumbnail","6":"product_cat-giao-trinh-ielts-signature","7":"product_tag-advanced","8":"product_tag-giao-trinh","10":"first","11":"instock","12":"shipping-taxable","13":"product-type-simple"},"acf":[],"_links":{"self":[{"href":"https:\/\/demo9.thuythu.vn\/ieltsthetutors\/wp-json\/wp\/v2\/product\/1554","targetHints":{"allow":["GET"]}}],"collection":[{"href":"https:\/\/demo9.thuythu.vn\/ieltsthetutors\/wp-json\/wp\/v2\/product"}],"about":[{"href":"https:\/\/demo9.thuythu.vn\/ieltsthetutors\/wp-json\/wp\/v2\/types\/product"}],"replies":[{"embeddable":true,"href":"https:\/\/demo9.thuythu.vn\/ieltsthetutors\/wp-json\/wp\/v2\/comments?post=1554"}],"wp:featuredmedia":[{"embeddable":true,"href":"https:\/\/demo9.thuythu.vn\/ieltsthetutors\/wp-json\/wp\/v2\/media\/1577"}],"wp:attachment":[{"href":"https:\/\/demo9.thuythu.vn\/ieltsthetutors\/wp-json\/wp\/v2\/media?parent=1554"}],"wp:term":[{"taxonomy":"product_cat","embeddable":true,"href":"https:\/\/demo9.thuythu.vn\/ieltsthetutors\/wp-json\/wp\/v2\/product_cat?post=1554"},{"taxonomy":"product_tag","embeddable":true,"href":"https:\/\/demo9.thuythu.vn\/ieltsthetutors\/wp-json\/wp\/v2\/product_tag?post=1554"}],"curies":[{"name":"wp","href":"https:\/\/api.w.org\/{rel}","templated":true}]}}