{"id":1539,"date":"2025-01-08T05:33:28","date_gmt":"2025-01-07T22:33:28","guid":{"rendered":"https:\/\/uat2.thuythu.vn\/ielts\/?post_type=product&#038;p=1539"},"modified":"2025-02-12T10:18:41","modified_gmt":"2025-02-12T03:18:41","slug":"giao-trinh-diamond","status":"publish","type":"product","link":"https:\/\/demo9.thuythu.vn\/ieltsthetutors\/giao-trinh-diamond\/","title":{"rendered":"Gi\u00e1o tr\u00ecnh DIAMOND"},"content":{"rendered":"<p><b>Vocab\/Grammar:<\/b><span style=\"font-weight: 400;\"> Cung c\u1ea5p b\u1ed9 t\u1eeb v\u1ef1ng h\u1ecdc thu\u1eadt m\u1edf r\u1ed9ng theo c\u00e1c ch\u1ee7 \u0111\u1ec1 A2-B1 nh\u01b0 Technology, Environment, v\u00e0 Education. N\u00e2ng cao k\u1ef9 n\u0103ng s\u1eed d\u1ee5ng c\u00e1c c\u1ea5u tr\u00fac ng\u1eef ph\u00e1p ph\u1ee9c t\u1ea1p nh\u01b0 c\u00e2u \u0111i\u1ec1u ki\u1ec7n, m\u1ec7nh \u0111\u1ec1 quan h\u1ec7, v\u00e0 c\u00e1c th\u00ec ho\u00e0n th\u00e0nh.<\/span><\/p>\n<p><b>Listening\/Reading:<\/b><span style=\"font-weight: 400;\"> Th\u1ef1c h\u00e0nh v\u1edbi c\u00e1c d\u1ea1ng b\u00e0i n\u00e2ng cao h\u01a1n nh\u01b0 Matching Headings, Multiple Choice, v\u00e0 True\/False\/Not Given. H\u1ecdc vi\u00ean h\u1ecdc c\u00e1ch ph\u00e2n t\u00edch c\u00e2u h\u1ecfi v\u00e0 qu\u1ea3n l\u00fd th\u1eddi gian l\u00e0m b\u00e0i hi\u1ec7u qu\u1ea3 h\u01a1n.<\/span><\/p>\n<p><b>Writing: <\/b><span style=\"font-weight: 400;\">H\u01b0\u1edbng d\u1eabn vi\u1ebft Task 1 (bi\u1ec3u \u0111\u1ed3 c\u01a1 b\u1ea3n) v\u00e0 Task 2 (b\u00e0i lu\u1eadn Opinion v\u00e0 Problem-Solution). T\u1eadp trung ph\u00e1t tri\u1ec3n \u00fd t\u01b0\u1edfng v\u00e0 c\u00e1ch t\u1ed5 ch\u1ee9c b\u00e0i vi\u1ebft m\u1ea1ch l\u1ea1c.<\/span><\/p>\n<p><b>Speaking: <\/b><span style=\"font-weight: 400;\">R\u00e8n luy\u1ec7n ph\u1ea3n x\u1ea1 v\u1edbi c\u00e1c c\u00e2u h\u1ecfi Part 1 v\u00e0 Part 2. Gi\u00e1o tr\u00ecnh gi\u00fap h\u1ecdc vi\u00ean m\u1edf r\u1ed9ng c\u00e2u tr\u1ea3 l\u1eddi v\u00e0 s\u1eed d\u1ee5ng t\u1eeb n\u1ed1i linh ho\u1ea1t.<\/span><\/p>\n<p><b>\u0110\u1ed1i t\u01b0\u1ee3ng:<\/b><\/p>\n<p><span style=\"font-weight: 400;\">Ph\u00f9 h\u1ee3p v\u1edbi h\u1ecdc vi\u00ean c\u00f3 tr\u00ecnh \u0111\u1ed9 A2-B1 v\u00e0 \u0111ang \u0111\u1eb7t m\u1ee5c ti\u00eau t\u0103ng \u0111i\u1ec3m IELTS t\u1eeb 4.0-5.0. Gi\u00e1o tr\u00ecnh DIAMOND gi\u00fap b\u1ea1n \u0111\u1ea1t \u0111\u01b0\u1ee3c s\u1ef1 t\u1ef1 tin v\u00e0 k\u1ef9 n\u0103ng c\u01a1 b\u1ea3n c\u1ea7n thi\u1ebft trong k\u1ef3 thi IELTS.<\/span><\/p>\n","protected":false},"excerpt":{"rendered":"<p>T\u0103ng c\u01b0\u1eddng k\u1ef9 n\u0103ng Writing v\u00e0 Speaking \u0111\u1ec3 \u0111\u1ea1t \u0111i\u1ec3m cao trong IELTS<\/p>\n","protected":false},"featured_media":1553,"comment_status":"open","ping_status":"closed","template":"","meta":{"_acf_changed":false,"inline_featured_image":false},"product_cat":[94],"product_tag":[100,101],"class_list":{"0":"post-1539","1":"product","2":"type-product","3":"status-publish","4":"has-post-thumbnail","6":"product_cat-giao-trinh-ielts-signature","7":"product_tag-inter-mediate","8":"product_tag-giao-trinh","10":"first","11":"instock","12":"shipping-taxable","13":"product-type-simple"},"acf":[],"_links":{"self":[{"href":"https:\/\/demo9.thuythu.vn\/ieltsthetutors\/wp-json\/wp\/v2\/product\/1539","targetHints":{"allow":["GET"]}}],"collection":[{"href":"https:\/\/demo9.thuythu.vn\/ieltsthetutors\/wp-json\/wp\/v2\/product"}],"about":[{"href":"https:\/\/demo9.thuythu.vn\/ieltsthetutors\/wp-json\/wp\/v2\/types\/product"}],"replies":[{"embeddable":true,"href":"https:\/\/demo9.thuythu.vn\/ieltsthetutors\/wp-json\/wp\/v2\/comments?post=1539"}],"wp:featuredmedia":[{"embeddable":true,"href":"https:\/\/demo9.thuythu.vn\/ieltsthetutors\/wp-json\/wp\/v2\/media\/1553"}],"wp:attachment":[{"href":"https:\/\/demo9.thuythu.vn\/ieltsthetutors\/wp-json\/wp\/v2\/media?parent=1539"}],"wp:term":[{"taxonomy":"product_cat","embeddable":true,"href":"https:\/\/demo9.thuythu.vn\/ieltsthetutors\/wp-json\/wp\/v2\/product_cat?post=1539"},{"taxonomy":"product_tag","embeddable":true,"href":"https:\/\/demo9.thuythu.vn\/ieltsthetutors\/wp-json\/wp\/v2\/product_tag?post=1539"}],"curies":[{"name":"wp","href":"https:\/\/api.w.org\/{rel}","templated":true}]}}