{"id":1527,"date":"2025-01-08T05:29:03","date_gmt":"2025-01-07T22:29:03","guid":{"rendered":"https:\/\/uat2.thuythu.vn\/ielts\/?post_type=product&#038;p=1527"},"modified":"2025-02-12T10:18:52","modified_gmt":"2025-02-12T03:18:52","slug":"bo-actual-listening-speaking","status":"publish","type":"product","link":"https:\/\/demo9.thuythu.vn\/ieltsthetutors\/bo-actual-listening-speaking\/","title":{"rendered":"B\u1ed9 Actual Listening &#8211; Speaking"},"content":{"rendered":"<p><b>N\u1ed9i dung t\u00e0i li\u1ec7u:<\/b><\/p>\n<ul>\n<li style=\"font-weight: 400;\" aria-level=\"1\"><b>Listening:<\/b><span style=\"font-weight: 400;\"> T\u00e0i li\u1ec7u bao g\u1ed3m 5 b\u1ed9 \u0111\u1ec1 Listening t\u1eeb c\u00e1c k\u1ef3 thi th\u1ef1c t\u1ebf, \u0111\u01b0\u1ee3c t\u1ed5ng h\u1ee3p v\u00e0 ch\u1ecdn l\u1ecdc k\u1ef9 l\u01b0\u1ee1ng. M\u1ed7i b\u1ed9 \u0111\u1ec1 cung c\u1ea5p \u0111\u1ea7y \u0111\u1ee7 c\u00e1c d\u1ea1ng c\u00e2u h\u1ecfi ph\u1ed5 bi\u1ebfn nh\u01b0 <\/span><b>Multiple Choice, Map Labelling, Sentence Completion, Matching<\/b><span style=\"font-weight: 400;\">, c\u00f9ng v\u1edbi file audio chu\u1ea9n \u0111\u1ec3 luy\u1ec7n t\u1eadp. Ph\u1ea7n l\u1eddi gi\u1ea3i chi ti\u1ebft gi\u00fap h\u1ecdc vi\u00ean hi\u1ec3u r\u00f5 c\u00e1ch ph\u00e2n t\u00edch v\u00e0 l\u1ef1a ch\u1ecdn \u0111\u00e1p \u00e1n ch\u00ednh x\u00e1c.<\/span><\/li>\n<li style=\"font-weight: 400;\" aria-level=\"1\"><b>Speaking:<\/b><span style=\"font-weight: 400;\"> Ph\u1ea7n Speaking trong t\u00e0i li\u1ec7u t\u1eadp trung v\u00e0o c\u00e1c b\u1ed9 \u0111\u1ec1 thi th\u1eadt, gi\u00fap h\u1ecdc vi\u00ean l\u00e0m quen v\u1edbi c\u00e1c c\u00e2u h\u1ecfi th\u01b0\u1eddng g\u1eb7p \u1edf c\u1ea3 3 Part. \u0110i\u1ec3m n\u1ed5i b\u1eadt l\u00e0 c\u00e1c c\u00e2u tr\u1ea3 l\u1eddi m\u1eabu ch\u1ea5t l\u01b0\u1ee3ng cao, b\u00e1m s\u00e1t ti\u00eau ch\u00ed ch\u1ea5m \u0111i\u1ec3m c\u1ee7a k\u1ef3 thi IELTS, c\u00f9ng v\u1edbi ph\u1ea7n ph\u00e2n t\u00edch t\u1eeb v\u1ef1ng v\u00e0 c\u1ea5u tr\u00fac c\u00e2u. C\u00e1c ch\u1ee7 \u0111\u1ec1 \u0111a d\u1ea1ng v\u00e0 c\u1eadp nh\u1eadt, bao g\u1ed3m <\/span><b>Technology, Environment, Hobbies, Education<\/b><span style=\"font-weight: 400;\">, gi\u00fap h\u1ecdc vi\u00ean t\u1ef1 tin x\u1eed l\u00fd m\u1ecdi t\u00ecnh hu\u1ed1ng trong ph\u00f2ng thi.<\/span><\/li>\n<\/ul>\n<p><b>\u0110i\u1ec3m n\u1ed5i b\u1eadt:<\/b><\/p>\n<ul>\n<li style=\"font-weight: 400;\" aria-level=\"1\"><b>T\u1ed5ng h\u1ee3p th\u1ef1c t\u1ebf:<\/b><span style=\"font-weight: 400;\"> C\u1ea3 Listening v\u00e0 Speaking \u0111\u1ec1u \u0111\u01b0\u1ee3c x\u00e2y d\u1ef1ng t\u1eeb c\u00e1c \u0111\u1ec1 thi th\u1ef1c t\u1ebf trong giai \u0111o\u1ea1n g\u1ea7n \u0111\u00e2y, \u0111\u1ea3m b\u1ea3o t\u00ednh ch\u00ednh x\u00e1c v\u00e0 b\u00e1m s\u00e1t \u0111\u1ec1 thi th\u1eadt.<\/span><\/li>\n<li style=\"font-weight: 400;\" aria-level=\"1\"><b>Ph\u00e1t tri\u1ec3n k\u1ef9 n\u0103ng to\u00e0n di\u1ec7n:<\/b><span style=\"font-weight: 400;\"> T\u00e0i li\u1ec7u kh\u00f4ng ch\u1ec9 t\u1eadp trung v\u00e0o n\u1ed9i dung m\u00e0 c\u00f2n h\u01b0\u1edbng d\u1eabn h\u1ecdc vi\u00ean chi\u1ebfn l\u01b0\u1ee3c l\u00e0m b\u00e0i hi\u1ec7u qu\u1ea3, t\u1eeb qu\u1ea3n l\u00fd th\u1eddi gian trong ph\u1ea7n Listening \u0111\u1ebfn c\u00e1ch ph\u00e1t tri\u1ec3n c\u00e2u tr\u1ea3 l\u1eddi logic v\u00e0 m\u1ea1ch l\u1ea1c trong ph\u1ea7n Speaking.<\/span><\/li>\n<li style=\"font-weight: 400;\" aria-level=\"1\"><b>T\u0103ng c\u01b0\u1eddng t\u1ef1 tin:<\/b><span style=\"font-weight: 400;\"> Nh\u1edd s\u1ef1 luy\u1ec7n t\u1eadp t\u1eeb c\u00e1c \u0111\u1ec1 thi th\u1eadt, h\u1ecdc vi\u00ean s\u1ebd gi\u1ea3m b\u1edbt \u00e1p l\u1ef1c trong ph\u00f2ng thi v\u00e0 \u0111\u1ea1t \u0111\u01b0\u1ee3c k\u1ebft qu\u1ea3 t\u1ed1t h\u01a1n.<\/span><\/li>\n<\/ul>\n<p><b>D\u00e0nh cho ai?<\/b><\/p>\n<ul>\n<li style=\"font-weight: 400;\" aria-level=\"1\"><b>H\u1ecdc vi\u00ean m\u1ecdi tr\u00ecnh \u0111\u1ed9:<\/b><span style=\"font-weight: 400;\"> T\u00e0i li\u1ec7u ph\u00f9 h\u1ee3p v\u1edbi h\u1ecdc vi\u00ean t\u1eeb m\u1ee9c c\u01a1 b\u1ea3n (5.0+) \u0111\u1ebfn n\u00e2ng cao (7.0+), gi\u00fap c\u1ea3i thi\u1ec7n k\u1ef9 n\u0103ng nghe hi\u1ec3u v\u00e0 n\u00f3i m\u1ed9t c\u00e1ch to\u00e0n di\u1ec7n.<\/span><\/li>\n<li style=\"font-weight: 400;\" aria-level=\"1\"><b>Ng\u01b0\u1eddi \u00f4n thi c\u1ea5p t\u1ed1c:<\/b><span style=\"font-weight: 400;\"> \u0110\u00e2y l\u00e0 ngu\u1ed3n tham kh\u1ea3o l\u00fd t\u01b0\u1edfng cho nh\u1eefng b\u1ea1n chu\u1ea9n b\u1ecb thi IELTS trong th\u1eddi gian ng\u1eafn, mu\u1ed1n t\u1eadp trung v\u00e0o ph\u1ea7n Listening v\u00e0 Speaking \u0111\u1ec3 t\u0103ng \u0111i\u1ec3m hi\u1ec7u qu\u1ea3.<\/span><\/li>\n<\/ul>\n<p><b>L\u1ee3i \u00edch khi s\u1edf h\u1eefu:<\/b><\/p>\n<ul>\n<li style=\"font-weight: 400;\" aria-level=\"1\"><span style=\"font-weight: 400;\">H\u1ec7 th\u1ed1ng h\u00f3a ki\u1ebfn th\u1ee9c v\u00e0 k\u1ef9 n\u0103ng c\u1ea7n thi\u1ebft cho k\u1ef3 thi th\u1eadt.<\/span><\/li>\n<li style=\"font-weight: 400;\" aria-level=\"1\"><span style=\"font-weight: 400;\">H\u1ed7 tr\u1ee3 luy\u1ec7n thi ch\u1ee7 \u0111\u1ed9ng, ti\u1ebft ki\u1ec7m th\u1eddi gian v\u00e0 chi ph\u00ed \u00f4n luy\u1ec7n.<\/span><\/li>\n<li style=\"font-weight: 400;\" aria-level=\"1\"><span style=\"font-weight: 400;\">\u0110\u01b0\u1ee3c ti\u1ebfp c\u1eadn v\u1edbi t\u00e0i li\u1ec7u ch\u1ea5t l\u01b0\u1ee3ng cao, c\u1eadp nh\u1eadt v\u00e0 s\u00e1t v\u1edbi th\u1ef1c t\u1ebf.<\/span><\/li>\n<\/ul>\n","protected":false},"excerpt":{"rendered":"<p>\u0110\u00e2y l\u00e0 ngu\u1ed3n tham kh\u1ea3o l\u00fd t\u01b0\u1edfng cho nh\u1eefng b\u1ea1n chu\u1ea9n b\u1ecb thi IELTS trong th\u1eddi gian ng\u1eafn, mu\u1ed1n t\u1eadp trung v\u00e0o ph\u1ea7n Listening v\u00e0 Speaking \u0111\u1ec3 t\u0103ng \u0111i\u1ec3m hi\u1ec7u qu\u1ea3.<\/p>\n","protected":false},"featured_media":1580,"comment_status":"open","ping_status":"closed","template":"","meta":{"_acf_changed":false,"inline_featured_image":false},"product_cat":[93],"product_tag":[100,108],"class_list":{"0":"post-1527","1":"product","2":"type-product","3":"status-publish","4":"has-post-thumbnail","6":"product_cat-tai-lieu-ielts-tong-hop","7":"product_tag-inter-mediate","8":"product_tag-collected","10":"first","11":"instock","12":"shipping-taxable","13":"product-type-simple"},"acf":[],"_links":{"self":[{"href":"https:\/\/demo9.thuythu.vn\/ieltsthetutors\/wp-json\/wp\/v2\/product\/1527","targetHints":{"allow":["GET"]}}],"collection":[{"href":"https:\/\/demo9.thuythu.vn\/ieltsthetutors\/wp-json\/wp\/v2\/product"}],"about":[{"href":"https:\/\/demo9.thuythu.vn\/ieltsthetutors\/wp-json\/wp\/v2\/types\/product"}],"replies":[{"embeddable":true,"href":"https:\/\/demo9.thuythu.vn\/ieltsthetutors\/wp-json\/wp\/v2\/comments?post=1527"}],"wp:featuredmedia":[{"embeddable":true,"href":"https:\/\/demo9.thuythu.vn\/ieltsthetutors\/wp-json\/wp\/v2\/media\/1580"}],"wp:attachment":[{"href":"https:\/\/demo9.thuythu.vn\/ieltsthetutors\/wp-json\/wp\/v2\/media?parent=1527"}],"wp:term":[{"taxonomy":"product_cat","embeddable":true,"href":"https:\/\/demo9.thuythu.vn\/ieltsthetutors\/wp-json\/wp\/v2\/product_cat?post=1527"},{"taxonomy":"product_tag","embeddable":true,"href":"https:\/\/demo9.thuythu.vn\/ieltsthetutors\/wp-json\/wp\/v2\/product_tag?post=1527"}],"curies":[{"name":"wp","href":"https:\/\/api.w.org\/{rel}","templated":true}]}}