{"id":948,"date":"2025-05-29T10:37:26","date_gmt":"2025-05-29T03:37:26","guid":{"rendered":"https:\/\/demo9.thuythu.vn\/hikid\/?page_id=948"},"modified":"2025-05-29T10:37:26","modified_gmt":"2025-05-29T03:37:26","slug":"chinh-sach-bao-mat","status":"publish","type":"page","link":"https:\/\/demo9.thuythu.vn\/hikid\/chinh-sach-bao-mat\/","title":{"rendered":"Ch\u00ednh s\u00e1ch b\u1ea3o m\u1eadt"},"content":{"rendered":"<p>Ch\u00ednh s\u00e1ch b\u1ea3o m\u1eadt th\u00f4ng tin c\u1ee7a website <a href=\"https:\/\/demo9.thuythu.vn\/hikid\/\"><strong>Hikid.vn<\/strong><\/a> \u0111\u01b0\u1ee3c x\u00e2y d\u1ef1ng nh\u1eb1m b\u1ea3o v\u1ec7 d\u1eef li\u1ec7u c\u00e1 nh\u00e2n c\u1ee7a kh\u00e1ch h\u00e0ng, \u0111\u1ea3m b\u1ea3o t\u00ednh minh b\u1ea1ch v\u00e0 an to\u00e0n trong qu\u00e1 tr\u00ecnh s\u1eed d\u1ee5ng d\u1ecbch v\u1ee5. Hikid cam k\u1ebft thu th\u1eadp, l\u01b0u tr\u1eef v\u00e0 x\u1eed l\u00fd th\u00f4ng tin theo c\u00e1c ti\u00eau chu\u1ea9n b\u1ea3o m\u1eadt nghi\u00eam ng\u1eb7t, gi\u00fap kh\u00e1ch h\u00e0ng y\u00ean t\u00e2m khi truy c\u1eadp v\u00e0 giao d\u1ecbch. D\u01b0\u1edbi \u0111\u00e2y l\u00e0 c\u00e1c nguy\u00ean t\u1eafc v\u00e0 cam k\u1ebft quan tr\u1ecdng trong ch\u00ednh s\u00e1ch b\u1ea3o m\u1eadt c\u1ee7a Hikid.<\/p>\n<h2><strong>M\u1ee5c \u0111\u00edch thu th\u1eadp th\u00f4ng tin kh\u00e1ch h\u00e0ng<\/strong><\/h2>\n<p>Hikid thu th\u1eadp th\u00f4ng tin c\u1ee7a kh\u00e1ch h\u00e0ng v\u1edbi c\u00e1c m\u1ee5c \u0111\u00edch ch\u00ednh sau:<\/p>\n<h3><strong>C\u1ea3i thi\u1ec7n ch\u1ea5t l\u01b0\u1ee3ng s\u1ea3n ph\u1ea9m:\u00a0<\/strong><\/h3>\n<p>Hikid ti\u1ebfn h\u00e0nh ph\u00e2n t\u00edch d\u1eef li\u1ec7u t\u1eeb h\u00e0nh vi mua s\u1eafm v\u00e0 ph\u1ea3n h\u1ed3i c\u1ee7a kh\u00e1ch h\u00e0ng \u0111\u1ec3 hi\u1ec3u xu h\u01b0\u1edbng ti\u00eau d\u00f9ng, t\u1ed1i \u01b0u h\u00f3a s\u1ea3n ph\u1ea9m, d\u1ecbch v\u1ee5 v\u00e0 tr\u1ea3i nghi\u1ec7m mua s\u1eafm. D\u1ef1a tr\u00ean d\u1eef li\u1ec7u n\u00e0y, Hikid c\u00f3 th\u1ec3 \u0111i\u1ec1u ch\u1ec9nh thi\u1ebft k\u1ebf website, c\u1ea3i thi\u1ec7n quy tr\u00ecnh v\u00e0 tri\u1ec3n khai c\u00e1c ch\u01b0\u01a1ng tr\u00ecnh khuy\u1ebfn m\u00e3i ph\u00f9 h\u1ee3p.<\/p>\n<h3><strong>Ti\u1ebfp th\u1ecb v\u00e0 truy\u1ec1n th\u00f4ng (v\u1edbi s\u1ef1 \u0111\u1ed3ng \u00fd c\u1ee7a kh\u00e1ch h\u00e0ng):<\/strong><\/h3>\n<p>Hikid s\u1eed d\u1ee5ng th\u00f4ng tin li\u00ean h\u1ec7 \u0111\u1ec3 g\u1eedi th\u00f4ng b\u00e1o v\u1ec1 s\u1ea3n ph\u1ea9m m\u1edbi, khuy\u1ebfn m\u00e3i v\u00e0 c\u00e1c ch\u01b0\u01a1ng tr\u00ecnh \u01b0u \u0111\u00e3i. D\u1eef li\u1ec7u kh\u00e1ch h\u00e0ng c\u0169ng h\u1ed7 tr\u1ee3 ch\u00fang t\u00f4i tri\u1ec3n khai ch\u01b0\u01a1ng tr\u00ecnh kh\u00e1ch h\u00e0ng th\u00e2n thi\u1ebft v\u00e0 c\u00e1c ho\u1ea1t \u0111\u1ed9ng \u0111\u1eb7c bi\u1ec7t kh\u00e1c.<\/p>\n<figure id=\"attachment_1523\" aria-describedby=\"caption-attachment-1523\" style=\"width: 1020px\" class=\"wp-caption aligncenter\"><img loading=\"lazy\" decoding=\"async\" class=\"size-large wp-image-1523\" src=\"https:\/\/demo9.thuythu.vn\/hikid\/wp-content\/uploads\/2025\/03\/chinh-sach-bao-mat-hikid-1-1200x800.jpg\" alt=\"ch\u00ednh s\u00e1ch b\u1ea3o m\u1eadt hikid\" width=\"1020\" height=\"680\" srcset=\"https:\/\/demo9.thuythu.vn\/hikid\/wp-content\/uploads\/2025\/03\/chinh-sach-bao-mat-hikid-1-1200x800.jpg 1200w, https:\/\/demo9.thuythu.vn\/hikid\/wp-content\/uploads\/2025\/03\/chinh-sach-bao-mat-hikid-1-600x400.jpg 600w, https:\/\/demo9.thuythu.vn\/hikid\/wp-content\/uploads\/2025\/03\/chinh-sach-bao-mat-hikid-1-768x512.jpg 768w, https:\/\/demo9.thuythu.vn\/hikid\/wp-content\/uploads\/2025\/03\/chinh-sach-bao-mat-hikid-1-1536x1024.jpg 1536w, https:\/\/demo9.thuythu.vn\/hikid\/wp-content\/uploads\/2025\/03\/chinh-sach-bao-mat-hikid-1.jpg 1999w\" sizes=\"auto, (max-width: 1020px) 100vw, 1020px\" \/><figcaption id=\"caption-attachment-1523\" class=\"wp-caption-text\">Hikid thu th\u1eadp th\u00f4ng tin kh\u00e1ch h\u00e0ng \u0111\u1ec3 c\u1ea3i thi\u1ec7n ch\u1ea5t l\u01b0\u1ee3ng s\u1ea3n ph\u1ea9m<\/figcaption><\/figure>\n<h2><strong>Ph\u1ea1m vi Hikid thu th\u1eadp th\u00f4ng tin kh\u00e1ch h\u00e0ng\u00a0<\/strong><\/h2>\n<p>Hikid thu th\u1eadp th\u00f4ng tin c\u1ee7a kh\u00e1ch h\u00e0ng th\u00f4ng qua c\u00e1c h\u00ecnh th\u1ee9c sau:<\/p>\n<h3><strong>Th\u00f4ng tin c\u00e1 nh\u00e2n:\u00a0<\/strong><\/h3>\n<ul>\n<li><strong>Th\u00f4ng tin kh\u00e1ch h\u00e0ng cung c\u1ea5p<\/strong>: Hikid thu th\u1eadp c\u00e1c th\u00f4ng tin c\u00e1 nh\u00e2n m\u00e0 kh\u00e1ch h\u00e0ng ch\u1ee7 \u0111\u1ed9ng cung c\u1ea5p khi mua h\u00e0ng, tham gia c\u00e1c ch\u01b0\u01a1ng tr\u00ecnh khuy\u1ebfn m\u00e3i, kh\u1ea3o s\u00e1t ho\u1eb7c t\u01b0\u01a1ng t\u00e1c v\u1edbi Hikid qua c\u00e1c k\u00eanh truy\u1ec1n th\u00f4ng (website, email, \u0111i\u1ec7n tho\u1ea1i, m\u1ea1ng x\u00e3 h\u1ed9i). C\u00e1c th\u00f4ng tin n\u00e0y bao g\u1ed3m:\n<ul>\n<li>H\u1ecd v\u00e0 t\u00ean<\/li>\n<li>\u0110\u1ecba ch\u1ec9 li\u00ean h\u1ec7<\/li>\n<li>S\u1ed1 \u0111i\u1ec7n tho\u1ea1i<\/li>\n<li>\u0110\u1ecba ch\u1ec9 email<\/li>\n<li>Ng\u00e0y sinh (n\u1ebfu c\u00f3)<\/li>\n<li>Gi\u1edbi t\u00ednh (n\u1ebfu c\u00f3)<\/li>\n<li>Th\u00f4ng tin v\u1ec1 c\u00e1c s\u1ea3n ph\u1ea9m \u0111\u00e3 mua<\/li>\n<li>L\u1ecbch s\u1eed giao d\u1ecbch<\/li>\n<li>C\u00e1c th\u00f4ng tin kh\u00e1c li\u00ean quan \u0111\u1ebfn giao d\u1ecbch v\u00e0 t\u01b0\u01a1ng t\u00e1c c\u1ee7a kh\u00e1ch h\u00e0ng v\u1edbi Hikid.<\/li>\n<\/ul>\n<\/li>\n<\/ul>\n<ul>\n<li><strong>Th\u00f4ng tin t\u1eeb c\u00e1c ngu\u1ed3n kh\u00e1c<\/strong>: Hikid c\u00f3 th\u1ec3 thu th\u1eadp th\u00f4ng tin c\u00e1 nh\u00e2n c\u1ee7a kh\u00e1ch h\u00e0ng t\u1eeb c\u00e1c ngu\u1ed3n kh\u00e1c, ch\u1eb3ng h\u1ea1n nh\u01b0 c\u00e1c \u0111\u1ed1i t\u00e1c kinh doanh, c\u00e1c trang m\u1ea1ng x\u00e3 h\u1ed9i (n\u1ebfu kh\u00e1ch h\u00e0ng li\u00ean k\u1ebft t\u00e0i kho\u1ea3n v\u1edbi Hikid) ho\u1eb7c c\u00e1c c\u01a1 s\u1edf d\u1eef li\u1ec7u c\u00f4ng khai.<\/li>\n<\/ul>\n<h3><strong>Th\u00f4ng tin t\u1ef1 \u0111\u1ed9ng:<\/strong><\/h3>\n<ul>\n<li><strong>Cookie v\u00e0 c\u00e1c c\u00f4ng ngh\u1ec7 t\u01b0\u01a1ng t\u1ef1<\/strong>: Hikid s\u1eed d\u1ee5ng cookie \u0111\u1ec3 t\u1ef1 \u0111\u1ed9ng thu th\u1eadp th\u00f4ng tin khi kh\u00e1ch h\u00e0ng truy c\u1eadp v\u00e0 s\u1eed d\u1ee5ng website c\u1ee7a Hikid. C\u00e1c th\u00f4ng tin n\u00e0y bao g\u1ed3m:\n<ul>\n<li>\u0110\u1ecba ch\u1ec9 IP<\/li>\n<li>Lo\u1ea1i tr\u00ecnh duy\u1ec7t<\/li>\n<li>H\u1ec7 \u0111i\u1ec1u h\u00e0nh<\/li>\n<li>Th\u1eddi gian truy c\u1eadp<\/li>\n<li>C\u00e1c trang web \u0111\u00e3 truy c\u1eadp<\/li>\n<li>H\u00e0nh vi ng\u01b0\u1eddi d\u00f9ng tr\u00ean website (nh\u01b0 c\u00e1c s\u1ea3n ph\u1ea9m \u0111\u00e3 xem, c\u00e1c li\u00ean k\u1ebft \u0111\u00e3 nh\u1ea5p v\u00e0o).<\/li>\n<\/ul>\n<\/li>\n<\/ul>\n<figure id=\"attachment_1522\" aria-describedby=\"caption-attachment-1522\" style=\"width: 1020px\" class=\"wp-caption aligncenter\"><img loading=\"lazy\" decoding=\"async\" class=\"size-large wp-image-1522\" src=\"https:\/\/demo9.thuythu.vn\/hikid\/wp-content\/uploads\/2025\/03\/chinh-sach-bao-mat-hikid-5-1200x800.jpg\" alt=\"ch\u00ednh s\u00e1ch b\u1ea3o m\u1eadt hikid\" width=\"1020\" height=\"680\" srcset=\"https:\/\/demo9.thuythu.vn\/hikid\/wp-content\/uploads\/2025\/03\/chinh-sach-bao-mat-hikid-5-1200x800.jpg 1200w, https:\/\/demo9.thuythu.vn\/hikid\/wp-content\/uploads\/2025\/03\/chinh-sach-bao-mat-hikid-5-600x400.jpg 600w, https:\/\/demo9.thuythu.vn\/hikid\/wp-content\/uploads\/2025\/03\/chinh-sach-bao-mat-hikid-5-768x512.jpg 768w, https:\/\/demo9.thuythu.vn\/hikid\/wp-content\/uploads\/2025\/03\/chinh-sach-bao-mat-hikid-5-1536x1024.jpg 1536w, https:\/\/demo9.thuythu.vn\/hikid\/wp-content\/uploads\/2025\/03\/chinh-sach-bao-mat-hikid-5.jpg 1999w\" sizes=\"auto, (max-width: 1020px) 100vw, 1020px\" \/><figcaption id=\"caption-attachment-1522\" class=\"wp-caption-text\">Hikid thu th\u1eadp th\u00f4ng tin th\u00f4ng qua th\u00f4ng tin kh\u00e1ch h\u00e0ng cung c\u1ea5p ho\u1eb7c th\u00f4ng tin t\u1ef1 \u0111\u1ed9ng<\/figcaption><\/figure>\n<h2><strong>Ph\u01b0\u01a1ng th\u1ee9c s\u1eed d\u1ee5ng v\u00e0 chia s\u1ebb th\u00f4ng tin c\u1ee7a Hikid<\/strong><\/h2>\n<p>Hikid cam k\u1ebft b\u1ea3o m\u1eadt th\u00f4ng tin c\u00e1 nh\u00e2n c\u1ee7a kh\u00e1ch h\u00e0ng v\u00e0 ch\u1ec9 s\u1eed d\u1ee5ng th\u00f4ng tin cho c\u00e1c m\u1ee5c \u0111\u00edch \u0111\u00e3 \u0111\u01b0\u1ee3c n\u00eau r\u00f5 trong ch\u00ednh s\u00e1ch b\u1ea3o m\u1eadt.\u00a0 Do \u0111\u00f3, ph\u01b0\u01a1ng th\u1ee9c s\u1eed d\u1ee5ng v\u00e0 chia s\u1ebb th\u00f4ng tin \u0111\u01b0\u1ee3c th\u1ef1c hi\u1ec7n nh\u01b0 sau:<\/p>\n<ul>\n<li><strong>S\u1eed d\u1ee5ng n\u1ed9i b\u1ed9:<\/strong> Hikid s\u1eed d\u1ee5ng th\u00f4ng tin kh\u00e1ch h\u00e0ng \u0111\u1ec3 c\u1ea3i thi\u1ec7n ch\u1ea5t l\u01b0\u1ee3ng s\u1ea3n ph\u1ea9m, d\u1ecbch v\u1ee5 v\u00e0 nghi\u00ean c\u1ee9u ph\u00e1t tri\u1ec3n s\u1ea3n ph\u1ea9m.<\/li>\n<li><strong>Chia s\u1ebb v\u1edbi \u0111\u01a1n v\u1ecb th\u1ee9 3:\u00a0<\/strong>\n<ul>\n<li><strong>\u0110\u01a1n v\u1ecb v\u1eadn chuy\u1ec3n:<\/strong> Chia s\u1ebb th\u00f4ng tin giao h\u00e0ng \u0111\u1ec3 \u0111\u1ea3m b\u1ea3o \u0111\u01a1n h\u00e0ng \u0111\u01b0\u1ee3c giao \u0111\u00fang \u0111\u1ecba ch\u1ec9.<\/li>\n<li><strong>\u0110\u01a1n v\u1ecb thanh to\u00e1n:<\/strong> Cung c\u1ea5p th\u00f4ng tin thanh to\u00e1n khi kh\u00e1ch h\u00e0ng s\u1eed d\u1ee5ng d\u1ecbch v\u1ee5 thanh to\u00e1n tr\u1ef1c tuy\u1ebfn.<\/li>\n<li><strong>\u0110\u01a1n v\u1ecb h\u1ed7 tr\u1ee3 k\u1ef9 thu\u1eadt:<\/strong> H\u1ed7 tr\u1ee3 v\u1eadn h\u00e0nh website v\u00e0 c\u00e1c d\u1ecbch v\u1ee5 kh\u00e1c.<\/li>\n<li><strong>\u0110\u1ed1i t\u00e1c kh\u00e1c:<\/strong> H\u1ee3p t\u00e1c cung c\u1ea5p d\u1ecbch v\u1ee5 gi\u00e1 tr\u1ecb gia t\u0103ng, \u0111\u1ea3m b\u1ea3o b\u1ea3o m\u1eadt th\u00f4ng tin.<\/li>\n<\/ul>\n<\/li>\n<\/ul>\n<h2><strong>Quy\u1ec1n l\u1ee3i c\u1ee7a kh\u00e1ch h\u00e0ng<\/strong><\/h2>\n<p>Hikid t\u00f4n tr\u1ecdng v\u00e0 b\u1ea3o v\u1ec7 quy\u1ec1n l\u1ee3i c\u1ee7a kh\u00e1ch h\u00e0ng li\u00ean quan \u0111\u1ebfn th\u00f4ng tin c\u00e1 nh\u00e2n. Kh\u00e1ch h\u00e0ng c\u00f3 c\u00e1c quy\u1ec1n l\u1ee3i nh\u01b0 sau:<\/p>\n<ul>\n<li><strong>Truy c\u1eadp &amp; ch\u1ec9nh s\u1eeda:<\/strong> Kh\u00e1ch h\u00e0ng c\u00f3 th\u1ec3 y\u00eau c\u1ea7u truy c\u1eadp, c\u1eadp nh\u1eadt ho\u1eb7c ch\u1ec9nh s\u1eeda th\u00f4ng tin c\u00e1 nh\u00e2n n\u1ebfu ph\u00e1t hi\u1ec7n sai s\u00f3t.<\/li>\n<li><strong>Y\u00eau c\u1ea7u x\u00f3a b\u1ecf:<\/strong> Kh\u00e1ch h\u00e0ng c\u00f3 th\u1ec3 x\u00f3a th\u00f4ng tin c\u00e1 nh\u00e2n khi kh\u00f4ng c\u00f2n s\u1eed d\u1ee5ng d\u1ecbch v\u1ee5, r\u00fat l\u1ea1i s\u1ef1 \u0111\u1ed3ng \u00fd ho\u1eb7c khi th\u00f4ng tin kh\u00f4ng c\u00f2n c\u1ea7n thi\u1ebft.<\/li>\n<li><strong>T\u1eeb ch\u1ed1i ti\u1ebfp th\u1ecb:<\/strong> Kh\u00e1ch h\u00e0ng t\u1eeb ch\u1ed1i nh\u1eadn th\u00f4ng tin ti\u1ebfp th\u1ecb t\u1eeb Hikid b\u1eb1ng c\u00e1ch h\u1ee7y \u0111\u0103ng k\u00fd qua email ho\u1eb7c li\u00ean h\u1ec7 tr\u1ef1c ti\u1ebfp.<\/li>\n<\/ul>\n<figure id=\"attachment_1521\" aria-describedby=\"caption-attachment-1521\" style=\"width: 1020px\" class=\"wp-caption aligncenter\"><img loading=\"lazy\" decoding=\"async\" class=\"size-large wp-image-1521\" src=\"https:\/\/demo9.thuythu.vn\/hikid\/wp-content\/uploads\/2025\/03\/chinh-sach-bao-mat-hikid-4-1200x800.jpg\" alt=\"ch\u00ednh s\u00e1ch b\u1ea3o m\u1eadt hikid\" width=\"1020\" height=\"680\" srcset=\"https:\/\/demo9.thuythu.vn\/hikid\/wp-content\/uploads\/2025\/03\/chinh-sach-bao-mat-hikid-4-1200x800.jpg 1200w, https:\/\/demo9.thuythu.vn\/hikid\/wp-content\/uploads\/2025\/03\/chinh-sach-bao-mat-hikid-4-600x400.jpg 600w, https:\/\/demo9.thuythu.vn\/hikid\/wp-content\/uploads\/2025\/03\/chinh-sach-bao-mat-hikid-4-768x512.jpg 768w, https:\/\/demo9.thuythu.vn\/hikid\/wp-content\/uploads\/2025\/03\/chinh-sach-bao-mat-hikid-4-1536x1024.jpg 1536w, https:\/\/demo9.thuythu.vn\/hikid\/wp-content\/uploads\/2025\/03\/chinh-sach-bao-mat-hikid-4.jpg 1999w\" sizes=\"auto, (max-width: 1020px) 100vw, 1020px\" \/><figcaption id=\"caption-attachment-1521\" class=\"wp-caption-text\">Kh\u00e1ch h\u00e0ng ho\u00e0n to\u00e0n y\u00ean t\u00e2m v\u1ec1 ch\u00ednh s\u00e1ch b\u1ea3o m\u1eadt c\u1ee7a Hikid<\/figcaption><\/figure>\n<h2><strong>Bi\u1ec7n ph\u00e1p b\u1ea3o m\u1eadt th\u00f4ng tin c\u1ee7a Hikid<\/strong><\/h2>\n<p>Hikid hi\u1ec3u r\u1eb1ng vi\u1ec7c b\u1ea3o m\u1eadt th\u00f4ng tin c\u00e1 nh\u00e2n c\u1ee7a kh\u00e1ch h\u00e0ng l\u00e0 v\u00f4 c\u00f9ng quan tr\u1ecdng. V\u00ec v\u1eady, Hikid \u0111\u00e3 tri\u1ec3n khai nhi\u1ec1u bi\u1ec7n ph\u00e1p b\u1ea3o m\u1eadt nh\u1eb1m \u0111\u1ea3m b\u1ea3o an to\u00e0n cho th\u00f4ng tin c\u1ee7a kh\u00e1ch h\u00e0ng.<\/p>\n<ul>\n<li><strong>B\u1ea3o m\u1eadt k\u1ef9 thu\u1eadt:\u00a0<\/strong>\n<ul>\n<li><strong>M\u00e3 h\u00f3a d\u1eef li\u1ec7u<\/strong>: Hikid s\u1eed d\u1ee5ng c\u00e1c ph\u01b0\u01a1ng ph\u00e1p m\u00e3 h\u00f3a d\u1eef li\u1ec7u \u0111\u1ec3 b\u1ea3o v\u1ec7 th\u00f4ng tin c\u00e1 nh\u00e2n c\u1ee7a kh\u00e1ch h\u00e0ng trong qu\u00e1 tr\u00ecnh truy\u1ec1n t\u1ea3i v\u00e0 l\u01b0u tr\u1eef.<\/li>\n<li><strong>Ki\u1ec3m so\u00e1t truy c\u1eadp<\/strong>: Hikid \u00e1p d\u1ee5ng c\u00e1c bi\u1ec7n ph\u00e1p ki\u1ec3m so\u00e1t truy c\u1eadp nghi\u00eam ng\u1eb7t \u0111\u1ec3 \u0111\u1ea3m b\u1ea3o r\u1eb1ng ch\u1ec9 c\u00f3 nh\u1eefng nh\u00e2n vi\u00ean \u0111\u01b0\u1ee3c \u1ee7y quy\u1ec1n m\u1edbi c\u00f3 th\u1ec3 truy c\u1eadp v\u00e0o th\u00f4ng tin c\u00e1 nh\u00e2n c\u1ee7a kh\u00e1ch h\u00e0ng.<\/li>\n<li><strong>C\u1eadp nh\u1eadt h\u1ec7 th\u1ed1ng<\/strong>: Hikid th\u01b0\u1eddng xuy\u00ean c\u1eadp nh\u1eadt h\u1ec7 th\u1ed1ng v\u00e0 ph\u1ea7n m\u1ec1m \u0111\u1ec3 v\u00e1 c\u00e1c l\u1ed7 h\u1ed5ng b\u1ea3o m\u1eadt v\u00e0 \u0111\u1ea3m b\u1ea3o an to\u00e0n cho th\u00f4ng tin.<\/li>\n<\/ul>\n<\/li>\n<\/ul>\n<ul>\n<li><strong>B\u1ea3o m\u1eadt qu\u1ea3n l\u00fd:\u00a0<\/strong>\n<ul>\n<li><strong>\u0110\u00e0o t\u1ea1o nh\u00e2n vi\u00ean<\/strong>: Hikid \u0111\u00e0o t\u1ea1o nh\u00e2n vi\u00ean v\u1ec1 t\u1ea7m quan tr\u1ecdng c\u1ee7a b\u1ea3o m\u1eadt th\u00f4ng tin v\u00e0 c\u00e1c quy tr\u00ecnh b\u1ea3o m\u1eadt c\u1ea7n tu\u00e2n th\u1ee7.<\/li>\n<li><strong>Quy tr\u00ecnh b\u1ea3o m\u1eadt<\/strong>: Ch\u00fang t\u00f4i \u00e1p d\u1ee5ng c\u00e1c quy tr\u00ecnh b\u1ea3o m\u1eadt nghi\u00eam ng\u1eb7t khi thu th\u1eadp, x\u1eed l\u00fd v\u00e0 l\u01b0u tr\u1eef th\u00f4ng tin c\u00e1 nh\u00e2n c\u1ee7a kh\u00e1ch h\u00e0ng.<\/li>\n<li><strong>Ki\u1ec3m tra \u0111\u1ecbnh k\u1ef3<\/strong>: Hikid ti\u1ebfn h\u00e0nh ki\u1ec3m tra \u0111\u1ecbnh k\u1ef3 \u0111\u1ec3 \u0111\u00e1nh gi\u00e1 hi\u1ec7u qu\u1ea3 c\u1ee7a c\u00e1c bi\u1ec7n ph\u00e1p b\u1ea3o m\u1eadt v\u00e0 \u0111\u1ea3m b\u1ea3o r\u1eb1ng ch\u00fang lu\u00f4n \u0111\u01b0\u1ee3c tu\u00e2n th\u1ee7.<\/li>\n<\/ul>\n<\/li>\n<\/ul>\n<figure id=\"attachment_1520\" aria-describedby=\"caption-attachment-1520\" style=\"width: 1020px\" class=\"wp-caption aligncenter\"><img loading=\"lazy\" decoding=\"async\" class=\"size-large wp-image-1520\" src=\"https:\/\/demo9.thuythu.vn\/hikid\/wp-content\/uploads\/2025\/03\/chinh-sach-bao-mat-hikid-3-1200x800.jpg\" alt=\"ch\u00ednh s\u00e1ch b\u1ea3o m\u1eadt hikid\" width=\"1020\" height=\"680\" srcset=\"https:\/\/demo9.thuythu.vn\/hikid\/wp-content\/uploads\/2025\/03\/chinh-sach-bao-mat-hikid-3-1200x800.jpg 1200w, https:\/\/demo9.thuythu.vn\/hikid\/wp-content\/uploads\/2025\/03\/chinh-sach-bao-mat-hikid-3-600x400.jpg 600w, https:\/\/demo9.thuythu.vn\/hikid\/wp-content\/uploads\/2025\/03\/chinh-sach-bao-mat-hikid-3-768x512.jpg 768w, https:\/\/demo9.thuythu.vn\/hikid\/wp-content\/uploads\/2025\/03\/chinh-sach-bao-mat-hikid-3-1536x1024.jpg 1536w, https:\/\/demo9.thuythu.vn\/hikid\/wp-content\/uploads\/2025\/03\/chinh-sach-bao-mat-hikid-3.jpg 1999w\" sizes=\"auto, (max-width: 1020px) 100vw, 1020px\" \/><figcaption id=\"caption-attachment-1520\" class=\"wp-caption-text\">Hikid \u00e1p d\u1ee5ng bi\u1ec7n ph\u00e1p b\u1ea3o m\u1eadt th\u00f4ng tin chuy\u00ean nghi\u1ec7p, uy t\u00edn<\/figcaption><\/figure>\n<h2><strong>Tr\u01b0\u1eddng h\u1ee3p Hikid thay \u0111\u1ed5i ch\u00ednh s\u00e1ch b\u1ea3o m\u1eadt<\/strong><\/h2>\n<p>Hikid c\u00f3 th\u1ec3 thay \u0111\u1ed5i ch\u00ednh s\u00e1ch b\u1ea3o m\u1eadt n\u00e0y theo th\u1eddi gian \u0111\u1ec3 ph\u00f9 h\u1ee3p v\u1edbi c\u00e1c quy \u0111\u1ecbnh c\u1ee7a ph\u00e1p lu\u1eadt, c\u00e1c y\u00eau c\u1ea7u c\u1ee7a c\u01a1 quan qu\u1ea3n l\u00fd nh\u00e0 n\u01b0\u1edbc ho\u1eb7c \u0111\u1ec3 \u0111\u00e1p \u1ee9ng c\u00e1c nhu c\u1ea7u kinh doanh.<\/p>\n<p>Trong tr\u01b0\u1eddng h\u1ee3p c\u00f3 b\u1ea5t k\u1ef3 thay \u0111\u1ed5i n\u00e0o \u0111\u1ed1i v\u1edbi ch\u00ednh s\u00e1ch b\u1ea3o m\u1eadt, ch\u00fang t\u00f4i s\u1ebd tr\u1ef1c ti\u1ebfp th\u00f4ng b\u00e1o cho kh\u00e1ch h\u00e0ng b\u1eb1ng c\u00e1ch \u0111\u0103ng t\u1ea3i th\u00f4ng b\u00e1o tr\u00ean trang web ch\u00ednh th\u1ee9c c\u1ee7a Hikid ho\u1eb7c g\u1eedi email th\u00f4ng b\u00e1o \u0111\u1ebfn \u0111\u1ecba ch\u1ec9 email m\u00e0 kh\u00e1ch h\u00e0ng \u0111\u00e3 cung c\u1ea5p.<\/p>\n<p>Hikid cam k\u1ebft b\u1ea3o v\u1ec7 th\u00f4ng tin c\u00e1 nh\u00e2n c\u1ee7a kh\u00e1ch h\u00e0ng b\u1eb1ng c\u00e1c bi\u1ec7n ph\u00e1p b\u1ea3o m\u1eadt nghi\u00eam ng\u1eb7t, \u0111\u1ea3m b\u1ea3o t\u00ednh minh b\u1ea1ch v\u00e0 an to\u00e0n trong qu\u00e1 tr\u00ecnh thu th\u1eadp, s\u1eed d\u1ee5ng v\u00e0 l\u01b0u tr\u1eef d\u1eef li\u1ec7u. Ch\u00fang t\u00f4i lu\u00f4n tu\u00e2n th\u1ee7 ch\u00ednh s\u00e1ch b\u1ea3o m\u1eadt, gi\u00fap b\u1ea3o v\u1ec7 quy\u1ec1n l\u1ee3i c\u1ee7a kh\u00e1ch h\u00e0ng, n\u00e2ng cao ch\u1ea5t l\u01b0\u1ee3ng d\u1ecbch v\u1ee5. N\u1ebfu c\u00f3 b\u1ea5t k\u1ef3 th\u1eafc m\u1eafc n\u00e0o v\u1ec1 ch\u00ednh s\u00e1ch b\u1ea3o m\u1eadt, kh\u00e1ch h\u00e0ng c\u00f3 th\u1ec3 li\u00ean h\u1ec7 tr\u1ef1c ti\u1ebfp v\u1edbi Hikid \u0111\u1ec3 \u0111\u01b0\u1ee3c h\u1ed7 tr\u1ee3.<\/p>\n<p><strong>Hikid<\/strong><\/p>\n<p><strong>\u0110\u1ecba ch\u1ec9:<\/strong> S\u1ed1 33 Nguy\u1ec5n Nh\u01b0 \u0110\u1ed5, Ph\u01b0\u1eddng V\u0103n Mi\u1ebfu &#8211; Qu\u1ed1c T\u1eed Gi\u00e1m, Qu\u1eadn \u0110\u1ed1ng \u0110a, Th\u00e0nh ph\u1ed1 H\u00e0 N\u1ed9i, Vi\u1ec7t Nam<\/p>\n<p><strong>SDT: <\/strong>0888363029<\/p>\n<p>&nbsp;<\/p>\n","protected":false},"excerpt":{"rendered":"<p>Ch\u00ednh s\u00e1ch b\u1ea3o m\u1eadt th\u00f4ng tin c\u1ee7a website Hikid.vn \u0111\u01b0\u1ee3c x\u00e2y d\u1ef1ng nh\u1eb1m b\u1ea3o v\u1ec7 d\u1eef li\u1ec7u c\u00e1 nh\u00e2n c\u1ee7a kh\u00e1ch h\u00e0ng, \u0111\u1ea3m b\u1ea3o t\u00ednh minh b\u1ea1ch v\u00e0 an to\u00e0n trong qu\u00e1 tr\u00ecnh s\u1eed d\u1ee5ng d\u1ecbch v\u1ee5. Hikid cam k\u1ebft thu th\u1eadp, l\u01b0u tr\u1eef v\u00e0 x\u1eed l\u00fd th\u00f4ng tin theo c\u00e1c ti\u00eau chu\u1ea9n b\u1ea3o m\u1eadt [&#8230;]\n","protected":false},"author":1,"featured_media":1524,"parent":0,"menu_order":0,"comment_status":"closed","ping_status":"closed","template":"templates\/poli.php","meta":{"_acf_changed":false,"inline_featured_image":false,"footnotes":""},"class_list":["post-948","page","type-page","status-publish","has-post-thumbnail","hentry"],"acf":[],"_links":{"self":[{"href":"https:\/\/demo9.thuythu.vn\/hikid\/wp-json\/wp\/v2\/pages\/948","targetHints":{"allow":["GET"]}}],"collection":[{"href":"https:\/\/demo9.thuythu.vn\/hikid\/wp-json\/wp\/v2\/pages"}],"about":[{"href":"https:\/\/demo9.thuythu.vn\/hikid\/wp-json\/wp\/v2\/types\/page"}],"author":[{"embeddable":true,"href":"https:\/\/demo9.thuythu.vn\/hikid\/wp-json\/wp\/v2\/users\/1"}],"replies":[{"embeddable":true,"href":"https:\/\/demo9.thuythu.vn\/hikid\/wp-json\/wp\/v2\/comments?post=948"}],"version-history":[{"count":5,"href":"https:\/\/demo9.thuythu.vn\/hikid\/wp-json\/wp\/v2\/pages\/948\/revisions"}],"predecessor-version":[{"id":1536,"href":"https:\/\/demo9.thuythu.vn\/hikid\/wp-json\/wp\/v2\/pages\/948\/revisions\/1536"}],"wp:featuredmedia":[{"embeddable":true,"href":"https:\/\/demo9.thuythu.vn\/hikid\/wp-json\/wp\/v2\/media\/1524"}],"wp:attachment":[{"href":"https:\/\/demo9.thuythu.vn\/hikid\/wp-json\/wp\/v2\/media?parent=948"}],"curies":[{"name":"wp","href":"https:\/\/api.w.org\/{rel}","templated":true}]}}