{"id":943,"date":"2025-05-29T10:37:26","date_gmt":"2025-05-29T03:37:26","guid":{"rendered":"https:\/\/demo9.thuythu.vn\/hikid\/?page_id=943"},"modified":"2025-05-29T10:37:26","modified_gmt":"2025-05-29T03:37:26","slug":"dieu-khoan-va-dieu-kien","status":"publish","type":"page","link":"https:\/\/demo9.thuythu.vn\/hikid\/dieu-khoan-va-dieu-kien\/","title":{"rendered":"\u0110i\u1ec1u kho\u1ea3n s\u1eed d\u1ee5ng c\u1ee7a Hikid"},"content":{"rendered":"<p><b>\u0110i\u1ec1u kho\u1ea3n s\u1eed d\u1ee5ng<\/b> c\u1ee7a <a href=\"https:\/\/demo9.thuythu.vn\/hikid\/\"><strong>Hikid<\/strong><\/a> \u0111\u00f3ng vai tr\u00f2 quan tr\u1ecdng trong vi\u1ec7c thi\u1ebft l\u1eadp m\u00f4i tr\u01b0\u1eddng d\u1ecbch v\u1ee5 minh b\u1ea1ch, an to\u00e0n v\u00e0 chuy\u00ean nghi\u1ec7p. C\u00e1c quy \u0111\u1ecbnh n\u00e0y gi\u00fap ng\u01b0\u1eddi d\u00f9ng hi\u1ec3u r\u00f5 quy\u1ec1n l\u1ee3i, tr\u00e1ch nhi\u1ec7m c\u0169ng nh\u01b0 ph\u1ea1m vi s\u1eed d\u1ee5ng d\u1ecbch v\u1ee5, \u0111\u1ea3m b\u1ea3o t\u00ednh c\u00f4ng b\u1eb1ng trong m\u1ecdi giao d\u1ecbch. V\u1eady n\u00ean, tu\u00e2n th\u1ee7 \u0111i\u1ec1u kho\u1ea3n g\u00f3p ph\u1ea7n n\u00e2ng cao tr\u1ea3i nghi\u1ec7m v\u00e0 t\u1ea1o s\u1ef1 tin c\u1eady cho kh\u00e1ch h\u00e0ng.<\/p>\n<h2><b>Quy\u1ec1n l\u1ee3i v\u00e0 tr\u00e1ch nhi\u1ec7m c\u1ee7a ng\u01b0\u1eddi d\u00f9ng\u00a0<\/b><\/h2>\n<p>Khi truy c\u1eadp v\u00e0 s\u1eed d\u1ee5ng website c\u1ee7a Hikid, ng\u01b0\u1eddi d\u00f9ng c\u1ea7n tu\u00e2n th\u1ee7 c\u00e1c \u0111i\u1ec1u kho\u1ea3n v\u00e0 quy \u0111\u1ecbnh sau:<\/p>\n<ul>\n<li><b>\u0110i\u1ec1u ki\u1ec7n s\u1eed d\u1ee5ng:<\/b><\/li>\n<\/ul>\n<ul>\n<li style=\"list-style-type: none;\">\n<ul>\n<li>Ng\u01b0\u1eddi d\u00f9ng ph\u1ea3i t\u1eeb 18 tu\u1ed5i tr\u1edf l\u00ean ho\u1eb7c c\u00f3 s\u1ef1 gi\u00e1m s\u00e1t c\u1ee7a ng\u01b0\u1eddi gi\u00e1m h\u1ed9 n\u1ebfu ch\u01b0a \u0111\u1ee7 tu\u1ed5i.<\/li>\n<li>S\u1eed d\u1ee5ng website \u0111\u1ed3ng ngh\u0129a v\u1edbi vi\u1ec7c ch\u1ea5p nh\u1eadn c\u00e1c \u0111i\u1ec1u kho\u1ea3n c\u1ee7a Hikid.<\/li>\n<\/ul>\n<\/li>\n<\/ul>\n<ul>\n<li><b>Tr\u00e1ch nhi\u1ec7m c\u1ee7a ng\u01b0\u1eddi d\u00f9ng:<\/b>\n<ul>\n<li><b>Cung c\u1ea5p th\u00f4ng tin ch\u00ednh x\u00e1c<\/b>: \u0110\u1ea3m b\u1ea3o t\u00ednh \u0111\u1ea7y \u0111\u1ee7, \u0111\u00fang s\u1ef1 th\u1eadt khi \u0111\u0103ng k\u00fd t\u00e0i kho\u1ea3n ho\u1eb7c tham gia ch\u01b0\u01a1ng tr\u00ecnh tr\u00ean website.<\/li>\n<li><b>Tu\u00e2n th\u1ee7 quy \u0111\u1ecbnh<\/b>: Kh\u00f4ng s\u1eed d\u1ee5ng website v\u00e0o m\u1ee5c \u0111\u00edch th\u01b0\u01a1ng m\u1ea1i tr\u00e1i ph\u00e9p, vi ph\u1ea1m ph\u00e1p lu\u1eadt ho\u1eb7c g\u00e2y \u1ea3nh h\u01b0\u1edfng \u0111\u1ebfn quy\u1ec1n l\u1ee3i c\u1ee7a ng\u01b0\u1eddi kh\u00e1c.<\/li>\n<li><b>B\u1ea3o m\u1eadt t\u00e0i kho\u1ea3n<\/b>: Gi\u1eef an to\u00e0n th\u00f4ng tin \u0111\u0103ng nh\u1eadp, kh\u00f4ng chia s\u1ebb v\u1edbi ng\u01b0\u1eddi kh\u00e1c v\u00e0 b\u00e1o ngay cho Hikid n\u1ebfu ph\u00e1t hi\u1ec7n truy c\u1eadp tr\u00e1i ph\u00e9p.<\/li>\n<\/ul>\n<\/li>\n<\/ul>\n<figure id=\"attachment_1529\" aria-describedby=\"caption-attachment-1529\" style=\"width: 1020px\" class=\"wp-caption aligncenter\"><img loading=\"lazy\" decoding=\"async\" class=\"size-large wp-image-1529\" src=\"https:\/\/demo9.thuythu.vn\/hikid\/wp-content\/uploads\/2025\/03\/dieu-khoan-hikid-4-1200x800.jpg\" alt=\"\u0111i\u1ec1u kho\u1ea3n hikid\" width=\"1020\" height=\"680\" srcset=\"https:\/\/demo9.thuythu.vn\/hikid\/wp-content\/uploads\/2025\/03\/dieu-khoan-hikid-4-1200x800.jpg 1200w, https:\/\/demo9.thuythu.vn\/hikid\/wp-content\/uploads\/2025\/03\/dieu-khoan-hikid-4-600x400.jpg 600w, https:\/\/demo9.thuythu.vn\/hikid\/wp-content\/uploads\/2025\/03\/dieu-khoan-hikid-4-768x512.jpg 768w, https:\/\/demo9.thuythu.vn\/hikid\/wp-content\/uploads\/2025\/03\/dieu-khoan-hikid-4-1536x1024.jpg 1536w, https:\/\/demo9.thuythu.vn\/hikid\/wp-content\/uploads\/2025\/03\/dieu-khoan-hikid-4.jpg 1999w\" sizes=\"auto, (max-width: 1020px) 100vw, 1020px\" \/><figcaption id=\"caption-attachment-1529\" class=\"wp-caption-text\">Kh\u00e1ch h\u00e0ng ph\u1ea3i cung c\u1ea5p th\u00f4ng tin ch\u00ednh x\u00e1c \u0111\u1ec3 \u0111\u1ea3m b\u1ea3o \u0111\u1ea7y \u0111\u1ee7 th\u00f4ng tin<\/figcaption><\/figure>\n<h2><b>Quy\u1ec1n h\u1ea1n v\u00e0 tr\u00e1ch nhi\u1ec7m c\u1ee7a Hikid\u00a0<\/b><\/h2>\n<p>Hikid c\u00f3 quy\u1ec1n qu\u1ea3n l\u00fd, v\u1eadn h\u00e0nh website nh\u1eb1m \u0111\u1ea3m b\u1ea3o ho\u1ea1t \u0111\u1ed9ng hi\u1ec7u qu\u1ea3 v\u00e0 tu\u00e2n th\u1ee7 ph\u00e1p lu\u1eadt. \u0110\u1ed3ng th\u1eddi, Hikid cam k\u1ebft b\u1ea3o v\u1ec7 quy\u1ec1n l\u1ee3i v\u00e0 th\u00f4ng tin c\u1ee7a ng\u01b0\u1eddi d\u00f9ng.<\/p>\n<ul>\n<li><b>Quy\u1ec1n h\u1ea1n:\u00a0<\/b>\n<ul>\n<li><b>Thay \u0111\u1ed5i n\u1ed9i dung:<\/b> Hikid c\u00f3 quy\u1ec1n \u0111i\u1ec1u ch\u1ec9nh, t\u1ea1m ng\u1eebng ho\u1eb7c ch\u1ea5m d\u1ee9t b\u1ea5t k\u1ef3 ph\u1ea7n n\u00e0o c\u1ee7a website m\u00e0 kh\u00f4ng c\u1ea7n th\u00f4ng b\u00e1o tr\u01b0\u1edbc.<\/li>\n<li><b>S\u1edf h\u1eefu tr\u00ed tu\u1ec7:<\/b> To\u00e0n b\u1ed9 n\u1ed9i dung tr\u00ean website thu\u1ed9c quy\u1ec1n s\u1edf h\u1eefu c\u1ee7a Hikid v\u00e0 \u0111\u01b0\u1ee3c b\u1ea3o v\u1ec7 theo lu\u1eadt s\u1edf h\u1eefu tr\u00ed tu\u1ec7. Ng\u01b0\u1eddi d\u00f9ng kh\u00f4ng \u0111\u01b0\u1ee3c sao ch\u00e9p, s\u1eed d\u1ee5ng n\u1ebfu kh\u00f4ng c\u00f3 s\u1ef1 \u0111\u1ed3ng \u00fd b\u1eb1ng v\u0103n b\u1ea3n.<\/li>\n<\/ul>\n<\/li>\n<li><b>Tr\u00e1ch nhi\u1ec7m c\u1ee7a Hikid:<\/b>\n<ul>\n<li><b>B\u1ea3o m\u1eadt th\u00f4ng tin:<\/b> Hikid cam k\u1ebft b\u1ea3o v\u1ec7 th\u00f4ng tin c\u00e1 nh\u00e2n theo ch\u00ednh s\u00e1ch b\u1ea3o m\u1eadt, \u0111\u1ea3m b\u1ea3o tu\u00e2n th\u1ee7 quy \u0111\u1ecbnh ph\u00e1p lu\u1eadt.<\/li>\n<li><b>Duy tr\u00ec website:<\/b> Hikid n\u1ed7 l\u1ef1c \u0111\u1ea3m b\u1ea3o website ho\u1ea1t \u0111\u1ed9ng \u1ed5n \u0111\u1ecbnh nh\u01b0ng kh\u00f4ng ch\u1ecbu tr\u00e1ch nhi\u1ec7m v\u1edbi gi\u00e1n \u0111o\u1ea1n do s\u1ef1 c\u1ed1 k\u1ef9 thu\u1eadt ho\u1eb7c y\u1ebfu t\u1ed1 kh\u00e1ch quan.<\/li>\n<\/ul>\n<\/li>\n<\/ul>\n<figure id=\"attachment_1532\" aria-describedby=\"caption-attachment-1532\" style=\"width: 1020px\" class=\"wp-caption aligncenter\"><img loading=\"lazy\" decoding=\"async\" class=\"size-large wp-image-1532\" src=\"https:\/\/demo9.thuythu.vn\/hikid\/wp-content\/uploads\/2025\/03\/dieu-khoan-hikid-3-1200x800.jpg\" alt=\"\u0111i\u1ec1u kho\u1ea3n hikid\" width=\"1020\" height=\"680\" srcset=\"https:\/\/demo9.thuythu.vn\/hikid\/wp-content\/uploads\/2025\/03\/dieu-khoan-hikid-3-1200x800.jpg 1200w, https:\/\/demo9.thuythu.vn\/hikid\/wp-content\/uploads\/2025\/03\/dieu-khoan-hikid-3-600x400.jpg 600w, https:\/\/demo9.thuythu.vn\/hikid\/wp-content\/uploads\/2025\/03\/dieu-khoan-hikid-3-768x512.jpg 768w, https:\/\/demo9.thuythu.vn\/hikid\/wp-content\/uploads\/2025\/03\/dieu-khoan-hikid-3-1536x1024.jpg 1536w, https:\/\/demo9.thuythu.vn\/hikid\/wp-content\/uploads\/2025\/03\/dieu-khoan-hikid-3.jpg 1999w\" sizes=\"auto, (max-width: 1020px) 100vw, 1020px\" \/><figcaption id=\"caption-attachment-1532\" class=\"wp-caption-text\">Hikid cam k\u1ebft b\u1ea3o v\u1ec7 th\u00f4ng tin c\u00e1 nh\u00e2n kh\u00e1ch h\u00e0ng theo ch\u00ednh s\u00e1ch b\u1ea3o m\u1eadt<\/figcaption><\/figure>\n<h2><b>Ch\u00ednh s\u00e1ch b\u1ea3o m\u1eadt th\u00f4ng tin c\u1ee7a Hikid\u00a0<\/b><\/h2>\n<p>Hikid cam k\u1ebft b\u1ea3o v\u1ec7 th\u00f4ng tin c\u00e1 nh\u00e2n c\u1ee7a ng\u01b0\u1eddi d\u00f9ng v\u00e0 tu\u00e2n th\u1ee7 c\u00e1c quy \u0111\u1ecbnh c\u1ee7a ph\u00e1p lu\u1eadt v\u1ec1 b\u1ea3o m\u1eadt th\u00f4ng tin. C\u1ee5 th\u1ec3 nh\u01b0 sau:<\/p>\n<ul>\n<li><b>Thu th\u1eadp th\u00f4ng tin<\/b>: Hikid thu th\u1eadp th\u00f4ng tin c\u00e1 nh\u00e2n c\u1ee7a ng\u01b0\u1eddi d\u00f9ng nh\u1eb1m cung c\u1ea5p d\u1ecbch v\u1ee5 t\u1ed1t h\u01a1n v\u00e0 n\u00e2ng cao tr\u1ea3i nghi\u1ec7m ng\u01b0\u1eddi d\u00f9ng.<\/li>\n<li><b>S\u1eed d\u1ee5ng th\u00f4ng tin<\/b>: Th\u00f4ng tin c\u00e1 nh\u00e2n \u0111\u01b0\u1ee3c ch\u00fang t\u00f4i s\u1eed d\u1ee5ng cho m\u1ee5c \u0111\u00edch li\u00ean h\u1ec7, cung c\u1ea5p th\u00f4ng tin s\u1ea3n ph\u1ea9m, d\u1ecbch v\u1ee5 v\u00e0 c\u00e1c ch\u01b0\u01a1ng tr\u00ecnh khuy\u1ebfn m\u00e3i c\u1ee7a Hikid.<\/li>\n<li><b>Chia s\u1ebb th\u00f4ng tin<\/b>: Hikid cam k\u1ebft kh\u00f4ng chia s\u1ebb th\u00f4ng tin c\u00e1 nh\u00e2n c\u1ee7a ng\u01b0\u1eddi d\u00f9ng cho b\u00ean th\u1ee9 ba, tr\u1eeb khi c\u00f3 s\u1ef1 \u0111\u1ed3ng \u00fd c\u1ee7a ng\u01b0\u1eddi d\u00f9ng ho\u1eb7c theo y\u00eau c\u1ea7u ph\u00e1p lu\u1eadt.<\/li>\n<\/ul>\n<h2><b>Gi\u1edbi h\u1ea1n tr\u00e1ch nhi\u1ec7m c\u1ee7a Hikid<\/b><\/h2>\n<p>Hikid cung c\u1ea5p n\u1ec1n t\u1ea3ng th\u00f4ng tin ph\u1ee5c v\u1ee5 ng\u01b0\u1eddi d\u00f9ng nh\u01b0ng kh\u00f4ng ch\u1ecbu tr\u00e1ch nhi\u1ec7m v\u1edbi r\u1ee7i ro ph\u00e1t sinh trong qu\u00e1 tr\u00ecnh s\u1eed d\u1ee5ng.<\/p>\n<ul>\n<li>Website c\u1ee7a Hikid c\u00f3 th\u1ec3 ch\u1ee9a th\u00f4ng tin \u0111\u01b0\u1ee3c cung c\u1ea5p b\u1edfi b\u00ean th\u1ee9 ba, bao g\u1ed3m c\u00e1c b\u00e0i vi\u1ebft, \u0111\u00e1nh gi\u00e1, b\u00ecnh lu\u1eadn ho\u1eb7c li\u00ean k\u1ebft \u0111\u1ebfn c\u00e1c trang web kh\u00e1c.<\/li>\n<li>Hikid kh\u00f4ng ch\u1ecbu tr\u00e1ch nhi\u1ec7m v\u1ec1 t\u00ednh ch\u00ednh x\u00e1c, \u0111\u1ea7y \u0111\u1ee7, k\u1ecbp th\u1eddi ho\u1eb7c \u0111\u1ed9 tin c\u1eady c\u1ee7a th\u00f4ng tin \u0111\u01b0\u1ee3c cung c\u1ea5p b\u1edfi b\u00ean th\u1ee9 ba.<\/li>\n<li>Ng\u01b0\u1eddi d\u00f9ng t\u1ef1 ch\u1ecbu tr\u00e1ch nhi\u1ec7m v\u1ec1 vi\u1ec7c s\u1eed d\u1ee5ng ho\u1eb7c tin t\u01b0\u1edfng v\u00e0o b\u1ea5t k\u1ef3 th\u00f4ng tin n\u00e0o \u0111\u01b0\u1ee3c cung c\u1ea5p b\u1edfi b\u00ean th\u1ee9 ba tr\u00ean website c\u1ee7a Hikid.<\/li>\n<\/ul>\n<figure id=\"attachment_1531\" aria-describedby=\"caption-attachment-1531\" style=\"width: 1020px\" class=\"wp-caption aligncenter\"><img loading=\"lazy\" decoding=\"async\" class=\"size-large wp-image-1531\" src=\"https:\/\/demo9.thuythu.vn\/hikid\/wp-content\/uploads\/2025\/03\/dieu-khoan-hikid-2-1200x800.jpg\" alt=\"\u0111i\u1ec1u kho\u1ea3n hikid\" width=\"1020\" height=\"680\" srcset=\"https:\/\/demo9.thuythu.vn\/hikid\/wp-content\/uploads\/2025\/03\/dieu-khoan-hikid-2-1200x800.jpg 1200w, https:\/\/demo9.thuythu.vn\/hikid\/wp-content\/uploads\/2025\/03\/dieu-khoan-hikid-2-600x400.jpg 600w, https:\/\/demo9.thuythu.vn\/hikid\/wp-content\/uploads\/2025\/03\/dieu-khoan-hikid-2-768x512.jpg 768w, https:\/\/demo9.thuythu.vn\/hikid\/wp-content\/uploads\/2025\/03\/dieu-khoan-hikid-2-1536x1024.jpg 1536w, https:\/\/demo9.thuythu.vn\/hikid\/wp-content\/uploads\/2025\/03\/dieu-khoan-hikid-2.jpg 1999w\" sizes=\"auto, (max-width: 1020px) 100vw, 1020px\" \/><figcaption id=\"caption-attachment-1531\" class=\"wp-caption-text\">Hikid kh\u00f4ng ch\u1ecbu tr\u00e1ch nhi\u1ec7m v\u1edbi nh\u1eefng r\u1ee7i ro ph\u00e1t sinh trong qu\u00e1 tr\u00ecnh s\u1eed d\u1ee5ng<\/figcaption><\/figure>\n<p><b>\u0110i\u1ec1u kho\u1ea3n s\u1eed d\u1ee5ng <\/b>c\u1ee7a Hikid \u0111\u01b0\u1ee3c thi\u1ebft l\u1eadp \u0111\u1ec3 \u0111\u1ea3m b\u1ea3o tr\u1ea3i nghi\u1ec7m minh b\u1ea1ch, an to\u00e0n v\u00e0 c\u00f4ng b\u1eb1ng cho m\u1ecdi ng\u01b0\u1eddi d\u00f9ng. Hikid lu\u00f4n n\u1ed7 l\u1ef1c cung c\u1ea5p n\u1ed9i dung v\u00e0 d\u1ecbch v\u1ee5 \u1ed5n \u0111\u1ecbnh, nh\u01b0ng vi\u1ec7c s\u1eed d\u1ee5ng website v\u1eabn ph\u1ee5 thu\u1ed9c v\u00e0o quy\u1ebft \u0111\u1ecbnh v\u00e0 s\u1ef1 c\u00e2n nh\u1eafc c\u1ee7a m\u1ed7i c\u00e1 nh\u00e2n. N\u1ebfu ti\u1ebfp t\u1ee5c truy c\u1eadp, ng\u01b0\u1eddi d\u00f9ng \u0111\u1ed3ng \u00fd v\u1edbi c\u00e1c \u0111i\u1ec1u kho\u1ea3n, g\u00f3p ph\u1ea7n x\u00e2y d\u1ef1ng m\u1ed9t kh\u00f4ng gian tr\u1ef1c tuy\u1ebfn chuy\u00ean nghi\u1ec7p v\u00e0 \u0111\u00e1ng tin c\u1eady.<\/p>\n","protected":false},"excerpt":{"rendered":"<p>\u0110i\u1ec1u kho\u1ea3n s\u1eed d\u1ee5ng c\u1ee7a Hikid \u0111\u00f3ng vai tr\u00f2 quan tr\u1ecdng trong vi\u1ec7c thi\u1ebft l\u1eadp m\u00f4i tr\u01b0\u1eddng d\u1ecbch v\u1ee5 minh b\u1ea1ch, an to\u00e0n v\u00e0 chuy\u00ean nghi\u1ec7p. C\u00e1c quy \u0111\u1ecbnh n\u00e0y gi\u00fap ng\u01b0\u1eddi d\u00f9ng hi\u1ec3u r\u00f5 quy\u1ec1n l\u1ee3i, tr\u00e1ch nhi\u1ec7m c\u0169ng nh\u01b0 ph\u1ea1m vi s\u1eed d\u1ee5ng d\u1ecbch v\u1ee5, \u0111\u1ea3m b\u1ea3o t\u00ednh c\u00f4ng b\u1eb1ng trong m\u1ecdi giao [&#8230;]\n","protected":false},"author":1,"featured_media":1530,"parent":0,"menu_order":0,"comment_status":"closed","ping_status":"closed","template":"templates\/poli.php","meta":{"_acf_changed":false,"inline_featured_image":false,"footnotes":""},"class_list":["post-943","page","type-page","status-publish","has-post-thumbnail","hentry"],"acf":[],"_links":{"self":[{"href":"https:\/\/demo9.thuythu.vn\/hikid\/wp-json\/wp\/v2\/pages\/943","targetHints":{"allow":["GET"]}}],"collection":[{"href":"https:\/\/demo9.thuythu.vn\/hikid\/wp-json\/wp\/v2\/pages"}],"about":[{"href":"https:\/\/demo9.thuythu.vn\/hikid\/wp-json\/wp\/v2\/types\/page"}],"author":[{"embeddable":true,"href":"https:\/\/demo9.thuythu.vn\/hikid\/wp-json\/wp\/v2\/users\/1"}],"replies":[{"embeddable":true,"href":"https:\/\/demo9.thuythu.vn\/hikid\/wp-json\/wp\/v2\/comments?post=943"}],"version-history":[{"count":3,"href":"https:\/\/demo9.thuythu.vn\/hikid\/wp-json\/wp\/v2\/pages\/943\/revisions"}],"predecessor-version":[{"id":1545,"href":"https:\/\/demo9.thuythu.vn\/hikid\/wp-json\/wp\/v2\/pages\/943\/revisions\/1545"}],"wp:featuredmedia":[{"embeddable":true,"href":"https:\/\/demo9.thuythu.vn\/hikid\/wp-json\/wp\/v2\/media\/1530"}],"wp:attachment":[{"href":"https:\/\/demo9.thuythu.vn\/hikid\/wp-json\/wp\/v2\/media?parent=943"}],"curies":[{"name":"wp","href":"https:\/\/api.w.org\/{rel}","templated":true}]}}