{"id":1535,"date":"2025-05-29T10:37:26","date_gmt":"2025-05-29T03:37:26","guid":{"rendered":"https:\/\/demo9.thuythu.vn\/hikid\/?page_id=1535"},"modified":"2025-05-29T10:37:26","modified_gmt":"2025-05-29T03:37:26","slug":"chinh-sach-quang-cao","status":"publish","type":"page","link":"https:\/\/demo9.thuythu.vn\/hikid\/chinh-sach-quang-cao\/","title":{"rendered":"Ch\u00ednh s\u00e1ch qu\u1ea3ng c\u00e1o chuy\u00ean nghi\u1ec7p c\u1ee7a Hikid\u00a0"},"content":{"rendered":"<p><b>Ch\u00ednh s\u00e1ch qu\u1ea3ng c\u00e1o<\/b> chuy\u00ean nghi\u1ec7p c\u1ee7a <a href=\"https:\/\/demo9.thuythu.vn\/hikid\/\">Hikid<\/a> h\u01b0\u1edbng \u0111\u1ebfn vi\u1ec7c t\u1ea1o ra c\u00e1c chi\u1ebfn d\u1ecbch ti\u1ebfp th\u1ecb minh b\u1ea1ch, s\u00e1ng t\u1ea1o v\u00e0 tu\u00e2n th\u1ee7 quy \u0111\u1ecbnh. M\u1ecdi n\u1ed9i dung qu\u1ea3ng c\u00e1o \u0111\u1ec1u \u0111\u01b0\u1ee3c ki\u1ec3m duy\u1ec7t k\u1ef9 l\u01b0\u1ee1ng \u0111\u1ec3 \u0111\u1ea3m b\u1ea3o t\u00ednh trung th\u1ef1c, gi\u00fap kh\u00e1ch h\u00e0ng d\u1ec5 d\u00e0ng ti\u1ebfp c\u1eadn th\u00f4ng tin ch\u00ednh x\u00e1c v\u1ec1 s\u1ea3n ph\u1ea9m v\u00e0 d\u1ecbch v\u1ee5.<\/p>\n<h2><b>M\u1ee5c \u0111\u00edch chi\u1ebfn d\u1ecbch qu\u1ea3ng c\u00e1o c\u1ee7a Hikid<\/b><\/h2>\n<p>Ch\u00ednh s\u00e1ch qu\u1ea3ng c\u00e1o c\u1ee7a Hikid \u0111\u01b0\u1ee3c thi\u1ebft l\u1eadp nh\u1eb1m \u0111\u1ea3m b\u1ea3o t\u1ea5t c\u1ea3 c\u00e1c ho\u1ea1t \u0111\u1ed9ng qu\u1ea3ng c\u00e1o c\u1ee7a Hikid \u0111\u1ec1u tu\u00e2n th\u1ee7 c\u00e1c nguy\u00ean t\u1eafc sau:<\/p>\n<ul>\n<li><b>Trung th\u1ef1c<\/b>: N\u1ed9i dung qu\u1ea3ng c\u00e1o ph\u1ea3n ph\u1ea3n \u00e1nh \u0111\u00fang s\u1ef1 th\u1eadt v\u1ec1 ch\u1ea5t l\u01b0\u1ee3ng, c\u00f4ng d\u1ee5ng v\u00e0 th\u00e0nh ph\u1ea7n c\u1ee7a s\u1ea3n ph\u1ea9m Hikid. Ch\u00fang t\u00f4i n\u00f3i kh\u00f4ng v\u1edbi vi\u1ec7c s\u1eed d\u1ee5ng c\u00e1c th\u00f4ng tin sai l\u1ec7ch, g\u00e2y hi\u1ec3u l\u1ea7m ho\u1eb7c ph\u00f3ng \u0111\u1ea1i v\u1ec1 s\u1ea3n ph\u1ea9m.<\/li>\n<li><b>Tu\u00e2n th\u1ee7 ph\u00e1p lu\u1eadt<\/b>: Qu\u1ea3ng c\u00e1o ph\u1ea3i tu\u00e2n th\u1ee7 t\u1ea5t c\u1ea3 c\u00e1c quy \u0111\u1ecbnh c\u1ee7a ph\u00e1p lu\u1eadt Vi\u1ec7t Nam v\u1ec1 qu\u1ea3ng c\u00e1o, bao g\u1ed3m Lu\u1eadt Qu\u1ea3ng c\u00e1o, c\u00e1c quy \u0111\u1ecbnh v\u1ec1 qu\u1ea3ng c\u00e1o th\u1ef1c ph\u1ea9m, s\u1eefa v\u00e0 c\u00e1c s\u1ea3n ph\u1ea9m dinh d\u01b0\u1ee1ng cho tr\u1ebb em.<\/li>\n<li><b>T\u00f4n tr\u1ecdng v\u0103n h\u00f3a<\/b>: Qu\u1ea3ng c\u00e1o \u0111\u01b0\u1ee3c Hikid \u0111\u01b0a ra s\u1ebd ph\u00f9 h\u1ee3p v\u1edbi v\u0103n h\u00f3a, thu\u1ea7n phong m\u1ef9 t\u1ee5c v\u00e0 c\u00e1c gi\u00e1 tr\u1ecb \u0111\u1ea1o \u0111\u1ee9c c\u1ee7a ng\u01b0\u1eddi Vi\u1ec7t Nam. Kh\u00f4ng s\u1eed d\u1ee5ng c\u00e1c h\u00ecnh \u1ea3nh, ng\u00f4n ng\u1eef ho\u1eb7c th\u00f4ng \u0111i\u1ec7p g\u00e2y ph\u1ea3n c\u1ea3m, k\u1ef3 th\u1ecb ho\u1eb7c x\u00fac ph\u1ea1m \u0111\u1ebfn b\u1ea5t k\u1ef3 c\u00e1 nh\u00e2n, t\u1ed5 ch\u1ee9c ho\u1eb7c c\u1ed9ng \u0111\u1ed3ng n\u00e0o.<\/li>\n<li><b>Tr\u00e1ch nhi\u1ec7m x\u00e3 h\u1ed9i<\/b>: Hikid cam k\u1ebft qu\u1ea3ng c\u00e1o m\u1ed9t c\u00e1ch c\u00f3 tr\u00e1ch nhi\u1ec7m, kh\u00f4ng khuy\u1ebfn kh\u00edch ti\u00eau d\u00f9ng qu\u00e1 m\u1ee9c ho\u1eb7c t\u1ea1o ra nh\u1eefng \u1ea3nh h\u01b0\u1edfng ti\u00eau c\u1ef1c \u0111\u1ebfn s\u1ee9c kh\u1ecfe v\u00e0 s\u1ef1 ph\u00e1t tri\u1ec3n c\u1ee7a tr\u1ebb em.<\/li>\n<\/ul>\n<p>Ch\u00ednh s\u00e1ch qu\u1ea3ng c\u00e1o \u0111\u01b0\u1ee3c \u00e1p d\u1ee5ng cho t\u1ea5t c\u1ea3 c\u00e1c ho\u1ea1t \u0111\u1ed9ng qu\u1ea3ng c\u00e1o c\u1ee7a Hikid tr\u00ean m\u1ecdi k\u00eanh truy\u1ec1n th\u00f4ng, bao g\u1ed3m:<\/p>\n<ul>\n<li><b>B\u00e1o ch\u00ed<\/b>: Qu\u1ea3ng c\u00e1o tr\u00ean c\u00e1c k\u00eanh b\u00e1o \u0111i\u1ec7n t\u1eed.<\/li>\n<li><b>M\u1ea1ng x\u00e3 h\u1ed9i<\/b>: Qu\u1ea3ng c\u00e1o tr\u00ean c\u00e1c n\u1ec1n t\u1ea3ng m\u1ea1ng x\u00e3 h\u1ed9i nh\u01b0 Facebook, YouTube, Instagram, TikTok.<\/li>\n<li><b>Website<\/b>: Qu\u1ea3ng c\u00e1o tr\u00ean website ch\u00ednh th\u1ee9c c\u1ee7a Hikid v\u00e0 c\u00e1c website li\u00ean k\u1ebft.<\/li>\n<li><b>S\u1ef1 ki\u1ec7n ti\u1ebfp th\u1ecb<\/b>: Qu\u1ea3ng c\u00e1o t\u1ea1i c\u00e1c s\u1ef1 ki\u1ec7n, h\u1ed9i ch\u1ee3, tri\u1ec3n l\u00e3m ho\u1eb7c c\u00e1c ch\u01b0\u01a1ng tr\u00ecnh khuy\u1ebfn m\u00e3i.<\/li>\n<li><b>C\u00e1c k\u00eanh truy\u1ec1n th\u00f4ng kh\u00e1c<\/b>: Qu\u1ea3ng c\u00e1o tr\u00ean c\u00e1c ph\u01b0\u01a1ng ti\u1ec7n giao th\u00f4ng, b\u1ea3ng qu\u1ea3ng c\u00e1o ngo\u00e0i tr\u1eddi, t\u1edd r\u01a1i, poster v\u00e0 c\u00e1c h\u00ecnh th\u1ee9c qu\u1ea3ng c\u00e1o kh\u00e1c.<\/li>\n<\/ul>\n<figure id=\"attachment_1540\" aria-describedby=\"caption-attachment-1540\" style=\"width: 1020px\" class=\"wp-caption aligncenter\"><img loading=\"lazy\" decoding=\"async\" class=\"size-large wp-image-1540\" src=\"https:\/\/demo9.thuythu.vn\/hikid\/wp-content\/uploads\/2025\/03\/chinh-sach-quang-cao-1-1200x800.jpg\" alt=\"ch\u00ednh s\u00e1ch qu\u1ea3ng c\u00e1o hikid\" width=\"1020\" height=\"680\" srcset=\"https:\/\/demo9.thuythu.vn\/hikid\/wp-content\/uploads\/2025\/03\/chinh-sach-quang-cao-1-1200x800.jpg 1200w, https:\/\/demo9.thuythu.vn\/hikid\/wp-content\/uploads\/2025\/03\/chinh-sach-quang-cao-1-600x400.jpg 600w, https:\/\/demo9.thuythu.vn\/hikid\/wp-content\/uploads\/2025\/03\/chinh-sach-quang-cao-1-768x512.jpg 768w, https:\/\/demo9.thuythu.vn\/hikid\/wp-content\/uploads\/2025\/03\/chinh-sach-quang-cao-1-1536x1024.jpg 1536w, https:\/\/demo9.thuythu.vn\/hikid\/wp-content\/uploads\/2025\/03\/chinh-sach-quang-cao-1.jpg 1999w\" sizes=\"auto, (max-width: 1020px) 100vw, 1020px\" \/><figcaption id=\"caption-attachment-1540\" class=\"wp-caption-text\">Ch\u00ednh s\u00e1ch qu\u1ea3ng c\u00e1o c\u1ee7a Hikid \u0111\u01b0\u1ee3c \u00e1p d\u1ee5ng qua \u0111a d\u1ea1ng k\u00eanh truy\u1ec1n th\u00f4ng<\/figcaption><\/figure>\n<h2><b>Quy tr\u00ecnh ph\u00ea duy\u1ec7t n\u1ed9i dung qu\u1ea3ng c\u00e1o c\u1ee7a Hikid<\/b><\/h2>\n<p>Hikid \u00e1p d\u1ee5ng m\u1ed9t quy tr\u00ecnh ph\u00ea duy\u1ec7t n\u1ed9i dung qu\u1ea3ng c\u00e1o ch\u1eb7t ch\u1ebd \u0111\u1ec3 \u0111\u1ea3m b\u1ea3o r\u1eb1ng t\u1ea5t c\u1ea3 c\u00e1c qu\u1ea3ng c\u00e1o \u0111\u1ec1u tu\u00e2n th\u1ee7 c\u00e1c nguy\u00ean t\u1eafc \u0111\u00e3 \u0111\u1ec1 ra v\u00e0 ph\u00f9 h\u1ee3p v\u1edbi quy \u0111\u1ecbnh c\u1ee7a ph\u00e1p lu\u1eadt. Quy tr\u00ecnh n\u00e0y bao g\u1ed3m c\u00e1c b\u01b0\u1edbc sau:<\/p>\n<ul>\n<li><b>B\u01b0\u1edbc 1: So\u1ea1n th\u1ea3o n\u1ed9i dung:\u00a0<\/b><\/li>\n<\/ul>\n<ul>\n<li style=\"list-style-type: none;\">\n<ul>\n<li><b>B\u1ed9 ph\u1eadn Marketing<\/b>: B\u1ed9 ph\u1eadn Marketing c\u1ee7a Hikid ch\u1ecbu tr\u00e1ch nhi\u1ec7m t\u1ea1o ra n\u1ed9i dung qu\u1ea3ng c\u00e1o, bao g\u1ed3m h\u00ecnh \u1ea3nh, video, ng\u00f4n ng\u1eef, th\u00f4ng \u0111i\u1ec7p v\u00e0 c\u00e1c y\u1ebfu t\u1ed1 kh\u00e1c.<\/li>\n<li><b>Tu\u00e2n th\u1ee7 nguy\u00ean t\u1eafc<\/b>: N\u1ed9i dung qu\u1ea3ng c\u00e1o ph\u1ea3i tu\u00e2n th\u1ee7 c\u00e1c nguy\u00ean t\u1eafc chung v\u1ec1 qu\u1ea3ng c\u00e1o c\u1ee7a Hikid, bao g\u1ed3m t\u00ednh trung th\u1ef1c, minh b\u1ea1ch, tu\u00e2n th\u1ee7 ph\u00e1p lu\u1eadt, t\u00f4n tr\u1ecdng v\u0103n h\u00f3a v\u00e0 \u0111\u1ea1o \u0111\u1ee9c.<\/li>\n<li><b>\u0110\u1ec1 xu\u1ea5t v\u00e0 tr\u00ecnh duy\u1ec7t<\/b>: Sau khi so\u1ea1n th\u1ea3o, n\u1ed9i dung qu\u1ea3ng c\u00e1o s\u1ebd \u0111\u01b0\u1ee3c tr\u00ecnh l\u00ean b\u1ed9 ph\u1eadn ph\u00e1p l\u00fd v\u00e0 qu\u1ea3n l\u00fd ch\u1ea5t l\u01b0\u1ee3ng \u0111\u1ec3 xem x\u00e9t v\u00e0 \u0111\u00e1nh gi\u00e1.<\/li>\n<\/ul>\n<\/li>\n<\/ul>\n<ul>\n<li><b>B\u01b0\u1edbc 2: Xem x\u00e9t v\u00e0 ch\u1ec9nh s\u1eeda:<\/b><\/li>\n<\/ul>\n<ul>\n<li style=\"list-style-type: none;\">\n<ul>\n<li><b>B\u1ed9 ph\u1eadn ph\u00e1p l\u00fd<\/b>: B\u1ed9 ph\u1eadn ph\u00e1p l\u00fd c\u1ee7a Hikid s\u1ebd xem x\u00e9t n\u1ed9i dung qu\u1ea3ng c\u00e1o \u0111\u1ec3 \u0111\u1ea3m b\u1ea3o r\u1eb1ng n\u00f3 tu\u00e2n th\u1ee7 t\u1ea5t c\u1ea3 c\u00e1c quy \u0111\u1ecbnh c\u1ee7a ph\u00e1p lu\u1eadt v\u1ec1 qu\u1ea3ng c\u00e1o, bao g\u1ed3m Lu\u1eadt Qu\u1ea3ng c\u00e1o, c\u00e1c quy \u0111\u1ecbnh v\u1ec1 qu\u1ea3ng c\u00e1o s\u1ea3n ph\u1ea9m s\u1eefa v\u00e0 th\u1ef1c ph\u1ea9m dinh d\u01b0\u1ee1ng cho tr\u1ebb em.<\/li>\n<li><b>B\u1ed9 ph\u1eadn qu\u1ea3n l\u00fd ch\u1ea5t l\u01b0\u1ee3ng<\/b>: Xem x\u00e9t n\u1ed9i dung qu\u1ea3ng c\u00e1o \u0111\u1ec3 \u0111\u1ea3m b\u1ea3o r\u1eb1ng n\u00f3 ph\u00f9 h\u1ee3p v\u1edbi ch\u00ednh s\u00e1ch c\u1ee7a c\u00f4ng ty v\u1ec1 ch\u1ea5t l\u01b0\u1ee3ng s\u1ea3n ph\u1ea9m, h\u00ecnh \u1ea3nh th\u01b0\u01a1ng hi\u1ec7u v\u00e0 th\u00f4ng \u0111i\u1ec7p truy\u1ec1n th\u00f4ng.<\/li>\n<li><b>Ch\u1ec9nh s\u1eeda v\u00e0 ho\u00e0n thi\u1ec7n<\/b>: N\u1ebfu c\u00f3 b\u1ea5t k\u1ef3 v\u1ea5n \u0111\u1ec1 n\u00e0o \u0111\u01b0\u1ee3c ph\u00e1t hi\u1ec7n, n\u1ed9i dung qu\u1ea3ng c\u00e1o s\u1ebd \u0111\u01b0\u1ee3c ch\u1ec9nh s\u1eeda v\u00e0 ho\u00e0n thi\u1ec7n cho \u0111\u1ebfn khi \u0111\u00e1p \u1ee9ng \u0111\u01b0\u1ee3c c\u00e1c y\u00eau c\u1ea7u v\u1ec1 ph\u00e1p l\u00fd v\u00e0 ch\u1ea5t l\u01b0\u1ee3ng.<\/li>\n<\/ul>\n<\/li>\n<\/ul>\n<ul>\n<li><b>B\u01b0\u1edbc 3: Ph\u00ea duy\u1ec7t n\u1ed9i dung v\u00e0 \u0111\u0103ng t\u1ea3i:\u00a0<\/b><\/li>\n<\/ul>\n<ul>\n<li style=\"list-style-type: none;\">\n<ul>\n<li><b>Ban l\u00e3nh \u0111\u1ea1o<\/b>: Sau khi \u0111\u01b0\u1ee3c b\u1ed9 ph\u1eadn ph\u00e1p l\u00fd v\u00e0 qu\u1ea3n l\u00fd ch\u1ea5t l\u01b0\u1ee3ng ch\u1ea5p thu\u1eadn, n\u1ed9i dung qu\u1ea3ng c\u00e1o s\u1ebd \u0111\u01b0\u1ee3c tr\u00ecnh l\u00ean ban l\u00e3nh \u0111\u1ea1o c\u1ee7a Hikid \u0111\u1ec3 ph\u00ea duy\u1ec7t cu\u1ed1i c\u00f9ng.<\/li>\n<li><b>Ng\u01b0\u1eddi \u0111\u01b0\u1ee3c \u1ee7y quy\u1ec1n<\/b>: Trong m\u1ed9t s\u1ed1 tr\u01b0\u1eddng h\u1ee3p, ban l\u00e3nh \u0111\u1ea1o c\u00f3 th\u1ec3 \u1ee7y quy\u1ec1n cho m\u1ed9t ng\u01b0\u1eddi c\u00f3 th\u1ea9m quy\u1ec1n \u0111\u1ec3 ph\u00ea duy\u1ec7t n\u1ed9i dung qu\u1ea3ng c\u00e1o.<\/li>\n<li><b>Tri\u1ec3n khai qu\u1ea3ng c\u00e1o<\/b>: Sau khi \u0111\u01b0\u1ee3c ph\u00ea duy\u1ec7t, n\u1ed9i dung qu\u1ea3ng c\u00e1o s\u1ebd \u0111\u01b0\u1ee3c tri\u1ec3n khai tr\u00ean c\u00e1c k\u00eanh truy\u1ec1n th\u00f4ng \u0111\u00e3 \u0111\u01b0\u1ee3c l\u1ef1a ch\u1ecdn.<\/li>\n<\/ul>\n<\/li>\n<\/ul>\n<figure id=\"attachment_1542\" aria-describedby=\"caption-attachment-1542\" style=\"width: 1020px\" class=\"wp-caption aligncenter\"><img loading=\"lazy\" decoding=\"async\" class=\"size-large wp-image-1542\" src=\"https:\/\/demo9.thuythu.vn\/hikid\/wp-content\/uploads\/2025\/03\/chinh-sach-quang-cao-3-1200x800.jpg\" alt=\"ch\u00ednh s\u00e1ch qu\u1ea3ng c\u00e1o hikid\" width=\"1020\" height=\"680\" srcset=\"https:\/\/demo9.thuythu.vn\/hikid\/wp-content\/uploads\/2025\/03\/chinh-sach-quang-cao-3-1200x800.jpg 1200w, https:\/\/demo9.thuythu.vn\/hikid\/wp-content\/uploads\/2025\/03\/chinh-sach-quang-cao-3-600x400.jpg 600w, https:\/\/demo9.thuythu.vn\/hikid\/wp-content\/uploads\/2025\/03\/chinh-sach-quang-cao-3-768x512.jpg 768w, https:\/\/demo9.thuythu.vn\/hikid\/wp-content\/uploads\/2025\/03\/chinh-sach-quang-cao-3-1536x1024.jpg 1536w, https:\/\/demo9.thuythu.vn\/hikid\/wp-content\/uploads\/2025\/03\/chinh-sach-quang-cao-3.jpg 1999w\" sizes=\"auto, (max-width: 1020px) 100vw, 1020px\" \/><figcaption id=\"caption-attachment-1542\" class=\"wp-caption-text\">Quy tr\u00ecnh tri\u1ec3n khai v\u00e0 ph\u00ea duy\u1ec7t n\u1ed9i dung qu\u1ea3ng c\u00e1o c\u1ee7a Hikid chu\u1ea9n ch\u1ec9nh v\u00e0 chuy\u00ean nghi\u1ec7p<\/figcaption><\/figure>\n<h2><b>\u0110\u00e1nh gi\u00e1 v\u00e0 c\u1eadp nh\u1eadt ch\u00ednh s\u00e1ch qu\u1ea3ng c\u00e1o c\u1ee7a Hikid\u00a0<\/b><\/h2>\n<p>Hikid cam k\u1ebft duy tr\u00ec ch\u00ednh s\u00e1ch qu\u1ea3ng c\u00e1o hi\u1ec7u qu\u1ea3, ph\u00f9 h\u1ee3p v\u1edbi th\u1ecb tr\u01b0\u1eddng v\u00e0 quy \u0111\u1ecbnh ph\u00e1p lu\u1eadt. Ch\u00ednh s\u00e1ch \u0111\u01b0\u1ee3c \u0111\u00e1nh gi\u00e1 v\u00e0 c\u1eadp nh\u1eadt \u0111\u1ecbnh k\u1ef3 \u0111\u1ec3 \u0111\u1ea3m b\u1ea3o t\u00ednh ch\u00ednh x\u00e1c v\u00e0 minh b\u1ea1ch.<\/p>\n<ul>\n<li><b>\u0110\u00e1nh gi\u00e1 \u0111\u1ecbnh k\u1ef3: <\/b>Hikid xem x\u00e9t ch\u00ednh s\u00e1ch qu\u1ea3ng c\u00e1o h\u00e0ng n\u0103m ho\u1eb7c khi c\u00f3 thay \u0111\u1ed5i l\u1edbn v\u1ec1 th\u1ecb tr\u01b0\u1eddng, ph\u00e1p lu\u1eadt ho\u1eb7c ho\u1ea1t \u0111\u1ed9ng kinh doanh. Qu\u00e1 tr\u00ecnh \u0111\u00e1nh gi\u00e1 bao g\u1ed3m:\n<ul>\n<li><b>Ph\u00e2n t\u00edch d\u1eef li\u1ec7u<\/b>: \u0110\u00e1nh gi\u00e1 hi\u1ec7u qu\u1ea3 qu\u1ea3ng c\u00e1o d\u1ef1a tr\u00ean doanh s\u1ed1, m\u1ee9c \u0111\u1ed9 t\u01b0\u01a1ng t\u00e1c c\u1ee7a kh\u00e1ch h\u00e0ng.<\/li>\n<li><b>Kh\u1ea3o s\u00e1t th\u1ecb tr\u01b0\u1eddng<\/b>: Thu th\u1eadp \u00fd ki\u1ebfn ng\u01b0\u1eddi ti\u00eau d\u00f9ng \u0111\u1ec3 x\u00e1c \u0111\u1ecbnh \u0111i\u1ec3m m\u1ea1nh v\u00e0 c\u1ea7n c\u1ea3i thi\u1ec7n.<\/li>\n<li><b>\u0110\u00e1nh gi\u00e1 n\u1ed9i b\u1ed9<\/b>: C\u00e1c b\u1ed9 ph\u1eadn li\u00ean quan r\u00e0 so\u00e1t v\u00e0 \u0111\u1ec1 xu\u1ea5t \u0111i\u1ec1u ch\u1ec9nh.<\/li>\n<li><b>Tham kh\u1ea3o chuy\u00ean gia<\/b>: Nh\u1eadn t\u01b0 v\u1ea5n t\u1eeb c\u00e1c chuy\u00ean gia v\u1ec1 qu\u1ea3ng c\u00e1o, marketing v\u00e0 ph\u00e1p l\u00fd.<\/li>\n<\/ul>\n<\/li>\n<\/ul>\n<ul>\n<li><b>C\u1eadp nh\u1eadt ch\u00ednh s\u00e1ch m\u1edbi:<\/b> D\u1ef1a tr\u00ean k\u1ebft qu\u1ea3 \u0111\u00e1nh gi\u00e1, ch\u00ednh s\u00e1ch \u0111\u01b0\u1ee3c \u0111i\u1ec1u ch\u1ec9nh \u0111\u1ec3 ph\u00f9 h\u1ee3p v\u1edbi quy \u0111\u1ecbnh ph\u00e1p lu\u1eadt, xu h\u01b0\u1edbng th\u1ecb tr\u01b0\u1eddng v\u00e0 ph\u1ea3n h\u1ed3i kh\u00e1ch h\u00e0ng. Quy tr\u00ecnh c\u1eadp nh\u1eadt g\u1ed3m \u0111\u1ec1 xu\u1ea5t s\u1eeda \u0111\u1ed5i, ph\u00ea duy\u1ec7t t\u1eeb b\u1ed9 ph\u1eadn ph\u00e1p l\u00fd v\u00e0 ban l\u00e3nh \u0111\u1ea1o, sau \u0111\u00f3 ch\u00ednh s\u00e1ch qu\u1ea3ng c\u00e1o m\u1edbi \u0111\u01b0\u1ee3c ban h\u00e0nh v\u00e0 \u00e1p d\u1ee5ng.<\/li>\n<\/ul>\n<figure id=\"attachment_1543\" aria-describedby=\"caption-attachment-1543\" style=\"width: 1020px\" class=\"wp-caption aligncenter\"><img loading=\"lazy\" decoding=\"async\" class=\"size-large wp-image-1543\" src=\"https:\/\/demo9.thuythu.vn\/hikid\/wp-content\/uploads\/2025\/03\/chinh-sach-quang-cao-4-1200x800.jpg\" alt=\"ch\u00ednh s\u00e1ch qu\u1ea3ng c\u00e1o hikid\" width=\"1020\" height=\"680\" srcset=\"https:\/\/demo9.thuythu.vn\/hikid\/wp-content\/uploads\/2025\/03\/chinh-sach-quang-cao-4-1200x800.jpg 1200w, https:\/\/demo9.thuythu.vn\/hikid\/wp-content\/uploads\/2025\/03\/chinh-sach-quang-cao-4-600x400.jpg 600w, https:\/\/demo9.thuythu.vn\/hikid\/wp-content\/uploads\/2025\/03\/chinh-sach-quang-cao-4-768x512.jpg 768w, https:\/\/demo9.thuythu.vn\/hikid\/wp-content\/uploads\/2025\/03\/chinh-sach-quang-cao-4-1536x1024.jpg 1536w, https:\/\/demo9.thuythu.vn\/hikid\/wp-content\/uploads\/2025\/03\/chinh-sach-quang-cao-4.jpg 1999w\" sizes=\"auto, (max-width: 1020px) 100vw, 1020px\" \/><figcaption id=\"caption-attachment-1543\" class=\"wp-caption-text\">Hikid lu\u00f4n th\u1ef1c hi\u1ec7n \u0111\u00e1nh gi\u00e1 \u0111\u1ecbnh k\u1ef3 ch\u00ednh s\u00e1ch qu\u1ea3ng c\u00e1o \u0111\u1ec3 c\u1eadp nh\u1eadt nh\u1eefng th\u00f4ng tin m\u1edbi<\/figcaption><\/figure>\n<p><b>Ch\u00ednh s\u00e1ch qu\u1ea3ng c\u00e1o<\/b> c\u1ee7a Hikid \u0111\u1ea3m b\u1ea3o t\u00ednh minh b\u1ea1ch, tu\u00e2n th\u1ee7 ph\u00e1p lu\u1eadt v\u00e0 ph\u00f9 h\u1ee3p v\u1edbi th\u1ecb tr\u01b0\u1eddng. Ch\u00fang t\u00f4i cam k\u1ebft x\u00e2y d\u1ef1ng n\u1ed9i dung qu\u1ea3ng c\u00e1o trung th\u1ef1c, t\u00f4n tr\u1ecdng \u0111\u1ea1o \u0111\u1ee9c kinh doanh v\u00e0 quy\u1ec1n l\u1ee3i ng\u01b0\u1eddi ti\u00eau d\u00f9ng. Hikid kh\u00f4ng ng\u1eebng c\u1ea3i ti\u1ebfn \u0111\u1ec3 mang \u0111\u1ebfn nh\u1eefng th\u00f4ng \u0111i\u1ec7p qu\u1ea3ng c\u00e1o ch\u1ea5t l\u01b0\u1ee3ng, g\u00f3p ph\u1ea7n n\u00e2ng cao tr\u1ea3i nghi\u1ec7m kh\u00e1ch h\u00e0ng v\u00e0 kh\u1eb3ng \u0111\u1ecbnh uy t\u00edn th\u01b0\u01a1ng hi\u1ec7u.<\/p>\n","protected":false},"excerpt":{"rendered":"<p>Ch\u00ednh s\u00e1ch qu\u1ea3ng c\u00e1o chuy\u00ean nghi\u1ec7p c\u1ee7a Hikid h\u01b0\u1edbng \u0111\u1ebfn vi\u1ec7c t\u1ea1o ra c\u00e1c chi\u1ebfn d\u1ecbch ti\u1ebfp th\u1ecb minh b\u1ea1ch, s\u00e1ng t\u1ea1o v\u00e0 tu\u00e2n th\u1ee7 quy \u0111\u1ecbnh. M\u1ecdi n\u1ed9i dung qu\u1ea3ng c\u00e1o \u0111\u1ec1u \u0111\u01b0\u1ee3c ki\u1ec3m duy\u1ec7t k\u1ef9 l\u01b0\u1ee1ng \u0111\u1ec3 \u0111\u1ea3m b\u1ea3o t\u00ednh trung th\u1ef1c, gi\u00fap kh\u00e1ch h\u00e0ng d\u1ec5 d\u00e0ng ti\u1ebfp c\u1eadn th\u00f4ng tin ch\u00ednh x\u00e1c [&#8230;]\n","protected":false},"author":1,"featured_media":1541,"parent":0,"menu_order":0,"comment_status":"closed","ping_status":"closed","template":"templates\/poli.php","meta":{"_acf_changed":false,"inline_featured_image":false,"footnotes":""},"class_list":["post-1535","page","type-page","status-publish","has-post-thumbnail","hentry"],"acf":[],"_links":{"self":[{"href":"https:\/\/demo9.thuythu.vn\/hikid\/wp-json\/wp\/v2\/pages\/1535","targetHints":{"allow":["GET"]}}],"collection":[{"href":"https:\/\/demo9.thuythu.vn\/hikid\/wp-json\/wp\/v2\/pages"}],"about":[{"href":"https:\/\/demo9.thuythu.vn\/hikid\/wp-json\/wp\/v2\/types\/page"}],"author":[{"embeddable":true,"href":"https:\/\/demo9.thuythu.vn\/hikid\/wp-json\/wp\/v2\/users\/1"}],"replies":[{"embeddable":true,"href":"https:\/\/demo9.thuythu.vn\/hikid\/wp-json\/wp\/v2\/comments?post=1535"}],"version-history":[{"count":2,"href":"https:\/\/demo9.thuythu.vn\/hikid\/wp-json\/wp\/v2\/pages\/1535\/revisions"}],"predecessor-version":[{"id":1553,"href":"https:\/\/demo9.thuythu.vn\/hikid\/wp-json\/wp\/v2\/pages\/1535\/revisions\/1553"}],"wp:featuredmedia":[{"embeddable":true,"href":"https:\/\/demo9.thuythu.vn\/hikid\/wp-json\/wp\/v2\/media\/1541"}],"wp:attachment":[{"href":"https:\/\/demo9.thuythu.vn\/hikid\/wp-json\/wp\/v2\/media?parent=1535"}],"curies":[{"name":"wp","href":"https:\/\/api.w.org\/{rel}","templated":true}]}}