{"id":1534,"date":"2025-05-29T10:37:26","date_gmt":"2025-05-29T03:37:26","guid":{"rendered":"https:\/\/demo9.thuythu.vn\/hikid\/?page_id=1534"},"modified":"2025-05-29T10:37:26","modified_gmt":"2025-05-29T03:37:26","slug":"dieu-khoan-mien-tru-trach-nhiem","status":"publish","type":"page","link":"https:\/\/demo9.thuythu.vn\/hikid\/dieu-khoan-mien-tru-trach-nhiem\/","title":{"rendered":"\u0110i\u1ec1u kho\u1ea3n mi\u1ec5n tr\u1eeb tr\u00e1ch nhi\u1ec7m c\u1ee7a Hikid"},"content":{"rendered":"<p>Khi truy c\u1eadp v\u00e0 s\u1eed d\u1ee5ng n\u1ed9i dung, d\u1ecbch v\u1ee5 tr\u00ean website ch\u00ednh th\u1ee9c c\u1ee7a <a href=\"https:\/\/demo9.thuythu.vn\/hikid\/\"><strong>Hikid VN<\/strong><\/a>, ng\u01b0\u1eddi d\u00f9ng c\u1ea7n hi\u1ec3u r\u00f5 c\u00e1c quy \u0111\u1ecbnh v\u1ec1 gi\u1edbi h\u1ea1n tr\u00e1ch nhi\u1ec7m \u0111\u01b0\u1ee3c n\u00eau trong \u0111i\u1ec1u kho\u1ea3n mi\u1ec5n tr\u1eeb tr\u00e1ch nhi\u1ec7m, nh\u1eb1m x\u00e1c \u0111\u1ecbnh ph\u1ea1m vi tr\u00e1ch nhi\u1ec7m c\u1ee7a Hikid \u0111\u1ed1i v\u1edbi th\u00f4ng tin v\u00e0 s\u1ea3n ph\u1ea9m \u0111\u01b0\u1ee3c cung c\u1ea5p, \u0111\u1ea3m b\u1ea3o ng\u01b0\u1eddi d\u00f9ng c\u00f3 nh\u1eadn th\u1ee9c \u0111\u1ea7y \u0111\u1ee7 tr\u01b0\u1edbc khi s\u1eed d\u1ee5ng. Quy \u0111\u1ecbnh n\u00e0y \u00e1p d\u1ee5ng cho t\u1ea5t c\u1ea3 c\u00e1 nh\u00e2n, t\u1ed5 ch\u1ee9c truy c\u1eadp website, g\u00f3p ph\u1ea7n t\u1ea1o ra m\u00f4i tr\u01b0\u1eddng minh b\u1ea1ch v\u00e0 an to\u00e0n trong qu\u00e1 tr\u00ecnh truy c\u1eadp.<\/p>\n<p>Hikid lu\u00f4n n\u1ed7 l\u1ef1c mang \u0111\u1ebfn th\u00f4ng tin ch\u00ednh x\u00e1c v\u00e0 tr\u1ea3i nghi\u1ec7m t\u1ed1i \u01b0u tr\u00ean website. Tuy nhi\u00ean, n\u1ed9i dung ch\u1ec9 mang t\u00ednh tham kh\u1ea3o, kh\u00f4ng thay th\u1ebf t\u01b0 v\u1ea5n chuy\u00ean m\u00f4n. Ch\u00fang t\u00f4i kh\u00f4ng ch\u1ecbu tr\u00e1ch nhi\u1ec7m v\u1ec1 sai s\u00f3t, thi\u1ebfu s\u00f3t ho\u1eb7c b\u1ea5t k\u1ef3 h\u1ec7 qu\u1ea3 n\u00e0o t\u1eeb vi\u1ec7c s\u1eed d\u1ee5ng th\u00f4ng tin.<\/p>\n<p>Ng\u01b0\u1eddi d\u00f9ng t\u1ef1 ch\u1ecbu tr\u00e1ch nhi\u1ec7m khi truy c\u1eadp v\u00e0 s\u1eed d\u1ee5ng website. Hikid kh\u00f4ng \u0111\u1ea3m b\u1ea3o website lu\u00f4n ho\u1ea1t \u0111\u1ed9ng \u1ed5n \u0111\u1ecbnh, kh\u00f4ng gi\u00e1n \u0111o\u1ea1n hay kh\u00f4ng g\u1eb7p l\u1ed7i k\u1ef9 thu\u1eadt, virus. \u0110\u1ed3ng th\u1eddi, ch\u00fang t\u00f4i kh\u00f4ng ki\u1ec3m so\u00e1t n\u1ed9i dung t\u1eeb c\u00e1c trang web b\u00ean th\u1ee9 ba, m\u1ecdi r\u1ee7i ro khi truy c\u1eadp c\u00e1c li\u00ean k\u1ebft b\u00ean ngo\u00e0i thu\u1ed9c v\u1ec1 ng\u01b0\u1eddi d\u00f9ng.<\/p>\n<figure id=\"attachment_1537\" aria-describedby=\"caption-attachment-1537\" style=\"width: 1200px\" class=\"wp-caption aligncenter\"><img loading=\"lazy\" decoding=\"async\" class=\"size-full wp-image-1537\" src=\"https:\/\/demo9.thuythu.vn\/hikid\/wp-content\/uploads\/2025\/03\/dieu-khoan-mien-tru-trach-nhiem-1-1.jpg\" alt=\"\u0110i\u1ec1u kho\u1ea3n mi\u1ec5n tr\u1eeb tr\u00e1ch nhi\u1ec7m c\u1ee7a Hikid\" width=\"1200\" height=\"800\" srcset=\"https:\/\/demo9.thuythu.vn\/hikid\/wp-content\/uploads\/2025\/03\/dieu-khoan-mien-tru-trach-nhiem-1-1.jpg 1200w, https:\/\/demo9.thuythu.vn\/hikid\/wp-content\/uploads\/2025\/03\/dieu-khoan-mien-tru-trach-nhiem-1-1-600x400.jpg 600w, https:\/\/demo9.thuythu.vn\/hikid\/wp-content\/uploads\/2025\/03\/dieu-khoan-mien-tru-trach-nhiem-1-1-768x512.jpg 768w\" sizes=\"auto, (max-width: 1200px) 100vw, 1200px\" \/><figcaption id=\"caption-attachment-1537\" class=\"wp-caption-text\">Hikid kh\u00f4ng ch\u1ecbu tr\u00e1ch nhi\u1ec7m cho nh\u1eefng r\u1ee7i ro khi truy c\u1eadp c\u00e1c li\u00ean k\u1ebft b\u00ean ngo\u00e0i c\u1ee7a ng\u01b0\u1eddi d\u00f9ng<\/figcaption><\/figure>\n<p>Hikid c\u00f3 quy\u1ec1n c\u1eadp nh\u1eadt \u0111i\u1ec1u kho\u1ea3n mi\u1ec5n tr\u1eeb tr\u00e1ch nhi\u1ec7m m\u00e0 kh\u00f4ng c\u1ea7n th\u00f4ng b\u00e1o tr\u01b0\u1edbc. Ng\u01b0\u1eddi d\u00f9ng n\u00ean ch\u1ee7 \u0111\u1ed9ng theo d\u00f5i \u0111\u1ec3 n\u1eafm b\u1eaft thay \u0111\u1ed5i. \u0110i\u1ec1u kho\u1ea3n n\u00e0y tu\u00e2n theo quy \u0111\u1ecbnh c\u1ee7a ph\u00e1p lu\u1eadt Vi\u1ec7t Nam. M\u1ecdi th\u1eafc m\u1eafc, vui l\u00f2ng li\u00ean h\u1ec7 Hikid \u0111\u1ec3 \u0111\u01b0\u1ee3c h\u1ed7 tr\u1ee3.<\/p>\n<p><b>Hikid<\/b><\/p>\n<p><b>\u0110\u1ecba ch\u1ec9:<\/b> S\u1ed1 33 Nguy\u1ec5n Nh\u01b0 \u0110\u1ed5, Ph\u01b0\u1eddng V\u0103n Mi\u1ebfu &#8211; Qu\u1ed1c T\u1eed Gi\u00e1m, Qu\u1eadn \u0110\u1ed1ng \u0110a, Th\u00e0nh ph\u1ed1 H\u00e0 N\u1ed9i, Vi\u1ec7t Nam<\/p>\n<p><b>SDT: <\/b>0888363029<\/p>\n","protected":false},"excerpt":{"rendered":"<p>Khi truy c\u1eadp v\u00e0 s\u1eed d\u1ee5ng n\u1ed9i dung, d\u1ecbch v\u1ee5 tr\u00ean website ch\u00ednh th\u1ee9c c\u1ee7a Hikid VN, ng\u01b0\u1eddi d\u00f9ng c\u1ea7n hi\u1ec3u r\u00f5 c\u00e1c quy \u0111\u1ecbnh v\u1ec1 gi\u1edbi h\u1ea1n tr\u00e1ch nhi\u1ec7m \u0111\u01b0\u1ee3c n\u00eau trong \u0111i\u1ec1u kho\u1ea3n mi\u1ec5n tr\u1eeb tr\u00e1ch nhi\u1ec7m, nh\u1eb1m x\u00e1c \u0111\u1ecbnh ph\u1ea1m vi tr\u00e1ch nhi\u1ec7m c\u1ee7a Hikid \u0111\u1ed1i v\u1edbi th\u00f4ng tin v\u00e0 s\u1ea3n ph\u1ea9m [&#8230;]\n","protected":false},"author":1,"featured_media":1538,"parent":0,"menu_order":0,"comment_status":"closed","ping_status":"closed","template":"templates\/poli.php","meta":{"_acf_changed":false,"inline_featured_image":false,"footnotes":""},"class_list":["post-1534","page","type-page","status-publish","has-post-thumbnail","hentry"],"acf":[],"_links":{"self":[{"href":"https:\/\/demo9.thuythu.vn\/hikid\/wp-json\/wp\/v2\/pages\/1534","targetHints":{"allow":["GET"]}}],"collection":[{"href":"https:\/\/demo9.thuythu.vn\/hikid\/wp-json\/wp\/v2\/pages"}],"about":[{"href":"https:\/\/demo9.thuythu.vn\/hikid\/wp-json\/wp\/v2\/types\/page"}],"author":[{"embeddable":true,"href":"https:\/\/demo9.thuythu.vn\/hikid\/wp-json\/wp\/v2\/users\/1"}],"replies":[{"embeddable":true,"href":"https:\/\/demo9.thuythu.vn\/hikid\/wp-json\/wp\/v2\/comments?post=1534"}],"version-history":[{"count":3,"href":"https:\/\/demo9.thuythu.vn\/hikid\/wp-json\/wp\/v2\/pages\/1534\/revisions"}],"predecessor-version":[{"id":1557,"href":"https:\/\/demo9.thuythu.vn\/hikid\/wp-json\/wp\/v2\/pages\/1534\/revisions\/1557"}],"wp:featuredmedia":[{"embeddable":true,"href":"https:\/\/demo9.thuythu.vn\/hikid\/wp-json\/wp\/v2\/media\/1538"}],"wp:attachment":[{"href":"https:\/\/demo9.thuythu.vn\/hikid\/wp-json\/wp\/v2\/media?parent=1534"}],"curies":[{"name":"wp","href":"https:\/\/api.w.org\/{rel}","templated":true}]}}