{"id":8651,"date":"2021-09-20T05:04:49","date_gmt":"2021-09-20T05:04:49","guid":{"rendered":"https:\/\/funiholding.demothuythu.xyz\/?page_id=8651"},"modified":"2022-12-07T14:14:35","modified_gmt":"2022-12-07T07:14:35","slug":"trang-chu-new","status":"publish","type":"page","link":"https:\/\/demo9.thuythu.vn\/funiholding\/","title":{"rendered":"Trang ch\u1ee7"},"content":{"rendered":"","protected":false},"excerpt":{"rendered":"","protected":false},"author":1,"featured_media":9533,"parent":0,"menu_order":0,"comment_status":"closed","ping_status":"closed","template":"templates\/home.php","meta":[],"yoast_head":"<!-- This site is optimized with the Yoast SEO plugin v16.7 - https:\/\/yoast.com\/wordpress\/plugins\/seo\/ -->\n<title>Trang ch\u1ee7 - Funi Holding<\/title>\n<meta name=\"description\" content=\"V\u1edbi Funi Holding kh\u00f4ng m\u1ee5c ti\u00eau n\u00e0o l\u1edbn h\u01a1n vi\u1ec7c ki\u1ebfn t\u1ea1o kh\u00f4ng gian s\u1ed1ng tuy\u1ec7t v\u1eddi; kh\u00f4ng gian gi\u1ea3i tr\u00ed \u0111\u1eb3ng c\u1ea5p; nh\u1eefng c\u01a1 h\u1ed9i \u0111\u1ea7u t\u01b0 c\u00f3 kh\u1ea3 n\u0103ng sinh l\u1ee3i nhu\u1eadn t\u1ed1i \u01b0u; trao g\u1eedi nh\u1eefng t\u00e0i s\u1ea3n c\u00f3 gi\u00e1 tr\u1ecb t\u0103ng tr\u01b0\u1edfng \u1ed5n \u0111\u1ecbnh v\u00e0 b\u1ec1n v\u1eefng \u0111\u1ebfn tay kh\u00e1ch h\u00e0ng. V\u00e0 \u0111\u1ec3 th\u1ef1c hi\u1ec7n nh\u1eefng tr\u1ecdng tr\u00e1ch \u0111\u00f3, Funi Holding x\u00e1c \u0111\u1ecbnh m\u1ee5c ti\u00eau r\u00f5 r\u00e0ng \u201cH\u00e0nh tr\u00ecnh d\u00e0i, kh\u00f4ng nh\u00ecn v\u00e0o l\u1ee3i nhu\u1eadn tr\u01b0\u1edbc m\u1eaft, mu\u1ed1n \u0111i xa ph\u1ea3i g\u1eafn v\u1edbi ch\u1eef T\u00cdN \u2013 T\u00c2M\u201d.\" \/>\n<meta name=\"robots\" content=\"noindex, follow, max-snippet:-1, max-image-preview:large, max-video-preview:-1\" \/>\n<meta property=\"og:locale\" content=\"vi_VN\" \/>\n<meta property=\"og:type\" content=\"article\" \/>\n<meta property=\"og:title\" content=\"Trang ch\u1ee7 - Funi Holding\" \/>\n<meta property=\"og:description\" content=\"V\u1edbi Funi Holding kh\u00f4ng m\u1ee5c ti\u00eau n\u00e0o l\u1edbn h\u01a1n vi\u1ec7c ki\u1ebfn t\u1ea1o kh\u00f4ng gian s\u1ed1ng tuy\u1ec7t v\u1eddi; kh\u00f4ng gian gi\u1ea3i tr\u00ed \u0111\u1eb3ng c\u1ea5p; nh\u1eefng c\u01a1 h\u1ed9i \u0111\u1ea7u t\u01b0 c\u00f3 kh\u1ea3 n\u0103ng sinh l\u1ee3i nhu\u1eadn t\u1ed1i \u01b0u; trao g\u1eedi nh\u1eefng t\u00e0i s\u1ea3n c\u00f3 gi\u00e1 tr\u1ecb t\u0103ng tr\u01b0\u1edfng \u1ed5n \u0111\u1ecbnh v\u00e0 b\u1ec1n v\u1eefng \u0111\u1ebfn tay kh\u00e1ch h\u00e0ng. V\u00e0 \u0111\u1ec3 th\u1ef1c hi\u1ec7n nh\u1eefng tr\u1ecdng tr\u00e1ch \u0111\u00f3, Funi Holding x\u00e1c \u0111\u1ecbnh m\u1ee5c ti\u00eau r\u00f5 r\u00e0ng \u201cH\u00e0nh tr\u00ecnh d\u00e0i, kh\u00f4ng nh\u00ecn v\u00e0o l\u1ee3i nhu\u1eadn tr\u01b0\u1edbc m\u1eaft, mu\u1ed1n \u0111i xa ph\u1ea3i g\u1eafn v\u1edbi ch\u1eef T\u00cdN \u2013 T\u00c2M\u201d.\" \/>\n<meta property=\"og:url\" content=\"https:\/\/demo9.thuythu.vn\/funiholding\/\" \/>\n<meta property=\"og:site_name\" content=\"Funi Holding\" \/>\n<meta property=\"article:modified_time\" content=\"2022-12-07T07:14:35+00:00\" \/>\n<meta property=\"og:image\" content=\"https:\/\/demo9.thuythu.vn\/funiholding\/wp-content\/uploads\/2022\/11\/funiholding_thumbanail.png\" \/>\n\t<meta property=\"og:image:width\" content=\"497\" \/>\n\t<meta property=\"og:image:height\" content=\"304\" \/>\n<meta name=\"twitter:card\" content=\"summary_large_image\" \/>\n<script type=\"application\/ld+json\" class=\"yoast-schema-graph\">{\"@context\":\"https:\/\/schema.org\",\"@graph\":[{\"@type\":\"WebSite\",\"@id\":\"https:\/\/demo9.thuythu.vn\/funiholding\/#website\",\"url\":\"https:\/\/demo9.thuythu.vn\/funiholding\/\",\"name\":\"Funi Holding\",\"description\":\"Funi Holding\",\"potentialAction\":[{\"@type\":\"SearchAction\",\"target\":{\"@type\":\"EntryPoint\",\"urlTemplate\":\"https:\/\/demo9.thuythu.vn\/funiholding\/?s={search_term_string}\"},\"query-input\":\"required name=search_term_string\"}],\"inLanguage\":\"vi\"},{\"@type\":\"ImageObject\",\"@id\":\"https:\/\/demo9.thuythu.vn\/funiholding\/#primaryimage\",\"inLanguage\":\"vi\",\"url\":\"https:\/\/demo9.thuythu.vn\/funiholding\/wp-content\/uploads\/2022\/11\/funiholding_thumbanail.png\",\"contentUrl\":\"https:\/\/demo9.thuythu.vn\/funiholding\/wp-content\/uploads\/2022\/11\/funiholding_thumbanail.png\",\"width\":497,\"height\":304},{\"@type\":\"WebPage\",\"@id\":\"https:\/\/demo9.thuythu.vn\/funiholding\/#webpage\",\"url\":\"https:\/\/demo9.thuythu.vn\/funiholding\/\",\"name\":\"Trang ch\\u1ee7 - Funi Holding\",\"isPartOf\":{\"@id\":\"https:\/\/demo9.thuythu.vn\/funiholding\/#website\"},\"primaryImageOfPage\":{\"@id\":\"https:\/\/demo9.thuythu.vn\/funiholding\/#primaryimage\"},\"datePublished\":\"2021-09-20T05:04:49+00:00\",\"dateModified\":\"2022-12-07T07:14:35+00:00\",\"description\":\"V\\u1edbi Funi Holding kh\\u00f4ng m\\u1ee5c ti\\u00eau n\\u00e0o l\\u1edbn h\\u01a1n vi\\u1ec7c ki\\u1ebfn t\\u1ea1o kh\\u00f4ng gian s\\u1ed1ng tuy\\u1ec7t v\\u1eddi; kh\\u00f4ng gian gi\\u1ea3i tr\\u00ed \\u0111\\u1eb3ng c\\u1ea5p; nh\\u1eefng c\\u01a1 h\\u1ed9i \\u0111\\u1ea7u t\\u01b0 c\\u00f3 kh\\u1ea3 n\\u0103ng sinh l\\u1ee3i nhu\\u1eadn t\\u1ed1i \\u01b0u; trao g\\u1eedi nh\\u1eefng t\\u00e0i s\\u1ea3n c\\u00f3 gi\\u00e1 tr\\u1ecb t\\u0103ng tr\\u01b0\\u1edfng \\u1ed5n \\u0111\\u1ecbnh v\\u00e0 b\\u1ec1n v\\u1eefng \\u0111\\u1ebfn tay kh\\u00e1ch h\\u00e0ng. V\\u00e0 \\u0111\\u1ec3 th\\u1ef1c hi\\u1ec7n nh\\u1eefng tr\\u1ecdng tr\\u00e1ch \\u0111\\u00f3, Funi Holding x\\u00e1c \\u0111\\u1ecbnh m\\u1ee5c ti\\u00eau r\\u00f5 r\\u00e0ng \\u201cH\\u00e0nh tr\\u00ecnh d\\u00e0i, kh\\u00f4ng nh\\u00ecn v\\u00e0o l\\u1ee3i nhu\\u1eadn tr\\u01b0\\u1edbc m\\u1eaft, mu\\u1ed1n \\u0111i xa ph\\u1ea3i g\\u1eafn v\\u1edbi ch\\u1eef T\\u00cdN \\u2013 T\\u00c2M\\u201d.\",\"breadcrumb\":{\"@id\":\"https:\/\/demo9.thuythu.vn\/funiholding\/#breadcrumb\"},\"inLanguage\":\"vi\",\"potentialAction\":[{\"@type\":\"ReadAction\",\"target\":[\"https:\/\/demo9.thuythu.vn\/funiholding\/\"]}]},{\"@type\":\"BreadcrumbList\",\"@id\":\"https:\/\/demo9.thuythu.vn\/funiholding\/#breadcrumb\",\"itemListElement\":[{\"@type\":\"ListItem\",\"position\":1,\"name\":\"Home\",\"item\":\"https:\/\/demo9.thuythu.vn\/funiholding\/\"},{\"@type\":\"ListItem\",\"position\":2,\"name\":\"Trang ch\\u1ee7\"}]}]}<\/script>\n<!-- \/ Yoast SEO plugin. -->","yoast_head_json":{"title":"Trang ch\u1ee7 - Funi Holding","description":"V\u1edbi Funi Holding kh\u00f4ng m\u1ee5c ti\u00eau n\u00e0o l\u1edbn h\u01a1n vi\u1ec7c ki\u1ebfn t\u1ea1o kh\u00f4ng gian s\u1ed1ng tuy\u1ec7t v\u1eddi; kh\u00f4ng gian gi\u1ea3i tr\u00ed \u0111\u1eb3ng c\u1ea5p; nh\u1eefng c\u01a1 h\u1ed9i \u0111\u1ea7u t\u01b0 c\u00f3 kh\u1ea3 n\u0103ng sinh l\u1ee3i nhu\u1eadn t\u1ed1i \u01b0u; trao g\u1eedi nh\u1eefng t\u00e0i s\u1ea3n c\u00f3 gi\u00e1 tr\u1ecb t\u0103ng tr\u01b0\u1edfng \u1ed5n \u0111\u1ecbnh v\u00e0 b\u1ec1n v\u1eefng \u0111\u1ebfn tay kh\u00e1ch h\u00e0ng. V\u00e0 \u0111\u1ec3 th\u1ef1c hi\u1ec7n nh\u1eefng tr\u1ecdng tr\u00e1ch \u0111\u00f3, Funi Holding x\u00e1c \u0111\u1ecbnh m\u1ee5c ti\u00eau r\u00f5 r\u00e0ng \u201cH\u00e0nh tr\u00ecnh d\u00e0i, kh\u00f4ng nh\u00ecn v\u00e0o l\u1ee3i nhu\u1eadn tr\u01b0\u1edbc m\u1eaft, mu\u1ed1n \u0111i xa ph\u1ea3i g\u1eafn v\u1edbi ch\u1eef T\u00cdN \u2013 T\u00c2M\u201d.","robots":{"index":"noindex","follow":"follow","max-snippet":"max-snippet:-1","max-image-preview":"max-image-preview:large","max-video-preview":"max-video-preview:-1"},"og_locale":"vi_VN","og_type":"article","og_title":"Trang ch\u1ee7 - Funi Holding","og_description":"V\u1edbi Funi Holding kh\u00f4ng m\u1ee5c ti\u00eau n\u00e0o l\u1edbn h\u01a1n vi\u1ec7c ki\u1ebfn t\u1ea1o kh\u00f4ng gian s\u1ed1ng tuy\u1ec7t v\u1eddi; kh\u00f4ng gian gi\u1ea3i tr\u00ed \u0111\u1eb3ng c\u1ea5p; nh\u1eefng c\u01a1 h\u1ed9i \u0111\u1ea7u t\u01b0 c\u00f3 kh\u1ea3 n\u0103ng sinh l\u1ee3i nhu\u1eadn t\u1ed1i \u01b0u; trao g\u1eedi nh\u1eefng t\u00e0i s\u1ea3n c\u00f3 gi\u00e1 tr\u1ecb t\u0103ng tr\u01b0\u1edfng \u1ed5n \u0111\u1ecbnh v\u00e0 b\u1ec1n v\u1eefng \u0111\u1ebfn tay kh\u00e1ch h\u00e0ng. V\u00e0 \u0111\u1ec3 th\u1ef1c hi\u1ec7n nh\u1eefng tr\u1ecdng tr\u00e1ch \u0111\u00f3, Funi Holding x\u00e1c \u0111\u1ecbnh m\u1ee5c ti\u00eau r\u00f5 r\u00e0ng \u201cH\u00e0nh tr\u00ecnh d\u00e0i, kh\u00f4ng nh\u00ecn v\u00e0o l\u1ee3i nhu\u1eadn tr\u01b0\u1edbc m\u1eaft, mu\u1ed1n \u0111i xa ph\u1ea3i g\u1eafn v\u1edbi ch\u1eef T\u00cdN \u2013 T\u00c2M\u201d.","og_url":"https:\/\/demo9.thuythu.vn\/funiholding\/","og_site_name":"Funi Holding","article_modified_time":"2022-12-07T07:14:35+00:00","og_image":[{"width":497,"height":304,"url":"https:\/\/demo9.thuythu.vn\/funiholding\/wp-content\/uploads\/2022\/11\/funiholding_thumbanail.png","path":"\/home\/demo9.thuythu.vn\/public_html\/funiholding\/wp-content\/uploads\/2022\/11\/funiholding_thumbanail.png","size":"full","id":9533,"alt":"","pixels":151088,"type":"image\/png"}],"twitter_card":"summary_large_image","schema":{"@context":"https:\/\/schema.org","@graph":[{"@type":"WebSite","@id":"https:\/\/demo9.thuythu.vn\/funiholding\/#website","url":"https:\/\/demo9.thuythu.vn\/funiholding\/","name":"Funi Holding","description":"Funi Holding","potentialAction":[{"@type":"SearchAction","target":{"@type":"EntryPoint","urlTemplate":"https:\/\/demo9.thuythu.vn\/funiholding\/?s={search_term_string}"},"query-input":"required name=search_term_string"}],"inLanguage":"vi"},{"@type":"ImageObject","@id":"https:\/\/demo9.thuythu.vn\/funiholding\/#primaryimage","inLanguage":"vi","url":"https:\/\/demo9.thuythu.vn\/funiholding\/wp-content\/uploads\/2022\/11\/funiholding_thumbanail.png","contentUrl":"https:\/\/demo9.thuythu.vn\/funiholding\/wp-content\/uploads\/2022\/11\/funiholding_thumbanail.png","width":497,"height":304},{"@type":"WebPage","@id":"https:\/\/demo9.thuythu.vn\/funiholding\/#webpage","url":"https:\/\/demo9.thuythu.vn\/funiholding\/","name":"Trang ch\u1ee7 - Funi Holding","isPartOf":{"@id":"https:\/\/demo9.thuythu.vn\/funiholding\/#website"},"primaryImageOfPage":{"@id":"https:\/\/demo9.thuythu.vn\/funiholding\/#primaryimage"},"datePublished":"2021-09-20T05:04:49+00:00","dateModified":"2022-12-07T07:14:35+00:00","description":"V\u1edbi Funi Holding kh\u00f4ng m\u1ee5c ti\u00eau n\u00e0o l\u1edbn h\u01a1n vi\u1ec7c ki\u1ebfn t\u1ea1o kh\u00f4ng gian s\u1ed1ng tuy\u1ec7t v\u1eddi; kh\u00f4ng gian gi\u1ea3i tr\u00ed \u0111\u1eb3ng c\u1ea5p; nh\u1eefng c\u01a1 h\u1ed9i \u0111\u1ea7u t\u01b0 c\u00f3 kh\u1ea3 n\u0103ng sinh l\u1ee3i nhu\u1eadn t\u1ed1i \u01b0u; trao g\u1eedi nh\u1eefng t\u00e0i s\u1ea3n c\u00f3 gi\u00e1 tr\u1ecb t\u0103ng tr\u01b0\u1edfng \u1ed5n \u0111\u1ecbnh v\u00e0 b\u1ec1n v\u1eefng \u0111\u1ebfn tay kh\u00e1ch h\u00e0ng. V\u00e0 \u0111\u1ec3 th\u1ef1c hi\u1ec7n nh\u1eefng tr\u1ecdng tr\u00e1ch \u0111\u00f3, Funi Holding x\u00e1c \u0111\u1ecbnh m\u1ee5c ti\u00eau r\u00f5 r\u00e0ng \u201cH\u00e0nh tr\u00ecnh d\u00e0i, kh\u00f4ng nh\u00ecn v\u00e0o l\u1ee3i nhu\u1eadn tr\u01b0\u1edbc m\u1eaft, mu\u1ed1n \u0111i xa ph\u1ea3i g\u1eafn v\u1edbi ch\u1eef T\u00cdN \u2013 T\u00c2M\u201d.","breadcrumb":{"@id":"https:\/\/demo9.thuythu.vn\/funiholding\/#breadcrumb"},"inLanguage":"vi","potentialAction":[{"@type":"ReadAction","target":["https:\/\/demo9.thuythu.vn\/funiholding\/"]}]},{"@type":"BreadcrumbList","@id":"https:\/\/demo9.thuythu.vn\/funiholding\/#breadcrumb","itemListElement":[{"@type":"ListItem","position":1,"name":"Home","item":"https:\/\/demo9.thuythu.vn\/funiholding\/"},{"@type":"ListItem","position":2,"name":"Trang ch\u1ee7"}]}]}},"lang":"vi","translations":{"vi":8651},"pll_sync_post":[],"_links":{"self":[{"href":"https:\/\/demo9.thuythu.vn\/funiholding\/wp-json\/wp\/v2\/pages\/8651"}],"collection":[{"href":"https:\/\/demo9.thuythu.vn\/funiholding\/wp-json\/wp\/v2\/pages"}],"about":[{"href":"https:\/\/demo9.thuythu.vn\/funiholding\/wp-json\/wp\/v2\/types\/page"}],"author":[{"embeddable":true,"href":"https:\/\/demo9.thuythu.vn\/funiholding\/wp-json\/wp\/v2\/users\/1"}],"replies":[{"embeddable":true,"href":"https:\/\/demo9.thuythu.vn\/funiholding\/wp-json\/wp\/v2\/comments?post=8651"}],"version-history":[{"count":71,"href":"https:\/\/demo9.thuythu.vn\/funiholding\/wp-json\/wp\/v2\/pages\/8651\/revisions"}],"predecessor-version":[{"id":10250,"href":"https:\/\/demo9.thuythu.vn\/funiholding\/wp-json\/wp\/v2\/pages\/8651\/revisions\/10250"}],"wp:featuredmedia":[{"embeddable":true,"href":"https:\/\/demo9.thuythu.vn\/funiholding\/wp-json\/wp\/v2\/media\/9533"}],"wp:attachment":[{"href":"https:\/\/demo9.thuythu.vn\/funiholding\/wp-json\/wp\/v2\/media?parent=8651"}],"curies":[{"name":"wp","href":"https:\/\/api.w.org\/{rel}","templated":true}]}}