{"id":1460,"date":"2024-05-08T03:09:39","date_gmt":"2024-05-08T03:09:39","guid":{"rendered":"https:\/\/demo9.thuythu.vn\/ecolighting\/?page_id=333"},"modified":"2024-06-12T02:57:03","modified_gmt":"2024-06-12T02:57:03","slug":"lien-he","status":"publish","type":"page","link":"https:\/\/demo9.thuythu.vn\/ecolighting\/en\/lien-he\/","title":{"rendered":"Contact"},"content":{"rendered":"<p>&nbsp;<\/p>\n<div class=\"p-vertical-positioning p-text-container p-valign-top\">\n<div class=\"p-text-container-inner\">\n<h2><span class=\"p-heading-02 p-heading-medium\">\u0110i\u1ec1u n\u00e0y ngh\u0129a l\u00e0 g\u00ec?<\/span><\/h2>\n<p><span class=\"p-body-copy-02\">N\u1ebfu b\u1ea1n \u0111\u1ed3ng \u00fd v\u1edbi ch\u00fang t\u00f4i, b\u1ea1n s\u1ebd tham gia c\u00e1c s\u00e1ng ki\u1ebfn ti\u1ebfp th\u1ecb c\u1ee7a ch\u00fang t\u00f4i v\u00e0 Philips s\u1ebd c\u1eadp nh\u1eadt cho b\u1ea1n v\u1ec1 c\u00e1c s\u1ea3n ph\u1ea9m, d\u1ecbch v\u1ee5, ch\u01b0\u01a1ng tr\u00ecnh khuy\u1ebfn m\u00e3i v\u00e0 s\u1ef1 ki\u1ec7n c\u1ee7a ch\u00fang t\u00f4i (bao g\u1ed3m c\u1ea3 c\u00e1c \u0111\u1ed1i t\u00e1c \u0111\u01b0\u1ee3c c\u1ea5p ph\u00e9p th\u01b0\u01a1ng hi\u1ec7u c\u1ee7a ch\u00fang t\u00f4i). H\u00e3y \u0111\u1ec3 ch\u00fang t\u00f4i cung c\u1ea5p cho b\u1ea1n t\u1ed5ng quan v\u1ec1 c\u00e1c s\u00e1ng ki\u1ebfn ti\u1ebfp th\u1ecb c\u1ee7a ch\u00fang t\u00f4i v\u00e0 gi\u1ea3i th\u00edch cho b\u1ea1n c\u00e1ch ch\u00fang t\u00f4i s\u1ebd x\u1eed l\u00fd d\u1eef li\u1ec7u c\u1ee7a b\u1ea1n.<\/span><\/p>\n<p><span class=\"p-body-copy-02\"><br \/>\n<strong>D\u1eef li\u1ec7u m\u00e0 ch\u00fang t\u00f4i s\u1eed d\u1ee5ng<\/strong><\/span><\/p>\n<p><span class=\"p-body-copy-02\"><br \/>\n<em>Bi\u1ec3u m\u1eabu tr\u00ean trang m\u1ea1ng<\/em><\/span><\/p>\n<p><span class=\"p-body-copy-02\"><br \/>\nN\u1ebfu b\u1ea1n \u0111\u1ed3ng \u00fd cho ch\u00fang t\u00f4i nh\u1eadn th\u00f4ng tin qu\u1ea3ng c\u00e1o th\u00f4ng qua c\u00e1c bi\u1ec3u m\u1eabu d\u00e0nh ri\u00eang \u0111\u01b0\u1ee3c c\u00f4ng b\u1ed1 tr\u00ean trang m\u1ea1ng c\u1ee7a ch\u00fang t\u00f4i, trang m\u1ea1ng \u0111\u01b0\u1ee3c c\u1ea5p ph\u00e9p th\u01b0\u01a1ng hi\u1ec7u c\u1ee7a PFC ecolighting, trang m\u1ea1ng c\u1ee7a b\u00ean th\u1ee9 ba ho\u1eb7c trang m\u1ea1ng truy\u1ec1n th\u00f4ng x\u00e3 h\u1ed9i, ch\u00fang t\u00f4i s\u1ebd s\u1eed d\u1ee5ng d\u1eef li\u1ec7u m\u00e0 b\u1ea1n cung c\u1ea5p cho ch\u00fang t\u00f4i th\u00f4ng qua c\u00e1c bi\u1ec3u m\u1eabu n\u00e0y c\u0169ng nh\u01b0 th\u00f4ng tin v\u1ec1 qu\u1ed1c gia c\u1ee7a b\u1ea1n \u0111\u1ec3 g\u1eedi cho b\u1ea1n c\u00e1c th\u01b0 \u0111i\u1ec7n t\u1eed qu\u1ea3ng c\u00e1o c\u00f3 li\u00ean quan v\u00e0 \u0111\u01b0\u1ee3c b\u1ea1n quan t\u00e2m. V\u00ed d\u1ee5, n\u1ebfu b\u1ea1n \u0111\u00e3 \u0111\u1ed3ng \u00fd cho ch\u00fang t\u00f4i trong bi\u1ec3u m\u1eabu \u0111\u01b0\u1ee3c \u0111\u1eb7t tr\u00ean trang m\u1ea1ng d\u00e0nh ri\u00eang cho m\u00e1y c\u1ea1o r\u00e2u \u1edf m\u1ed9t qu\u1ed1c gia c\u1ee5 th\u1ec3, th\u00ec ch\u00fang t\u00f4i c\u00f3 th\u1ec3 g\u1eedi cho b\u1ea1n th\u00f4ng tin qu\u1ea3ng c\u00e1o v\u1ec1 m\u00e1y c\u1ea1o r\u00e2u ho\u1eb7c c\u00e1c s\u1ea3n ph\u1ea9m t\u01b0\u01a1ng t\u1ef1 b\u1eb1ng ng\u00f4n ng\u1eef c\u1ee7a qu\u1ed1c gia \u0111\u00f3.<\/span><\/p>\n<\/div>\n<\/div>\n","protected":false},"excerpt":{"rendered":"<p>&nbsp; \u0110i\u1ec1u n\u00e0y ngh\u0129a l\u00e0 g\u00ec? N\u1ebfu b\u1ea1n \u0111\u1ed3ng \u00fd v\u1edbi ch\u00fang t\u00f4i, b\u1ea1n s\u1ebd tham gia c\u00e1c s\u00e1ng ki\u1ebfn ti\u1ebfp th\u1ecb c\u1ee7a ch\u00fang t\u00f4i v\u00e0 Philips s\u1ebd c\u1eadp nh\u1eadt cho b\u1ea1n v\u1ec1 c\u00e1c s\u1ea3n ph\u1ea9m, d\u1ecbch v\u1ee5, ch\u01b0\u01a1ng tr\u00ecnh khuy\u1ebfn m\u00e3i v\u00e0 s\u1ef1 ki\u1ec7n c\u1ee7a ch\u00fang t\u00f4i (bao g\u1ed3m c\u1ea3 c\u00e1c \u0111\u1ed1i t\u00e1c \u0111\u01b0\u1ee3c [&#8230;]\n","protected":false},"author":1,"featured_media":0,"parent":0,"menu_order":0,"comment_status":"closed","ping_status":"closed","template":"templates\/contact.php","meta":{"_acf_changed":false,"inline_featured_image":false,"footnotes":""},"acf":[],"lang":"en","translations":{"en":1460,"vi":333},"pll_sync_post":[],"_links":{"self":[{"href":"https:\/\/demo9.thuythu.vn\/ecolighting\/wp-json\/wp\/v2\/pages\/1460"}],"collection":[{"href":"https:\/\/demo9.thuythu.vn\/ecolighting\/wp-json\/wp\/v2\/pages"}],"about":[{"href":"https:\/\/demo9.thuythu.vn\/ecolighting\/wp-json\/wp\/v2\/types\/page"}],"author":[{"embeddable":true,"href":"https:\/\/demo9.thuythu.vn\/ecolighting\/wp-json\/wp\/v2\/users\/1"}],"replies":[{"embeddable":true,"href":"https:\/\/demo9.thuythu.vn\/ecolighting\/wp-json\/wp\/v2\/comments?post=1460"}],"version-history":[{"count":2,"href":"https:\/\/demo9.thuythu.vn\/ecolighting\/wp-json\/wp\/v2\/pages\/1460\/revisions"}],"predecessor-version":[{"id":1526,"href":"https:\/\/demo9.thuythu.vn\/ecolighting\/wp-json\/wp\/v2\/pages\/1460\/revisions\/1526"}],"wp:attachment":[{"href":"https:\/\/demo9.thuythu.vn\/ecolighting\/wp-json\/wp\/v2\/media?parent=1460"}],"curies":[{"name":"wp","href":"https:\/\/api.w.org\/{rel}","templated":true}]}}